{"id":148223,"date":"2023-08-15T13:40:41","date_gmt":"2023-08-15T10:40:41","guid":{"rendered":"https:\/\/medclinics.com\/descargo-de-responsabilidad\/"},"modified":"2024-04-01T12:13:48","modified_gmt":"2024-04-01T09:13:48","slug":"descargo-de-responsabilidad","status":"publish","type":"page","link":"https:\/\/medclinics.com\/es\/descargo-de-responsabilidad\/","title":{"rendered":"Descargo de responsabilidad"},"content":{"rendered":"\n<h2 class=\"wp-block-heading\">Descargo de responsabilidad<\/h2>\n\n<p>MedClinics es una plataforma de Internet que act\u00faa como intermediaria de las ofertas de los proveedores de servicios m\u00e9dicos. MedClinics no garantiza ni asume responsabilidad alguna por las ofertas de los proveedores de servicios m\u00e9dicos, los servicios contenidos en las mismas, la prestaci\u00f3n de estos servicios o su calidad.<\/p>\n\n<p><strong>No se forma ning\u00fan contrato entre MedClinics y el cliente<\/strong>, <strong>la relaci\u00f3n jur\u00eddica es exclusivamente entre el cliente y el proveedor de servicios m\u00e9dicos.<\/strong><\/p>\n\n<p>La informaci\u00f3n proporcionada por MedClinics, incluyendo pero sin limitarse a la informaci\u00f3n proporcionada por proveedores m\u00e9dicos y otras terceras partes, as\u00ed como cualquier informaci\u00f3n proporcionada al cliente por tel\u00e9fono, electr\u00f3nicamente, correo electr\u00f3nico o a trav\u00e9s de otros canales de informaci\u00f3n antes, durante o despu\u00e9s de la compra de cualquiera de los bienes y\/o servicios, no puede considerarse en ning\u00fan caso asesoramiento m\u00e9dico adecuado o examen m\u00e9dico, no sustituye en ning\u00fan caso el examen detallado y la consulta con un m\u00e9dico, y no puede servir como \u00fanica base para decidir si buscar o no, continuar o interrumpir un tratamiento m\u00e9dico.<\/p>\n\n<p><br\/>MedClinics no se hace responsable de ning\u00fan tratamiento, intervenci\u00f3n quir\u00fargica u otro servicio prestado por el proveedor m\u00e9dico, ni se hace responsable de ninguna reclamaci\u00f3n por negligencia profesional que pueda surgir directa o indirectamente, en la actualidad o en el futuro, del asesoramiento, las aplicaciones, las intervenciones quir\u00fargicas u otros servicios prestados por el proveedor m\u00e9dico.<\/p>\n\n<p>Al visitar nuestro sitio web y rellenar este formulario, el cliente acepta y declara autom\u00e1tica y expresamente que ha sido informado sobre la cl\u00e1usula de exenci\u00f3n de responsabilidad antes de la celebraci\u00f3n del contrato o la compra de cualquier bien y\/o servicio ofrecido en la tienda en l\u00ednea del corredor, que est\u00e1 de acuerdo en aceptar la cl\u00e1usula de exenci\u00f3n de responsabilidad y que no puede hacer ninguna reclamaci\u00f3n a este respecto contra el corredor, ni presente ni futura, y que conoce, entiende y acepta la relaci\u00f3n contractual.<\/p>\n\n<p>Las reclamaciones por da\u00f1os y perjuicios, reclamaciones de indemnizaci\u00f3n, recursos, indemnizaciones por da\u00f1os morales u otras acciones y reclamaciones derivadas de la relaci\u00f3n contractual con el prestador de servicios m\u00e9dicos s\u00f3lo pueden dirigirse contra el prestador de servicios m\u00e9dicos. El corredor queda excluido de toda responsabilidad.<\/p>\n\n<h3 class=\"wp-block-heading\">P\u00f3ngase <a href=\"#requestform\">en contacto con nosotros<\/a> si tiene alguna pregunta.<\/h3>\n\n<p><\/p>\n","protected":false},"excerpt":{"rendered":"<p>Descargo de responsabilidad MedClinics es una plataforma de Internet que act\u00faa como intermediaria de las ofertas de los proveedores de [&hellip;]<\/p>\n","protected":false},"author":4,"featured_media":0,"parent":0,"menu_order":0,"comment_status":"closed","ping_status":"closed","template":"","meta":{"site-sidebar-layout":"default","site-content-layout":"","ast-site-content-layout":"default","site-content-style":"default","site-sidebar-style":"default","ast-global-header-display":"","ast-banner-title-visibility":"","ast-main-header-display":"","ast-hfb-above-header-display":"","ast-hfb-below-header-display":"","ast-hfb-mobile-header-display":"","site-post-title":"","ast-breadcrumbs-content":"","ast-featured-img":"","footer-sml-layout":"","ast-disable-related-posts":"","theme-transparent-header-meta":"","adv-header-id-meta":"","stick-header-meta":"","header-above-stick-meta":"","header-main-stick-meta":"","header-below-stick-meta":"","astra-migrate-meta-layouts":"default","ast-page-background-enabled":"default","ast-page-background-meta":{"desktop":{"background-color":"var(--ast-global-color-4)","background-image":"","background-repeat":"repeat","background-position":"center center","background-size":"auto","background-attachment":"scroll","background-type":"","background-media":"","overlay-type":"","overlay-color":"","overlay-opacity":"","overlay-gradient":""},"tablet":{"background-color":"","background-image":"","background-repeat":"repeat","background-position":"center center","background-size":"auto","background-attachment":"scroll","background-type":"","background-media":"","overlay-type":"","overlay-color":"","overlay-opacity":"","overlay-gradient":""},"mobile":{"background-color":"","background-image":"","background-repeat":"repeat","background-position":"center center","background-size":"auto","background-attachment":"scroll","background-type":"","background-media":"","overlay-type":"","overlay-color":"","overlay-opacity":"","overlay-gradient":""}},"ast-content-background-meta":{"desktop":{"background-color":"var(--ast-global-color-5)","background-image":"","background-repeat":"repeat","background-position":"center center","background-size":"auto","background-attachment":"scroll","background-type":"","background-media":"","overlay-type":"","overlay-color":"","overlay-opacity":"","overlay-gradient":""},"tablet":{"background-color":"var(--ast-global-color-5)","background-image":"","background-repeat":"repeat","background-position":"center center","background-size":"auto","background-attachment":"scroll","background-type":"","background-media":"","overlay-type":"","overlay-color":"","overlay-opacity":"","overlay-gradient":""},"mobile":{"background-color":"var(--ast-global-color-5)","background-image":"","background-repeat":"repeat","background-position":"center center","background-size":"auto","background-attachment":"scroll","background-type":"","background-media":"","overlay-type":"","overlay-color":"","overlay-opacity":"","overlay-gradient":""}},"footnotes":""},"class_list":["post-148223","page","type-page","status-publish","hentry"],"_links":{"self":[{"href":"https:\/\/medclinics.com\/es\/wp-json\/wp\/v2\/pages\/148223","targetHints":{"allow":["GET"]}}],"collection":[{"href":"https:\/\/medclinics.com\/es\/wp-json\/wp\/v2\/pages"}],"about":[{"href":"https:\/\/medclinics.com\/es\/wp-json\/wp\/v2\/types\/page"}],"author":[{"embeddable":true,"href":"https:\/\/medclinics.com\/es\/wp-json\/wp\/v2\/users\/4"}],"replies":[{"embeddable":true,"href":"https:\/\/medclinics.com\/es\/wp-json\/wp\/v2\/comments?post=148223"}],"version-history":[{"count":0,"href":"https:\/\/medclinics.com\/es\/wp-json\/wp\/v2\/pages\/148223\/revisions"}],"wp:attachment":[{"href":"https:\/\/medclinics.com\/es\/wp-json\/wp\/v2\/media?parent=148223"}],"curies":[{"name":"wp","href":"https:\/\/api.w.org\/{rel}","templated":true}]}}