{"id":148215,"date":"2023-08-15T13:55:10","date_gmt":"2023-08-15T10:55:10","guid":{"rendered":"https:\/\/medclinics.com\/acerca-de-medclinics\/"},"modified":"2024-05-24T12:11:48","modified_gmt":"2024-05-24T09:11:48","slug":"acerca-de-medclinics","status":"publish","type":"page","link":"https:\/\/medclinics.com\/es\/acerca-de-medclinics\/","title":{"rendered":"Acerca de MedClinics"},"content":{"rendered":"\n<h2 class=\"wp-block-heading\">Acerca de MedClinics<\/h2>\n\n<h3 class=\"wp-block-heading\">MedClinics es una plataforma en l\u00ednea que organiza tratamientos sanitarios.<\/h3>\n\n<p>Ofrecemos cualquier tipo de procedimiento, <a href=\"https:\/\/medclinics.com\/es\/belleza\/\" target=\"_blank\" rel=\"noreferrer noopener\">tratamientos de belleza<\/a>, procedimientos de cirug\u00eda pl\u00e1stica y est\u00e9tica, tratamientos oftalmol\u00f3gicos y dentales, as\u00ed como tratamientos indicados por razones m\u00e9dicas debido a una enfermedad subyacente, como <a href=\"https:\/\/medclinics.com\/orthopedic-treatment-orthopedic-surgery\/\">ortopedia<\/a>, oncolog\u00eda, <a href=\"https:\/\/medclinics.com\/ivf-in-vitro-fertilisation\/\">FIV<\/a> y mucho m\u00e1s.<\/p>\n\n<p>Nuestros socios son exclusivamente cl\u00ednicas, m\u00e9dicos y hospitales certificados, todos los cuales han sido cuidadosamente comprobados por nosotros. As\u00ed, podemos afirmar con orgullo que s\u00f3lo contamos con los mejores socios en todos los \u00e1mbitos.<\/p>\n\n<p>En toda Turqu\u00eda trabajamos con m\u00e1s de 300 cl\u00ednicas, m\u00e9dicos y hospitales.  <\/p>\n\n<p>En el mercado internacional, ampliamos constantemente nuestra red. Contamos con el apoyo de nuestra oficina asociada en Alemania, que se llama <a href=\"https:\/\/www.checkfortrips.com\/\" target=\"_blank\" rel=\"noreferrer noopener\">Check for Trips<\/a> y est\u00e1 situada en Ruesselsheim, cerca de Fr\u00e1ncfort del Meno.<\/p>\n\n<p>MedClinics opera bajo el paraguas de la empresa Travelgroup Tur. ve Ti\u00e7. A.\u015e., que tiene su sede en Estambul. Travelgroup es una agencia de viajes activa en el sector tur\u00edstico desde los a\u00f1os 70 hasta la actualidad.<\/p>\n\n<p>En MedClinics, un equipo multinacional, multiling\u00fce y de gran talento se centra constantemente en el bienestar de los pacientes, que es siempre la primera prioridad en MedClinics. Gracias a ello, podemos responder a las necesidades individuales de los pacientes y salvaguardar sus intereses. En MedClinics no existen barreras culturales ni ling\u00fc\u00edsticas.<\/p>\n\n<p><strong>Nuestra misi\u00f3n<\/strong> es proporcionar a cada paciente el procedimiento m\u00e1s adecuado para las condiciones deseadas, teniendo en cuenta los factores individuales, y ofrecer conexi\u00f3n con una infraestructura m\u00e9dica fiable y global. Nos comprometemos a promover pr\u00e1cticas \u00e9ticas en el turismo sanitario, respetando las directrices y normativas internacionales. Nuestra plataforma se opone activamente a cualquier forma de turismo m\u00e9dico que utilice pr\u00e1cticas poco \u00e9ticas.<\/p>\n\n<p><strong>Nuestra visi\u00f3n <\/strong>es ofrecer a los pacientes una experiencia positiva que mejore sus vidas y, al mismo tiempo, potenciar la colaboraci\u00f3n global entre los profesionales sanitarios.<br\/><strong>Juntos aspiramos a un mundo en el que la asistencia sanitaria de calidad sea accesible a todos, independientemente de las fronteras, enriquezca las vidas y establezca relaciones duraderas entre culturas.<\/strong><\/p>\n\n<p>El objetivo de MedClinics es hacer realidad los sue\u00f1os de sus hu\u00e9spedes y enviarlos a casa como pacientes felices.<\/p>\n\n<h3 class=\"wp-block-heading\">P\u00f3ngase <a href=\"#requestform\">en contacto con nosotros<\/a> si tiene alguna pregunta.<\/h3>\n","protected":false},"excerpt":{"rendered":"<p>Acerca de MedClinics MedClinics es una plataforma en l\u00ednea que organiza tratamientos sanitarios. Ofrecemos cualquier tipo de procedimiento, tratamientos de [&hellip;]<\/p>\n","protected":false},"author":4,"featured_media":180200,"parent":0,"menu_order":0,"comment_status":"closed","ping_status":"closed","template":"","meta":{"site-sidebar-layout":"default","site-content-layout":"","ast-site-content-layout":"default","site-content-style":"default","site-sidebar-style":"default","ast-global-header-display":"","ast-banner-title-visibility":"","ast-main-header-display":"","ast-hfb-above-header-display":"","ast-hfb-below-header-display":"","ast-hfb-mobile-header-display":"","site-post-title":"","ast-breadcrumbs-content":"","ast-featured-img":"","footer-sml-layout":"","ast-disable-related-posts":"","theme-transparent-header-meta":"","adv-header-id-meta":"","stick-header-meta":"","header-above-stick-meta":"","header-main-stick-meta":"","header-below-stick-meta":"","astra-migrate-meta-layouts":"default","ast-page-background-enabled":"default","ast-page-background-meta":{"desktop":{"background-color":"var(--ast-global-color-4)","background-image":"","background-repeat":"repeat","background-position":"center center","background-size":"auto","background-attachment":"scroll","background-type":"","background-media":"","overlay-type":"","overlay-color":"","overlay-opacity":"","overlay-gradient":""},"tablet":{"background-color":"","background-image":"","background-repeat":"repeat","background-position":"center center","background-size":"auto","background-attachment":"scroll","background-type":"","background-media":"","overlay-type":"","overlay-color":"","overlay-opacity":"","overlay-gradient":""},"mobile":{"background-color":"","background-image":"","background-repeat":"repeat","background-position":"center center","background-size":"auto","background-attachment":"scroll","background-type":"","background-media":"","overlay-type":"","overlay-color":"","overlay-opacity":"","overlay-gradient":""}},"ast-content-background-meta":{"desktop":{"background-color":"var(--ast-global-color-5)","background-image":"","background-repeat":"repeat","background-position":"center center","background-size":"auto","background-attachment":"scroll","background-type":"","background-media":"","overlay-type":"","overlay-color":"","overlay-opacity":"","overlay-gradient":""},"tablet":{"background-color":"var(--ast-global-color-5)","background-image":"","background-repeat":"repeat","background-position":"center center","background-size":"auto","background-attachment":"scroll","background-type":"","background-media":"","overlay-type":"","overlay-color":"","overlay-opacity":"","overlay-gradient":""},"mobile":{"background-color":"var(--ast-global-color-5)","background-image":"","background-repeat":"repeat","background-position":"center center","background-size":"auto","background-attachment":"scroll","background-type":"","background-media":"","overlay-type":"","overlay-color":"","overlay-opacity":"","overlay-gradient":""}},"footnotes":""},"class_list":["post-148215","page","type-page","status-publish","has-post-thumbnail","hentry"],"_links":{"self":[{"href":"https:\/\/medclinics.com\/es\/wp-json\/wp\/v2\/pages\/148215","targetHints":{"allow":["GET"]}}],"collection":[{"href":"https:\/\/medclinics.com\/es\/wp-json\/wp\/v2\/pages"}],"about":[{"href":"https:\/\/medclinics.com\/es\/wp-json\/wp\/v2\/types\/page"}],"author":[{"embeddable":true,"href":"https:\/\/medclinics.com\/es\/wp-json\/wp\/v2\/users\/4"}],"replies":[{"embeddable":true,"href":"https:\/\/medclinics.com\/es\/wp-json\/wp\/v2\/comments?post=148215"}],"version-history":[{"count":0,"href":"https:\/\/medclinics.com\/es\/wp-json\/wp\/v2\/pages\/148215\/revisions"}],"wp:featuredmedia":[{"embeddable":true,"href":"https:\/\/medclinics.com\/es\/wp-json\/wp\/v2\/media\/180200"}],"wp:attachment":[{"href":"https:\/\/medclinics.com\/es\/wp-json\/wp\/v2\/media?parent=148215"}],"curies":[{"name":"wp","href":"https:\/\/api.w.org\/{rel}","templated":true}]}}