{"id":148175,"date":"2023-05-14T10:11:56","date_gmt":"2023-05-14T07:11:56","guid":{"rendered":"https:\/\/medclinics.com\/balon-gastrico\/"},"modified":"2025-01-02T15:53:58","modified_gmt":"2025-01-02T12:53:58","slug":"balon-gastrico","status":"publish","type":"page","link":"https:\/\/medclinics.com\/es\/balon-gastrico\/","title":{"rendered":"Bal\u00f3n g\u00e1strico"},"content":{"rendered":"\n<h2 class=\"wp-block-heading\">Si est\u00e1s luchando por perder peso, el Bal\u00f3n G\u00e1strico es una buena opci\u00f3n para ti.<\/h2>\n\n<p><a href=\"https:\/\/en.wikipedia.org\/wiki\/Gastric_balloon\" rel=\"nofollow noopener\" target=\"_blank\">El bal\u00f3n g\u00e1strico<\/a> es un m\u00e9todo que ayuda a perder peso. Es un globo blando que se coloca en el est\u00f3mago temporalmente. Se coloca un globo desinflado en el est\u00f3mago a trav\u00e9s de la boca. Luego se rellenan con un l\u00edquido para que te sientas lleno y comas menos. Es una opci\u00f3n no quir\u00fargica para quienes luchan por perder peso.<\/p>\n\n<p>Despu\u00e9s de la intervenci\u00f3n, es posible que se sienta inc\u00f3modo. Suele mejorar a los pocos d\u00edas. El bal\u00f3n g\u00e1strico permanece en el est\u00f3mago durante seis meses. Durante este periodo, debe planificar su dieta y hacer ejercicio. <\/p>\n\n<p>Una vez retirado el bal\u00f3n, seguir\u00e1s haciendo dieta para mantener la p\u00e9rdida de peso. El tiempo de recuperaci\u00f3n suele ser r\u00e1pido. Sin embargo, el \u00e9xito a largo plazo de este m\u00e9todo depende de su compromiso con los cambios de estilo de vida, incluso despu\u00e9s de la extracci\u00f3n del bal\u00f3n.<\/p>\n\n<ul class=\"wp-block-list\">\n<li>Tiempo de funcionamiento: 20-30 minutos<\/li>\n\n\n\n<li>Estancia en el hospital: un par de horas<\/li>\n\n\n\n<li>P\u00e9rdida del exceso de peso: 40%.<\/li>\n\n\n\n<li>Para las personas con un IMC comprendido entre 27 y 35<\/li>\n\n\n\n<li>Posibles riesgos: N\u00e1useas, v\u00f3mitos, malestar estomacal, desinflado o movimiento del globo.<\/li>\n<\/ul>\n\n<h2 class=\"wp-block-heading\">Todo lo que necesita saber sobre el <a href=\"https:\/\/medclinics.com\/es\/obesity-treatment\/\" target=\"_blank\" rel=\"noreferrer noopener\">tratamiento de la obesidad<\/a> est\u00e1 aqu\u00ed, \u00a1s\u00f3lo tiene que <a href=\"#requestform\">ponerse en contacto con nosotros<\/a>!<\/h2>\n\n<figure class=\"wp-block-image size-full\"><img fetchpriority=\"high\" decoding=\"async\" width=\"960\" height=\"470\" src=\"https:\/\/medclinics.com\/wp-content\/uploads\/2023\/08\/gastric-balloon-in-istanbul-turkey.jpg\" alt=\"Bal&#xF3;n G&#xE1;strico en Estambul Turqu&#xED;a\" class=\"wp-image-105052\" srcset=\"https:\/\/medclinics.com\/wp-content\/uploads\/2023\/08\/gastric-balloon-in-istanbul-turkey.jpg 960w, https:\/\/medclinics.com\/wp-content\/uploads\/2023\/08\/gastric-balloon-in-istanbul-turkey-500x245.jpg 500w, https:\/\/medclinics.com\/wp-content\/uploads\/2023\/08\/gastric-balloon-in-istanbul-turkey-768x376.jpg 768w, https:\/\/medclinics.com\/wp-content\/uploads\/2023\/08\/gastric-balloon-in-istanbul-turkey-24x12.jpg 24w, https:\/\/medclinics.com\/wp-content\/uploads\/2023\/08\/gastric-balloon-in-istanbul-turkey-36x18.jpg 36w, https:\/\/medclinics.com\/wp-content\/uploads\/2023\/08\/gastric-balloon-in-istanbul-turkey-48x24.jpg 48w\" sizes=\"(max-width: 960px) 100vw, 960px\" \/><\/figure>\n\n<h2 class=\"wp-block-heading\">PREGUNTAS FRECUENTES<\/h2>\n<div id=\"rank-math-faq\" class=\"rank-math-block\">\n<div class=\"rank-math-list \">\n<div id=\"faq-question-1684914609944\" class=\"rank-math-list-item\">\n<h3 class=\"rank-math-question \">\u00bfQu\u00e9 es el bal\u00f3n g\u00e1strico?<\/h3>\n<div class=\"rank-math-answer \">\n\n<p>El bal\u00f3n g\u00e1strico es un m\u00e9todo no quir\u00fargico a corto plazo para perder peso. En este procedimiento, se introduce en el est\u00f3mago un globo de silicona desinflado. Al inflarlo con una soluci\u00f3n salina, el globo genera una sensaci\u00f3n de saciedad, restringiendo el consumo de alimentos. Al cabo de unos seis meses, se retira el globo. Este enfoque ayuda a controlar las porciones y pone en marcha la p\u00e9rdida de peso, pero es m\u00e1s eficaz cuando se acompa\u00f1a de ajustes en el estilo de vida. Aunque en general es seguro, existen riesgos potenciales, como n\u00e1useas, molestias estomacales y complicaciones poco frecuentes.<\/p>\n\n<\/div>\n<\/div>\n<div id=\"faq-question-1684914356701\" class=\"rank-math-list-item\">\n<h3 class=\"rank-math-question \">\u00bfEl bal\u00f3n g\u00e1strico es seguro?<\/h3>\n<div class=\"rank-math-answer \">\n\n<p>Aunque los procedimientos con bal\u00f3n g\u00e1strico suelen considerarse seguros, es vital reconocer los riesgos potenciales. Al ser no quir\u00fargicas y m\u00ednimamente invasivas, entra\u00f1an menos peligros que las cirug\u00edas tradicionales. Sin embargo, sigue habiendo posibles problemas, como n\u00e1useas, v\u00f3mitos, molestias estomacales, \u00falceras, desinflado o rotura del globo, y casos poco frecuentes como obstrucci\u00f3n o perforaci\u00f3n. Como MedClinics, estamos aqu\u00ed para encontrar al mejor cirujano y minimizar estos riesgos potenciales. Puede ponerse en contacto con nosotros en cualquier momento.<\/p>\n\n<\/div>\n<\/div>\n<div id=\"faq-question-1684914339229\" class=\"rank-math-list-item\">\n<h3 class=\"rank-math-question \">\u00bfMerece la pena el bal\u00f3n g\u00e1strico?<\/h3>\n<div class=\"rank-math-answer \">\n\n<p>S\u00ed, merece la pena. Proporciona una v\u00eda no quir\u00fargica con menos riesgos y una recuperaci\u00f3n m\u00e1s r\u00e1pida en comparaci\u00f3n con las cirug\u00edas. Sin embargo, su eficacia depende de la adopci\u00f3n de cambios duraderos en el estilo de vida, ya que se trata de una herramienta de apoyo a la p\u00e9rdida de peso. Es fundamental tener en cuenta el car\u00e1cter temporal del bal\u00f3n, que debe retirarse al cabo de unos seis meses. Evaluar el compromiso con los cambios en el estilo de vida, los beneficios potenciales y los costes asociados es clave para calibrar el valor de este tratamiento.<\/p>\n\n<\/div>\n<\/div>\n<div id=\"faq-question-1684914702520\" class=\"rank-math-list-item\">\n<h3 class=\"rank-math-question \">\u00bfEs eficaz el bal\u00f3n intrag\u00e1strico?<\/h3>\n<div class=\"rank-math-answer \">\n\n<p>S\u00ed, los balones g\u00e1stricos pueden ser eficaces para perder peso. Proporcionan una soluci\u00f3n a corto plazo que ayuda a las personas a iniciar su viaje hacia la p\u00e9rdida de peso. Al inducir la sensaci\u00f3n de saciedad y favorecer el control de las porciones, estos globos ayudan a frenar la ingesta de calor\u00edas y a conseguir una p\u00e9rdida de peso sustancial durante toda su duraci\u00f3n.<\/p>\n\n<\/div>\n<\/div>\n<\/div>\n<\/div>\n<p>\u00a0<\/p>\n\n<h3 class=\"wp-block-heading\">P\u00f3ngase en contacto con nosotros si tiene alguna pregunta.<\/h3>\n","protected":false},"excerpt":{"rendered":"<p>Bal\u00f3n G\u00e1strico en Estambul en Turqu\u00eda<\/p>\n","protected":false},"author":4,"featured_media":105045,"parent":0,"menu_order":0,"comment_status":"closed","ping_status":"closed","template":"","meta":{"site-sidebar-layout":"default","site-content-layout":"","ast-site-content-layout":"default","site-content-style":"default","site-sidebar-style":"default","ast-global-header-display":"","ast-banner-title-visibility":"","ast-main-header-display":"","ast-hfb-above-header-display":"","ast-hfb-below-header-display":"","ast-hfb-mobile-header-display":"","site-post-title":"","ast-breadcrumbs-content":"","ast-featured-img":"","footer-sml-layout":"","ast-disable-related-posts":"","theme-transparent-header-meta":"","adv-header-id-meta":"","stick-header-meta":"","header-above-stick-meta":"","header-main-stick-meta":"","header-below-stick-meta":"","astra-migrate-meta-layouts":"default","ast-page-background-enabled":"default","ast-page-background-meta":{"desktop":{"background-color":"var(--ast-global-color-4)","background-image":"","background-repeat":"repeat","background-position":"center center","background-size":"auto","background-attachment":"scroll","background-type":"","background-media":"","overlay-type":"","overlay-color":"","overlay-opacity":"","overlay-gradient":""},"tablet":{"background-color":"","background-image":"","background-repeat":"repeat","background-position":"center center","background-size":"auto","background-attachment":"scroll","background-type":"","background-media":"","overlay-type":"","overlay-color":"","overlay-opacity":"","overlay-gradient":""},"mobile":{"background-color":"","background-image":"","background-repeat":"repeat","background-position":"center center","background-size":"auto","background-attachment":"scroll","background-type":"","background-media":"","overlay-type":"","overlay-color":"","overlay-opacity":"","overlay-gradient":""}},"ast-content-background-meta":{"desktop":{"background-color":"var(--ast-global-color-5)","background-image":"","background-repeat":"repeat","background-position":"center center","background-size":"auto","background-attachment":"scroll","background-type":"","background-media":"","overlay-type":"","overlay-color":"","overlay-opacity":"","overlay-gradient":""},"tablet":{"background-color":"var(--ast-global-color-5)","background-image":"","background-repeat":"repeat","background-position":"center center","background-size":"auto","background-attachment":"scroll","background-type":"","background-media":"","overlay-type":"","overlay-color":"","overlay-opacity":"","overlay-gradient":""},"mobile":{"background-color":"var(--ast-global-color-5)","background-image":"","background-repeat":"repeat","background-position":"center center","background-size":"auto","background-attachment":"scroll","background-type":"","background-media":"","overlay-type":"","overlay-color":"","overlay-opacity":"","overlay-gradient":""}},"footnotes":""},"class_list":["post-148175","page","type-page","status-publish","has-post-thumbnail","hentry"],"_links":{"self":[{"href":"https:\/\/medclinics.com\/es\/wp-json\/wp\/v2\/pages\/148175","targetHints":{"allow":["GET"]}}],"collection":[{"href":"https:\/\/medclinics.com\/es\/wp-json\/wp\/v2\/pages"}],"about":[{"href":"https:\/\/medclinics.com\/es\/wp-json\/wp\/v2\/types\/page"}],"author":[{"embeddable":true,"href":"https:\/\/medclinics.com\/es\/wp-json\/wp\/v2\/users\/4"}],"replies":[{"embeddable":true,"href":"https:\/\/medclinics.com\/es\/wp-json\/wp\/v2\/comments?post=148175"}],"version-history":[{"count":0,"href":"https:\/\/medclinics.com\/es\/wp-json\/wp\/v2\/pages\/148175\/revisions"}],"wp:featuredmedia":[{"embeddable":true,"href":"https:\/\/medclinics.com\/es\/wp-json\/wp\/v2\/media\/105045"}],"wp:attachment":[{"href":"https:\/\/medclinics.com\/es\/wp-json\/wp\/v2\/media?parent=148175"}],"curies":[{"name":"wp","href":"https:\/\/api.w.org\/{rel}","templated":true}]}}