{"id":148042,"date":"2023-05-25T14:40:24","date_gmt":"2023-05-25T11:40:24","guid":{"rendered":"https:\/\/medclinics.com\/trasplante-de-cejas\/"},"modified":"2024-12-29T00:48:08","modified_gmt":"2024-12-28T21:48:08","slug":"trasplante-de-cejas","status":"publish","type":"page","link":"https:\/\/medclinics.com\/es\/trasplante-de-cejas\/","title":{"rendered":"Trasplante de cejas"},"content":{"rendered":"\n<h2 class=\"wp-block-heading\">Si busca una forma de conseguir unas cejas m\u00e1s pobladas y definidas, el trasplante de cejas puede ser la soluci\u00f3n ideal.<\/h2>\n\n<p>El <a href=\"https:\/\/en.wikipedia.org\/wiki\/Eyebrow_restoration\" target=\"_blank\" rel=\"noreferrer noopener\">trasplante de cejas<\/a> es un procedimiento quir\u00fargico que restaura o realza las cejas finas o perdidas mediante el trasplante de fol\u00edculos pilosos del cuero cabelludo a las cejas. Crea cejas naturales y est\u00e9ticamente agradables mediante implantes de fol\u00edculos individuales.<\/p>\n\n<p>Consiste en trasplantar fol\u00edculos pilosos de una zona donante, normalmente la parte posterior del cuero cabelludo, a las cejas. La intervenci\u00f3n se realiza con anestesia local, y el cirujano implanta meticulosamente fol\u00edculos pilosos individuales en la zona de las cejas para crear una forma y densidad de cejas naturales y est\u00e9ticamente agradables.<\/p>\n\n<p>Esta soluci\u00f3n de larga duraci\u00f3n ayuda a las personas a conseguir unas cejas m\u00e1s pobladas y definidas que complementen sus rasgos faciales. Las cejas de tus sue\u00f1os est\u00e1n a un paso, as\u00ed que prep\u00e1rate para brillar y ad\u00e9ntrate en un mundo de infinitas posibilidades.<\/p>\n\n<p>Todo lo que necesita saber sobre el <a href=\"https:\/\/medclinics.com\/es\/trasplante-capilar\/\" target=\"_blank\" rel=\"noreferrer noopener\">trasplante capilar<\/a>, incluido el precio y m\u00e1s, \u00a1o <a href=\"#requestform\">p\u00f3ngase en contacto con nosotros<\/a>!<\/p>\n\n<figure class=\"wp-block-image size-full\"><img fetchpriority=\"high\" decoding=\"async\" width=\"960\" height=\"540\" class=\"wp-image-98354\" src=\"https:\/\/medclinics.com\/wp-content\/uploads\/2023\/07\/eyebrow-transplant-near-me.jpg\" alt=\"Trasplante de cejas cerca de m&#xED;\" srcset=\"https:\/\/medclinics.com\/wp-content\/uploads\/2023\/07\/eyebrow-transplant-near-me.jpg 960w, https:\/\/medclinics.com\/wp-content\/uploads\/2023\/07\/eyebrow-transplant-near-me-500x281.jpg 500w, https:\/\/medclinics.com\/wp-content\/uploads\/2023\/07\/eyebrow-transplant-near-me-768x432.jpg 768w, https:\/\/medclinics.com\/wp-content\/uploads\/2023\/07\/eyebrow-transplant-near-me-24x14.jpg 24w, https:\/\/medclinics.com\/wp-content\/uploads\/2023\/07\/eyebrow-transplant-near-me-36x20.jpg 36w, https:\/\/medclinics.com\/wp-content\/uploads\/2023\/07\/eyebrow-transplant-near-me-48x27.jpg 48w\" sizes=\"(max-width: 960px) 100vw, 960px\" \/><\/figure>\n\n<h2 class=\"wp-block-heading\">PREGUNTAS FRECUENTES<\/h2>\n<div id=\"rank-math-faq\" class=\"rank-math-block\">\n<div class=\"rank-math-list \">\n<div id=\"faq-question-1685025181085\" class=\"rank-math-list-item\">\n<h3 class=\"rank-math-question \">\u00bfMerece la pena un trasplante de cejas?<\/h3>\n<div class=\"rank-math-answer \">\n\n<p>S\u00ed, en general se considera que estos trasplantes merecen la pena para las personas que desean realzar sus cejas. El procedimiento puede mejorar considerablemente el aspecto de las cejas finas o escasas, aumentar la confianza en uno mismo y proporcionar resultados duraderos con un mantenimiento m\u00ednimo.<\/p>\n\n<\/div>\n<\/div>\n<div id=\"faq-question-1685025310528\" class=\"rank-math-list-item\">\n<h3 class=\"rank-math-question \">\u00bfCu\u00e1nto dura el trasplante de cejas?<\/h3>\n<div class=\"rank-math-answer \">\n\n<p>El trasplante de cejas suele proporcionar resultados duraderos. Los fol\u00edculos pilosos trasplantados se toman de una zona donante gen\u00e9ticamente resistente a la ca\u00edda del cabello, como la parte posterior del cuero cabelludo. Estos fol\u00edculos conservan sus caracter\u00edsticas incluso despu\u00e9s del trasplante, lo que se traduce en un crecimiento permanente del vello en la zona de las cejas. Una vez que los fol\u00edculos pilosos trasplantados hayan arraigado con \u00e9xito, seguir\u00e1n creciendo y requerir\u00e1n un recorte y un mantenimiento regulares como las cejas naturales.<\/p>\n\n<\/div>\n<\/div>\n<div id=\"faq-question-1685025312374\" class=\"rank-math-list-item\">\n<h3 class=\"rank-math-question \">\u00bfEl trasplante de cejas es permanente?<\/h3>\n<div class=\"rank-math-answer \">\n\n<p>S\u00ed, se consideran una soluci\u00f3n permanente para la restauraci\u00f3n de las cejas.<\/p>\n\n<\/div>\n<\/div>\n<div id=\"faq-question-1685025313463\" class=\"rank-math-list-item\">\n<h3 class=\"rank-math-question \">\u00bfEs seguro el trasplante de cejas?<\/h3>\n<div class=\"rank-math-answer \">\n\n<p>S\u00ed, en general se considera un procedimiento seguro cuando lo realizan cirujanos cualificados y con experiencia.<\/p>\n\n<\/div>\n<\/div>\n<\/div>\n<\/div>\n<p>\u00a0<\/p>\n\n<h3 class=\"wp-block-heading\">P\u00f3ngase en contacto con nosotros si tiene alguna pregunta.<\/h3>\n","protected":false},"excerpt":{"rendered":"<p>Si busca una forma de conseguir unas cejas m\u00e1s pobladas y definidas, el trasplante de cejas puede ser la soluci\u00f3n [&hellip;]<\/p>\n","protected":false},"author":4,"featured_media":92477,"parent":0,"menu_order":0,"comment_status":"closed","ping_status":"closed","template":"","meta":{"site-sidebar-layout":"default","site-content-layout":"","ast-site-content-layout":"default","site-content-style":"default","site-sidebar-style":"default","ast-global-header-display":"","ast-banner-title-visibility":"","ast-main-header-display":"","ast-hfb-above-header-display":"","ast-hfb-below-header-display":"","ast-hfb-mobile-header-display":"","site-post-title":"","ast-breadcrumbs-content":"","ast-featured-img":"","footer-sml-layout":"","ast-disable-related-posts":"","theme-transparent-header-meta":"","adv-header-id-meta":"","stick-header-meta":"","header-above-stick-meta":"","header-main-stick-meta":"","header-below-stick-meta":"","astra-migrate-meta-layouts":"default","ast-page-background-enabled":"default","ast-page-background-meta":{"desktop":{"background-color":"var(--ast-global-color-4)","background-image":"","background-repeat":"repeat","background-position":"center center","background-size":"auto","background-attachment":"scroll","background-type":"","background-media":"","overlay-type":"","overlay-color":"","overlay-opacity":"","overlay-gradient":""},"tablet":{"background-color":"","background-image":"","background-repeat":"repeat","background-position":"center center","background-size":"auto","background-attachment":"scroll","background-type":"","background-media":"","overlay-type":"","overlay-color":"","overlay-opacity":"","overlay-gradient":""},"mobile":{"background-color":"","background-image":"","background-repeat":"repeat","background-position":"center center","background-size":"auto","background-attachment":"scroll","background-type":"","background-media":"","overlay-type":"","overlay-color":"","overlay-opacity":"","overlay-gradient":""}},"ast-content-background-meta":{"desktop":{"background-color":"var(--ast-global-color-5)","background-image":"","background-repeat":"repeat","background-position":"center center","background-size":"auto","background-attachment":"scroll","background-type":"","background-media":"","overlay-type":"","overlay-color":"","overlay-opacity":"","overlay-gradient":""},"tablet":{"background-color":"var(--ast-global-color-5)","background-image":"","background-repeat":"repeat","background-position":"center center","background-size":"auto","background-attachment":"scroll","background-type":"","background-media":"","overlay-type":"","overlay-color":"","overlay-opacity":"","overlay-gradient":""},"mobile":{"background-color":"var(--ast-global-color-5)","background-image":"","background-repeat":"repeat","background-position":"center center","background-size":"auto","background-attachment":"scroll","background-type":"","background-media":"","overlay-type":"","overlay-color":"","overlay-opacity":"","overlay-gradient":""}},"footnotes":""},"class_list":["post-148042","page","type-page","status-publish","has-post-thumbnail","hentry"],"_links":{"self":[{"href":"https:\/\/medclinics.com\/es\/wp-json\/wp\/v2\/pages\/148042","targetHints":{"allow":["GET"]}}],"collection":[{"href":"https:\/\/medclinics.com\/es\/wp-json\/wp\/v2\/pages"}],"about":[{"href":"https:\/\/medclinics.com\/es\/wp-json\/wp\/v2\/types\/page"}],"author":[{"embeddable":true,"href":"https:\/\/medclinics.com\/es\/wp-json\/wp\/v2\/users\/4"}],"replies":[{"embeddable":true,"href":"https:\/\/medclinics.com\/es\/wp-json\/wp\/v2\/comments?post=148042"}],"version-history":[{"count":0,"href":"https:\/\/medclinics.com\/es\/wp-json\/wp\/v2\/pages\/148042\/revisions"}],"wp:featuredmedia":[{"embeddable":true,"href":"https:\/\/medclinics.com\/es\/wp-json\/wp\/v2\/media\/92477"}],"wp:attachment":[{"href":"https:\/\/medclinics.com\/es\/wp-json\/wp\/v2\/media?parent=148042"}],"curies":[{"name":"wp","href":"https:\/\/api.w.org\/{rel}","templated":true}]}}