{"id":148040,"date":"2023-05-25T14:18:08","date_gmt":"2023-05-25T11:18:08","guid":{"rendered":"https:\/\/medclinics.com\/cirugia-capilar-robotica\/"},"modified":"2025-01-25T00:37:56","modified_gmt":"2025-01-24T21:37:56","slug":"cirugia-capilar-robotica","status":"publish","type":"page","link":"https:\/\/medclinics.com\/es\/cirugia-capilar-robotica\/","title":{"rendered":"Cirug\u00eda capilar rob\u00f3tica"},"content":{"rendered":"\n<h2 class=\"wp-block-heading\">Si busca una forma de conseguir un cabello con m\u00e1s volumen y vitalidad, la cirug\u00eda capilar rob\u00f3tica puede ser la oportunidad perfecta para usted.<\/h2>\n\n<p>La cirug\u00eda capilar rob\u00f3tica es un procedimiento avanzado de <a href=\"https:\/\/en.wikipedia.org\/wiki\/Hair_transplantation\" target=\"_blank\" rel=\"noreferrer noopener\">restauraci\u00f3n capilar<\/a> que utiliza sistemas rob\u00f3ticos, inteligencia artificial y tecnolog\u00eda de imagen.  <\/p>\n\n<p>Ofrece una extracci\u00f3n y un trasplante precisos de fol\u00edculos pilosos individuales, lo que se traduce en un crecimiento del cabello de aspecto natural. Con cicatrices m\u00ednimas y tiempos de recuperaci\u00f3n m\u00e1s r\u00e1pidos, ofrece planes de tratamiento personalizados para una restauraci\u00f3n capilar eficaz.<\/p>\n\n<p>El sistema rob\u00f3tico emplea un peque\u00f1o dispositivo port\u00e1til equipado con brazos rob\u00f3ticos y sensores especialmente dise\u00f1ados para realizar el proceso de extracci\u00f3n. Recorre cuidadosamente la zona donante, identificando de forma selectiva los fol\u00edculos pilosos sanos para el trasplante.  <\/p>\n\n<p>La precisi\u00f3n del sistema rob\u00f3tico minimiza el riesgo de da\u00f1ar los tejidos circundantes y garantiza la conservaci\u00f3n \u00f3ptima de los injertos.<\/p>\n\n<p>Una vez finalizada la fase de extracci\u00f3n, el cirujano crea peque\u00f1as zonas receptoras en las \u00e1reas del cuero cabelludo donde se desea restaurar el cabello. El sistema rob\u00f3tico tambi\u00e9n puede ayudar en este proceso, garantizando una colocaci\u00f3n coherente y precisa de los puntos receptores.  <\/p>\n\n<p>Por \u00faltimo, los fol\u00edculos pilosos extra\u00eddos se trasplantan meticulosamente a las zonas receptoras, lo que da lugar a un crecimiento capilar de aspecto natural que se funde a la perfecci\u00f3n con el cabello existente.<\/p>\n\n<h3 class=\"wp-block-heading\">Todo lo que necesita saber sobre el <a href=\"https:\/\/medclinics.com\/es\/trasplante-capilar\/\" target=\"_blank\" rel=\"noreferrer noopener\">trasplante capilar<\/a>, incluido el precio, los cuidados postoperatorios y el proceso de cicatrizaci\u00f3n, o p\u00f3ngase <a href=\"#requestform\">en contacto con nosotros<\/a>.<\/h3>\n\n<h2 class=\"wp-block-heading\">PREGUNTAS FRECUENTES <\/h2>\n<div id=\"rank-math-faq\" class=\"rank-math-block\">\n<div class=\"rank-math-list \">\n<div id=\"faq-question-1685024108686\" class=\"rank-math-list-item\">\n<h3 class=\"rank-math-question \">\u00bfQu\u00e9 es el trasplante capilar robotizado?<\/h3>\n<div class=\"rank-math-answer \">\n\n<p>El trasplante capilar rob\u00f3tico es un procedimiento quir\u00fargico avanzado que utiliza sistemas rob\u00f3ticos e inteligencia artificial para extraer y trasplantar fol\u00edculos pilosos individuales. Ofrece precisi\u00f3n, invasividad m\u00ednima y planes de tratamiento personalizados para una restauraci\u00f3n capilar eficaz.<\/p>\n\n<\/div>\n<\/div>\n<div id=\"faq-question-1685023671602\" class=\"rank-math-list-item\">\n<h3 class=\"rank-math-question \">\u00bfEs doloroso el trasplante capilar robotizado?<\/h3>\n<div class=\"rank-math-answer \">\n\n<p>En general, se considera que los procedimientos de cirug\u00eda capilar rob\u00f3tica son m\u00ednimamente dolorosos. El proceso incluye anestesia local para adormecer el cuero cabelludo, lo que garantiza una experiencia c\u00f3moda durante la intervenci\u00f3n. Tras la intervenci\u00f3n, los pacientes pueden experimentar algunas molestias o dolores leves, que suelen tratarse con analg\u00e9sicos de venta sin receta. La naturaleza m\u00ednimamente invasiva de la cirug\u00eda capilar rob\u00f3tica tambi\u00e9n contribuye a un tiempo de recuperaci\u00f3n m\u00e1s r\u00e1pido y menos molestias postoperatorias en comparaci\u00f3n con las t\u00e9cnicas tradicionales de trasplante capilar.<\/p>\n\n<\/div>\n<\/div>\n<div id=\"faq-question-1685023794838\" class=\"rank-math-list-item\">\n<h3 class=\"rank-math-question \">\u00bfFunciona el trasplante capilar robotizado?<\/h3>\n<div class=\"rank-math-answer \">\n\n<p>S\u00ed, el trasplante capilar robotizado es un m\u00e9todo eficaz y probado para la restauraci\u00f3n capilar. El sistema rob\u00f3tico utilizado en estos procedimientos ofrece varias ventajas que contribuyen al \u00e9xito de los resultados. La precisi\u00f3n y exactitud del sistema rob\u00f3tico garantizan la extracci\u00f3n y colocaci\u00f3n cuidadosas de los fol\u00edculos pilosos, lo que da como resultado un crecimiento del cabello de aspecto natural. La avanzada tecnolog\u00eda de imagen permite elaborar planes de tratamiento personalizados adaptados a las caracter\u00edsticas capilares \u00fanicas de cada persona, lo que aumenta a\u00fan m\u00e1s la eficacia del procedimiento.<\/p>\n\n<\/div>\n<\/div>\n<div id=\"faq-question-1685023801188\" class=\"rank-math-list-item\">\n<h3 class=\"rank-math-question \">\u00bfEs mejor el trasplante capilar robotizado?<\/h3>\n<div class=\"rank-math-answer \">\n\n<p>La cirug\u00eda capilar rob\u00f3tica es la opci\u00f3n preferida para la restauraci\u00f3n capilar debido a su precisi\u00f3n, m\u00ednima invasividad y opciones de tratamiento personalizadas. La avanzada tecnolog\u00eda garantiza una extracci\u00f3n y colocaci\u00f3n precisas de los fol\u00edculos pilosos, con lo que se obtienen resultados de aspecto natural. Con cicatrices reducidas y una recuperaci\u00f3n m\u00e1s r\u00e1pida, el trasplante capilar rob\u00f3tico ofrece una soluci\u00f3n fiable y eficaz para quienes buscan una restauraci\u00f3n capilar efectiva.<\/p>\n\n<\/div>\n<\/div>\n<\/div>\n<\/div>\n<p><\/p>\n\n<h3 class=\"wp-block-heading\">P\u00f3ngase en contacto con nosotros si tiene alguna pregunta.<\/h3>\n","protected":false},"excerpt":{"rendered":"<p>Si busca una forma de conseguir un cabello con m\u00e1s volumen y vitalidad, la cirug\u00eda capilar rob\u00f3tica puede ser la [&hellip;]<\/p>\n","protected":false},"author":4,"featured_media":104958,"parent":0,"menu_order":0,"comment_status":"closed","ping_status":"closed","template":"","meta":{"site-sidebar-layout":"default","site-content-layout":"","ast-site-content-layout":"default","site-content-style":"default","site-sidebar-style":"default","ast-global-header-display":"","ast-banner-title-visibility":"","ast-main-header-display":"","ast-hfb-above-header-display":"","ast-hfb-below-header-display":"","ast-hfb-mobile-header-display":"","site-post-title":"","ast-breadcrumbs-content":"","ast-featured-img":"","footer-sml-layout":"","ast-disable-related-posts":"","theme-transparent-header-meta":"","adv-header-id-meta":"","stick-header-meta":"","header-above-stick-meta":"","header-main-stick-meta":"","header-below-stick-meta":"","astra-migrate-meta-layouts":"default","ast-page-background-enabled":"default","ast-page-background-meta":{"desktop":{"background-color":"var(--ast-global-color-4)","background-image":"","background-repeat":"repeat","background-position":"center center","background-size":"auto","background-attachment":"scroll","background-type":"","background-media":"","overlay-type":"","overlay-color":"","overlay-opacity":"","overlay-gradient":""},"tablet":{"background-color":"","background-image":"","background-repeat":"repeat","background-position":"center center","background-size":"auto","background-attachment":"scroll","background-type":"","background-media":"","overlay-type":"","overlay-color":"","overlay-opacity":"","overlay-gradient":""},"mobile":{"background-color":"","background-image":"","background-repeat":"repeat","background-position":"center center","background-size":"auto","background-attachment":"scroll","background-type":"","background-media":"","overlay-type":"","overlay-color":"","overlay-opacity":"","overlay-gradient":""}},"ast-content-background-meta":{"desktop":{"background-color":"var(--ast-global-color-5)","background-image":"","background-repeat":"repeat","background-position":"center center","background-size":"auto","background-attachment":"scroll","background-type":"","background-media":"","overlay-type":"","overlay-color":"","overlay-opacity":"","overlay-gradient":""},"tablet":{"background-color":"var(--ast-global-color-5)","background-image":"","background-repeat":"repeat","background-position":"center center","background-size":"auto","background-attachment":"scroll","background-type":"","background-media":"","overlay-type":"","overlay-color":"","overlay-opacity":"","overlay-gradient":""},"mobile":{"background-color":"var(--ast-global-color-5)","background-image":"","background-repeat":"repeat","background-position":"center center","background-size":"auto","background-attachment":"scroll","background-type":"","background-media":"","overlay-type":"","overlay-color":"","overlay-opacity":"","overlay-gradient":""}},"footnotes":""},"class_list":["post-148040","page","type-page","status-publish","has-post-thumbnail","hentry"],"_links":{"self":[{"href":"https:\/\/medclinics.com\/es\/wp-json\/wp\/v2\/pages\/148040","targetHints":{"allow":["GET"]}}],"collection":[{"href":"https:\/\/medclinics.com\/es\/wp-json\/wp\/v2\/pages"}],"about":[{"href":"https:\/\/medclinics.com\/es\/wp-json\/wp\/v2\/types\/page"}],"author":[{"embeddable":true,"href":"https:\/\/medclinics.com\/es\/wp-json\/wp\/v2\/users\/4"}],"replies":[{"embeddable":true,"href":"https:\/\/medclinics.com\/es\/wp-json\/wp\/v2\/comments?post=148040"}],"version-history":[{"count":0,"href":"https:\/\/medclinics.com\/es\/wp-json\/wp\/v2\/pages\/148040\/revisions"}],"wp:featuredmedia":[{"embeddable":true,"href":"https:\/\/medclinics.com\/es\/wp-json\/wp\/v2\/media\/104958"}],"wp:attachment":[{"href":"https:\/\/medclinics.com\/es\/wp-json\/wp\/v2\/media?parent=148040"}],"curies":[{"name":"wp","href":"https:\/\/api.w.org\/{rel}","templated":true}]}}