{"id":148006,"date":"2023-05-30T07:57:24","date_gmt":"2023-05-30T04:57:24","guid":{"rendered":"https:\/\/medclinics.com\/regenera-activa-5\/"},"modified":"2024-04-04T19:32:29","modified_gmt":"2024-04-04T16:32:29","slug":"regenera-activa-5","status":"publish","type":"page","link":"https:\/\/medclinics.com\/es\/regenera-activa-5\/","title":{"rendered":"Regenera Activa"},"content":{"rendered":"\n<h2 class=\"wp-block-heading\">Benef\u00edciese hoy mismo de la tecnolog\u00eda punta de Regenera Activa.<\/h2>\n\n<p>Regenera activa es un revolucionario proceso de restauraci\u00f3n capilar que consiste en la preparaci\u00f3n de fol\u00edculos pilosos sanos y robustos mediante una suspensi\u00f3n especial, que luego se transfiere a las zonas problem\u00e1ticas del cuero cabelludo. Este procedimiento utiliza c\u00f3digos gen\u00e9ticos de detr\u00e1s de la nuca y las orejas para sostener los fol\u00edculos pilosos sin vida.<\/p>\n\n<p>La eliminaci\u00f3n de 3-4 fol\u00edculos pilosos de detr\u00e1s de la oreja durante este tratamiento no causa dolor ni molestias. Estos cabellos extra\u00eddos se transforman en suspensiones celulares especializadas utilizadas en el tratamiento de afecciones como la <a href=\"https:\/\/en.wikipedia.org\/wiki\/Alopecia_areata\" target=\"_blank\" rel=\"noreferrer noopener\">calvicie relacionada con la alopecia<\/a> androgen\u00e9tica.<\/p>\n\n<p>Este enfoque regenerativo utiliza tejidos extra\u00eddos directamente del cuerpo del paciente, lo que evita posibles complicaciones derivadas de la introducci\u00f3n de materiales extra\u00f1os en su organismo. La inyecci\u00f3n produce un aumento de las c\u00e9lulas progenitoras en las zonas tratadas, por lo que resulta muy beneficiosa para quienes buscan soluciones eficaces contra los casos graves de adelgazamiento o retroceso de la corona.<\/p>\n\n<p>Los ensayos cl\u00ednicos han mostrado resultados prometedores con c\u00e9lulas recogidas individualmente y sometidas a rigurosos procedimientos de filtrado antes de su uso en aplicaciones Regenera activa.  <\/p>\n\n<h3 class=\"wp-block-heading\">Todo lo que necesita saber sobre <a href=\"https:\/\/medclinics.com\/es\/belleza\/\" target=\"_blank\" rel=\"noreferrer noopener\">tratamientos de belleza<\/a> est\u00e1 aqu\u00ed, <a href=\"https:\/\/medclinics.com\/wp-admin\/post.php?post=90890&amp;action=edit&amp;lang=en#requestform\">\u00a1cont\u00e1ctenos<\/a> ahora!<\/h3>\n\n<h2 class=\"wp-block-heading\">PREGUNTAS FRECUENTES <\/h2>\n<div id=\"rank-math-faq\" class=\"rank-math-block\">\n<div class=\"rank-math-list \">\n<div id=\"faq-question-1685433064679\" class=\"rank-math-list-item\">\n<h3 class=\"rank-math-question \">\u00bfQu\u00e9 es regenera active?<\/h3>\n<div class=\"rank-math-answer \">\n\n<p>Es un procedimiento m\u00e9dico regenerativo utilizado para el tratamiento de la ca\u00edda del cabello. Consiste en extraer peque\u00f1os fragmentos de tejido (microinjertos) del cuero cabelludo del propio paciente e inyectarlos en las zonas de p\u00e9rdida o debilitamiento del cabello.<\/p>\n\n<\/div>\n<\/div>\n<div id=\"faq-question-1685433056925\" class=\"rank-math-list-item\">\n<h3 class=\"rank-math-question \">\u00bfRegenera activa es eficaz?<\/h3>\n<div class=\"rank-math-answer \">\n\n<p>La eficacia de Regenera Activa puede variar de una persona a otra. Hay informes anecd\u00f3ticos de resultados positivos.<\/p>\n\n<\/div>\n<\/div>\n<div id=\"faq-question-1685433063829\" class=\"rank-math-list-item\">\n<h3 class=\"rank-math-question \">\u00bfRegenera activa es segura?<\/h3>\n<div class=\"rank-math-answer \">\n\n<p>En general, se considera segura cuando la realiza un profesional m\u00e9dico cualificado y con experiencia.<\/p>\n\n<\/div>\n<\/div>\n<\/div>\n<\/div>\n<p><\/p>\n\n<h3 class=\"wp-block-heading\">P\u00f3ngase en contacto con nosotros si tiene alguna pregunta.<\/h3>\n","protected":false},"excerpt":{"rendered":"<p>Benef\u00edciese hoy mismo de la tecnolog\u00eda punta de Regenera Activa. Regenera activa es un revolucionario proceso de restauraci\u00f3n capilar que [&hellip;]<\/p>\n","protected":false},"author":4,"featured_media":92991,"parent":0,"menu_order":0,"comment_status":"closed","ping_status":"closed","template":"","meta":{"site-sidebar-layout":"default","site-content-layout":"","ast-site-content-layout":"default","site-content-style":"default","site-sidebar-style":"default","ast-global-header-display":"","ast-banner-title-visibility":"","ast-main-header-display":"","ast-hfb-above-header-display":"","ast-hfb-below-header-display":"","ast-hfb-mobile-header-display":"","site-post-title":"","ast-breadcrumbs-content":"","ast-featured-img":"","footer-sml-layout":"","ast-disable-related-posts":"","theme-transparent-header-meta":"","adv-header-id-meta":"","stick-header-meta":"","header-above-stick-meta":"","header-main-stick-meta":"","header-below-stick-meta":"","astra-migrate-meta-layouts":"default","ast-page-background-enabled":"default","ast-page-background-meta":{"desktop":{"background-color":"var(--ast-global-color-4)","background-image":"","background-repeat":"repeat","background-position":"center center","background-size":"auto","background-attachment":"scroll","background-type":"","background-media":"","overlay-type":"","overlay-color":"","overlay-opacity":"","overlay-gradient":""},"tablet":{"background-color":"","background-image":"","background-repeat":"repeat","background-position":"center center","background-size":"auto","background-attachment":"scroll","background-type":"","background-media":"","overlay-type":"","overlay-color":"","overlay-opacity":"","overlay-gradient":""},"mobile":{"background-color":"","background-image":"","background-repeat":"repeat","background-position":"center center","background-size":"auto","background-attachment":"scroll","background-type":"","background-media":"","overlay-type":"","overlay-color":"","overlay-opacity":"","overlay-gradient":""}},"ast-content-background-meta":{"desktop":{"background-color":"var(--ast-global-color-5)","background-image":"","background-repeat":"repeat","background-position":"center center","background-size":"auto","background-attachment":"scroll","background-type":"","background-media":"","overlay-type":"","overlay-color":"","overlay-opacity":"","overlay-gradient":""},"tablet":{"background-color":"var(--ast-global-color-5)","background-image":"","background-repeat":"repeat","background-position":"center center","background-size":"auto","background-attachment":"scroll","background-type":"","background-media":"","overlay-type":"","overlay-color":"","overlay-opacity":"","overlay-gradient":""},"mobile":{"background-color":"var(--ast-global-color-5)","background-image":"","background-repeat":"repeat","background-position":"center center","background-size":"auto","background-attachment":"scroll","background-type":"","background-media":"","overlay-type":"","overlay-color":"","overlay-opacity":"","overlay-gradient":""}},"footnotes":""},"class_list":["post-148006","page","type-page","status-publish","has-post-thumbnail","hentry"],"_links":{"self":[{"href":"https:\/\/medclinics.com\/es\/wp-json\/wp\/v2\/pages\/148006","targetHints":{"allow":["GET"]}}],"collection":[{"href":"https:\/\/medclinics.com\/es\/wp-json\/wp\/v2\/pages"}],"about":[{"href":"https:\/\/medclinics.com\/es\/wp-json\/wp\/v2\/types\/page"}],"author":[{"embeddable":true,"href":"https:\/\/medclinics.com\/es\/wp-json\/wp\/v2\/users\/4"}],"replies":[{"embeddable":true,"href":"https:\/\/medclinics.com\/es\/wp-json\/wp\/v2\/comments?post=148006"}],"version-history":[{"count":0,"href":"https:\/\/medclinics.com\/es\/wp-json\/wp\/v2\/pages\/148006\/revisions"}],"wp:featuredmedia":[{"embeddable":true,"href":"https:\/\/medclinics.com\/es\/wp-json\/wp\/v2\/media\/92991"}],"wp:attachment":[{"href":"https:\/\/medclinics.com\/es\/wp-json\/wp\/v2\/media?parent=148006"}],"curies":[{"name":"wp","href":"https:\/\/api.w.org\/{rel}","templated":true}]}}