{"id":148004,"date":"2023-05-30T06:34:25","date_gmt":"2023-05-30T03:34:25","guid":{"rendered":"https:\/\/medclinics.com\/adelgazamiento-facial\/"},"modified":"2024-04-04T19:19:43","modified_gmt":"2024-04-04T16:19:43","slug":"adelgazamiento-facial","status":"publish","type":"page","link":"https:\/\/medclinics.com\/es\/adelgazamiento-facial\/","title":{"rendered":"Adelgazamiento facial"},"content":{"rendered":"\n<h2 class=\"wp-block-heading\">\u00bfQuiere conseguir un aspecto facial m\u00e1s definido y equilibrado? Los tratamientos faciales adelgazantes son la soluci\u00f3n perfecta para usted.<\/h2>\n\n<p>Estos procedimientos cosm\u00e9ticos se han dise\u00f1ado espec\u00edficamente para contornear y adelgazar la cara, centr\u00e1ndose en zonas como la l\u00ednea de la mand\u00edbula, las mejillas y la papada. Con varias opciones populares disponibles hoy en d\u00eda, incluyendo la inyecci\u00f3n de relajantes en \u00e1reas espec\u00edficas de los m\u00fasculos de la mand\u00edbula responsables de la masticaci\u00f3n .  <\/p>\n\n<p>Estos tratamientos pueden ayudar a relajar temporalmente esos m\u00fasculos, lo que da lugar a un aspecto m\u00e1s delgado que es a la vez de aspecto natural y eficaz para lograr los resultados deseados. As\u00ed que, \u00bfpor qu\u00e9 esperar m\u00e1s cuando no hay mejor momento que ahora para comenzar su viaje hacia un aspecto estupendo con nuestros servicios de <a href=\"https:\/\/en.wikipedia.org\/wiki\/Facial_toning\" target=\"_blank\" rel=\"noreferrer noopener\">adelgazamiento<\/a> facial de primera calidad?<\/p>\n\n<h3 class=\"wp-block-heading\">Todo lo que necesita saber sobre <a href=\"https:\/\/medclinics.com\/es\/belleza\/\" target=\"_blank\" rel=\"noreferrer noopener\">tratamientos de belleza<\/a>, incluidos precios y m\u00e1s, \u00a1o <a href=\"#requestform\">p\u00f3ngase en contacto con nosotros<\/a>!<\/h3>\n\n<h2 class=\"wp-block-heading\">PREGUNTAS FRECUENTES <\/h2>\n<div id=\"rank-math-faq\" class=\"rank-math-block\">\n<div class=\"rank-math-list \">\n<div id=\"faq-question-1685428095682\" class=\"rank-math-list-item\">\n<h3 class=\"rank-math-question \">\u00bfQu\u00e9 es el adelgazamiento facial?<\/h3>\n<div class=\"rank-math-answer \">\n\n<p>El adelgazamiento facial se refiere al proceso de conseguir un aspecto m\u00e1s esbelto y contorneado de la cara. Consiste en diversas t\u00e9cnicas y procedimientos dirigidos a zonas espec\u00edficas de la cara para reducir el exceso de grasa, redefinir el contorno facial y crear un aspecto m\u00e1s equilibrado y proporcionado. El objetivo del adelgazamiento facial suele ser realzar rasgos como la l\u00ednea de la mand\u00edbula, las mejillas y la forma general del rostro, con lo que se consigue un aspecto m\u00e1s definido y esculpido.<\/p>\n\n<\/div>\n<\/div>\n<div id=\"faq-question-1685428033274\" class=\"rank-math-list-item\">\n<h3 class=\"rank-math-question \">\u00bfQu\u00e9 son los procedimientos de adelgazamiento facial?<\/h3>\n<div class=\"rank-math-answer \">\n\n<p>Los procedimientos de adelgazamiento facial son tratamientos cosm\u00e9ticos cuyo objetivo es dar al rostro un aspecto m\u00e1s esbelto y contorneado. Incluyen t\u00e9cnicas como la reducci\u00f3n de ment\u00f3n con Botox, la eliminaci\u00f3n de grasa de las mejillas, la liposucci\u00f3n de ment\u00f3n, el lifting con hilos tensores y el estiramiento de la piel con ultrasonidos o radiofrecuencia. Estos procedimientos se utilizan para reducir la anchura de la mand\u00edbula, el relleno de las mejillas y crear una forma facial m\u00e1s definida. Lo mejor es consultar con un profesional cualificado para determinar el procedimiento m\u00e1s adecuado al resultado deseado.<\/p>\n\n<\/div>\n<\/div>\n<div id=\"faq-question-1685428096841\" class=\"rank-math-list-item\">\n<h3 class=\"rank-math-question \">\u00bfMerece la pena adelgazar la cara?<\/h3>\n<div class=\"rank-math-answer \">\n\n<p>Definitivamente vale la pena. Sin embargo, es subjetivo y depende de las preferencias individuales, los objetivos y las circunstancias personales. Es importante evaluar cuidadosamente los posibles beneficios, riesgos y costes asociados a estos procedimientos antes de tomar una decisi\u00f3n.<\/p>\n\n<\/div>\n<\/div>\n<\/div>\n<\/div>\n<p><\/p>\n\n<h3 class=\"wp-block-heading\">P\u00f3ngase en contacto con nosotros si tiene alguna pregunta.<\/h3>\n","protected":false},"excerpt":{"rendered":"<p>\u00bfQuiere conseguir un aspecto facial m\u00e1s definido y equilibrado? Los tratamientos faciales adelgazantes son la soluci\u00f3n perfecta para usted. Estos [&hellip;]<\/p>\n","protected":false},"author":4,"featured_media":92794,"parent":0,"menu_order":0,"comment_status":"closed","ping_status":"closed","template":"","meta":{"site-sidebar-layout":"default","site-content-layout":"","ast-site-content-layout":"default","site-content-style":"default","site-sidebar-style":"default","ast-global-header-display":"","ast-banner-title-visibility":"","ast-main-header-display":"","ast-hfb-above-header-display":"","ast-hfb-below-header-display":"","ast-hfb-mobile-header-display":"","site-post-title":"","ast-breadcrumbs-content":"","ast-featured-img":"","footer-sml-layout":"","ast-disable-related-posts":"","theme-transparent-header-meta":"","adv-header-id-meta":"","stick-header-meta":"","header-above-stick-meta":"","header-main-stick-meta":"","header-below-stick-meta":"","astra-migrate-meta-layouts":"default","ast-page-background-enabled":"default","ast-page-background-meta":{"desktop":{"background-color":"var(--ast-global-color-4)","background-image":"","background-repeat":"repeat","background-position":"center center","background-size":"auto","background-attachment":"scroll","background-type":"","background-media":"","overlay-type":"","overlay-color":"","overlay-opacity":"","overlay-gradient":""},"tablet":{"background-color":"","background-image":"","background-repeat":"repeat","background-position":"center center","background-size":"auto","background-attachment":"scroll","background-type":"","background-media":"","overlay-type":"","overlay-color":"","overlay-opacity":"","overlay-gradient":""},"mobile":{"background-color":"","background-image":"","background-repeat":"repeat","background-position":"center center","background-size":"auto","background-attachment":"scroll","background-type":"","background-media":"","overlay-type":"","overlay-color":"","overlay-opacity":"","overlay-gradient":""}},"ast-content-background-meta":{"desktop":{"background-color":"var(--ast-global-color-5)","background-image":"","background-repeat":"repeat","background-position":"center center","background-size":"auto","background-attachment":"scroll","background-type":"","background-media":"","overlay-type":"","overlay-color":"","overlay-opacity":"","overlay-gradient":""},"tablet":{"background-color":"var(--ast-global-color-5)","background-image":"","background-repeat":"repeat","background-position":"center center","background-size":"auto","background-attachment":"scroll","background-type":"","background-media":"","overlay-type":"","overlay-color":"","overlay-opacity":"","overlay-gradient":""},"mobile":{"background-color":"var(--ast-global-color-5)","background-image":"","background-repeat":"repeat","background-position":"center center","background-size":"auto","background-attachment":"scroll","background-type":"","background-media":"","overlay-type":"","overlay-color":"","overlay-opacity":"","overlay-gradient":""}},"footnotes":""},"class_list":["post-148004","page","type-page","status-publish","has-post-thumbnail","hentry"],"_links":{"self":[{"href":"https:\/\/medclinics.com\/es\/wp-json\/wp\/v2\/pages\/148004","targetHints":{"allow":["GET"]}}],"collection":[{"href":"https:\/\/medclinics.com\/es\/wp-json\/wp\/v2\/pages"}],"about":[{"href":"https:\/\/medclinics.com\/es\/wp-json\/wp\/v2\/types\/page"}],"author":[{"embeddable":true,"href":"https:\/\/medclinics.com\/es\/wp-json\/wp\/v2\/users\/4"}],"replies":[{"embeddable":true,"href":"https:\/\/medclinics.com\/es\/wp-json\/wp\/v2\/comments?post=148004"}],"version-history":[{"count":0,"href":"https:\/\/medclinics.com\/es\/wp-json\/wp\/v2\/pages\/148004\/revisions"}],"wp:featuredmedia":[{"embeddable":true,"href":"https:\/\/medclinics.com\/es\/wp-json\/wp\/v2\/media\/92794"}],"wp:attachment":[{"href":"https:\/\/medclinics.com\/es\/wp-json\/wp\/v2\/media?parent=148004"}],"curies":[{"name":"wp","href":"https:\/\/api.w.org\/{rel}","templated":true}]}}