{"id":147998,"date":"2023-05-30T07:02:25","date_gmt":"2023-05-30T07:02:25","guid":{"rendered":"https:\/\/medclinics.com\/microblading-5\/"},"modified":"2024-04-04T19:34:24","modified_gmt":"2024-04-04T16:34:24","slug":"microblading-5","status":"publish","type":"page","link":"https:\/\/medclinics.com\/es\/microblading-5\/","title":{"rendered":"Microblading"},"content":{"rendered":"\n<h2 class=\"wp-block-heading\">\u00bfEst\u00e1 cansada de rellenar constantemente sus cejas cada ma\u00f1ana? El microblading es la soluci\u00f3n para conseguir unas cejas m\u00e1s pobladas y naturales que duren hasta tres a\u00f1os.<\/h2>\n\n<p>Este procedimiento cosm\u00e9tico semipermanente consiste en utilizar una peque\u00f1a herramienta manual con agujas diminutas para crear trazos similares al vello en la piel.<\/p>\n\n<p>Un artista experto en microblading dise\u00f1ar\u00e1 y dar\u00e1 forma cuidadosamente a sus cejas seg\u00fan sus preferencias y rasgos faciales antes de implantar los pigmentos en las capas superiores de la piel. El resultado es una ilusi\u00f3n de pelos de cejas reales que igualan o realzan su color natural.<\/p>\n\n<p>Aunque pueda parecer doloroso, la crema anest\u00e9sica minimiza cualquier molestia durante este meticuloso proceso que requiere habilidad y precisi\u00f3n. Cada trazo imita el vello real de las cejas, lo que da como resultado unos arcos m\u00e1s definidos, adaptados espec\u00edficamente al aspecto \u00fanico de cada cliente.<\/p>\n\n<p>Es importante recordar que <a href=\"https:\/\/en.wikipedia.org\/wiki\/Microblading\" target=\"_blank\" rel=\"noreferrer noopener\">el microblading <\/a>es b\u00e1sicamente un tatuaje, pero que utiliza un pigmento semipermanente que se desvanece con el tiempo en funci\u00f3n de factores como el estilo de vida, la exposici\u00f3n al sol o los productos qu\u00edmicos agresivos de los productos para el cuidado de la piel utilizados despu\u00e9s del procedimiento.  <\/p>\n\n<p>Antes de empezar, aseg\u00farate de elegir a un profesional con experiencia que pueda guiarte con las instrucciones de cuidado posterior para que esas nuevas cejas sigan luciendo estupendas.<\/p>\n\n<div class=\"wp-block-columns is-layout-flex wp-container-core-columns-is-layout-28f84493 wp-block-columns-is-layout-flex\">\n<div class=\"wp-block-column is-layout-flow wp-block-column-is-layout-flow\" style=\"flex-basis:33.33%\">\n<figure class=\"wp-block-image alignright size-full is-resized\"><img fetchpriority=\"high\" decoding=\"async\" width=\"280\" height=\"210\" src=\"https:\/\/medclinics.com\/wp-content\/uploads\/2023\/12\/luxus-logo-1.webp\" alt=\"\" class=\"wp-image-119607\" style=\"width:193px;height:auto\" srcset=\"https:\/\/medclinics.com\/wp-content\/uploads\/2023\/12\/luxus-logo-1.webp 280w, https:\/\/medclinics.com\/wp-content\/uploads\/2023\/12\/luxus-logo-1-24x18.webp 24w, https:\/\/medclinics.com\/wp-content\/uploads\/2023\/12\/luxus-logo-1-36x27.webp 36w, https:\/\/medclinics.com\/wp-content\/uploads\/2023\/12\/luxus-logo-1-48x36.webp 48w\" sizes=\"(max-width: 280px) 100vw, 280px\" \/><\/figure>\n<\/div>\n\n\n\n<div class=\"wp-block-column is-vertically-aligned-center is-layout-flow wp-block-column-is-layout-flow\" style=\"flex-basis:66.66%\">\n<h3 class=\"wp-block-heading has-text-align-center\"><strong>Consigue tu extensi\u00f3n de pelo con  <\/strong><br\/><strong>\u00abGrupo Luxus Hair\u00bb<\/strong><\/h3>\n\n\n\n<p class=\"has-text-align-center\"><em><strong>\u00bb Cuidado del cabello y belleza, lujo para todos \u00ab<\/strong><\/em><\/p>\n\n\n\n<div class=\"wp-block-buttons is-content-justification-center is-layout-flex wp-container-core-buttons-is-layout-a89b3969 wp-block-buttons-is-layout-flex\">\n<div class=\"wp-block-button\"><a class=\"wp-block-button__link has-vivid-green-cyan-background-color has-background wp-element-button\" href=\"https:\/\/wa.me\/905322662716?text=From%20MedClinics\" target=\"_blank\" rel=\"noreferrer noopener nofollow\">Reserva en l\u00ednea por WhatsApp<\/a><\/div>\n<\/div>\n<\/div>\n<\/div>\n\n<h3 class=\"wp-block-heading\">Todo lo que necesita saber sobre <a href=\"https:\/\/medclinics.com\/es\/belleza\/\" target=\"_blank\" rel=\"noreferrer noopener\">tratamientos de belleza<\/a>, incluido el precio, los cuidados posteriores y el proceso de curaci\u00f3n, o <a href=\"#requestform\">p\u00f3ngase en contacto con nosotros<\/a>.<\/h3>\n\n<h2 class=\"wp-block-heading\">PREGUNTAS FRECUENTES <\/h2>\n<div id=\"rank-math-faq\" class=\"rank-math-block\">\n<div class=\"rank-math-list \">\n<div id=\"faq-question-1685428868689\" class=\"rank-math-list-item\">\n<h3 class=\"rank-math-question \">\u00bfC\u00f3mo se hace el microblading?<\/h3>\n<div class=\"rank-math-answer \">\n\n<p>El proceso suele comenzar con una consulta para hablar de la forma de las cejas y los objetivos deseados. Antes de la intervenci\u00f3n, se aplica una crema anest\u00e9sica t\u00f3pica para minimizar las molestias. A continuaci\u00f3n, el t\u00e9cnico dise\u00f1a y traza la forma deseada de las cejas con un l\u00e1piz especial. Se utiliza una herramienta manual de microblading con agujas finas para hacer peque\u00f1as incisiones en las capas superiores de la piel. El color del pigmento seleccionado se aplica cuidadosamente en las incisiones. Se realizan varias pasadas para garantizar una saturaci\u00f3n adecuada del pigmento y perfeccionar la forma y la densidad. Tras el procedimiento, el t\u00e9cnico proporciona instrucciones de cuidados posteriores para favorecer una cicatrizaci\u00f3n adecuada.<\/p>\n\n<\/div>\n<\/div>\n<div id=\"faq-question-1685428912751\" class=\"rank-math-list-item\">\n<h3 class=\"rank-math-question \">\u00bfMerece la pena hacerse un microblading de cejas?<\/h3>\n<div class=\"rank-math-answer \">\n\n<p>El microblading de cejas puede merecer la pena para quienes desean unas cejas m\u00e1s pobladas y definidas o tienen cejas naturales escasas o desiguales. Ofrece una soluci\u00f3n de larga duraci\u00f3n, ahorrando tiempo en la aplicaci\u00f3n diaria del maquillaje de cejas.<\/p>\n\n<\/div>\n<\/div>\n<div id=\"faq-question-1685428913577\" class=\"rank-math-list-item\">\n<h3 class=\"rank-math-question \">\u00bfEl microblading de cejas es permanente?<\/h3>\n<div class=\"rank-math-answer \">\n\n<p>Se consideran una soluci\u00f3n cosm\u00e9tica semipermanente. Los pigmentos utilizados en el microblading est\u00e1n espec\u00edficamente formulados para desvanecerse gradualmente con el tiempo. Por t\u00e9rmino medio, los resultados pueden durar entre uno y tres a\u00f1os.<\/p>\n\n<\/div>\n<\/div>\n<div id=\"faq-question-1685428914227\" class=\"rank-math-list-item\">\n<h3 class=\"rank-math-question \">\u00bfEl microblading puede parecer natural?<\/h3>\n<div class=\"rank-math-answer \">\n\n<p>S\u00ed, puede dise\u00f1arse para crear cejas de aspecto natural. La t\u00e9cnica consiste en crear manualmente trazos individuales similares a pelos que imitan el aspecto de los pelos naturales de las cejas.<\/p>\n\n<\/div>\n<\/div>\n<\/div>\n<\/div>\n<p><\/p>\n\n<h3 class=\"wp-block-heading\">P\u00f3ngase en contacto con nosotros si tiene alguna pregunta.<\/h3>\n","protected":false},"excerpt":{"rendered":"<p>\u00bfEst\u00e1 cansada de rellenar constantemente sus cejas cada ma\u00f1ana? El microblading es la soluci\u00f3n para conseguir unas cejas m\u00e1s pobladas [&hellip;]<\/p>\n","protected":false},"author":4,"featured_media":92727,"parent":0,"menu_order":0,"comment_status":"closed","ping_status":"closed","template":"","meta":{"site-sidebar-layout":"default","site-content-layout":"","ast-site-content-layout":"default","site-content-style":"default","site-sidebar-style":"default","ast-global-header-display":"","ast-banner-title-visibility":"","ast-main-header-display":"","ast-hfb-above-header-display":"","ast-hfb-below-header-display":"","ast-hfb-mobile-header-display":"","site-post-title":"","ast-breadcrumbs-content":"","ast-featured-img":"","footer-sml-layout":"","ast-disable-related-posts":"","theme-transparent-header-meta":"","adv-header-id-meta":"","stick-header-meta":"","header-above-stick-meta":"","header-main-stick-meta":"","header-below-stick-meta":"","astra-migrate-meta-layouts":"default","ast-page-background-enabled":"default","ast-page-background-meta":{"desktop":{"background-color":"var(--ast-global-color-4)","background-image":"","background-repeat":"repeat","background-position":"center center","background-size":"auto","background-attachment":"scroll","background-type":"","background-media":"","overlay-type":"","overlay-color":"","overlay-opacity":"","overlay-gradient":""},"tablet":{"background-color":"","background-image":"","background-repeat":"repeat","background-position":"center center","background-size":"auto","background-attachment":"scroll","background-type":"","background-media":"","overlay-type":"","overlay-color":"","overlay-opacity":"","overlay-gradient":""},"mobile":{"background-color":"","background-image":"","background-repeat":"repeat","background-position":"center center","background-size":"auto","background-attachment":"scroll","background-type":"","background-media":"","overlay-type":"","overlay-color":"","overlay-opacity":"","overlay-gradient":""}},"ast-content-background-meta":{"desktop":{"background-color":"var(--ast-global-color-5)","background-image":"","background-repeat":"repeat","background-position":"center center","background-size":"auto","background-attachment":"scroll","background-type":"","background-media":"","overlay-type":"","overlay-color":"","overlay-opacity":"","overlay-gradient":""},"tablet":{"background-color":"var(--ast-global-color-5)","background-image":"","background-repeat":"repeat","background-position":"center center","background-size":"auto","background-attachment":"scroll","background-type":"","background-media":"","overlay-type":"","overlay-color":"","overlay-opacity":"","overlay-gradient":""},"mobile":{"background-color":"var(--ast-global-color-5)","background-image":"","background-repeat":"repeat","background-position":"center center","background-size":"auto","background-attachment":"scroll","background-type":"","background-media":"","overlay-type":"","overlay-color":"","overlay-opacity":"","overlay-gradient":""}},"footnotes":""},"class_list":["post-147998","page","type-page","status-publish","has-post-thumbnail","hentry"],"_links":{"self":[{"href":"https:\/\/medclinics.com\/es\/wp-json\/wp\/v2\/pages\/147998","targetHints":{"allow":["GET"]}}],"collection":[{"href":"https:\/\/medclinics.com\/es\/wp-json\/wp\/v2\/pages"}],"about":[{"href":"https:\/\/medclinics.com\/es\/wp-json\/wp\/v2\/types\/page"}],"author":[{"embeddable":true,"href":"https:\/\/medclinics.com\/es\/wp-json\/wp\/v2\/users\/4"}],"replies":[{"embeddable":true,"href":"https:\/\/medclinics.com\/es\/wp-json\/wp\/v2\/comments?post=147998"}],"version-history":[{"count":0,"href":"https:\/\/medclinics.com\/es\/wp-json\/wp\/v2\/pages\/147998\/revisions"}],"wp:featuredmedia":[{"embeddable":true,"href":"https:\/\/medclinics.com\/es\/wp-json\/wp\/v2\/media\/92727"}],"wp:attachment":[{"href":"https:\/\/medclinics.com\/es\/wp-json\/wp\/v2\/media?parent=147998"}],"curies":[{"name":"wp","href":"https:\/\/api.w.org\/{rel}","templated":true}]}}