{"id":147994,"date":"2023-05-30T08:09:31","date_gmt":"2023-05-30T08:09:31","guid":{"rendered":"https:\/\/medclinics.com\/tratamiento-del-adn-del-salmon\/"},"modified":"2024-04-04T19:32:25","modified_gmt":"2024-04-04T16:32:25","slug":"tratamiento-del-adn-del-salmon","status":"publish","type":"page","link":"https:\/\/medclinics.com\/es\/tratamiento-del-adn-del-salmon\/","title":{"rendered":"Tratamiento del ADN del salm\u00f3n"},"content":{"rendered":"\n<h2 class=\"wp-block-heading\">Si anhela una piel radiante y sin maquillaje o desea reducir los signos visibles del envejecimiento, el Tratamiento ADN Salm\u00f3n puede ser justo lo que necesita.<\/h2>\n\n<p>El tratamiento con ADN de salm\u00f3n es un m\u00e9todo de rejuvenecimiento cut\u00e1neo muy eficaz que utiliza <a href=\"https:\/\/en.wikipedia.org\/wiki\/Hyaluronic_acid\" target=\"_blank\" rel=\"noreferrer noopener\">\u00e1cido hialur\u00f3nico<\/a> puro y mol\u00e9culas de ADN derivadas del esperma de salm\u00f3n para renovar las c\u00e9lulas de la piel.  <\/p>\n\n<p>A medida que envejecemos, nuestro cuerpo experimenta diversos cambios debidos a factores internos y externos, como el estr\u00e9s ambiental. Por desgracia, estos cambios pueden provocar una disminuci\u00f3n de la vitalidad y la elasticidad de la estructura de la piel, sobre todo en lo que respecta a sustancias esenciales como el \u00e1cido hialur\u00f3nico, necesario para la regeneraci\u00f3n celular.<\/p>\n\n<p>Esta disminuci\u00f3n acaba provocando sequedad, palidez y otros efectos indeseables en el aspecto f\u00edsico. Afortunadamente, hoy en d\u00eda existen muchos tratamientos diferentes para el cuidado de la piel destinados a revitalizar los tejidos muertos al tiempo que promueven la producci\u00f3n de c\u00e9lulas sanas; sin embargo, ninguno ha ganado tanta popularidad recientemente como la terapia de ADN salm\u00f3n, a la que algunos expertos se refieren coloquialmente como \u00abla vacuna de la juventud\u00bb.<\/p>\n\n<p>Aunque superficialmente pueda parecer similar a las rutinas tradicionales de cuidado de la piel, es importante no subestimar sus propiedades \u00fanicas. El suero utilizado durante este proceso tiene una composici\u00f3n qu\u00edmica id\u00e9ntica en relaci\u00f3n con el ADN humano, lo que hace que los resultados sean m\u00e1s pronunciados.<\/p>\n\n<p>As\u00ed pues, si desea lucir un cutis resplandeciente y joven sin recurrir \u00fanicamente a los cosm\u00e9ticos, considere este tratamiento.<\/p>\n\n<h3 class=\"wp-block-heading\">Todo lo que necesita saber sobre <a href=\"https:\/\/medclinics.com\/es\/belleza\/\" target=\"_blank\" rel=\"noreferrer noopener\">tratamientos de belleza<\/a>, incluido el precio y m\u00e1s, <a href=\"#requestform\">\u00a1contacte con nosotros<\/a>!<\/h3>\n\n<h2 class=\"wp-block-heading\">PREGUNTAS FRECUENTES <\/h2>\n<div id=\"rank-math-faq\" class=\"rank-math-block\">\n<div class=\"rank-math-list \">\n<div id=\"faq-question-1685433788324\" class=\"rank-math-list-item\">\n<h3 class=\"rank-math-question \">\u00bfQu\u00e9 es el ADN del salm\u00f3n?<\/h3>\n<div class=\"rank-math-answer \">\n\n<p>El ADN de salm\u00f3n, tambi\u00e9n conocido como extracto de ADN de salm\u00f3n o extracto de esperma de salm\u00f3n, es un ingrediente biol\u00f3gico derivado de las c\u00e9lulas ricas en ADN del salm\u00f3n. Se utiliza a menudo en productos cosm\u00e9ticos y de cuidado de la piel por sus posibles beneficios para la piel.<\/p>\n\n<\/div>\n<\/div>\n<div id=\"faq-question-1685433877712\" class=\"rank-math-list-item\">\n<h3 class=\"rank-math-question \">\u00bfPara qu\u00e9 se utiliza el ADN del salm\u00f3n?<\/h3>\n<div class=\"rank-math-answer \">\n\n<p>El ADN del salm\u00f3n tiene diversas aplicaciones en distintos campos. En el cuidado de la piel, se utiliza habitualmente en productos cosm\u00e9ticos para mejorar potencialmente la textura, la firmeza y el aspecto general de la piel. Tambi\u00e9n puede tener efectos hidratantes y favorecer la producci\u00f3n de col\u00e1geno, lo que contribuye a aumentar la hidrataci\u00f3n y la elasticidad de la piel. Se ha estudiado su posible papel en la cicatrizaci\u00f3n de heridas, ya que se cree que posee propiedades regenerativas y efectos antiinflamatorios.<\/p>\n\n<\/div>\n<\/div>\n<div id=\"faq-question-1685433876444\" class=\"rank-math-list-item\">\n<h3 class=\"rank-math-question \">\u00bfEl adn del salm\u00f3n es bueno para la piel?<\/h3>\n<div class=\"rank-math-answer \">\n\n<p>Se cree que el extracto de ADN de salm\u00f3n puede ser beneficioso para la piel por sus propiedades antioxidantes, antiinflamatorias y regeneradoras. Se cree que favorece los procesos naturales de reparaci\u00f3n de la piel y mejora su textura, firmeza y aspecto general.<\/p>\n\n<\/div>\n<\/div>\n<\/div>\n<\/div>\n<p><\/p>\n\n<h3 class=\"wp-block-heading\">P\u00f3ngase en contacto con nosotros si tiene alguna pregunta.<\/h3>\n","protected":false},"excerpt":{"rendered":"<p>Si anhela una piel radiante y sin maquillaje o desea reducir los signos visibles del envejecimiento, el Tratamiento ADN Salm\u00f3n [&hellip;]<\/p>\n","protected":false},"author":4,"featured_media":92787,"parent":0,"menu_order":0,"comment_status":"closed","ping_status":"closed","template":"","meta":{"site-sidebar-layout":"default","site-content-layout":"","ast-site-content-layout":"default","site-content-style":"default","site-sidebar-style":"default","ast-global-header-display":"","ast-banner-title-visibility":"","ast-main-header-display":"","ast-hfb-above-header-display":"","ast-hfb-below-header-display":"","ast-hfb-mobile-header-display":"","site-post-title":"","ast-breadcrumbs-content":"","ast-featured-img":"","footer-sml-layout":"","ast-disable-related-posts":"","theme-transparent-header-meta":"","adv-header-id-meta":"","stick-header-meta":"","header-above-stick-meta":"","header-main-stick-meta":"","header-below-stick-meta":"","astra-migrate-meta-layouts":"default","ast-page-background-enabled":"default","ast-page-background-meta":{"desktop":{"background-color":"var(--ast-global-color-4)","background-image":"","background-repeat":"repeat","background-position":"center center","background-size":"auto","background-attachment":"scroll","background-type":"","background-media":"","overlay-type":"","overlay-color":"","overlay-opacity":"","overlay-gradient":""},"tablet":{"background-color":"","background-image":"","background-repeat":"repeat","background-position":"center center","background-size":"auto","background-attachment":"scroll","background-type":"","background-media":"","overlay-type":"","overlay-color":"","overlay-opacity":"","overlay-gradient":""},"mobile":{"background-color":"","background-image":"","background-repeat":"repeat","background-position":"center center","background-size":"auto","background-attachment":"scroll","background-type":"","background-media":"","overlay-type":"","overlay-color":"","overlay-opacity":"","overlay-gradient":""}},"ast-content-background-meta":{"desktop":{"background-color":"var(--ast-global-color-5)","background-image":"","background-repeat":"repeat","background-position":"center center","background-size":"auto","background-attachment":"scroll","background-type":"","background-media":"","overlay-type":"","overlay-color":"","overlay-opacity":"","overlay-gradient":""},"tablet":{"background-color":"var(--ast-global-color-5)","background-image":"","background-repeat":"repeat","background-position":"center center","background-size":"auto","background-attachment":"scroll","background-type":"","background-media":"","overlay-type":"","overlay-color":"","overlay-opacity":"","overlay-gradient":""},"mobile":{"background-color":"var(--ast-global-color-5)","background-image":"","background-repeat":"repeat","background-position":"center center","background-size":"auto","background-attachment":"scroll","background-type":"","background-media":"","overlay-type":"","overlay-color":"","overlay-opacity":"","overlay-gradient":""}},"footnotes":""},"class_list":["post-147994","page","type-page","status-publish","has-post-thumbnail","hentry"],"_links":{"self":[{"href":"https:\/\/medclinics.com\/es\/wp-json\/wp\/v2\/pages\/147994","targetHints":{"allow":["GET"]}}],"collection":[{"href":"https:\/\/medclinics.com\/es\/wp-json\/wp\/v2\/pages"}],"about":[{"href":"https:\/\/medclinics.com\/es\/wp-json\/wp\/v2\/types\/page"}],"author":[{"embeddable":true,"href":"https:\/\/medclinics.com\/es\/wp-json\/wp\/v2\/users\/4"}],"replies":[{"embeddable":true,"href":"https:\/\/medclinics.com\/es\/wp-json\/wp\/v2\/comments?post=147994"}],"version-history":[{"count":0,"href":"https:\/\/medclinics.com\/es\/wp-json\/wp\/v2\/pages\/147994\/revisions"}],"wp:featuredmedia":[{"embeddable":true,"href":"https:\/\/medclinics.com\/es\/wp-json\/wp\/v2\/media\/92787"}],"wp:attachment":[{"href":"https:\/\/medclinics.com\/es\/wp-json\/wp\/v2\/media?parent=147994"}],"curies":[{"name":"wp","href":"https:\/\/api.w.org\/{rel}","templated":true}]}}