{"id":147978,"date":"2023-05-30T07:21:58","date_gmt":"2023-05-30T07:21:58","guid":{"rendered":"https:\/\/medclinics.com\/microsombra\/"},"modified":"2024-04-04T19:34:18","modified_gmt":"2024-04-04T16:34:18","slug":"microsombra","status":"publish","type":"page","link":"https:\/\/medclinics.com\/es\/microsombra\/","title":{"rendered":"Microsombra"},"content":{"rendered":"\n<h2 class=\"wp-block-heading\">\u00bfEst\u00e1 cansada de tener cejas poco pobladas y sin forma? No busque m\u00e1s: \u00a1Microshading!<\/h2>\n\n<p>Esta t\u00e9cnica de maquillaje semipermanente, similar al <a href=\"https:\/\/en.wikipedia.org\/wiki\/Microblading\" target=\"_blank\" rel=\"noreferrer noopener\">microblading<\/a> pero con un m\u00e9todo de aplicaci\u00f3n diferente, realza el aspecto de las cejas creando puntos o l\u00edneas de aspecto natural similares al vello.<\/p>\n\n<p>Durante una consulta, nuestro experimentado t\u00e9cnico le explicar\u00e1 la forma y el color de cejas que desea antes de aplicarle un anest\u00e9sico t\u00f3pico para que las molestias durante la intervenci\u00f3n sean m\u00ednimas. Utilizando finas agujas en una herramienta manual o en una m\u00e1quina, el pigmento se deposita en las capas superficiales de la piel para conseguir suaves efectos empolvados que pueden ajustarse en profundidad e intensidad.<\/p>\n\n<p>Aunque los resultados var\u00edan de una persona a otra debido a los procesos naturales de exfoliaci\u00f3n a lo largo del tiempo (que suelen durar de uno a tres a\u00f1os), se recomiendan sesiones de retoque cada 12-18 meses para un mantenimiento \u00f3ptimo.<\/p>\n\n<p>  Es fundamental que s\u00f3lo profesionales cualificados lleven a cabo este proceso en entornos limpios, ya que la seguridad siempre debe ser lo primero cuando se trata de realzar la belleza mediante procedimientos cosm\u00e9ticos como \u00e9ste.<\/p>\n\n<h3 class=\"wp-block-heading\">Todo lo que necesita saber sobre <a href=\"https:\/\/medclinics.com\/es\/belleza\/\" target=\"_blank\" rel=\"noreferrer noopener\">tratamientos de belleza<\/a>, \u00a1o <a href=\"#requestform\">p\u00f3ngase en contacto con nosotros<\/a>!<\/h3>\n\n<h2 class=\"wp-block-heading\">PREGUNTAS FRECUENTES <\/h2>\n<div id=\"rank-math-faq\" class=\"rank-math-block\">\n<div class=\"rank-math-list \">\n<div id=\"faq-question-1685431110144\" class=\"rank-math-list-item\">\n<h3 class=\"rank-math-question \">\u00bfEs seguro el microsombreado?<\/h3>\n<div class=\"rank-math-answer \">\n\n<p>En general, el microshading se considera un procedimiento seguro cuando lo realiza un profesional cualificado y con experiencia.<\/p>\n\n<\/div>\n<\/div>\n<div id=\"faq-question-1685431139176\" class=\"rank-math-list-item\">\n<h3 class=\"rank-math-question \">\u00bfMerece la pena el microsombreado?<\/h3>\n<div class=\"rank-math-answer \">\n\n<p>El micro-sombreado es una decisi\u00f3n personal que depende de las preferencias y circunstancias individuales. Ofrece resultados m\u00e1s duraderos, un aspecto natural y un mantenimiento diario reducido para quienes desean mejorar sus cejas.<\/p>\n\n<\/div>\n<\/div>\n<div id=\"faq-question-1685431141006\" class=\"rank-math-list-item\">\n<h3 class=\"rank-math-question \">\u00bfCu\u00e1nto dura el microsombreado?<\/h3>\n<div class=\"rank-math-answer \">\n\n<p>Suele durar entre uno y tres a\u00f1os, dependiendo de varios factores.<\/p>\n\n<\/div>\n<\/div>\n<\/div>\n<\/div>\n<p><\/p>\n\n<h3 class=\"wp-block-heading\">P\u00f3ngase en contacto con nosotros si tiene alguna pregunta.<\/h3>\n","protected":false},"excerpt":{"rendered":"<p>\u00bfEst\u00e1 cansada de tener cejas poco pobladas y sin forma? No busque m\u00e1s: \u00a1Microshading! Esta t\u00e9cnica de maquillaje semipermanente, similar [&hellip;]<\/p>\n","protected":false},"author":4,"featured_media":27184,"parent":0,"menu_order":0,"comment_status":"closed","ping_status":"closed","template":"","meta":{"site-sidebar-layout":"default","site-content-layout":"","ast-site-content-layout":"default","site-content-style":"default","site-sidebar-style":"default","ast-global-header-display":"","ast-banner-title-visibility":"","ast-main-header-display":"","ast-hfb-above-header-display":"","ast-hfb-below-header-display":"","ast-hfb-mobile-header-display":"","site-post-title":"","ast-breadcrumbs-content":"","ast-featured-img":"","footer-sml-layout":"","ast-disable-related-posts":"","theme-transparent-header-meta":"","adv-header-id-meta":"","stick-header-meta":"","header-above-stick-meta":"","header-main-stick-meta":"","header-below-stick-meta":"","astra-migrate-meta-layouts":"default","ast-page-background-enabled":"default","ast-page-background-meta":{"desktop":{"background-color":"var(--ast-global-color-4)","background-image":"","background-repeat":"repeat","background-position":"center center","background-size":"auto","background-attachment":"scroll","background-type":"","background-media":"","overlay-type":"","overlay-color":"","overlay-opacity":"","overlay-gradient":""},"tablet":{"background-color":"","background-image":"","background-repeat":"repeat","background-position":"center center","background-size":"auto","background-attachment":"scroll","background-type":"","background-media":"","overlay-type":"","overlay-color":"","overlay-opacity":"","overlay-gradient":""},"mobile":{"background-color":"","background-image":"","background-repeat":"repeat","background-position":"center center","background-size":"auto","background-attachment":"scroll","background-type":"","background-media":"","overlay-type":"","overlay-color":"","overlay-opacity":"","overlay-gradient":""}},"ast-content-background-meta":{"desktop":{"background-color":"var(--ast-global-color-5)","background-image":"","background-repeat":"repeat","background-position":"center center","background-size":"auto","background-attachment":"scroll","background-type":"","background-media":"","overlay-type":"","overlay-color":"","overlay-opacity":"","overlay-gradient":""},"tablet":{"background-color":"var(--ast-global-color-5)","background-image":"","background-repeat":"repeat","background-position":"center center","background-size":"auto","background-attachment":"scroll","background-type":"","background-media":"","overlay-type":"","overlay-color":"","overlay-opacity":"","overlay-gradient":""},"mobile":{"background-color":"var(--ast-global-color-5)","background-image":"","background-repeat":"repeat","background-position":"center center","background-size":"auto","background-attachment":"scroll","background-type":"","background-media":"","overlay-type":"","overlay-color":"","overlay-opacity":"","overlay-gradient":""}},"footnotes":""},"class_list":["post-147978","page","type-page","status-publish","has-post-thumbnail","hentry"],"_links":{"self":[{"href":"https:\/\/medclinics.com\/es\/wp-json\/wp\/v2\/pages\/147978","targetHints":{"allow":["GET"]}}],"collection":[{"href":"https:\/\/medclinics.com\/es\/wp-json\/wp\/v2\/pages"}],"about":[{"href":"https:\/\/medclinics.com\/es\/wp-json\/wp\/v2\/types\/page"}],"author":[{"embeddable":true,"href":"https:\/\/medclinics.com\/es\/wp-json\/wp\/v2\/users\/4"}],"replies":[{"embeddable":true,"href":"https:\/\/medclinics.com\/es\/wp-json\/wp\/v2\/comments?post=147978"}],"version-history":[{"count":0,"href":"https:\/\/medclinics.com\/es\/wp-json\/wp\/v2\/pages\/147978\/revisions"}],"wp:featuredmedia":[{"embeddable":true,"href":"https:\/\/medclinics.com\/es\/wp-json\/wp\/v2\/media\/27184"}],"wp:attachment":[{"href":"https:\/\/medclinics.com\/es\/wp-json\/wp\/v2\/media?parent=147978"}],"curies":[{"name":"wp","href":"https:\/\/api.w.org\/{rel}","templated":true}]}}