{"id":147968,"date":"2023-05-30T07:32:33","date_gmt":"2023-05-30T04:32:33","guid":{"rendered":"https:\/\/medclinics.com\/reduccion-de-estomago-sin-cirugia\/"},"modified":"2024-04-08T15:14:31","modified_gmt":"2024-04-08T12:14:31","slug":"reduccion-de-estomago-sin-cirugia","status":"publish","type":"page","link":"https:\/\/medclinics.com\/es\/reduccion-de-estomago-sin-cirugia\/","title":{"rendered":"Reducci\u00f3n de est\u00f3mago sin cirug\u00eda"},"content":{"rendered":"\n<h2 class=\"wp-block-heading\">\u00bfLe cuesta perder peso con dieta y ejercicio? La reducci\u00f3n de est\u00f3mago sin cirug\u00eda puede ser la soluci\u00f3n para usted.<\/h2>\n\n<p>Este procedimiento m\u00ednimamente invasivo consiste en inyectar el relajante en la pared muscular del est\u00f3mago. Utiliza un endoscopio que se introduce por la boca.<\/p>\n\n<p>Funciona inmovilizando estos m\u00fasculos durante un m\u00e1ximo de tres meses. Ralentiza la digesti\u00f3n y proporciona una sensaci\u00f3n de saciedad m\u00e1s r\u00e1pida y duradera. As\u00ed, conseguir\u00e1 una reducci\u00f3n de est\u00f3mago sin cirug\u00eda. Puede plantearse esta cirug\u00eda si los cambios en el estilo de vida no han funcionado hasta ahora. <a href=\"https:\/\/en.wikipedia.org\/wiki\/Muscle_relaxant\" target=\"_blank\" rel=\"noreferrer noopener nofollow\">Los relajantes<\/a> musculares reducen los riesgos de enfermedades relacionadas con la obesidad, como esclerosis m\u00faltiple, hipertensi\u00f3n, diabetes, ictus, apnea del sue\u00f1o y cardiopat\u00edas.<\/p>\n\n<p>La recuperaci\u00f3n es r\u00e1pida. Una vez finalizada la sedaci\u00f3n, \u00a1puede esperar una menor sensaci\u00f3n de hambre y una sensaci\u00f3n de saciedad m\u00e1s r\u00e1pida en 10 d\u00edas! Es la elecci\u00f3n perfecta para perder peso sin cirug\u00eda.<\/p>\n\n<figure class=\"wp-block-image size-full\"><img fetchpriority=\"high\" decoding=\"async\" width=\"780\" height=\"488\" src=\"https:\/\/medclinics.com\/wp-content\/uploads\/2024\/04\/Stomach-reduction-without-surgery.jpg\" alt=\"Reducci&#xF3;n de est&#xF3;mago sin cirug&#xED;a\" class=\"wp-image-161176\" srcset=\"https:\/\/medclinics.com\/wp-content\/uploads\/2024\/04\/Stomach-reduction-without-surgery.jpg 780w, https:\/\/medclinics.com\/wp-content\/uploads\/2024\/04\/Stomach-reduction-without-surgery-300x188.jpg 300w, https:\/\/medclinics.com\/wp-content\/uploads\/2024\/04\/Stomach-reduction-without-surgery-768x480.jpg 768w\" sizes=\"(max-width: 780px) 100vw, 780px\" \/><\/figure>\n\n<h2 class=\"wp-block-heading\">Todo lo que necesita saber sobre <a href=\"https:\/\/medclinics.com\/es\/obesidad\/\" data-type=\"page\" data-id=\"144375\">los tratamientos de la obesidad<\/a>, incluido el precio, los cuidados postoperatorios y el proceso de curaci\u00f3n, o p\u00f3ngase <a href=\"#requestform\">en contacto con nosotros<\/a>.<\/h2>\n\n<h2 class=\"wp-block-heading\">PREGUNTAS FRECUENTES<\/h2>\n<div id=\"rank-math-faq\" class=\"rank-math-block\">\n<div class=\"rank-math-list \">\n<div id=\"faq-question-1685431746517\" class=\"rank-math-list-item\">\n<h3 class=\"rank-math-question \">\u00bfQu\u00e9 son las inyecciones g\u00e1stricas relajantes musculares?<\/h3>\n<div class=\"rank-math-answer \">\n\n<p>Las inyecciones de relajantes musculares g\u00e1stricos, tambi\u00e9n conocidas como inyecciones de neuromoduladores g\u00e1stricos o inyecciones pil\u00f3ricas g\u00e1stricas, son un procedimiento m\u00e9dico utilizado para tratar ciertas afecciones gastrointestinales, como la gastroparesia o las n\u00e1useas y v\u00f3mitos cr\u00f3nicos refractarios. Estas inyecciones consisten en la administraci\u00f3n de medicamentos relajantes musculares directamente en el p\u00edloro, que es la v\u00e1lvula muscular que controla el paso de los alimentos del est\u00f3mago al intestino delgado.<\/p>\n\n<\/div>\n<\/div>\n<div id=\"faq-question-1685431603981\" class=\"rank-math-list-item\">\n<h3 class=\"rank-math-question \">\u00bfC\u00f3mo se aplican las inyecciones de relajantes musculares g\u00e1stricos?<\/h3>\n<div class=\"rank-math-answer \">\n\n<p>Las inyecciones g\u00e1stricas de relajantes musculares son un procedimiento m\u00e9dico utilizado para tratar afecciones gastrointestinales como la gastroparesia o la obesidad.<br \/>El procedimiento implica una evaluaci\u00f3n previa para valorar la idoneidad del paciente. Durante el procedimiento, el paciente es sedado y se le introduce un endoscopio en el est\u00f3mago. Utilizando el endoscopio como gu\u00eda, se inyectan peque\u00f1as cantidades de relajante muscular en zonas espec\u00edficas del revestimiento del est\u00f3mago. <br \/>El relajante muscular paraliza temporalmente los m\u00fasculos del est\u00f3mago, reduciendo las contracciones y favoreciendo la relajaci\u00f3n. As\u00ed el paciente puede conseguir una reducci\u00f3n de est\u00f3mago sin cirug\u00eda. Tras las inyecciones, se retira el endoscopio y se controla brevemente al paciente antes de permitirle irse a casa.<\/p>\n\n<\/div>\n<\/div>\n<\/div>\n<\/div>\n<p>\u00a0<\/p>\n\n<h3 class=\"wp-block-heading\">P\u00f3ngase en contacto con nosotros si tiene alguna pregunta.<\/h3>\n","protected":false},"excerpt":{"rendered":"<p>\u00bfLe cuesta perder peso con dieta y ejercicio? La reducci\u00f3n de est\u00f3mago sin cirug\u00eda puede ser la soluci\u00f3n para usted. [&hellip;]<\/p>\n","protected":false},"author":4,"featured_media":92942,"parent":0,"menu_order":0,"comment_status":"closed","ping_status":"closed","template":"","meta":{"site-sidebar-layout":"default","site-content-layout":"","ast-site-content-layout":"default","site-content-style":"default","site-sidebar-style":"default","ast-global-header-display":"","ast-banner-title-visibility":"","ast-main-header-display":"","ast-hfb-above-header-display":"","ast-hfb-below-header-display":"","ast-hfb-mobile-header-display":"","site-post-title":"","ast-breadcrumbs-content":"","ast-featured-img":"","footer-sml-layout":"","ast-disable-related-posts":"","theme-transparent-header-meta":"","adv-header-id-meta":"","stick-header-meta":"","header-above-stick-meta":"","header-main-stick-meta":"","header-below-stick-meta":"","astra-migrate-meta-layouts":"default","ast-page-background-enabled":"default","ast-page-background-meta":{"desktop":{"background-color":"var(--ast-global-color-4)","background-image":"","background-repeat":"repeat","background-position":"center center","background-size":"auto","background-attachment":"scroll","background-type":"","background-media":"","overlay-type":"","overlay-color":"","overlay-opacity":"","overlay-gradient":""},"tablet":{"background-color":"","background-image":"","background-repeat":"repeat","background-position":"center center","background-size":"auto","background-attachment":"scroll","background-type":"","background-media":"","overlay-type":"","overlay-color":"","overlay-opacity":"","overlay-gradient":""},"mobile":{"background-color":"","background-image":"","background-repeat":"repeat","background-position":"center center","background-size":"auto","background-attachment":"scroll","background-type":"","background-media":"","overlay-type":"","overlay-color":"","overlay-opacity":"","overlay-gradient":""}},"ast-content-background-meta":{"desktop":{"background-color":"var(--ast-global-color-5)","background-image":"","background-repeat":"repeat","background-position":"center center","background-size":"auto","background-attachment":"scroll","background-type":"","background-media":"","overlay-type":"","overlay-color":"","overlay-opacity":"","overlay-gradient":""},"tablet":{"background-color":"var(--ast-global-color-5)","background-image":"","background-repeat":"repeat","background-position":"center center","background-size":"auto","background-attachment":"scroll","background-type":"","background-media":"","overlay-type":"","overlay-color":"","overlay-opacity":"","overlay-gradient":""},"mobile":{"background-color":"var(--ast-global-color-5)","background-image":"","background-repeat":"repeat","background-position":"center center","background-size":"auto","background-attachment":"scroll","background-type":"","background-media":"","overlay-type":"","overlay-color":"","overlay-opacity":"","overlay-gradient":""}},"footnotes":""},"class_list":["post-147968","page","type-page","status-publish","has-post-thumbnail","hentry"],"_links":{"self":[{"href":"https:\/\/medclinics.com\/es\/wp-json\/wp\/v2\/pages\/147968","targetHints":{"allow":["GET"]}}],"collection":[{"href":"https:\/\/medclinics.com\/es\/wp-json\/wp\/v2\/pages"}],"about":[{"href":"https:\/\/medclinics.com\/es\/wp-json\/wp\/v2\/types\/page"}],"author":[{"embeddable":true,"href":"https:\/\/medclinics.com\/es\/wp-json\/wp\/v2\/users\/4"}],"replies":[{"embeddable":true,"href":"https:\/\/medclinics.com\/es\/wp-json\/wp\/v2\/comments?post=147968"}],"version-history":[{"count":0,"href":"https:\/\/medclinics.com\/es\/wp-json\/wp\/v2\/pages\/147968\/revisions"}],"wp:featuredmedia":[{"embeddable":true,"href":"https:\/\/medclinics.com\/es\/wp-json\/wp\/v2\/media\/92942"}],"wp:attachment":[{"href":"https:\/\/medclinics.com\/es\/wp-json\/wp\/v2\/media?parent=147968"}],"curies":[{"name":"wp","href":"https:\/\/api.w.org\/{rel}","templated":true}]}}