{"id":147958,"date":"2023-05-30T07:43:20","date_gmt":"2023-05-30T07:43:20","guid":{"rendered":"https:\/\/medclinics.com\/rellenos-nasolabiales\/"},"modified":"2024-04-04T19:21:21","modified_gmt":"2024-04-04T16:21:21","slug":"rellenos-nasolabiales","status":"publish","type":"page","link":"https:\/\/medclinics.com\/es\/rellenos-nasolabiales\/","title":{"rendered":"Rellenos nasolabiales"},"content":{"rendered":"\n<h2 class=\"wp-block-heading\">\u00bfDesea tratar el aspecto de los surcos nasogenianos, com\u00fanmente conocidos como l\u00edneas de la sonrisa o l\u00edneas de la risa? Los rellenos nasolabiales pueden ser justo lo que necesita.<\/h2>\n\n<p>Estos tratamientos de <a href=\"https:\/\/en.wikipedia.org\/wiki\/Injectable_filler\" target=\"_blank\" rel=\"noreferrer noopener\">relleno d\u00e9rmico<\/a> est\u00e1n dise\u00f1ados para a\u00f1adir volumen y suavizar las arrugas de la piel. Los rellenos a base de \u00e1cido hialur\u00f3nico son los m\u00e1s utilizados para este fin porque son sustancias naturales que ayudan a mantener la hidrataci\u00f3n y la elasticidad.<\/p>\n\n<p>Durante una sesi\u00f3n de tratamiento con un profesional sanitario, se inyectar\u00e1n estos rellenos especiales en las zonas de los surcos nasogenianos que se desee tratar. El resultado es una piel m\u00e1s rellena que reduce la profundidad y ofrece un aspecto m\u00e1s terso en general: \u00a1perfecto si desea conseguir un aspecto m\u00e1s joven!<\/p>\n\n<p>Lo mejor de todo: el tiempo de inactividad tras estos procedimientos es m\u00ednimo en el mejor de los casos; puede producirse alg\u00fan enrojecimiento, hinchaz\u00f3n o hematoma temporal, pero deber\u00eda desaparecer a los pocos d\u00edas del tratamiento.<\/p>\n\n<p>Es importante, aunque no permanente, que los resultados pueden durar desde varios meses hasta m\u00e1s de un a\u00f1o, dependiendo de las tasas de metabolismo individuales, entre otros factores, como el tipo o tipos elegidos por los propios pacientes durante las sesiones de consulta previas (se recomiendan retoques). As\u00ed que, \u00bfpor qu\u00e9 esperar m\u00e1s para plantearse si controlar esas molestas l\u00edneas de risa puede marcar la diferencia en el futuro?<\/p>\n\n<h3 class=\"wp-block-heading\">Todo lo que necesita saber sobre <a href=\"https:\/\/medclinics.com\/es\/belleza\/\" target=\"_blank\" rel=\"noreferrer noopener\">tratamientos de belleza<\/a> est\u00e1 aqu\u00ed, <a href=\"#requestform\">\u00a1cont\u00e1ctenos<\/a>!<\/h3>\n\n<h2 class=\"wp-block-heading\">PREGUNTAS FRECUENTES <\/h2>\n<div id=\"rank-math-faq\" class=\"rank-math-block\">\n<div class=\"rank-math-list \">\n<div id=\"faq-question-1685432338494\" class=\"rank-math-list-item\">\n<h3 class=\"rank-math-question \">\u00bfQu\u00e9 son los rellenos nasolabiales?<\/h3>\n<div class=\"rank-math-answer \">\n\n<p>Los rellenos nasolabiales son sustancias inyectables que se utilizan para reducir temporalmente el aspecto de las l\u00edneas y arrugas profundas que se forman desde la nariz hasta las comisuras de la boca, conocidas como surcos nasogenianos. Estos rellenos est\u00e1n hechos de diversos materiales, como \u00e1cido hialur\u00f3nico, hidroxiapatita c\u00e1lcica o \u00e1cido poli-l-l\u00e1ctico, que son biocompatibles y seguros para uso cosm\u00e9tico.<\/p>\n\n<\/div>\n<\/div>\n<div id=\"faq-question-1685432333235\" class=\"rank-math-list-item\">\n<h3 class=\"rank-math-question \">\u00bfSon seguros los rellenos nasolabiales?<\/h3>\n<div class=\"rank-math-answer \">\n\n<p>En general, los rellenos nasolabiales se consideran seguros cuando los administra un profesional m\u00e9dico cualificado y con experiencia.<\/p>\n\n<\/div>\n<\/div>\n<div id=\"faq-question-1685432427756\" class=\"rank-math-list-item\">\n<h3 class=\"rank-math-question \">\u00bfMerecen la pena los rellenos nasolabiales?<\/h3>\n<div class=\"rank-math-answer \">\n\n<p>Que los rellenos nasolabiales merezcan la pena en su caso depende de sus objetivos personales, preferencias y circunstancias individuales.<\/p>\n\n<\/div>\n<\/div>\n<div id=\"faq-question-1685432457969\" class=\"rank-math-list-item\">\n<h3 class=\"rank-math-question \">\u00bfSon dolorosos los rellenos nasolabiales?<\/h3>\n<div class=\"rank-math-answer \">\n\n<p>El nivel de molestias experimentado durante las inyecciones de relleno nasolabial puede variar de una persona a otra. Sin embargo, la mayor\u00eda de las personas s\u00f3lo refieren molestias leves o moderadas durante el procedimiento. El dolor suele ser manejable y algunos profesionales pueden utilizar t\u00e9cnicas como la aplicaci\u00f3n de una crema anest\u00e9sica o el uso de rellenos que contienen anest\u00e9sicos locales para minimizar las molestias.<\/p>\n\n<\/div>\n<\/div>\n<\/div>\n<\/div>\n<p><\/p>\n\n<h3 class=\"wp-block-heading\">P\u00f3ngase en contacto con nosotros si tiene alguna pregunta.<\/h3>\n","protected":false},"excerpt":{"rendered":"<p>\u00bfDesea tratar el aspecto de los surcos nasogenianos, com\u00fanmente conocidos como l\u00edneas de la sonrisa o l\u00edneas de la risa? [&hellip;]<\/p>\n","protected":false},"author":4,"featured_media":92771,"parent":0,"menu_order":0,"comment_status":"closed","ping_status":"closed","template":"","meta":{"site-sidebar-layout":"default","site-content-layout":"","ast-site-content-layout":"default","site-content-style":"default","site-sidebar-style":"default","ast-global-header-display":"","ast-banner-title-visibility":"","ast-main-header-display":"","ast-hfb-above-header-display":"","ast-hfb-below-header-display":"","ast-hfb-mobile-header-display":"","site-post-title":"","ast-breadcrumbs-content":"","ast-featured-img":"","footer-sml-layout":"","ast-disable-related-posts":"","theme-transparent-header-meta":"","adv-header-id-meta":"","stick-header-meta":"","header-above-stick-meta":"","header-main-stick-meta":"","header-below-stick-meta":"","astra-migrate-meta-layouts":"default","ast-page-background-enabled":"default","ast-page-background-meta":{"desktop":{"background-color":"var(--ast-global-color-4)","background-image":"","background-repeat":"repeat","background-position":"center center","background-size":"auto","background-attachment":"scroll","background-type":"","background-media":"","overlay-type":"","overlay-color":"","overlay-opacity":"","overlay-gradient":""},"tablet":{"background-color":"","background-image":"","background-repeat":"repeat","background-position":"center center","background-size":"auto","background-attachment":"scroll","background-type":"","background-media":"","overlay-type":"","overlay-color":"","overlay-opacity":"","overlay-gradient":""},"mobile":{"background-color":"","background-image":"","background-repeat":"repeat","background-position":"center center","background-size":"auto","background-attachment":"scroll","background-type":"","background-media":"","overlay-type":"","overlay-color":"","overlay-opacity":"","overlay-gradient":""}},"ast-content-background-meta":{"desktop":{"background-color":"var(--ast-global-color-5)","background-image":"","background-repeat":"repeat","background-position":"center center","background-size":"auto","background-attachment":"scroll","background-type":"","background-media":"","overlay-type":"","overlay-color":"","overlay-opacity":"","overlay-gradient":""},"tablet":{"background-color":"var(--ast-global-color-5)","background-image":"","background-repeat":"repeat","background-position":"center center","background-size":"auto","background-attachment":"scroll","background-type":"","background-media":"","overlay-type":"","overlay-color":"","overlay-opacity":"","overlay-gradient":""},"mobile":{"background-color":"var(--ast-global-color-5)","background-image":"","background-repeat":"repeat","background-position":"center center","background-size":"auto","background-attachment":"scroll","background-type":"","background-media":"","overlay-type":"","overlay-color":"","overlay-opacity":"","overlay-gradient":""}},"footnotes":""},"class_list":["post-147958","page","type-page","status-publish","has-post-thumbnail","hentry"],"_links":{"self":[{"href":"https:\/\/medclinics.com\/es\/wp-json\/wp\/v2\/pages\/147958","targetHints":{"allow":["GET"]}}],"collection":[{"href":"https:\/\/medclinics.com\/es\/wp-json\/wp\/v2\/pages"}],"about":[{"href":"https:\/\/medclinics.com\/es\/wp-json\/wp\/v2\/types\/page"}],"author":[{"embeddable":true,"href":"https:\/\/medclinics.com\/es\/wp-json\/wp\/v2\/users\/4"}],"replies":[{"embeddable":true,"href":"https:\/\/medclinics.com\/es\/wp-json\/wp\/v2\/comments?post=147958"}],"version-history":[{"count":0,"href":"https:\/\/medclinics.com\/es\/wp-json\/wp\/v2\/pages\/147958\/revisions"}],"wp:featuredmedia":[{"embeddable":true,"href":"https:\/\/medclinics.com\/es\/wp-json\/wp\/v2\/media\/92771"}],"wp:attachment":[{"href":"https:\/\/medclinics.com\/es\/wp-json\/wp\/v2\/media?parent=147958"}],"curies":[{"name":"wp","href":"https:\/\/api.w.org\/{rel}","templated":true}]}}