{"id":147920,"date":"2023-06-01T14:53:31","date_gmt":"2023-06-01T11:53:31","guid":{"rendered":"https:\/\/medclinics.com\/cosmetologia-clasica\/"},"modified":"2024-04-14T23:04:59","modified_gmt":"2024-04-14T20:04:59","slug":"cosmetologia-clasica","status":"publish","type":"page","link":"https:\/\/medclinics.com\/es\/cosmetologia-clasica\/","title":{"rendered":"Cosmetolog\u00eda cl\u00e1sica"},"content":{"rendered":"\n<h2 class=\"wp-block-heading\" id=\"classic-cosmetology-is-a-method-of-face-and-body-skin-care\"><strong>La cosmetolog\u00eda cl\u00e1sica es un m\u00e9todo de cuidado de la piel facial y corporal.<\/strong><\/h2>\n\n<p>Se ha consolidado desde hace tiempo como un medio eficaz y fiable de restaurar y prolongar la belleza.<\/p>\n\n<div class=\"wp-block-rank-math-toc-block\" id=\"rank-math-toc\"><h2>Tabla de contenidos<\/h2><nav><ul><li><a href=\"#classic-cosmetology-is-a-method-of-face-and-body-skin-care\">La cosmetolog\u00eda cl\u00e1sica es un m\u00e9todo de cuidado de la piel facial y corporal.<\/a><\/li><li><a href=\"#before-after-classic-cosmetology\">Antes y despu\u00e9s de Cosmetolog\u00eda cl\u00e1sica<\/a><\/li><li><a href=\"#so-what-is\">\u00bfQu\u00e9 es<\/a><\/li><li><a href=\"#treatment-plan\">Plan de tratamiento<\/a><\/li><li><a href=\"#aftercare\">Cuidado posterior<\/a><\/li><li><a href=\"#top-classic-cosmetology-costs-by-country\">Cosmetolog\u00eda cl\u00e1sica m\u00e1s cara por pa\u00eds<\/a><\/li><li><a href=\"#types-of-classic-cosmetology\">Tipos de cosmetolog\u00eda cl\u00e1sica<\/a><\/li><li><a href=\"#faq\">PREGUNTAS FRECUENTES<\/a><\/li><li><a href=\"#history\">Historia<\/a><\/li><\/ul><\/nav><\/div>\n\n<h2 class=\"wp-block-heading\" id=\"before-after-classic-cosmetology\">Antes y despu\u00e9s de Cosmetolog\u00eda cl\u00e1sica<\/h2>\n\n<h2 class=\"wp-block-heading\" id=\"so-what-is\">\u00bfQu\u00e9 es<\/h2>\n\n<ul class=\"wp-block-list\">\n<li>Esto incluye procedimientos como la limpieza de la piel, la celulitis y diversos defectos est\u00e9ticos, el restablecimiento del color saludable de la piel, etc.<\/li>\n<\/ul>\n\n<h2 class=\"wp-block-heading\" id=\"treatment-plan\">Plan de tratamiento<\/h2>\n\n<ul class=\"wp-block-list\">\n<li>El plan de tratamiento de Classic Cosmetology implica una consulta exhaustiva para comprender las necesidades del paciente. Los tratamientos de <a href=\"https:\/\/en.wikipedia.org\/wiki\/Skin_care\" target=\"_blank\" rel=\"noreferrer noopener\">cuidado de la piel<\/a> incluyen limpieza, exfoliaci\u00f3n, hidrataci\u00f3n y m\u00e1scaras faciales.  <\/li>\n\n\n\n<li>Los tratamientos capilares abarcan el lavado con champ\u00fa, el acondicionamiento, el corte de pelo, el peinado, la coloraci\u00f3n y los tratamientos adicionales que sean necesarios.  <\/li>\n\n\n\n<li>La aplicaci\u00f3n del maquillaje implica preparaci\u00f3n, base, maquillaje de ojos, color de mejillas y color de labios.  <\/li>\n\n\n\n<li>El cuidado de las u\u00f1as incluye manicuras y pedicuras con opciones de modelado y esmaltado.  <\/li>\n\n\n\n<li>Se proporcionan recomendaciones personalizadas para el cuidado del hogar y se programa una cita de seguimiento para realizar evaluaciones y ajustes.<\/li>\n<\/ul>\n\n<h3 class=\"wp-block-heading\" id=\"mammoplasty-for\"><br\/>Cosmetolog\u00eda cl\u00e1sica para:<\/h3>\n\n<ul class=\"wp-block-list\">\n<li>Cualquier persona que desee realzar su aspecto y mejorar su aseo general.<\/li>\n<\/ul>\n\n<h3 class=\"wp-block-heading\" id=\"mammoplasty-duration\">Cosmetolog\u00eda cl\u00e1sica Duraci\u00f3n:<\/h3>\n\n<ul class=\"wp-block-list\">\n<li>Los tratamientos faciales b\u00e1sicos suelen durar unos 60 minutos, mientras que los m\u00e1s exhaustivos, como los peelings qu\u00edmicos o la microdermoabrasi\u00f3n, pueden requerir entre 60 y 90 minutos.<\/li>\n\n\n\n<li>En el caso de los tratamientos capilares, puede variar significativamente en funci\u00f3n del servicio concreto. Un corte de pelo sencillo y una sesi\u00f3n de peinado pueden durar entre 30 y 60 minutos, mientras que los servicios m\u00e1s complejos, como la coloraci\u00f3n o los tratamientos de queratina, pueden durar entre 1 y 3 horas o m\u00e1s.<\/li>\n\n\n\n<li>Para la aplicaci\u00f3n del maquillaje, depende del aspecto y la complejidad deseados. Una aplicaci\u00f3n de maquillaje b\u00e1sica puede llevar entre 30 y 45 minutos, mientras que los estilos de maquillaje m\u00e1s elaborados o especializados pueden llevar hasta una hora o m\u00e1s.<\/li>\n\n\n\n<li>Para el cuidado de las u\u00f1as, las manicuras y pedicuras suelen durar entre 30 minutos y una hora.<\/li>\n<\/ul>\n\n<h3 class=\"wp-block-heading\" id=\"mammoplasty-recovery-timeline\">Cronolog\u00eda de la recuperaci\u00f3n de la cosmetolog\u00eda cl\u00e1sica:<\/h3>\n\n<ul class=\"wp-block-list\">\n<li>Los tratamientos faciales b\u00e1sicos no suelen requerir tiempo de recuperaci\u00f3n.<\/li>\n\n\n\n<li>Los tratamientos avanzados, como los peelings qu\u00edmicos o la microdermoabrasi\u00f3n, pueden requerir entre unos d\u00edas y una semana de inactividad para que la piel cicatrice.  <\/li>\n\n\n\n<li>Los cortes de pelo, el peinado y la coloraci\u00f3n no suelen requerir tiempo de recuperaci\u00f3n.  <\/li>\n\n\n\n<li>La aplicaci\u00f3n del maquillaje no tiene tiempo de recuperaci\u00f3n, y los clientes pueden desmaquillarse cuando les convenga.  <\/li>\n\n\n\n<li>La manicura y la pedicura no tienen tiempo de recuperaci\u00f3n, aunque hay que tener cuidado para no da\u00f1ar el esmalte reci\u00e9n aplicado.<\/li>\n<\/ul>\n\n<h3 class=\"wp-block-heading\" id=\"possible-risks-for-mammoplasty\">Posibles riesgos para la cosmetolog\u00eda cl\u00e1sica:<\/h3>\n\n<ul class=\"wp-block-list\">\n<li>Reacciones al\u00e9rgicas<\/li>\n\n\n\n<li>Sensibilidad cut\u00e1nea<\/li>\n\n\n\n<li>Da\u00f1os en el cabello<\/li>\n\n\n\n<li>Infecciones cut\u00e1neas<\/li>\n\n\n\n<li>Irritaci\u00f3n o infecciones oculares<\/li>\n\n\n\n<li>Quemaduras en la piel<\/li>\n\n\n\n<li>Lesiones ungueales<\/li>\n\n\n\n<li>Resultados insatisfactorios<\/li>\n\n\n\n<li>Malestar o dolor<\/li>\n\n\n\n<li>Sensibilidad al sol<\/li>\n\n\n\n<li>Impacto psicol\u00f3gico<\/li>\n<\/ul>\n\n<h2 class=\"wp-block-heading\" id=\"aftercare\">Cuidado posterior  <\/h2>\n\n<h3 class=\"wp-block-heading\" id=\"of-course-we-will-also-take-care-of-you-after-your-treatment\">Por supuesto, tambi\u00e9n cuidaremos de usted despu\u00e9s del tratamiento.<\/h3>\n\n<p>Siga todas las instrucciones espec\u00edficas proporcionadas por la cosmet\u00f3loga o esteticista en relaci\u00f3n con el tratamiento concreto recibido. Mant\u00e9ngase hidratado y lleve un estilo de vida saludable para favorecer la salud general de la piel, el cabello y las u\u00f1as. Programar y acudir a las citas de seguimiento recomendadas.<\/p>\n\n<h3 class=\"wp-block-heading\" id=\"breast-aesthetic-surgery-healing-process\">Proceso curativo de la cosmetolog\u00eda cl\u00e1sica<\/h3>\n\n<h4 class=\"wp-block-heading\" id=\"the-healing-process-as-a-whole-takes-between-6-and-12-months\">El proceso de curaci\u00f3n de los tratamientos de Cosmetolog\u00eda Cl\u00e1sica var\u00eda en funci\u00f3n de los procedimientos espec\u00edficos.<\/h4>\n\n<p>Los tratamientos faciales b\u00e1sicos no suelen tener un proceso de cicatrizaci\u00f3n significativo. Los tratamientos avanzados para el cuidado de la piel, como los peelings qu\u00edmicos, pueden provocar enrojecimiento o descamaci\u00f3n temporales. Los cortes de pelo, el peinado, la coloraci\u00f3n, la aplicaci\u00f3n de maquillaje y el cuidado de las u\u00f1as no suelen tener un proceso de curaci\u00f3n espec\u00edfico.<\/p>\n\n<figure class=\"wp-block-image size-full\"><img decoding=\"async\" src=\"https:\/\/medclinics.com\/wp-content\/uploads\/2023\/02\/salmon-dna-serum-skin-rejuvenation-istanbul-before-after-2.jpg\" alt=\"Cosmetolog&#xED;a cl&#xE1;sica\" class=\"wp-image-20529\"\/><\/figure>\n\n<h2 class=\"wp-block-heading\" id=\"top-classic-cosmetology-costs-by-country\">Cosmetolog\u00eda cl\u00e1sica m\u00e1s cara por pa\u00eds<\/h2>\n\n<p>En Turqu\u00eda, los precios de los tratamientos de cosmetolog\u00eda cl\u00e1sica suelen ser m\u00e1s asequibles que en otros pa\u00edses. Por ejemplo, el coste de la talasoterapia en Turqu\u00eda puede oscilar entre 50 y 100 euros por sesi\u00f3n, mientras que en Estados Unidos oscila entre 80 y 150 euros. La misma terapia cuesta entre 70 y 120 euros en Alemania.<\/p>\n\n<p>Los precios indicados son orientativos y no constituyen un presupuesto definitivo. Pueden variar en funci\u00f3n del lugar, las instalaciones y otros factores. Su asesor de <a href=\"https:\/\/medclinics.com\/es\/\" target=\"_blank\" rel=\"noreferrer noopener\">MedClincs<\/a> estar\u00e1 encantado de darle m\u00e1s detalles.<\/p>\n\n<figure class=\"wp-block-table\"><table><thead><tr><th>Pa\u00eds  <\/th><th>Precio  <\/th><th>Clasificaci\u00f3n<\/th><\/tr><\/thead><tbody><tr><td>T\u00fcrkiye (Turqu\u00eda)<\/td><td>~ 20\u20ac &#8211; 100\u20ac<\/td><td>\u2605\u2605\u2605\u2605\u2605<\/td><\/tr><tr><td>Tailandia<\/td><td>~ 20\u20ac &#8211; 80\u20ac<\/td><td>\u2605\u2605<\/td><\/tr><tr><td>Polonia<\/td><td>~ 20\u20ac &#8211; 80\u20ac<\/td><td>\u2605\u2605<\/td><\/tr><tr><td>EE.UU.<\/td><td>~ 30\u20ac &#8211; 150\u20ac<\/td><td>\u2605\u2605\u2605<\/td><\/tr><tr><td>Alemania<\/td><td>~ 35\u20ac &#8211; 120\u20ac<\/td><td>\u2605\u2605\u2605<\/td><\/tr><\/tbody><\/table><\/figure>\n\n<h2 class=\"wp-block-heading\" id=\"types-of-classic-cosmetology\">Tipos de cosmetolog\u00eda cl\u00e1sica<\/h2>\n<div class=\"jet-listing-grid--blocks   jet-sm-gb-wrapper jet-sm-gb-92f39127-501e-4e66-9bbe-5391f7f3c3cc\"data-element-id=\"92f39127-501e-4e66-9bbe-5391f7f3c3cc\"data-listing-type=\"blocks\"data-is-block=\"jet-engine\/listing-grid\"><div class=\"jet-listing-notice\">Please select listing to show.<\/div><\/div>\n<h2 class=\"wp-block-heading\" id=\"faq\">PREGUNTAS FRECUENTES<\/h2>\n<div id=\"rank-math-faq\" class=\"rank-math-block\">\n<div class=\"rank-math-list \">\n<div id=\"faq-question-1685630312120\" class=\"rank-math-list-item\">\n<h3 class=\"rank-math-question \">\u00bfQu\u00e9 es la cosmetolog\u00eda cl\u00e1sica?<\/h3>\n<div class=\"rank-math-answer \">\n\n<p>La cosmetolog\u00eda cl\u00e1sica hace referencia a una serie de tratamientos y pr\u00e1cticas de belleza centrados en mejorar el aspecto de la piel, el cabello y las u\u00f1as mediante t\u00e9cnicas como el cuidado de la piel, el cabello, la aplicaci\u00f3n de maquillaje y el cuidado de las u\u00f1as.<\/p>\n\n<\/div>\n<\/div>\n<div id=\"faq-question-1685630455020\" class=\"rank-math-list-item\">\n<h3 class=\"rank-math-question \">\u00bfQu\u00e9 es la limpieza de cutis?<\/h3>\n<div class=\"rank-math-answer \">\n\n<p>La limpieza de cutis consiste en eliminar la suciedad, la grasa, las impurezas y el maquillaje de la superficie de la piel. Consiste en utilizar productos limpiadores, como limpiadores o lavados faciales, junto con agua u otras soluciones adecuadas, para limpiar la piel en profundidad.<\/p>\n\n<\/div>\n<\/div>\n<div id=\"faq-question-1685630456142\" class=\"rank-math-list-item\">\n<h3 class=\"rank-math-question \">\u00bfQu\u00e9 es el peeling qu\u00edmico?<\/h3>\n<div class=\"rank-math-answer \">\n\n<p>El peeling qu\u00edmico es un procedimiento cosm\u00e9tico que consiste en la aplicaci\u00f3n de una soluci\u00f3n qu\u00edmica sobre la piel, normalmente la cara, el cuello o las manos.<\/p>\n\n<\/div>\n<\/div>\n<div id=\"faq-question-1685630457891\" class=\"rank-math-list-item\">\n<h3 class=\"rank-math-question \">\u00bfQu\u00e9 son las mascarillas para la piel?<\/h3>\n<div class=\"rank-math-answer \">\n\n<p>Las mascarillas para la piel, tambi\u00e9n conocidas como mascarillas faciales o mascarillas para la cara, son productos t\u00f3picos para el cuidado de la piel que se aplican en el rostro para aportar diversos beneficios a la piel.<\/p>\n\n<\/div>\n<\/div>\n<div id=\"faq-question-1685630458997\" class=\"rank-math-list-item\">\n<h3 class=\"rank-math-question \">\u00bfQu\u00e9 es el masaje?<\/h3>\n<div class=\"rank-math-answer \">\n\n<p>El masaje es una pr\u00e1ctica terap\u00e9utica. Consiste en manipular los tejidos blandos del cuerpo, incluidos m\u00fasculos, tendones, ligamentos y tejido conjuntivo, utilizando diversas t\u00e9cnicas como amasamiento, frotamiento y aplicaci\u00f3n de presi\u00f3n. Su objetivo es favorecer la relajaci\u00f3n, aliviar la tensi\u00f3n muscular, reducir el estr\u00e9s y mejorar la circulaci\u00f3n.<\/p>\n\n<\/div>\n<\/div>\n<div id=\"faq-question-1685630460130\" class=\"rank-math-list-item\">\n<h3 class=\"rank-math-question \">\u00bfQu\u00e9 es la parafinoterapia?<\/h3>\n<div class=\"rank-math-answer \">\n\n<p>La parafinoterapia es una t\u00e9cnica terap\u00e9utica utilizada en el campo de la cosmetolog\u00eda y el cuidado de la piel. Consiste en la aplicaci\u00f3n de parafina caliente en las manos, los pies u otras partes del cuerpo.<\/p>\n\n<\/div>\n<\/div>\n<div id=\"faq-question-1685630493539\" class=\"rank-math-list-item\">\n<h3 class=\"rank-math-question \">\u00bfQu\u00e9 es la envoltura o talasoterapia?<\/h3>\n<div class=\"rank-math-answer \">\n\n<p>La envoltura es un tratamiento de spa en el que se aplican al cuerpo sustancias como arcilla o algas y se envuelve para inducir la relajaci\u00f3n y favorecer potencialmente la desintoxicaci\u00f3n. La talasoterapia utiliza espec\u00edficamente agua de mar y sustancias de origen marino para obtener beneficios terap\u00e9uticos.<\/p>\n\n<\/div>\n<\/div>\n<\/div>\n<\/div>\n<h2 class=\"wp-block-heading\" id=\"history\">Historia<\/h2>\n\n<h3 class=\"wp-block-heading\" id=\"breast-surgeries-have-been-documented-for-centuries-although-mostly-on-men\">La cosmetolog\u00eda cl\u00e1sica tiene una larga historia que se remonta a civilizaciones antiguas como Egipto, Mesopotamia, Grecia y Roma.<\/h3>\n\n<p>Ha evolucionado con el tiempo, experimentando importantes desarrollos durante la \u00e9poca del Renacimiento y los siglos XIX y XX. Con el auge de los salones de belleza y spas, el campo de la cosmetolog\u00eda se hizo m\u00e1s accesible al p\u00fablico. En la era moderna, la cosmetolog\u00eda cl\u00e1sica se ha convertido en una profesi\u00f3n reconocida con formaci\u00f3n y certificaciones estandarizadas. En la actualidad, abarca diversos servicios, como el cuidado de la piel, el cabello, las u\u00f1as y el maquillaje art\u00edstico, adapt\u00e1ndose a los constantes cambios de la industria de la belleza y satisfaciendo los deseos de las personas que desean mejorar su aspecto.<\/p>\n","protected":false},"excerpt":{"rendered":"<p>La cosmetolog\u00eda cl\u00e1sica es un m\u00e9todo de cuidado de la piel facial y corporal. Se ha consolidado desde hace tiempo [&hellip;]<\/p>\n","protected":false},"author":4,"featured_media":93381,"parent":0,"menu_order":0,"comment_status":"closed","ping_status":"closed","template":"","meta":{"site-sidebar-layout":"default","site-content-layout":"","ast-site-content-layout":"default","site-content-style":"default","site-sidebar-style":"default","ast-global-header-display":"","ast-banner-title-visibility":"","ast-main-header-display":"","ast-hfb-above-header-display":"","ast-hfb-below-header-display":"","ast-hfb-mobile-header-display":"","site-post-title":"","ast-breadcrumbs-content":"","ast-featured-img":"","footer-sml-layout":"","ast-disable-related-posts":"","theme-transparent-header-meta":"","adv-header-id-meta":"","stick-header-meta":"","header-above-stick-meta":"","header-main-stick-meta":"","header-below-stick-meta":"","astra-migrate-meta-layouts":"default","ast-page-background-enabled":"default","ast-page-background-meta":{"desktop":{"background-color":"var(--ast-global-color-4)","background-image":"","background-repeat":"repeat","background-position":"center center","background-size":"auto","background-attachment":"scroll","background-type":"","background-media":"","overlay-type":"","overlay-color":"","overlay-opacity":"","overlay-gradient":""},"tablet":{"background-color":"","background-image":"","background-repeat":"repeat","background-position":"center center","background-size":"auto","background-attachment":"scroll","background-type":"","background-media":"","overlay-type":"","overlay-color":"","overlay-opacity":"","overlay-gradient":""},"mobile":{"background-color":"","background-image":"","background-repeat":"repeat","background-position":"center center","background-size":"auto","background-attachment":"scroll","background-type":"","background-media":"","overlay-type":"","overlay-color":"","overlay-opacity":"","overlay-gradient":""}},"ast-content-background-meta":{"desktop":{"background-color":"var(--ast-global-color-5)","background-image":"","background-repeat":"repeat","background-position":"center center","background-size":"auto","background-attachment":"scroll","background-type":"","background-media":"","overlay-type":"","overlay-color":"","overlay-opacity":"","overlay-gradient":""},"tablet":{"background-color":"var(--ast-global-color-5)","background-image":"","background-repeat":"repeat","background-position":"center center","background-size":"auto","background-attachment":"scroll","background-type":"","background-media":"","overlay-type":"","overlay-color":"","overlay-opacity":"","overlay-gradient":""},"mobile":{"background-color":"var(--ast-global-color-5)","background-image":"","background-repeat":"repeat","background-position":"center center","background-size":"auto","background-attachment":"scroll","background-type":"","background-media":"","overlay-type":"","overlay-color":"","overlay-opacity":"","overlay-gradient":""}},"footnotes":""},"class_list":["post-147920","page","type-page","status-publish","has-post-thumbnail","hentry"],"_links":{"self":[{"href":"https:\/\/medclinics.com\/es\/wp-json\/wp\/v2\/pages\/147920","targetHints":{"allow":["GET"]}}],"collection":[{"href":"https:\/\/medclinics.com\/es\/wp-json\/wp\/v2\/pages"}],"about":[{"href":"https:\/\/medclinics.com\/es\/wp-json\/wp\/v2\/types\/page"}],"author":[{"embeddable":true,"href":"https:\/\/medclinics.com\/es\/wp-json\/wp\/v2\/users\/4"}],"replies":[{"embeddable":true,"href":"https:\/\/medclinics.com\/es\/wp-json\/wp\/v2\/comments?post=147920"}],"version-history":[{"count":0,"href":"https:\/\/medclinics.com\/es\/wp-json\/wp\/v2\/pages\/147920\/revisions"}],"wp:featuredmedia":[{"embeddable":true,"href":"https:\/\/medclinics.com\/es\/wp-json\/wp\/v2\/media\/93381"}],"wp:attachment":[{"href":"https:\/\/medclinics.com\/es\/wp-json\/wp\/v2\/media?parent=147920"}],"curies":[{"name":"wp","href":"https:\/\/api.w.org\/{rel}","templated":true}]}}