{"id":147918,"date":"2023-06-02T07:18:28","date_gmt":"2023-06-02T04:18:28","guid":{"rendered":"https:\/\/medclinics.com\/peeling-quimico\/"},"modified":"2024-04-14T23:04:57","modified_gmt":"2024-04-14T20:04:57","slug":"peeling-quimico","status":"publish","type":"page","link":"https:\/\/medclinics.com\/es\/peeling-quimico\/","title":{"rendered":"Peeling qu\u00edmico"},"content":{"rendered":"\n<h2 class=\"wp-block-heading\">Si est\u00e1 buscando una forma de renovar las c\u00e9lulas de su piel y conseguir un color bonito y un aspecto suave y cuidado, el Peeling Qu\u00edmico puede ser la mejor soluci\u00f3n.<\/h2>\n\n<p>El peeling qu\u00edmico es una oportunidad para refrescar y limpiar el rostro, igualar el relieve, eliminar las arrugas finas en pocos procedimientos. Tras las sesiones, las c\u00e9lulas de la piel se renovar\u00e1n por completo,  <\/p>\n\n<h3 class=\"wp-block-heading\"><strong>Todos los peelings qu\u00edmicos pueden dividirse en 3 tipos:<\/strong><\/h3>\n\n<ul class=\"wp-block-list\">\n<li>Peeling qu\u00edmico superficial: s\u00f3lo afecta a la epidermis (capa superior de la piel);<\/li>\n\n\n\n<li>peeling qu\u00edmico medio &#8211; impacto sobre la epidermis y la dermis (capas superficiales);<\/li>\n\n\n\n<li>Peeling qu\u00edmico profundo: incide en las capas inferiores de la piel.<\/li>\n<\/ul>\n\n<h3 class=\"wp-block-heading\">Tipos de <a href=\"https:\/\/medclinics.com\/es\/dermatologia-en-estambul-turquia-los-mejores-dermatologos-precios-y-clinicas\/\" data-type=\"post\" data-id=\"146967\">peelings<\/a> qu\u00edmicos:<\/h3>\n\n<figure class=\"wp-block-image size-full\"><img fetchpriority=\"high\" decoding=\"async\" width=\"780\" height=\"488\" src=\"https:\/\/medclinics.com\/wp-content\/uploads\/2024\/04\/chemical-peeling-beauty-salon-near-me.jpg\" alt=\"chemical-peeling-beauty-salon-near-me\" class=\"wp-image-161745\" srcset=\"https:\/\/medclinics.com\/wp-content\/uploads\/2024\/04\/chemical-peeling-beauty-salon-near-me.jpg 780w, https:\/\/medclinics.com\/wp-content\/uploads\/2024\/04\/chemical-peeling-beauty-salon-near-me-300x188.jpg 300w, https:\/\/medclinics.com\/wp-content\/uploads\/2024\/04\/chemical-peeling-beauty-salon-near-me-768x480.jpg 768w\" sizes=\"(max-width: 780px) 100vw, 780px\" \/><\/figure>\n\n<ul class=\"wp-block-list\">\n<li><strong>Peeling qu\u00edmico a base de \u00e1cido glic\u00f3lico (\u00e1cido frutal)<\/strong><br\/>Es el tipo m\u00e1s com\u00fan de exfoliaci\u00f3n superficial (s\u00f3lo afecta a la capa superior de la piel). El \u00e1cido glic\u00f3lico se utiliza ampliamente para resolver problemas como: arrugas finas, poros dilatados, hiperpigmentaci\u00f3n, post-acn\u00e9, aumento de las gl\u00e1ndulas seb\u00e1ceas.<br\/>Penetra f\u00e1cilmente en la piel, donde afecta al estado fisiol\u00f3gico de la epidermis. La piel comienza a renovarse activamente, se hidrata y se vuelve el\u00e1stica.<br\/>Gracias a ello, se recupera un cutis hermoso, desaparece todo el nerviosismo, las arrugas finas y el acn\u00e9. Debido a su efecto superficial, el peeling glic\u00f3lico requiere un periodo m\u00ednimo de rehabilitaci\u00f3n.<\/li>\n\n\n\n<li><strong>Peeling amarillo retinoico<\/strong><br\/>Es uno de los peelings medios m\u00e1s populares. El peeling se basa en \u00e1cido retinoico, que tiene un color amarillo. El procedimiento puede realizarse en distintos tipos de piel, y se recomienda en los primeros signos de envejecimiento, hiperpigmentaci\u00f3n y superficie cut\u00e1nea irregular (cicatrices).<br\/>El \u00e1cido retinoico es un \u00e1cido liposoluble, un antioxidante. Al penetrar en la piel, afecta a la epidermis, regulando los procesos de queratinizaci\u00f3n y pigmentaci\u00f3n.<br\/>Restaura la matriz intercelular, que se destruye gradualmente con la edad (y, como consecuencia, aparecen las arrugas). Una de las caracter\u00edsticas del \u00e1cido retinoico es que reduce significativamente el nivel de secreci\u00f3n de sebo.<br\/>Como resultado del procedimiento, mejora la circulaci\u00f3n sangu\u00ednea y linf\u00e1tica en la epidermis, la piel se limpia, se restaura y adquiere un aspecto sano y cuidado.<\/li>\n\n\n\n<li><strong>Pelado de la leche<\/strong><br\/>Este peeling act\u00faa sobre las capas superficiales de la piel. Se basa en el \u00e1cido l\u00e1ctico, que mejora la microcirculaci\u00f3n sangu\u00ednea, proporciona renovaci\u00f3n celular, engrosa e hidrata la piel. La exfoliaci\u00f3n con leche es menos traum\u00e1tica y no tiene efectos secundarios. La exfoliaci\u00f3n con leche est\u00e1 indicada incluso para pieles sensibles.<br\/>La piel se alisa, adquiere un aspecto sano y jugoso, recupera su tono y elasticidad. Los antioxidantes incluidos en la composici\u00f3n tienen un efecto antiinflamatorio, por lo que el procedimiento es eficaz para el tratamiento del acn\u00e9.<\/li>\n\n\n\n<li><strong>Peeling para el acn\u00e9<\/strong><br\/>Se trata de un tratamiento profesional en la consulta del especialista mediante el pack Acn\u00e9, con posterior mantenimiento de los resultados en casa.<br\/>Un enfoque amplio que abarque los diversos factores que causan el acn\u00e9 puede controlar y mitigar con \u00e9xito los efectos de la piel propensa al acn\u00e9: limpieza de los canales foliculares, reducci\u00f3n de la producci\u00f3n de sebo, control del crecimiento bacteriano, reducci\u00f3n de la inflamaci\u00f3n, reducci\u00f3n de la hiperpigmentaci\u00f3n post-acn\u00e9.<br\/>Si, despu\u00e9s de los procedimientos, el acn\u00e9 aparece una y otra vez, lo m\u00e1s probable es que la raz\u00f3n resida en el funcionamiento incorrecto del organismo. Entonces debe ponerse en contacto con un terapeuta, un ginec\u00f3logo o un endocrin\u00f3logo. En algunos casos, un tratamiento con antibi\u00f3ticos o terapia hormonal ayuda.<\/li>\n\n\n\n<li><strong>Peeling Cosmelan<\/strong><br\/>El programa de despigmentaci\u00f3n Cosmelan es un programa de blanqueamiento profesional dise\u00f1ado para eliminar las manchas pigmentarias de origen mel\u00e1nico del rostro, cuello, escote y manos. El programa proporciona un resultado duradero y perceptible: la eliminaci\u00f3n de las manchas de la edad junto con un efecto rejuvenecedor, unificando la tez y mejorando la calidad de la piel.<br\/>Gracias a la estimulaci\u00f3n de la regeneraci\u00f3n celular y la circulaci\u00f3n capilar, la piel se vuelve m\u00e1s suave, tersa y radiante, y mejora la tez natural. Despu\u00e9s de un par de semanas, notar\u00e1 mejoras en el estado de la piel: las manchas de la edad se aclarar\u00e1n, la piel quedar\u00e1 radiante y con un color uniforme.<\/li>\n<\/ul>\n\n<h3 class=\"wp-block-heading\">Todo lo que necesita saber sobre la <a href=\"https:\/\/medclinics.com\/es\/cosmetologia-clasica\/\" target=\"_blank\" rel=\"noreferrer noopener\">cosmetolog\u00eda cl\u00e1sica<\/a>, incluido el precio, el postratamiento y el proceso de curaci\u00f3n, \u00a1o <a href=\"#requestform\">p\u00f3ngase en contacto con nosotros<\/a>!<\/h3>\n\n<h2 class=\"wp-block-heading\">PREGUNTAS FRECUENTES  <\/h2>\n<div id=\"rank-math-faq\" class=\"rank-math-block\">\n<div class=\"rank-math-list \">\n<div id=\"faq-question-1685689865914\" class=\"rank-math-list-item\">\n<h3 class=\"rank-math-question \">\u00bfQu\u00e9 es el peeling qu\u00edmico?<\/h3>\n<div class=\"rank-math-answer \">\n\n<p>El peeling qu\u00edmico es un procedimiento que utiliza una soluci\u00f3n qu\u00edmica para exfoliar y rejuvenecer la piel, abordando diversos problemas cut\u00e1neos.<\/p>\n\n<\/div>\n<\/div>\n<div id=\"faq-question-1685689958437\" class=\"rank-math-list-item\">\n<h3 class=\"rank-math-question \">\u00bfQu\u00e9 es m\u00e1s eficaz, la micropunci\u00f3n o el peeling qu\u00edmico?<\/h3>\n<div class=\"rank-math-answer \">\n\n<p>El microneedling estimula la producci\u00f3n de col\u00e1geno y trata determinadas cicatrices. Los peelings qu\u00edmicos se centran en los problemas cut\u00e1neos superficiales y favorecen la renovaci\u00f3n de la piel, por lo que la elecci\u00f3n entre uno u otro depender\u00e1 de las necesidades y objetivos espec\u00edficos.<\/p>\n\n<\/div>\n<\/div>\n<div id=\"faq-question-1685689961439\" class=\"rank-math-list-item\">\n<h3 class=\"rank-math-question \">\u00bfEs mejor el microneedling o el peeling qu\u00edmico para las cicatrices?<\/h3>\n<div class=\"rank-math-answer \">\n\n<p>Tanto el microneedling como los peelings qu\u00edmicos pueden ser eficaces para tratar determinados tipos de cicatrices.<\/p>\n\n<\/div>\n<\/div>\n<\/div>\n<\/div>\n<p><\/p>\n\n<h3 class=\"wp-block-heading\">P\u00f3ngase en contacto con nosotros si tiene alguna pregunta.<\/h3>\n","protected":false},"excerpt":{"rendered":"<p>Si est\u00e1 buscando una forma de renovar las c\u00e9lulas de su piel y conseguir un color bonito y un aspecto [&hellip;]<\/p>\n","protected":false},"author":4,"featured_media":161750,"parent":0,"menu_order":0,"comment_status":"closed","ping_status":"closed","template":"","meta":{"site-sidebar-layout":"default","site-content-layout":"","ast-site-content-layout":"default","site-content-style":"default","site-sidebar-style":"default","ast-global-header-display":"","ast-banner-title-visibility":"","ast-main-header-display":"","ast-hfb-above-header-display":"","ast-hfb-below-header-display":"","ast-hfb-mobile-header-display":"","site-post-title":"","ast-breadcrumbs-content":"","ast-featured-img":"","footer-sml-layout":"","ast-disable-related-posts":"","theme-transparent-header-meta":"","adv-header-id-meta":"","stick-header-meta":"","header-above-stick-meta":"","header-main-stick-meta":"","header-below-stick-meta":"","astra-migrate-meta-layouts":"default","ast-page-background-enabled":"default","ast-page-background-meta":{"desktop":{"background-color":"var(--ast-global-color-4)","background-image":"","background-repeat":"repeat","background-position":"center center","background-size":"auto","background-attachment":"scroll","background-type":"","background-media":"","overlay-type":"","overlay-color":"","overlay-opacity":"","overlay-gradient":""},"tablet":{"background-color":"","background-image":"","background-repeat":"repeat","background-position":"center center","background-size":"auto","background-attachment":"scroll","background-type":"","background-media":"","overlay-type":"","overlay-color":"","overlay-opacity":"","overlay-gradient":""},"mobile":{"background-color":"","background-image":"","background-repeat":"repeat","background-position":"center center","background-size":"auto","background-attachment":"scroll","background-type":"","background-media":"","overlay-type":"","overlay-color":"","overlay-opacity":"","overlay-gradient":""}},"ast-content-background-meta":{"desktop":{"background-color":"var(--ast-global-color-5)","background-image":"","background-repeat":"repeat","background-position":"center center","background-size":"auto","background-attachment":"scroll","background-type":"","background-media":"","overlay-type":"","overlay-color":"","overlay-opacity":"","overlay-gradient":""},"tablet":{"background-color":"var(--ast-global-color-5)","background-image":"","background-repeat":"repeat","background-position":"center center","background-size":"auto","background-attachment":"scroll","background-type":"","background-media":"","overlay-type":"","overlay-color":"","overlay-opacity":"","overlay-gradient":""},"mobile":{"background-color":"var(--ast-global-color-5)","background-image":"","background-repeat":"repeat","background-position":"center center","background-size":"auto","background-attachment":"scroll","background-type":"","background-media":"","overlay-type":"","overlay-color":"","overlay-opacity":"","overlay-gradient":""}},"footnotes":""},"class_list":["post-147918","page","type-page","status-publish","has-post-thumbnail","hentry"],"_links":{"self":[{"href":"https:\/\/medclinics.com\/es\/wp-json\/wp\/v2\/pages\/147918","targetHints":{"allow":["GET"]}}],"collection":[{"href":"https:\/\/medclinics.com\/es\/wp-json\/wp\/v2\/pages"}],"about":[{"href":"https:\/\/medclinics.com\/es\/wp-json\/wp\/v2\/types\/page"}],"author":[{"embeddable":true,"href":"https:\/\/medclinics.com\/es\/wp-json\/wp\/v2\/users\/4"}],"replies":[{"embeddable":true,"href":"https:\/\/medclinics.com\/es\/wp-json\/wp\/v2\/comments?post=147918"}],"version-history":[{"count":0,"href":"https:\/\/medclinics.com\/es\/wp-json\/wp\/v2\/pages\/147918\/revisions"}],"wp:featuredmedia":[{"embeddable":true,"href":"https:\/\/medclinics.com\/es\/wp-json\/wp\/v2\/media\/161750"}],"wp:attachment":[{"href":"https:\/\/medclinics.com\/es\/wp-json\/wp\/v2\/media?parent=147918"}],"curies":[{"name":"wp","href":"https:\/\/api.w.org\/{rel}","templated":true}]}}