{"id":147916,"date":"2023-06-02T06:57:48","date_gmt":"2023-06-02T03:57:48","guid":{"rendered":"https:\/\/medclinics.com\/limpieza-de-cutis\/"},"modified":"2024-04-14T23:04:57","modified_gmt":"2024-04-14T20:04:57","slug":"limpieza-de-cutis","status":"publish","type":"page","link":"https:\/\/medclinics.com\/es\/limpieza-de-cutis\/","title":{"rendered":"Limpieza de cutis"},"content":{"rendered":"\n<h2 class=\"wp-block-heading\">Si busca una forma de deshacerse de las impurezas, el acn\u00e9 y los puntos negros, la limpieza de cutis puede ser la mejor soluci\u00f3n.<\/h2>\n\n<p>Este procedimiento es para quienes desean tener siempre un aspecto cuidado y bello. Qui\u00e9n quiere tener un cutis sano y radiante.<\/p>\n\n<ul class=\"wp-block-list\">\n<li><strong>Limpieza facial mec\u00e1nica<\/strong><br\/>Este es el tipo m\u00e1s com\u00fan de limpieza facial. La cosmet\u00f3loga limpia primero la piel y abre los poros con ayuda de procedimientos especiales y cosm\u00e9ticos profesionales. A continuaci\u00f3n, elimina manualmente los comedones (\u00abpuntos negros\u00bb).<br\/>Si las formaciones (granos) son m\u00e1s complejas, el m\u00e9dico realiza peque\u00f1as punciones con una fina aguja m\u00e9dica para que los comedones \u00abcerrados\u00bb puedan salir sin da\u00f1ar la piel. No quedan rastros de dicha intervenci\u00f3n. La limpieza facial mec\u00e1nica es la forma m\u00e1s eficaz de eliminar todas las impurezas de la piel del rostro.<\/li>\n\n\n\n<li><strong>Limpieza facial ultras\u00f3nica<\/strong><br\/>Se trata de la limpieza de la piel mediante un aparato especial (\u00abexfoliante ultras\u00f3nico\u00bb). El aparato permite que las ondas ultras\u00f3nicas penetren profundamente en la piel y limpien la dermis de todo tipo de impurezas, sebo, comedones y c\u00e9lulas muertas. Se trata de un procedimiento totalmente indoloro que no deja marcas visibles. Despu\u00e9s de la sesi\u00f3n, la piel tendr\u00e1 un aspecto fresco, limpio y saludable.<\/li>\n\n\n\n<li><strong>Limpieza facial al vac\u00edo<\/strong><br\/>Este procedimiento se lleva a cabo mediante un dispositivo de terapia de vac\u00edo. Una boquilla especial (tubo de vac\u00edo) aspira todo el contenido de los poros previamente limpiados. La sesi\u00f3n es absolutamente indolora, puede realizarse en la piel con poros dilatados (con un grado medio de contaminaci\u00f3n).<br\/>Esta limpieza profunda mejora la circulaci\u00f3n sangu\u00ednea (gracias al masaje en vac\u00edo) y, en consecuencia, la tez. Si hay granos profundos o espinillas en la cara, se requerir\u00e1 adem\u00e1s una limpieza mec\u00e1nica.<\/li>\n\n\n\n<li><strong>Limpieza HydraFacial<\/strong><br\/>Se trata de un <a href=\"https:\/\/medclinics.com\/es\/mascaras-cutaneas\/\" target=\"_blank\" data-type=\"page\" data-id=\"146855\" rel=\"noreferrer noopener\">tratamiento de rejuvenecimiento cut\u00e1neo<\/a> integral, suave y no invasivo que ofrece resultados visibles y espectaculares. Incluye 3 etapas: limpieza, extracci\u00f3n (peeling) y detox (hidrataci\u00f3n profunda y saturaci\u00f3n con antioxidantes).<\/li>\n<\/ul>\n\n<figure class=\"wp-block-image size-full\"><img fetchpriority=\"high\" decoding=\"async\" width=\"780\" height=\"488\" src=\"https:\/\/medclinics.com\/wp-content\/uploads\/2024\/04\/skin-cleansing-beauty-salon-near-me.jpg\" alt=\"sal&#xF3;n de belleza-limpieza-de-la-piel-cerca-de-me\" class=\"wp-image-161760\" srcset=\"https:\/\/medclinics.com\/wp-content\/uploads\/2024\/04\/skin-cleansing-beauty-salon-near-me.jpg 780w, https:\/\/medclinics.com\/wp-content\/uploads\/2024\/04\/skin-cleansing-beauty-salon-near-me-300x188.jpg 300w, https:\/\/medclinics.com\/wp-content\/uploads\/2024\/04\/skin-cleansing-beauty-salon-near-me-768x480.jpg 768w\" sizes=\"(max-width: 780px) 100vw, 780px\" \/><\/figure>\n\n<h3 class=\"wp-block-heading\">Cuidados posteriores:<\/h3>\n\n<p>Despu\u00e9s de la limpieza mec\u00e1nica de la cara, no debe lavarse la cara durante al menos 12 horas, tampoco debe utilizar cosm\u00e9ticos ni maquillarse. Al cabo de 3 d\u00edas ser\u00e1 necesario limpiar la piel de la cara con una loci\u00f3n antis\u00e9ptica (antiinflamatoria). <\/p>\n\n<p>Tambi\u00e9n es necesario estar preparado para el hecho de que la restauraci\u00f3n de la piel de la cara despu\u00e9s de la limpieza (especialmente mec\u00e1nica) puede tomar alg\u00fan tiempo &#8211; de un d\u00eda a 2 &#8211; 3 d\u00edas. Lo principal es que el resultado merezca la pena.<\/p>\n\n<h3 class=\"wp-block-heading\">Todo sobre la <a href=\"https:\/\/medclinics.com\/es\/cosmetologia-clasica\/\" target=\"_blank\" rel=\"noreferrer noopener\">cosmetolog\u00eda cl\u00e1sica<\/a>, incluido el precio, los cuidados posteriores y mucho m\u00e1s, <a href=\"#requestform\">\u00a1contacta con nosotros<\/a>!<\/h3>\n\n<h2 class=\"wp-block-heading\">PREGUNTAS FRECUENTES  <\/h2>\n<div id=\"rank-math-faq\" class=\"rank-math-block\">\n<div class=\"rank-math-list \">\n<div id=\"faq-question-1685688043925\" class=\"rank-math-list-item\">\n<h3 class=\"rank-math-question \">\u00bfQu\u00e9 es la limpieza de cutis?<\/h3>\n<div class=\"rank-math-answer \">\n\n<p>La limpieza de cutis es el proceso de eliminar la suciedad, las impurezas y el exceso de grasa de la piel para favorecer un cutis sano y claro.<\/p>\n\n<\/div>\n<\/div>\n<div id=\"faq-question-1685688195746\" class=\"rank-math-list-item\">\n<h3 class=\"rank-math-question \">\u00bfPor qu\u00e9 es importante la limpieza de la piel?<\/h3>\n<div class=\"rank-math-answer \">\n\n<p>La limpieza de la piel es importante para prepararla para la absorci\u00f3n de los productos de cuidado de la piel. Les permite trabajar con mayor eficacia y ofrecer resultados \u00f3ptimos.<\/p>\n\n<\/div>\n<\/div>\n<div id=\"faq-question-1685688569958\" class=\"rank-math-list-item\">\n<h3 class=\"rank-math-question \">\u00bfCu\u00e1les son los tipos de limpieza de cutis?<\/h3>\n<div class=\"rank-math-answer \">\n\n<p>La limpieza facial mec\u00e1nica, la limpieza facial ultras\u00f3nica, la limpieza facial al vac\u00edo y la limpieza hidrafacial son tipos de limpieza de la piel.<\/p>\n\n<\/div>\n<\/div>\n<\/div>\n<\/div>\n<h3 class=\"wp-block-heading\">P\u00f3ngase en contacto con nosotros si tiene alguna pregunta.<\/h3>\n","protected":false},"excerpt":{"rendered":"<p>Si busca una forma de deshacerse de las impurezas, el acn\u00e9 y los puntos negros, la limpieza de cutis puede [&hellip;]<\/p>\n","protected":false},"author":4,"featured_media":161765,"parent":0,"menu_order":0,"comment_status":"closed","ping_status":"closed","template":"","meta":{"site-sidebar-layout":"default","site-content-layout":"","ast-site-content-layout":"default","site-content-style":"default","site-sidebar-style":"default","ast-global-header-display":"","ast-banner-title-visibility":"","ast-main-header-display":"","ast-hfb-above-header-display":"","ast-hfb-below-header-display":"","ast-hfb-mobile-header-display":"","site-post-title":"","ast-breadcrumbs-content":"","ast-featured-img":"","footer-sml-layout":"","ast-disable-related-posts":"","theme-transparent-header-meta":"","adv-header-id-meta":"","stick-header-meta":"","header-above-stick-meta":"","header-main-stick-meta":"","header-below-stick-meta":"","astra-migrate-meta-layouts":"default","ast-page-background-enabled":"default","ast-page-background-meta":{"desktop":{"background-color":"var(--ast-global-color-4)","background-image":"","background-repeat":"repeat","background-position":"center center","background-size":"auto","background-attachment":"scroll","background-type":"","background-media":"","overlay-type":"","overlay-color":"","overlay-opacity":"","overlay-gradient":""},"tablet":{"background-color":"","background-image":"","background-repeat":"repeat","background-position":"center center","background-size":"auto","background-attachment":"scroll","background-type":"","background-media":"","overlay-type":"","overlay-color":"","overlay-opacity":"","overlay-gradient":""},"mobile":{"background-color":"","background-image":"","background-repeat":"repeat","background-position":"center center","background-size":"auto","background-attachment":"scroll","background-type":"","background-media":"","overlay-type":"","overlay-color":"","overlay-opacity":"","overlay-gradient":""}},"ast-content-background-meta":{"desktop":{"background-color":"var(--ast-global-color-5)","background-image":"","background-repeat":"repeat","background-position":"center center","background-size":"auto","background-attachment":"scroll","background-type":"","background-media":"","overlay-type":"","overlay-color":"","overlay-opacity":"","overlay-gradient":""},"tablet":{"background-color":"var(--ast-global-color-5)","background-image":"","background-repeat":"repeat","background-position":"center center","background-size":"auto","background-attachment":"scroll","background-type":"","background-media":"","overlay-type":"","overlay-color":"","overlay-opacity":"","overlay-gradient":""},"mobile":{"background-color":"var(--ast-global-color-5)","background-image":"","background-repeat":"repeat","background-position":"center center","background-size":"auto","background-attachment":"scroll","background-type":"","background-media":"","overlay-type":"","overlay-color":"","overlay-opacity":"","overlay-gradient":""}},"footnotes":""},"class_list":["post-147916","page","type-page","status-publish","has-post-thumbnail","hentry"],"_links":{"self":[{"href":"https:\/\/medclinics.com\/es\/wp-json\/wp\/v2\/pages\/147916","targetHints":{"allow":["GET"]}}],"collection":[{"href":"https:\/\/medclinics.com\/es\/wp-json\/wp\/v2\/pages"}],"about":[{"href":"https:\/\/medclinics.com\/es\/wp-json\/wp\/v2\/types\/page"}],"author":[{"embeddable":true,"href":"https:\/\/medclinics.com\/es\/wp-json\/wp\/v2\/users\/4"}],"replies":[{"embeddable":true,"href":"https:\/\/medclinics.com\/es\/wp-json\/wp\/v2\/comments?post=147916"}],"version-history":[{"count":0,"href":"https:\/\/medclinics.com\/es\/wp-json\/wp\/v2\/pages\/147916\/revisions"}],"wp:featuredmedia":[{"embeddable":true,"href":"https:\/\/medclinics.com\/es\/wp-json\/wp\/v2\/media\/161765"}],"wp:attachment":[{"href":"https:\/\/medclinics.com\/es\/wp-json\/wp\/v2\/media?parent=147916"}],"curies":[{"name":"wp","href":"https:\/\/api.w.org\/{rel}","templated":true}]}}