{"id":147896,"date":"2023-06-02T12:39:26","date_gmt":"2023-06-02T09:39:26","guid":{"rendered":"https:\/\/medclinics.com\/hardware-electrico-cosmetologia\/"},"modified":"2024-04-14T23:03:34","modified_gmt":"2024-04-14T20:03:34","slug":"hardware-electrico-cosmetologia","status":"publish","type":"page","link":"https:\/\/medclinics.com\/es\/hardware-electrico-cosmetologia\/","title":{"rendered":"Hardware el\u00e9ctrico Cosmetolog\u00eda"},"content":{"rendered":"\n<h2 class=\"wp-block-heading\">La esteticista seleccionar\u00e1 la t\u00e9cnica de cosmetolog\u00eda el\u00e9ctrica adecuada para usted.<\/h2>\n\n<figure class=\"wp-block-image size-full\"><img fetchpriority=\"high\" decoding=\"async\" width=\"780\" height=\"488\" src=\"https:\/\/medclinics.com\/wp-content\/uploads\/2024\/04\/Radio-Frequency-Hardware-Cosmetology-therapy-hardware.jpg\" alt=\"\" class=\"wp-image-161413\" srcset=\"https:\/\/medclinics.com\/wp-content\/uploads\/2024\/04\/Radio-Frequency-Hardware-Cosmetology-therapy-hardware.jpg 780w, https:\/\/medclinics.com\/wp-content\/uploads\/2024\/04\/Radio-Frequency-Hardware-Cosmetology-therapy-hardware-300x188.jpg 300w, https:\/\/medclinics.com\/wp-content\/uploads\/2024\/04\/Radio-Frequency-Hardware-Cosmetology-therapy-hardware-768x480.jpg 768w\" sizes=\"(max-width: 780px) 100vw, 780px\" \/><\/figure>\n\n<ul class=\"wp-block-list\">\n<li><strong>Galvanoplastia facial<\/strong><br\/>Es un m\u00e9todo moderno de restauraci\u00f3n y <a href=\"https:\/\/en.wikipedia.org\/wiki\/Rejuvenation\" target=\"_blank\" rel=\"noreferrer noopener\">rejuvenecimiento de<\/a> la piel del rostro que utiliza las propiedades terap\u00e9uticas de corrientes el\u00e9ctricas d\u00e9biles. Activa los procesos metab\u00f3licos, normaliza la circulaci\u00f3n sangu\u00ednea y limpia a fondo la piel. Tras el primer tratamiento, la piel cicatriza y se vuelve m\u00e1s fresca y firme.<\/li>\n\n\n\n<li><strong>Mioestimulaci\u00f3n<\/strong><br\/>Es el procedimiento de tratar los m\u00fasculos con una corriente el\u00e9ctrica de baja potencia para fortalecerlos. El tratamiento se realiza con equipos especiales. El tratamiento de Mioestimulaci\u00f3n se utiliza en: remodelaci\u00f3n corporal, p\u00e9rdida de peso, recuperaci\u00f3n del tono muscular, postoperatorio, correcci\u00f3n de la flacidez facial, arrugas y ojeras.<\/li>\n\n\n\n<li><strong>Electroporaci\u00f3n<\/strong><br\/>Es un m\u00e9todo no invasivo de cuidado de la piel que utiliza corriente el\u00e9ctrica para abrir microporos y permitir que los cosm\u00e9ticos terap\u00e9uticos penetren profundamente en la epidermis. Tras la electroporaci\u00f3n, la piel se aclara y el cutis se alisa, las arrugas, cicatrices y manchas desaparecen. La electroporaci\u00f3n tambi\u00e9n se utiliza para la recuperaci\u00f3n r\u00e1pida de la piel despu\u00e9s de tratamientos con l\u00e1ser y peelings.<\/li>\n\n\n\n<li><strong>Terapia microcorriente<\/strong><br\/>Es un procedimiento de rejuvenecimiento cut\u00e1neo que utiliza corrientes de baja frecuencia y bajo pulso. La suave acci\u00f3n de las microcorrientes sobre la piel estimula la s\u00edntesis de prote\u00ednas, mejora el metabolismo celular y restaura los m\u00fasculos faciales. El procedimiento es c\u00f3modo e indoloro, ya que no afecta a la integridad de la piel.<\/li>\n<\/ul>\n\n<p>La microcorriente tiene un efecto complejo sobre la piel, los m\u00fasculos, los vasos sangu\u00edneos y los vasos linf\u00e1ticos, lo que permite no s\u00f3lo \u00abenmascarar\u00bb los cambios relacionados con la edad, sino tambi\u00e9n rejuvenecer la piel a nivel celular. Durante el tratamiento con microcorrientes, las c\u00e9lulas reciben ox\u00edgeno y nutrientes y se mejora el metabolismo. Adem\u00e1s, el col\u00e1geno natural y la elastina se producen intensamente en la piel, aumentando su firmeza y reduciendo las arrugas.<\/p>\n\n<figure class=\"wp-block-image size-full\"><img decoding=\"async\" width=\"780\" height=\"488\" src=\"https:\/\/medclinics.com\/wp-content\/uploads\/2024\/04\/Electrical-Hardware-Cosmetology-Example.jpg\" alt=\"Hardware El&#xE9;ctrico Cosmetolog&#xED;a Ejemplo\" class=\"wp-image-161428\" srcset=\"https:\/\/medclinics.com\/wp-content\/uploads\/2024\/04\/Electrical-Hardware-Cosmetology-Example.jpg 780w, https:\/\/medclinics.com\/wp-content\/uploads\/2024\/04\/Electrical-Hardware-Cosmetology-Example-300x188.jpg 300w, https:\/\/medclinics.com\/wp-content\/uploads\/2024\/04\/Electrical-Hardware-Cosmetology-Example-768x480.jpg 768w\" sizes=\"(max-width: 780px) 100vw, 780px\" \/><\/figure>\n\n<h3 class=\"wp-block-heading\">Todo lo que necesita saber sobre la <a href=\"https:\/\/medclinics.com\/es\/ferreteria-cosmetologia\/\" target=\"_blank\" rel=\"noreferrer noopener\">cosmetolog\u00eda ferretera<\/a>, \u00a1o p\u00f3ngase <a href=\"#requestform\">en contacto con nosotros<\/a> ahora!<\/h3>\n\n<h3 class=\"wp-block-heading\">PREGUNTAS FRECUENTES<\/h3>\n<div id=\"rank-math-faq\" class=\"rank-math-block\">\n<div class=\"rank-math-list \">\n<div id=\"faq-question-1685708971726\" class=\"rank-math-list-item\">\n<h3 class=\"rank-math-question \">\u00bfQu\u00e9 es la t\u00e9cnica de cosmetolog\u00eda de hardware el\u00e9ctrico?<\/h3>\n<div class=\"rank-math-answer \">\n\n<p>Las t\u00e9cnicas cosmetol\u00f3gicas de hardware el\u00e9ctrico implican el uso de dispositivos y equipos el\u00e9ctricos especializados para lograr objetivos est\u00e9ticos espec\u00edficos.<\/p>\n\n<\/div>\n<\/div>\n<div id=\"faq-question-1685709057740\" class=\"rank-math-list-item\">\n<h3 class=\"rank-math-question \">\u00bfQu\u00e9 son las t\u00e9cnicas de cosmetolog\u00eda de hardware el\u00e9ctrico?<\/h3>\n<div class=\"rank-math-answer \">\n\n<p>La galvanoplastia facial, la Mioestimulaci\u00f3n, la Electroporaci\u00f3n y la Terapia de Microcorriente son t\u00e9cnicas el\u00e9ctricas para la cosmetolog\u00eda por hardware.<\/p>\n\n<\/div>\n<\/div>\n<\/div>\n<\/div>\n<p><\/p>\n\n<h3 class=\"wp-block-heading\">P\u00f3ngase en contacto con nosotros si tiene alguna pregunta.<\/h3>\n","protected":false},"excerpt":{"rendered":"<p>La esteticista seleccionar\u00e1 la t\u00e9cnica de cosmetolog\u00eda el\u00e9ctrica adecuada para usted. La microcorriente tiene un efecto complejo sobre la piel, [&hellip;]<\/p>\n","protected":false},"author":4,"featured_media":161441,"parent":0,"menu_order":0,"comment_status":"closed","ping_status":"closed","template":"","meta":{"site-sidebar-layout":"default","site-content-layout":"","ast-site-content-layout":"default","site-content-style":"default","site-sidebar-style":"default","ast-global-header-display":"","ast-banner-title-visibility":"","ast-main-header-display":"","ast-hfb-above-header-display":"","ast-hfb-below-header-display":"","ast-hfb-mobile-header-display":"","site-post-title":"","ast-breadcrumbs-content":"","ast-featured-img":"","footer-sml-layout":"","ast-disable-related-posts":"","theme-transparent-header-meta":"","adv-header-id-meta":"","stick-header-meta":"","header-above-stick-meta":"","header-main-stick-meta":"","header-below-stick-meta":"","astra-migrate-meta-layouts":"default","ast-page-background-enabled":"default","ast-page-background-meta":{"desktop":{"background-color":"var(--ast-global-color-4)","background-image":"","background-repeat":"repeat","background-position":"center center","background-size":"auto","background-attachment":"scroll","background-type":"","background-media":"","overlay-type":"","overlay-color":"","overlay-opacity":"","overlay-gradient":""},"tablet":{"background-color":"","background-image":"","background-repeat":"repeat","background-position":"center center","background-size":"auto","background-attachment":"scroll","background-type":"","background-media":"","overlay-type":"","overlay-color":"","overlay-opacity":"","overlay-gradient":""},"mobile":{"background-color":"","background-image":"","background-repeat":"repeat","background-position":"center center","background-size":"auto","background-attachment":"scroll","background-type":"","background-media":"","overlay-type":"","overlay-color":"","overlay-opacity":"","overlay-gradient":""}},"ast-content-background-meta":{"desktop":{"background-color":"var(--ast-global-color-5)","background-image":"","background-repeat":"repeat","background-position":"center center","background-size":"auto","background-attachment":"scroll","background-type":"","background-media":"","overlay-type":"","overlay-color":"","overlay-opacity":"","overlay-gradient":""},"tablet":{"background-color":"var(--ast-global-color-5)","background-image":"","background-repeat":"repeat","background-position":"center center","background-size":"auto","background-attachment":"scroll","background-type":"","background-media":"","overlay-type":"","overlay-color":"","overlay-opacity":"","overlay-gradient":""},"mobile":{"background-color":"var(--ast-global-color-5)","background-image":"","background-repeat":"repeat","background-position":"center center","background-size":"auto","background-attachment":"scroll","background-type":"","background-media":"","overlay-type":"","overlay-color":"","overlay-opacity":"","overlay-gradient":""}},"footnotes":""},"class_list":["post-147896","page","type-page","status-publish","has-post-thumbnail","hentry"],"_links":{"self":[{"href":"https:\/\/medclinics.com\/es\/wp-json\/wp\/v2\/pages\/147896","targetHints":{"allow":["GET"]}}],"collection":[{"href":"https:\/\/medclinics.com\/es\/wp-json\/wp\/v2\/pages"}],"about":[{"href":"https:\/\/medclinics.com\/es\/wp-json\/wp\/v2\/types\/page"}],"author":[{"embeddable":true,"href":"https:\/\/medclinics.com\/es\/wp-json\/wp\/v2\/users\/4"}],"replies":[{"embeddable":true,"href":"https:\/\/medclinics.com\/es\/wp-json\/wp\/v2\/comments?post=147896"}],"version-history":[{"count":0,"href":"https:\/\/medclinics.com\/es\/wp-json\/wp\/v2\/pages\/147896\/revisions"}],"wp:featuredmedia":[{"embeddable":true,"href":"https:\/\/medclinics.com\/es\/wp-json\/wp\/v2\/media\/161441"}],"wp:attachment":[{"href":"https:\/\/medclinics.com\/es\/wp-json\/wp\/v2\/media?parent=147896"}],"curies":[{"name":"wp","href":"https:\/\/api.w.org\/{rel}","templated":true}]}}