{"id":147890,"date":"2023-06-02T07:38:09","date_gmt":"2023-06-02T04:38:09","guid":{"rendered":"https:\/\/medclinics.com\/mascaras-cutaneas\/"},"modified":"2024-04-14T23:03:35","modified_gmt":"2024-04-14T20:03:35","slug":"mascaras-cutaneas","status":"publish","type":"page","link":"https:\/\/medclinics.com\/es\/mascaras-cutaneas\/","title":{"rendered":"M\u00e1scaras cut\u00e1neas"},"content":{"rendered":"\n<h2 class=\"wp-block-heading\">Si busca una piel brillante y sin imperfecciones, las mascarillas para la piel pueden ofrecerle una soluci\u00f3n ideal para realzar el brillo natural de su rostro.<\/h2>\n\n<p>Las mascarillas son el procedimiento m\u00e1s habitual para el cuidado de la piel del rostro. En combinaci\u00f3n con otros procedimientos, el uso de cosm\u00e9ticos profesionales multiplica varias veces los resultados del procedimiento.<\/p>\n\n<p>Un procedimiento agradable con el uso de preparados perfumados har\u00e1 que su piel literalmente \u00abflorezca\u00bb. Todo el secreto est\u00e1 en la t\u00e9cnica correcta de aplicaci\u00f3n de los cosm\u00e9ticos y en la selecci\u00f3n individual y correcta de los medicamentos.<\/p>\n\n<p>Existe un gran n\u00famero de mascarillas cosm\u00e9ticas:<\/p>\n\n<ul class=\"wp-block-list\">\n<li>mascarilla limpiadora;<\/li>\n\n\n\n<li>mascarilla hidratante;<\/li>\n\n\n\n<li>mascarilla nutritiva;<\/li>\n\n\n\n<li>mascarilla blanqueadora;<\/li>\n\n\n\n<li>m\u00e1scara de vitaminas;<\/li>\n\n\n\n<li>m\u00e1scara de elevaci\u00f3n;<\/li>\n\n\n\n<li>mascarilla de col\u00e1geno;<\/li>\n\n\n\n<li>m\u00e1scaras oculares;<\/li>\n\n\n\n<li>cuidado intensivo de la piel con sueros en ampollas.<\/li>\n<\/ul>\n\n<figure class=\"wp-block-image size-full\"><img fetchpriority=\"high\" decoding=\"async\" width=\"780\" height=\"488\" src=\"https:\/\/medclinics.com\/wp-content\/uploads\/2024\/04\/skin-masks-baeuty-salon-near-me.jpg\" alt=\"m&#xE1;scaras-para-la-piel-sal&#xF3;n-de belleza-cerca-de-m&#xED;\" class=\"wp-image-161689\" srcset=\"https:\/\/medclinics.com\/wp-content\/uploads\/2024\/04\/skin-masks-baeuty-salon-near-me.jpg 780w, https:\/\/medclinics.com\/wp-content\/uploads\/2024\/04\/skin-masks-baeuty-salon-near-me-300x188.jpg 300w, https:\/\/medclinics.com\/wp-content\/uploads\/2024\/04\/skin-masks-baeuty-salon-near-me-768x480.jpg 768w\" sizes=\"(max-width: 780px) 100vw, 780px\" \/><\/figure>\n\n<h3 class=\"wp-block-heading\">Todo lo que necesitas saber sobre <a href=\"https:\/\/medclinics.com\/es\/cosmetologia-clasica\/\" target=\"_blank\" rel=\"noreferrer noopener\">cosmetolog\u00eda cl\u00e1sica<\/a>, incluido el precio y mucho m\u00e1s, <a href=\"#requestform\">\u00a1contacta con nosotros<\/a>!<\/h3>\n\n<h2 class=\"wp-block-heading\">PREGUNTAS FRECUENTES  <\/h2>\n<div id=\"rank-math-faq\" class=\"rank-math-block\">\n<div class=\"rank-math-list \">\n<div id=\"faq-question-1685691000832\" class=\"rank-math-list-item\">\n<h3 class=\"rank-math-question \">\u00bfSon eficaces las mascarillas para la piel?<\/h3>\n<div class=\"rank-math-answer \">\n\n<p>S\u00ed, las mascarillas para la piel pueden ser eficaces tanto para mujeres como para hombres. Aporta diversos beneficios a la piel, como hidrataci\u00f3n, nutrici\u00f3n y limpieza profunda.<\/p>\n\n<\/div>\n<\/div>\n<div id=\"faq-question-1685691003578\" class=\"rank-math-list-item\">\n<h3 class=\"rank-math-question \">\u00bfCon qu\u00e9 frecuencia se debe utilizar una mascarilla facial?<\/h3>\n<div class=\"rank-math-answer \">\n\n<p>En general, de 1 a 3 veces por semana puede ser eficaz para mantener una piel sana y fresca.<\/p>\n\n<\/div>\n<\/div>\n<div id=\"faq-question-1685691004410\" class=\"rank-math-list-item\">\n<h3 class=\"rank-math-question \">\u00bfCu\u00e1les son los beneficios de las mascarillas para la piel?<\/h3>\n<div class=\"rank-math-answer \">\n\n<p>Limpian, hidratan y nutren la piel en profundidad. Tambi\u00e9n ofrece exfoliaci\u00f3n y tratamiento espec\u00edfico para diversos problemas de la piel. Adem\u00e1s, utilizar una mascarilla facial puede ser una pr\u00e1ctica de autocuidado relajante y agradable.  <\/p>\n\n<\/div>\n<\/div>\n<\/div>\n<\/div>\n<p><\/p>\n\n<h3 class=\"wp-block-heading\">P\u00f3ngase en contacto con nosotros si tiene alguna pregunta.<\/h3>\n","protected":false},"excerpt":{"rendered":"<p>Si busca una piel brillante y sin imperfecciones, las mascarillas para la piel pueden ofrecerle una soluci\u00f3n ideal para realzar [&hellip;]<\/p>\n","protected":false},"author":4,"featured_media":161694,"parent":0,"menu_order":0,"comment_status":"closed","ping_status":"closed","template":"","meta":{"site-sidebar-layout":"default","site-content-layout":"","ast-site-content-layout":"default","site-content-style":"default","site-sidebar-style":"default","ast-global-header-display":"","ast-banner-title-visibility":"","ast-main-header-display":"","ast-hfb-above-header-display":"","ast-hfb-below-header-display":"","ast-hfb-mobile-header-display":"","site-post-title":"","ast-breadcrumbs-content":"","ast-featured-img":"","footer-sml-layout":"","ast-disable-related-posts":"","theme-transparent-header-meta":"","adv-header-id-meta":"","stick-header-meta":"","header-above-stick-meta":"","header-main-stick-meta":"","header-below-stick-meta":"","astra-migrate-meta-layouts":"default","ast-page-background-enabled":"default","ast-page-background-meta":{"desktop":{"background-color":"var(--ast-global-color-4)","background-image":"","background-repeat":"repeat","background-position":"center center","background-size":"auto","background-attachment":"scroll","background-type":"","background-media":"","overlay-type":"","overlay-color":"","overlay-opacity":"","overlay-gradient":""},"tablet":{"background-color":"","background-image":"","background-repeat":"repeat","background-position":"center center","background-size":"auto","background-attachment":"scroll","background-type":"","background-media":"","overlay-type":"","overlay-color":"","overlay-opacity":"","overlay-gradient":""},"mobile":{"background-color":"","background-image":"","background-repeat":"repeat","background-position":"center center","background-size":"auto","background-attachment":"scroll","background-type":"","background-media":"","overlay-type":"","overlay-color":"","overlay-opacity":"","overlay-gradient":""}},"ast-content-background-meta":{"desktop":{"background-color":"var(--ast-global-color-5)","background-image":"","background-repeat":"repeat","background-position":"center center","background-size":"auto","background-attachment":"scroll","background-type":"","background-media":"","overlay-type":"","overlay-color":"","overlay-opacity":"","overlay-gradient":""},"tablet":{"background-color":"var(--ast-global-color-5)","background-image":"","background-repeat":"repeat","background-position":"center center","background-size":"auto","background-attachment":"scroll","background-type":"","background-media":"","overlay-type":"","overlay-color":"","overlay-opacity":"","overlay-gradient":""},"mobile":{"background-color":"var(--ast-global-color-5)","background-image":"","background-repeat":"repeat","background-position":"center center","background-size":"auto","background-attachment":"scroll","background-type":"","background-media":"","overlay-type":"","overlay-color":"","overlay-opacity":"","overlay-gradient":""}},"footnotes":""},"class_list":["post-147890","page","type-page","status-publish","has-post-thumbnail","hentry"],"_links":{"self":[{"href":"https:\/\/medclinics.com\/es\/wp-json\/wp\/v2\/pages\/147890","targetHints":{"allow":["GET"]}}],"collection":[{"href":"https:\/\/medclinics.com\/es\/wp-json\/wp\/v2\/pages"}],"about":[{"href":"https:\/\/medclinics.com\/es\/wp-json\/wp\/v2\/types\/page"}],"author":[{"embeddable":true,"href":"https:\/\/medclinics.com\/es\/wp-json\/wp\/v2\/users\/4"}],"replies":[{"embeddable":true,"href":"https:\/\/medclinics.com\/es\/wp-json\/wp\/v2\/comments?post=147890"}],"version-history":[{"count":0,"href":"https:\/\/medclinics.com\/es\/wp-json\/wp\/v2\/pages\/147890\/revisions"}],"wp:featuredmedia":[{"embeddable":true,"href":"https:\/\/medclinics.com\/es\/wp-json\/wp\/v2\/media\/161694"}],"wp:attachment":[{"href":"https:\/\/medclinics.com\/es\/wp-json\/wp\/v2\/media?parent=147890"}],"curies":[{"name":"wp","href":"https:\/\/api.w.org\/{rel}","templated":true}]}}