{"id":147888,"date":"2023-06-02T08:07:09","date_gmt":"2023-06-02T05:07:09","guid":{"rendered":"https:\/\/medclinics.com\/masaje\/"},"modified":"2024-04-14T23:04:56","modified_gmt":"2024-04-14T20:04:56","slug":"masaje","status":"publish","type":"page","link":"https:\/\/medclinics.com\/es\/masaje\/","title":{"rendered":"Masaje"},"content":{"rendered":"\n<h2 class=\"wp-block-heading\">Una de las mejores formas de lograr la relajaci\u00f3n es el masaje.<\/h2>\n\n<p>Se trata de un proceso incre\u00edblemente \u00fatil. Ayuda a mejorar la circulaci\u00f3n sangu\u00ednea en la piel y a normalizar el metabolismo. El <a href=\"https:\/\/medclinics.com\/es\/spa-termal\/\" target=\"_blank\" data-type=\"page\" data-id=\"146913\" rel=\"noreferrer noopener\">masaje<\/a> estimula la excreci\u00f3n de productos metab\u00f3licos, lo que significa que ayuda a la piel a respirar y mantener la frescura. Gracias a ella, los tejidos y los m\u00fasculos se fortalecen, la piel se vuelve tersa, joven y el\u00e1stica. Se estira y gana elasticidad.<\/p>\n\n<p>Puedes hacerte masajes faciales t\u00fa mismo, lo principal es tener en cuenta que la piel de la cara es muy sensible. Para lograr el efecto deseado y obtener un placer incomparable del procedimiento, es mejor recurrir a los servicios de un profesional.<\/p>\n\n<h3 class=\"wp-block-heading\">Hay muchos tipos diferentes:<\/h3>\n\n<ul class=\"wp-block-list\">\n<li><strong>Masaje cl\u00e1sico<\/strong><br\/>Es un procedimiento agradable basado en ligeras caricias y roces. Cuando la piel empieza a descolorarse, los m\u00fasculos pierden su tono, aparecen flacidez y arrugas alrededor de los ojos o la boca.<br\/>Para realizar uno cl\u00e1sico, el cosmet\u00f3logo utiliza productos profesionales que selecciona individualmente, teniendo en cuenta las caracter\u00edsticas de tu piel (tambi\u00e9n se puede utilizar un aceite especial para masajes).<\/li>\n\n\n\n<li><strong>Masaje pl\u00e1stico<\/strong><br\/>Movimientos r\u00edtmicos, al mismo tiempo bastante fuertes, pero precisos a lo largo de las l\u00edneas principales de masaje. Para su aplicaci\u00f3n, lo m\u00e1s frecuente es utilizar talco. Una caracter\u00edstica clave de este m\u00e9todo es una t\u00e9cnica especial para influir en la piel.<br\/>Tiene un amplio impacto en la grasa subcut\u00e1nea, los vasos sangu\u00edneos, los nervios. Mejora la circulaci\u00f3n sangu\u00ednea, el flujo linf\u00e1tico, limpia la piel y favorece la cicatrizaci\u00f3n. Si su piel se descolora, pierde su tono, aparecen pliegues m\u00edmicos, hinchaz\u00f3n, papada &#8211; le ayudar\u00e1 a deshacerse de estos problemas.<\/li>\n\n\n\n<li><strong>Criomasaje<\/strong><br\/>Se trata de uno de los procedimientos m\u00e1s populares de la cosmetolog\u00eda moderna. Se trata de la llamada crioterapia local, es decir, el tratamiento de diversas partes de la piel de la cara, el cuerpo o la cabeza con nitr\u00f3geno l\u00edquido.<br\/>Un breve efecto local, de no m\u00e1s de 30 segundos, de temperaturas ultrabajas sobre los receptores de fr\u00edo de la piel provoca una potente liberaci\u00f3n de endorfinas a nivel local y en el organismo, estimulando el sistema inmunitario general y la barrera inmunitaria local de la piel.<br\/>El efecto cosmetol\u00f3gico de la crioterapia local se debe al aumento del riego sangu\u00edneo (hiperemia posfr\u00edo), la estimulaci\u00f3n del metabolismo lip\u00eddico en los tejidos subcut\u00e1neos y la mejora de la saturaci\u00f3n de ox\u00edgeno.<\/li>\n<\/ul>\n\n<figure class=\"wp-block-image size-full\"><img fetchpriority=\"high\" decoding=\"async\" width=\"780\" height=\"488\" src=\"https:\/\/medclinics.com\/wp-content\/uploads\/2024\/04\/massage-beauty-salon-spa-retreat-near-me.jpg\" alt=\"masaje-sal&#xF3;n-de-belleza-spa-retiro-cerca-de-me\" class=\"wp-image-161706\" srcset=\"https:\/\/medclinics.com\/wp-content\/uploads\/2024\/04\/massage-beauty-salon-spa-retreat-near-me.jpg 780w, https:\/\/medclinics.com\/wp-content\/uploads\/2024\/04\/massage-beauty-salon-spa-retreat-near-me-300x188.jpg 300w, https:\/\/medclinics.com\/wp-content\/uploads\/2024\/04\/massage-beauty-salon-spa-retreat-near-me-768x480.jpg 768w\" sizes=\"(max-width: 780px) 100vw, 780px\" \/><\/figure>\n\n<h3 class=\"wp-block-heading\">Todo lo que necesitas saber sobre <a href=\"https:\/\/medclinics.com\/es\/cosmetologia-clasica\/\" target=\"_blank\" rel=\"noreferrer noopener\">cosmetolog\u00eda cl\u00e1sica<\/a>, incluido el precio y mucho m\u00e1s, <a href=\"#requestform\">\u00a1contacta con nosotros<\/a> ahora!<\/h3>\n\n<h2 class=\"wp-block-heading\">PREGUNTAS FRECUENTES  <\/h2>\n<div id=\"rank-math-faq\" class=\"rank-math-block\">\n<div class=\"rank-math-list \">\n<div id=\"faq-question-1685692093277\" class=\"rank-math-list-item\">\n<h3 class=\"rank-math-question \">\u00bfAyudan los masajes a aliviar el dolor lumbar?<\/h3>\n<div class=\"rank-math-answer \">\n\n<p>S\u00ed, puede ayudar a aliviar el dolor lumbar al reducir la tensi\u00f3n muscular. Mejora la circulaci\u00f3n sangu\u00ednea y favorece la relajaci\u00f3n, lo que alivia el dolor y aumenta la flexibilidad.<\/p>\n\n<\/div>\n<\/div>\n<div id=\"faq-question-1685692177282\" class=\"rank-math-list-item\">\n<h3 class=\"rank-math-question \">\u00bfMerecen la pena las pistolas de masaje?<\/h3>\n<div class=\"rank-math-answer \">\n\n<p>Pueden ser beneficiosas para deportistas, entusiastas del fitness o personas con dolores musculares cr\u00f3nicos.<\/p>\n\n<\/div>\n<\/div>\n<div id=\"faq-question-1685692178456\" class=\"rank-math-list-item\">\n<h3 class=\"rank-math-question \">\u00bfQu\u00e9 masaje es mejor?<\/h3>\n<div class=\"rank-math-answer \">\n\n<p>Algunas t\u00e9cnicas populares son las de tipo sueco para la relajaci\u00f3n, las de tejido profundo para tratar la tensi\u00f3n muscular cr\u00f3nica, las de tipo deportivo para los atletas y las de tipo tailand\u00e9s para estirar y mejorar la flexibilidad. Depende de las necesidades individuales.<\/p>\n\n<\/div>\n<\/div>\n<\/div>\n<\/div>\n<h3 class=\"wp-block-heading\">P\u00f3ngase <a href=\"#requestform\">en contacto con nosotros<\/a> si tiene alguna pregunta.<\/h3>\n","protected":false},"excerpt":{"rendered":"<p>Una de las mejores formas de lograr la relajaci\u00f3n es el masaje. Se trata de un proceso incre\u00edblemente \u00fatil. Ayuda [&hellip;]<\/p>\n","protected":false},"author":4,"featured_media":161711,"parent":0,"menu_order":0,"comment_status":"closed","ping_status":"closed","template":"","meta":{"site-sidebar-layout":"default","site-content-layout":"","ast-site-content-layout":"default","site-content-style":"default","site-sidebar-style":"default","ast-global-header-display":"","ast-banner-title-visibility":"","ast-main-header-display":"","ast-hfb-above-header-display":"","ast-hfb-below-header-display":"","ast-hfb-mobile-header-display":"","site-post-title":"","ast-breadcrumbs-content":"","ast-featured-img":"","footer-sml-layout":"","ast-disable-related-posts":"","theme-transparent-header-meta":"","adv-header-id-meta":"","stick-header-meta":"","header-above-stick-meta":"","header-main-stick-meta":"","header-below-stick-meta":"","astra-migrate-meta-layouts":"default","ast-page-background-enabled":"default","ast-page-background-meta":{"desktop":{"background-color":"var(--ast-global-color-4)","background-image":"","background-repeat":"repeat","background-position":"center center","background-size":"auto","background-attachment":"scroll","background-type":"","background-media":"","overlay-type":"","overlay-color":"","overlay-opacity":"","overlay-gradient":""},"tablet":{"background-color":"","background-image":"","background-repeat":"repeat","background-position":"center center","background-size":"auto","background-attachment":"scroll","background-type":"","background-media":"","overlay-type":"","overlay-color":"","overlay-opacity":"","overlay-gradient":""},"mobile":{"background-color":"","background-image":"","background-repeat":"repeat","background-position":"center center","background-size":"auto","background-attachment":"scroll","background-type":"","background-media":"","overlay-type":"","overlay-color":"","overlay-opacity":"","overlay-gradient":""}},"ast-content-background-meta":{"desktop":{"background-color":"var(--ast-global-color-5)","background-image":"","background-repeat":"repeat","background-position":"center center","background-size":"auto","background-attachment":"scroll","background-type":"","background-media":"","overlay-type":"","overlay-color":"","overlay-opacity":"","overlay-gradient":""},"tablet":{"background-color":"var(--ast-global-color-5)","background-image":"","background-repeat":"repeat","background-position":"center center","background-size":"auto","background-attachment":"scroll","background-type":"","background-media":"","overlay-type":"","overlay-color":"","overlay-opacity":"","overlay-gradient":""},"mobile":{"background-color":"var(--ast-global-color-5)","background-image":"","background-repeat":"repeat","background-position":"center center","background-size":"auto","background-attachment":"scroll","background-type":"","background-media":"","overlay-type":"","overlay-color":"","overlay-opacity":"","overlay-gradient":""}},"footnotes":""},"class_list":["post-147888","page","type-page","status-publish","has-post-thumbnail","hentry"],"_links":{"self":[{"href":"https:\/\/medclinics.com\/es\/wp-json\/wp\/v2\/pages\/147888","targetHints":{"allow":["GET"]}}],"collection":[{"href":"https:\/\/medclinics.com\/es\/wp-json\/wp\/v2\/pages"}],"about":[{"href":"https:\/\/medclinics.com\/es\/wp-json\/wp\/v2\/types\/page"}],"author":[{"embeddable":true,"href":"https:\/\/medclinics.com\/es\/wp-json\/wp\/v2\/users\/4"}],"replies":[{"embeddable":true,"href":"https:\/\/medclinics.com\/es\/wp-json\/wp\/v2\/comments?post=147888"}],"version-history":[{"count":0,"href":"https:\/\/medclinics.com\/es\/wp-json\/wp\/v2\/pages\/147888\/revisions"}],"wp:featuredmedia":[{"embeddable":true,"href":"https:\/\/medclinics.com\/es\/wp-json\/wp\/v2\/media\/161711"}],"wp:attachment":[{"href":"https:\/\/medclinics.com\/es\/wp-json\/wp\/v2\/media?parent=147888"}],"curies":[{"name":"wp","href":"https:\/\/api.w.org\/{rel}","templated":true}]}}