{"id":147878,"date":"2023-06-02T08:46:53","date_gmt":"2023-06-02T05:46:53","guid":{"rendered":"https:\/\/medclinics.com\/envoltura-o-talasoterapia\/"},"modified":"2024-04-14T23:03:34","modified_gmt":"2024-04-14T20:03:34","slug":"envoltura-o-talasoterapia","status":"publish","type":"page","link":"https:\/\/medclinics.com\/es\/envoltura-o-talasoterapia\/","title":{"rendered":"Envoltura o talasoterapia"},"content":{"rendered":"\n<h2 class=\"wp-block-heading\">La envoltura o talasoterapia es una excelente manera de deshacerse de la celulitis, los dep\u00f3sitos de grasa, rejuvenecer la piel, relajarse y obtener un verdadero placer.<\/h2>\n\n<p>La envoltura o <a href=\"https:\/\/en.wikipedia.org\/wiki\/Thalassotherapy\" target=\"_blank\" rel=\"noreferrer noopener\">talasoterapia<\/a> es una agradable cura del cuerpo con ayuda de cosm\u00e9ticos especiales a base de ingredientes naturales marinos: algas, agua de mar, barro, arena, arcilla, etc.<\/p>\n\n<p>En la talasoterapia hay una envoltura caliente y otra fr\u00eda:<\/p>\n\n<ul class=\"wp-block-list\">\n<li>Envoltura caliente &#8211; act\u00faa gracias al efecto \u00absauna\u00bb, que permite que las sustancias activas penetren profundamente en la piel. Durante el procedimiento, los vasos sangu\u00edneos se dilatan, aumenta el flujo sangu\u00edneo y mejoran los procesos metab\u00f3licos. Las toxinas y escorias se eliminan del organismo, las manifestaciones de la celulitis se reducen, la piel se vuelve lisa y el\u00e1stica.<\/li>\n\n\n\n<li>Envoltura fr\u00eda: los vasos, incluidos los linf\u00e1ticos, primero se estrechan y luego se dilatan. Durante el procedimiento, aumenta la salida de l\u00edquido y el enfriamiento por contraste estimula la descomposici\u00f3n de los dep\u00f3sitos de grasa (debido a la generaci\u00f3n de energ\u00eda para conservar el calor). Tras una envoltura fr\u00eda, se reducen las manifestaciones de la celulitis, los dep\u00f3sitos de grasa y el edema.<\/li>\n<\/ul>\n\n<figure class=\"wp-block-image size-full\"><img fetchpriority=\"high\" decoding=\"async\" width=\"780\" height=\"488\" src=\"https:\/\/medclinics.com\/wp-content\/uploads\/2024\/04\/Wrapping-Thalassotherapy-Baeuty-Salon-Men-Woman.jpg\" alt=\"Envoltura-Talasoterapia-Belleza-Sal&#xF3;n-Hombre-Mujer\" class=\"wp-image-161354\" srcset=\"https:\/\/medclinics.com\/wp-content\/uploads\/2024\/04\/Wrapping-Thalassotherapy-Baeuty-Salon-Men-Woman.jpg 780w, https:\/\/medclinics.com\/wp-content\/uploads\/2024\/04\/Wrapping-Thalassotherapy-Baeuty-Salon-Men-Woman-300x188.jpg 300w, https:\/\/medclinics.com\/wp-content\/uploads\/2024\/04\/Wrapping-Thalassotherapy-Baeuty-Salon-Men-Woman-768x480.jpg 768w\" sizes=\"(max-width: 780px) 100vw, 780px\" \/><\/figure>\n\n<h3 class=\"wp-block-heading\">Todo lo que necesitas saber sobre <a href=\"https:\/\/medclinics.com\/es\/spa-termal\/\" target=\"_blank\" rel=\"noreferrer noopener\" data-type=\"page\" data-id=\"95079\">Spa<\/a> y <a href=\"https:\/\/medclinics.com\/es\/cosmetologia-clasica\/\" target=\"_blank\" rel=\"noreferrer noopener\">Cosmetolog\u00eda Cl\u00e1sica<\/a>, incluyendo precio y m\u00e1s, \u00a1o <a href=\"#requestform\">cont\u00e1ctanos<\/a>!<\/h3>\n\n<h3 class=\"wp-block-heading\">PREGUNTAS FRECUENTES<\/h3>\n<div id=\"rank-math-faq\" class=\"rank-math-block\">\n<div class=\"rank-math-list \">\n<div id=\"faq-question-1685694763116\" class=\"rank-math-list-item\">\n<h3 class=\"rank-math-question \">\u00bfEn qu\u00e9 consiste el tratamiento de talasoterapia?<\/h3>\n<div class=\"rank-math-answer \">\n\n<p>Este tratamiento es un enfoque terap\u00e9utico que utiliza agua de mar, productos marinos y elementos oce\u00e1nicos para promover la salud y el bienestar.<\/p>\n\n<\/div>\n<\/div>\n<div id=\"faq-question-1685694789920\" class=\"rank-math-list-item\">\n<h3 class=\"rank-math-question \">\u00bfCu\u00e1les son los beneficios de la talasoterapia?<\/h3>\n<div class=\"rank-math-answer \">\n\n<p>Ofrece beneficios como la nutrici\u00f3n de la piel, la desintoxicaci\u00f3n, la relajaci\u00f3n y el alivio del estr\u00e9s, la mejora de la circulaci\u00f3n, el alivio de las molestias articulares y musculares y los beneficios potenciales para la salud respiratoria.<\/p>\n\n<\/div>\n<\/div>\n<div id=\"faq-question-1685694935378\" class=\"rank-math-list-item\">\n<h3 class=\"rank-math-question \">\u00bfQu\u00e9 es una piscina talaso?<\/h3>\n<div class=\"rank-math-answer \">\n\n<p>Una piscina de talasoterapia, tambi\u00e9n conocida como piscina de agua de mar, es una piscina especialmente dise\u00f1ada que utiliza agua de mar filtrada y calentada con fines terap\u00e9uticos. Suele contener agua de mar rica en minerales y tratada para mantener los niveles de higiene y garantizar una temperatura agradable.<\/p>\n\n<\/div>\n<\/div>\n<\/div>\n<\/div>\n<p>\u00a0<\/p>\n\n<h3 class=\"wp-block-heading\">P\u00f3ngase en contacto con nosotros si tiene alguna pregunta.<\/h3>\n","protected":false},"excerpt":{"rendered":"<p>La envoltura o talasoterapia es una excelente manera de deshacerse de la celulitis, los dep\u00f3sitos de grasa, rejuvenecer la piel, [&hellip;]<\/p>\n","protected":false},"author":4,"featured_media":161351,"parent":0,"menu_order":0,"comment_status":"closed","ping_status":"closed","template":"","meta":{"site-sidebar-layout":"default","site-content-layout":"","ast-site-content-layout":"default","site-content-style":"default","site-sidebar-style":"default","ast-global-header-display":"","ast-banner-title-visibility":"","ast-main-header-display":"","ast-hfb-above-header-display":"","ast-hfb-below-header-display":"","ast-hfb-mobile-header-display":"","site-post-title":"","ast-breadcrumbs-content":"","ast-featured-img":"","footer-sml-layout":"","ast-disable-related-posts":"","theme-transparent-header-meta":"","adv-header-id-meta":"","stick-header-meta":"","header-above-stick-meta":"","header-main-stick-meta":"","header-below-stick-meta":"","astra-migrate-meta-layouts":"default","ast-page-background-enabled":"default","ast-page-background-meta":{"desktop":{"background-color":"var(--ast-global-color-4)","background-image":"","background-repeat":"repeat","background-position":"center center","background-size":"auto","background-attachment":"scroll","background-type":"","background-media":"","overlay-type":"","overlay-color":"","overlay-opacity":"","overlay-gradient":""},"tablet":{"background-color":"","background-image":"","background-repeat":"repeat","background-position":"center center","background-size":"auto","background-attachment":"scroll","background-type":"","background-media":"","overlay-type":"","overlay-color":"","overlay-opacity":"","overlay-gradient":""},"mobile":{"background-color":"","background-image":"","background-repeat":"repeat","background-position":"center center","background-size":"auto","background-attachment":"scroll","background-type":"","background-media":"","overlay-type":"","overlay-color":"","overlay-opacity":"","overlay-gradient":""}},"ast-content-background-meta":{"desktop":{"background-color":"var(--ast-global-color-5)","background-image":"","background-repeat":"repeat","background-position":"center center","background-size":"auto","background-attachment":"scroll","background-type":"","background-media":"","overlay-type":"","overlay-color":"","overlay-opacity":"","overlay-gradient":""},"tablet":{"background-color":"var(--ast-global-color-5)","background-image":"","background-repeat":"repeat","background-position":"center center","background-size":"auto","background-attachment":"scroll","background-type":"","background-media":"","overlay-type":"","overlay-color":"","overlay-opacity":"","overlay-gradient":""},"mobile":{"background-color":"var(--ast-global-color-5)","background-image":"","background-repeat":"repeat","background-position":"center center","background-size":"auto","background-attachment":"scroll","background-type":"","background-media":"","overlay-type":"","overlay-color":"","overlay-opacity":"","overlay-gradient":""}},"footnotes":""},"class_list":["post-147878","page","type-page","status-publish","has-post-thumbnail","hentry"],"_links":{"self":[{"href":"https:\/\/medclinics.com\/es\/wp-json\/wp\/v2\/pages\/147878","targetHints":{"allow":["GET"]}}],"collection":[{"href":"https:\/\/medclinics.com\/es\/wp-json\/wp\/v2\/pages"}],"about":[{"href":"https:\/\/medclinics.com\/es\/wp-json\/wp\/v2\/types\/page"}],"author":[{"embeddable":true,"href":"https:\/\/medclinics.com\/es\/wp-json\/wp\/v2\/users\/4"}],"replies":[{"embeddable":true,"href":"https:\/\/medclinics.com\/es\/wp-json\/wp\/v2\/comments?post=147878"}],"version-history":[{"count":0,"href":"https:\/\/medclinics.com\/es\/wp-json\/wp\/v2\/pages\/147878\/revisions"}],"wp:featuredmedia":[{"embeddable":true,"href":"https:\/\/medclinics.com\/es\/wp-json\/wp\/v2\/media\/161351"}],"wp:attachment":[{"href":"https:\/\/medclinics.com\/es\/wp-json\/wp\/v2\/media?parent=147878"}],"curies":[{"name":"wp","href":"https:\/\/api.w.org\/{rel}","templated":true}]}}