{"id":147876,"date":"2023-06-02T08:26:50","date_gmt":"2023-06-02T05:26:50","guid":{"rendered":"https:\/\/medclinics.com\/parafinoterapia\/"},"modified":"2024-04-14T23:03:35","modified_gmt":"2024-04-14T20:03:35","slug":"parafinoterapia","status":"publish","type":"page","link":"https:\/\/medclinics.com\/es\/parafinoterapia\/","title":{"rendered":"Parafinoterapia"},"content":{"rendered":"\n<h2 class=\"wp-block-heading\">Si busca una piel literalmente \u00abaterciopelada\u00bb, la parafinoterapia hidrata y suaviza perfectamente su cuerpo.<\/h2>\n\n<p>Es un m\u00e9todo de tratamiento t\u00e9rmico agradable y relajante. El procedimiento utiliza parafina l\u00edquida, que tiene un efecto beneficioso sobre la piel. <a href=\"https:\/\/en.wikipedia.org\/wiki\/Paraffin_wax\" target=\"_blank\" rel=\"noreferrer noopener\">Parafina<\/a> &#8211; tiene una alta capacidad calor\u00edfica. En los procedimientos cosm\u00e9ticos de la parafinoterapia tambi\u00e9n se utilizan diversas vitaminas, que potencian su efecto terap\u00e9utico.<\/p>\n\n<p>Este procedimiento puede realizarse en la cara, las manos y los pies:<\/p>\n\n<ul class=\"wp-block-list\">\n<li>rostro &#8211; ayuda con la piel problem\u00e1tica, con la piel descolorida, seca o hinchada. Hidrata significativamente, suaviza, restaura la ternura y una hermosa tez;<\/li>\n\n\n\n<li>manos &#8211; le permite deshacerse de la sequedad, descamaci\u00f3n y grietas. Deja la piel de las manos suave y aterciopelada;<\/li>\n\n\n\n<li>pies &#8211; este procedimiento es especialmente adecuado si tiene la piel de los pies seca y \u00e1spera. Esta terapia ayudar\u00e1 a ablandar los tejidos, deshacerse de los callos, hidratar la piel, aliviar la hinchaz\u00f3n y la fatiga.<\/li>\n<\/ul>\n\n<figure class=\"wp-block-image size-full\"><img fetchpriority=\"high\" decoding=\"async\" width=\"780\" height=\"488\" src=\"https:\/\/medclinics.com\/wp-content\/uploads\/2024\/04\/paraffin-therapy-beauty-salon.jpg\" alt=\"parafinoterapia-sal&#xF3;n de belleza\" class=\"wp-image-161721\" srcset=\"https:\/\/medclinics.com\/wp-content\/uploads\/2024\/04\/paraffin-therapy-beauty-salon.jpg 780w, https:\/\/medclinics.com\/wp-content\/uploads\/2024\/04\/paraffin-therapy-beauty-salon-300x188.jpg 300w, https:\/\/medclinics.com\/wp-content\/uploads\/2024\/04\/paraffin-therapy-beauty-salon-768x480.jpg 768w\" sizes=\"(max-width: 780px) 100vw, 780px\" \/><\/figure>\n\n<h3 class=\"wp-block-heading\">Todo lo que necesita saber sobre la <a href=\"https:\/\/medclinics.com\/es\/cosmetologia-clasica\/\" target=\"_blank\" rel=\"noreferrer noopener\">cosmetolog\u00eda cl\u00e1sica<\/a>, incluido el precio y los cuidados posteriores, \u00a1o <a href=\"#requestform\">p\u00f3ngase en contacto con nosotros<\/a>!<\/h3>\n\n<h3 class=\"wp-block-heading\">PREGUNTAS FRECUENTES<\/h3>\n<div id=\"rank-math-faq\" class=\"rank-math-block\">\n<div class=\"rank-math-list \">\n<div id=\"faq-question-1685693601504\" class=\"rank-math-list-item\">\n<h3 class=\"rank-math-question \">\u00bfQu\u00e9 es la parafinoterapia?<\/h3>\n<div class=\"rank-math-answer \">\n\n<p>La parafinoterapia es una forma de terapia de calor. Consiste en aplicar parafina caliente en las manos, los pies u otras partes del cuerpo.<\/p>\n\n<\/div>\n<\/div>\n<div id=\"faq-question-1685693681527\" class=\"rank-math-list-item\">\n<h3 class=\"rank-math-question \">\u00bfFunciona la parafinoterapia?<\/h3>\n<div class=\"rank-math-answer \">\n\n<p>S\u00ed, puede ser eficaz para proporcionar diversos beneficios. El calor de la parafina caliente ayuda a mejorar la circulaci\u00f3n sangu\u00ednea, relajar los m\u00fasculos y aliviar la rigidez articular.<\/p>\n\n<\/div>\n<\/div>\n<div id=\"faq-question-1685693827314\" class=\"rank-math-list-item\">\n<h3 class=\"rank-math-question \">\u00bfAyuda realmente la parafina a la piel?<\/h3>\n<div class=\"rank-math-answer \">\n\n<p>S\u00ed, puede ayudar a mejorar la condici\u00f3n de la piel, proporcionando una hidrataci\u00f3n profunda, suavizando \u00e1spera.<\/p>\n\n<\/div>\n<\/div>\n<\/div>\n<\/div>\n<p><\/p>\n\n<h3 class=\"wp-block-heading\">P\u00f3ngase en contacto con nosotros si tiene alguna pregunta.<\/h3>\n","protected":false},"excerpt":{"rendered":"<p>Si busca una piel literalmente \u00abaterciopelada\u00bb, la parafinoterapia hidrata y suaviza perfectamente su cuerpo. Es un m\u00e9todo de tratamiento t\u00e9rmico [&hellip;]<\/p>\n","protected":false},"author":4,"featured_media":161726,"parent":0,"menu_order":0,"comment_status":"closed","ping_status":"closed","template":"","meta":{"site-sidebar-layout":"default","site-content-layout":"","ast-site-content-layout":"default","site-content-style":"default","site-sidebar-style":"default","ast-global-header-display":"","ast-banner-title-visibility":"","ast-main-header-display":"","ast-hfb-above-header-display":"","ast-hfb-below-header-display":"","ast-hfb-mobile-header-display":"","site-post-title":"","ast-breadcrumbs-content":"","ast-featured-img":"","footer-sml-layout":"","ast-disable-related-posts":"","theme-transparent-header-meta":"","adv-header-id-meta":"","stick-header-meta":"","header-above-stick-meta":"","header-main-stick-meta":"","header-below-stick-meta":"","astra-migrate-meta-layouts":"default","ast-page-background-enabled":"default","ast-page-background-meta":{"desktop":{"background-color":"var(--ast-global-color-4)","background-image":"","background-repeat":"repeat","background-position":"center center","background-size":"auto","background-attachment":"scroll","background-type":"","background-media":"","overlay-type":"","overlay-color":"","overlay-opacity":"","overlay-gradient":""},"tablet":{"background-color":"","background-image":"","background-repeat":"repeat","background-position":"center center","background-size":"auto","background-attachment":"scroll","background-type":"","background-media":"","overlay-type":"","overlay-color":"","overlay-opacity":"","overlay-gradient":""},"mobile":{"background-color":"","background-image":"","background-repeat":"repeat","background-position":"center center","background-size":"auto","background-attachment":"scroll","background-type":"","background-media":"","overlay-type":"","overlay-color":"","overlay-opacity":"","overlay-gradient":""}},"ast-content-background-meta":{"desktop":{"background-color":"var(--ast-global-color-5)","background-image":"","background-repeat":"repeat","background-position":"center center","background-size":"auto","background-attachment":"scroll","background-type":"","background-media":"","overlay-type":"","overlay-color":"","overlay-opacity":"","overlay-gradient":""},"tablet":{"background-color":"var(--ast-global-color-5)","background-image":"","background-repeat":"repeat","background-position":"center center","background-size":"auto","background-attachment":"scroll","background-type":"","background-media":"","overlay-type":"","overlay-color":"","overlay-opacity":"","overlay-gradient":""},"mobile":{"background-color":"var(--ast-global-color-5)","background-image":"","background-repeat":"repeat","background-position":"center center","background-size":"auto","background-attachment":"scroll","background-type":"","background-media":"","overlay-type":"","overlay-color":"","overlay-opacity":"","overlay-gradient":""}},"footnotes":""},"class_list":["post-147876","page","type-page","status-publish","has-post-thumbnail","hentry"],"_links":{"self":[{"href":"https:\/\/medclinics.com\/es\/wp-json\/wp\/v2\/pages\/147876","targetHints":{"allow":["GET"]}}],"collection":[{"href":"https:\/\/medclinics.com\/es\/wp-json\/wp\/v2\/pages"}],"about":[{"href":"https:\/\/medclinics.com\/es\/wp-json\/wp\/v2\/types\/page"}],"author":[{"embeddable":true,"href":"https:\/\/medclinics.com\/es\/wp-json\/wp\/v2\/users\/4"}],"replies":[{"embeddable":true,"href":"https:\/\/medclinics.com\/es\/wp-json\/wp\/v2\/comments?post=147876"}],"version-history":[{"count":0,"href":"https:\/\/medclinics.com\/es\/wp-json\/wp\/v2\/pages\/147876\/revisions"}],"wp:featuredmedia":[{"embeddable":true,"href":"https:\/\/medclinics.com\/es\/wp-json\/wp\/v2\/media\/161726"}],"wp:attachment":[{"href":"https:\/\/medclinics.com\/es\/wp-json\/wp\/v2\/media?parent=147876"}],"curies":[{"name":"wp","href":"https:\/\/api.w.org\/{rel}","templated":true}]}}