{"id":147840,"date":"2023-06-02T12:22:00","date_gmt":"2023-06-02T09:22:00","guid":{"rendered":"https:\/\/medclinics.com\/cosmetologia-por-ultrasonidos\/"},"modified":"2024-04-04T19:31:13","modified_gmt":"2024-04-04T16:31:13","slug":"cosmetologia-por-ultrasonidos","status":"publish","type":"page","link":"https:\/\/medclinics.com\/es\/cosmetologia-por-ultrasonidos\/","title":{"rendered":"Cosmetolog\u00eda por ultrasonidos"},"content":{"rendered":"\n<h2 class=\"wp-block-heading\">La cosmetolog\u00eda por ultrasonidos se divide en varios tipos.<\/h2>\n\n<ul class=\"wp-block-list\">\n<li><strong>Limpieza por ultrasonidos<\/strong><\/li>\n<\/ul>\n\n<p>Es un procedimiento de limpieza a m\u00e1quina que utiliza ondas ultras\u00f3nicas de alta frecuencia. Hoy en d\u00eda, los ultrasonidos son uno de los m\u00e9todos m\u00e1s seguros, eficaces y populares para limpiar la piel. Puede utilizarse en el rostro y en otras partes del cuerpo, como la zona del escote, la espalda y el cuello. La eficacia de la limpieza por ultrasonidos se debe a la capacidad de las ondas ultras\u00f3nicas para penetrar profundamente en la piel. Al producir un micromasaje, suaviza las impurezas y las saca a la superficie.<\/p>\n\n<ul class=\"wp-block-list\">\n<li><strong>Masaje por ultrasonidos<\/strong><\/li>\n<\/ul>\n\n<p>Es una t\u00e9cnica de <a href=\"https:\/\/en.wikipedia.org\/wiki\/Therapeutic_ultrasound\" target=\"_blank\" rel=\"noreferrer noopener\">masaje fisioterap\u00e9utico<\/a> que aplica ondas ultras\u00f3nicas de cierta longitud. La potencia del tratamiento depende de la zona a tratar y de la naturaleza del problema, y la regula el m\u00e9dico. El masaje corporal ultras\u00f3nico estimula el sistema sangu\u00edneo y linf\u00e1tico, aumenta el metabolismo de los tejidos, oxigena las c\u00e9lulas y reduce la hinchaz\u00f3n. La eficacia del tratamiento se ve reforzada por el uso simult\u00e1neo de productos cosm\u00e9ticos que tratan los problemas indicados (cicatrices, estr\u00edas, cicatrices, celulitis, masas fibrosas, piel fl\u00e1cida o descolgada, hinchaz\u00f3n).<\/p>\n\n<ul class=\"wp-block-list\">\n<li><strong>Fonoforesis<\/strong><\/li>\n<\/ul>\n\n<p>La (sonoforesis o ultrafonoforesis) es un m\u00e9todo de fisioterapia que combina el uso de medicamentos con la exposici\u00f3n a ondas ultras\u00f3nicas de alta frecuencia. Esto proporciona un efecto potenciado: act\u00faan tanto los principios activos del medicamento como las propias ondas ultras\u00f3nicas. Cuando el dispositivo de ultrasonidos toca la piel del paciente, se crean vibraciones, la energ\u00eda mec\u00e1nica se convierte en energ\u00eda t\u00e9rmica, estimulando los procesos regenerativos. La elecci\u00f3n del preparado para la fonoforesis por ultrasonidos es individual: el m\u00e9dico selecciona el producto, la dosis y la duraci\u00f3n del tratamiento en funci\u00f3n de la indicaci\u00f3n. Se utiliza tanto en cosmetolog\u00eda (tratamiento de cicatrices) como en medicina (tratamiento de hernias intervertebrales, artritis, etc.).<\/p>\n\n<h3 class=\"wp-block-heading\">Todo lo que necesitas saber sobre la <a href=\"https:\/\/medclinics.com\/es\/ferreteria-cosmetologia\/\" target=\"_blank\" rel=\"noreferrer noopener\">cosmetolog\u00eda ferretera<\/a>, incluido el precio, los cuidados posteriores y mucho m\u00e1s, \u00a1o <a href=\"#requestform\">ponte en contacto con nosotros<\/a>!<\/h3>\n\n<h2 class=\"wp-block-heading\">PREGUNTAS FRECUENTES <\/h2>\n<div id=\"rank-math-faq\" class=\"rank-math-block\">\n<div class=\"rank-math-list \">\n<div id=\"faq-question-1685707412021\" class=\"rank-math-list-item\">\n<h3 class=\"rank-math-question \">\u00bfQu\u00e9 es la cosmetolog\u00eda por ultrasonidos?<\/h3>\n<div class=\"rank-math-answer \">\n\n<p>La cosmetolog\u00eda por ultrasonidos se refiere al uso de la tecnolog\u00eda ultras\u00f3nica en tratamientos y procedimientos cosm\u00e9ticos. En el contexto de la cosmetolog\u00eda, estos dispositivos se utilizan para diversos fines, como la limpieza profunda, la exfoliaci\u00f3n, el estiramiento de la piel y la mejora de la penetraci\u00f3n del producto.<\/p>\n\n<\/div>\n<\/div>\n<div id=\"faq-question-1685707434177\" class=\"rank-math-list-item\">\n<h3 class=\"rank-math-question \">\u00bfCu\u00e1les son los tipos de cosmetolog\u00eda por ultrasonidos?<\/h3>\n<div class=\"rank-math-answer \">\n\n<p>Tipos de cosmetolog\u00eda hardware ultras\u00f3nico son la limpieza por ultrasonidos, masaje ultras\u00f3nico, fonoforesis.<\/p>\n\n<\/div>\n<\/div>\n<\/div>\n<\/div>\n<p><\/p>\n\n<h3 class=\"wp-block-heading\">P\u00f3ngase en contacto con nosotros si tiene alguna pregunta.<\/h3>\n","protected":false},"excerpt":{"rendered":"<p>La cosmetolog\u00eda por ultrasonidos se divide en varios tipos. Es un procedimiento de limpieza a m\u00e1quina que utiliza ondas ultras\u00f3nicas [&hellip;]<\/p>\n","protected":false},"author":4,"featured_media":93475,"parent":0,"menu_order":0,"comment_status":"closed","ping_status":"closed","template":"","meta":{"site-sidebar-layout":"default","site-content-layout":"","ast-site-content-layout":"default","site-content-style":"default","site-sidebar-style":"default","ast-global-header-display":"","ast-banner-title-visibility":"","ast-main-header-display":"","ast-hfb-above-header-display":"","ast-hfb-below-header-display":"","ast-hfb-mobile-header-display":"","site-post-title":"","ast-breadcrumbs-content":"","ast-featured-img":"","footer-sml-layout":"","ast-disable-related-posts":"","theme-transparent-header-meta":"","adv-header-id-meta":"","stick-header-meta":"","header-above-stick-meta":"","header-main-stick-meta":"","header-below-stick-meta":"","astra-migrate-meta-layouts":"default","ast-page-background-enabled":"default","ast-page-background-meta":{"desktop":{"background-color":"var(--ast-global-color-4)","background-image":"","background-repeat":"repeat","background-position":"center center","background-size":"auto","background-attachment":"scroll","background-type":"","background-media":"","overlay-type":"","overlay-color":"","overlay-opacity":"","overlay-gradient":""},"tablet":{"background-color":"","background-image":"","background-repeat":"repeat","background-position":"center center","background-size":"auto","background-attachment":"scroll","background-type":"","background-media":"","overlay-type":"","overlay-color":"","overlay-opacity":"","overlay-gradient":""},"mobile":{"background-color":"","background-image":"","background-repeat":"repeat","background-position":"center center","background-size":"auto","background-attachment":"scroll","background-type":"","background-media":"","overlay-type":"","overlay-color":"","overlay-opacity":"","overlay-gradient":""}},"ast-content-background-meta":{"desktop":{"background-color":"var(--ast-global-color-5)","background-image":"","background-repeat":"repeat","background-position":"center center","background-size":"auto","background-attachment":"scroll","background-type":"","background-media":"","overlay-type":"","overlay-color":"","overlay-opacity":"","overlay-gradient":""},"tablet":{"background-color":"var(--ast-global-color-5)","background-image":"","background-repeat":"repeat","background-position":"center center","background-size":"auto","background-attachment":"scroll","background-type":"","background-media":"","overlay-type":"","overlay-color":"","overlay-opacity":"","overlay-gradient":""},"mobile":{"background-color":"var(--ast-global-color-5)","background-image":"","background-repeat":"repeat","background-position":"center center","background-size":"auto","background-attachment":"scroll","background-type":"","background-media":"","overlay-type":"","overlay-color":"","overlay-opacity":"","overlay-gradient":""}},"footnotes":""},"class_list":["post-147840","page","type-page","status-publish","has-post-thumbnail","hentry"],"_links":{"self":[{"href":"https:\/\/medclinics.com\/es\/wp-json\/wp\/v2\/pages\/147840","targetHints":{"allow":["GET"]}}],"collection":[{"href":"https:\/\/medclinics.com\/es\/wp-json\/wp\/v2\/pages"}],"about":[{"href":"https:\/\/medclinics.com\/es\/wp-json\/wp\/v2\/types\/page"}],"author":[{"embeddable":true,"href":"https:\/\/medclinics.com\/es\/wp-json\/wp\/v2\/users\/4"}],"replies":[{"embeddable":true,"href":"https:\/\/medclinics.com\/es\/wp-json\/wp\/v2\/comments?post=147840"}],"version-history":[{"count":0,"href":"https:\/\/medclinics.com\/es\/wp-json\/wp\/v2\/pages\/147840\/revisions"}],"wp:featuredmedia":[{"embeddable":true,"href":"https:\/\/medclinics.com\/es\/wp-json\/wp\/v2\/media\/93475"}],"wp:attachment":[{"href":"https:\/\/medclinics.com\/es\/wp-json\/wp\/v2\/media?parent=147840"}],"curies":[{"name":"wp","href":"https:\/\/api.w.org\/{rel}","templated":true}]}}