{"id":147836,"date":"2023-06-02T12:53:23","date_gmt":"2023-06-02T09:53:23","guid":{"rendered":"https:\/\/medclinics.com\/cosmetologia-laser\/"},"modified":"2024-04-04T19:31:01","modified_gmt":"2024-04-04T16:31:01","slug":"cosmetologia-laser","status":"publish","type":"page","link":"https:\/\/medclinics.com\/es\/cosmetologia-laser\/","title":{"rendered":"Cosmetolog\u00eda L\u00e1ser"},"content":{"rendered":"\n<h2 class=\"wp-block-heading\">Si est\u00e1 buscando la manera de deshacerse de los puntos negros y tener una piel suave, la cosmetolog\u00eda l\u00e1ser hardware es lo mejor.<\/h2>\n\n<p><strong>Fotorejuvenecimiento \/ Lumecca<\/strong><\/p>\n\n<p>Se trata de una tecnolog\u00eda <a href=\"https:\/\/en.wikipedia.org\/wiki\/Photorejuvenation\" target=\"_blank\" rel=\"noreferrer noopener\">IPL<\/a> que utiliza una m\u00e1quina que emite pulsos de luz de alta intensidad para fotorrejuvenecer la piel y eliminar las manchas de la edad y los trastornos vasculares. Este procedimiento m\u00ednimamente invasivo puede utilizarse para tratar una serie de problemas est\u00e9ticos, como manchas marrones, da\u00f1os solares, tono desigual de la piel, ros\u00e1cea o enrojecimiento. Tras un solo tratamiento, los pacientes experimentan mejoras significativas en la tez, la claridad de la piel, el tono, la firmeza y la elasticidad.<\/p>\n\n<h3 class=\"wp-block-heading\">Todo lo que necesitas saber sobre la <a href=\"https:\/\/medclinics.com\/es\/ferreteria-cosmetologia\/\" target=\"_blank\" rel=\"noreferrer noopener\">cosmetolog\u00eda ferretera<\/a>, incluido el precio y mucho m\u00e1s, <a href=\"#requestform\">\u00a1contacta con nosotros<\/a> ahora mismo!<\/h3>\n\n<h3 class=\"wp-block-heading\">PREGUNTAS FRECUENTES<\/h3>\n<div id=\"rank-math-faq\" class=\"rank-math-block\">\n<div class=\"rank-math-list \">\n<div id=\"faq-question-1685709878645\" class=\"rank-math-list-item\">\n<h3 class=\"rank-math-question \">\u00bfQu\u00e9 es la cosmetolog\u00eda por l\u00e1ser?<\/h3>\n<div class=\"rank-math-answer \">\n\n<p>La cosmetolog\u00eda l\u00e1ser por hardware hace referencia al uso de la tecnolog\u00eda l\u00e1ser en tratamientos y procedimientos cosm\u00e9ticos para tratar diversos problemas de la piel y lograr los resultados est\u00e9ticos deseados. Los dispositivos l\u00e1ser emiten haces de luz focalizados a longitudes de onda espec\u00edficas, dirigidos a crom\u00f3foros concretos de la piel, como pigmentos o vasos sangu\u00edneos.<\/p>\n\n<\/div>\n<\/div>\n<div id=\"faq-question-1685709894487\" class=\"rank-math-list-item\">\n<h3 class=\"rank-math-question \">\u00bfQu\u00e9 es la IPL?<\/h3>\n<div class=\"rank-math-answer \">\n\n<p>Aunque t\u00e9cnicamente no es un l\u00e1ser, la IPL utiliza energ\u00eda lum\u00ednica de amplio espectro para tratar problemas de la piel como irregularidades de pigmentaci\u00f3n, da\u00f1os solares y lesiones vasculares.<\/p>\n\n<\/div>\n<\/div>\n<div id=\"faq-question-1685709971683\" class=\"rank-math-list-item\">\n<h3 class=\"rank-math-question \">\u00bfQu\u00e9 es Lumecca?<\/h3>\n<div class=\"rank-math-answer \">\n\n<p>Lumecca es una marca espec\u00edfica y un tipo de terapia de luz pulsada intensa (IPL) utilizada en tratamientos cosm\u00e9ticos. Se trata de un procedimiento no invasivo que utiliza luz de amplio espectro para tratar diversos problemas cut\u00e1neos y favorecer el rejuvenecimiento de la piel.<\/p>\n\n<\/div>\n<\/div>\n<div id=\"faq-question-1685710002571\" class=\"rank-math-list-item\">\n<h3 class=\"rank-math-question \">\u00bfEs seguro Lumecca?<\/h3>\n<div class=\"rank-math-answer \">\n\n<p>S\u00ed, es un tratamiento seguro y eficaz cuando lo realiza un profesional formado y con experiencia<\/p>\n\n<\/div>\n<\/div>\n<\/div>\n<\/div>\n<p><\/p>\n\n<h3 class=\"wp-block-heading\">P\u00f3ngase en contacto con nosotros si tiene alguna pregunta.<\/h3>\n","protected":false},"excerpt":{"rendered":"<p>Si est\u00e1 buscando la manera de deshacerse de los puntos negros y tener una piel suave, la cosmetolog\u00eda l\u00e1ser hardware [&hellip;]<\/p>\n","protected":false},"author":4,"featured_media":93512,"parent":0,"menu_order":0,"comment_status":"closed","ping_status":"closed","template":"","meta":{"site-sidebar-layout":"default","site-content-layout":"","ast-site-content-layout":"default","site-content-style":"default","site-sidebar-style":"default","ast-global-header-display":"","ast-banner-title-visibility":"","ast-main-header-display":"","ast-hfb-above-header-display":"","ast-hfb-below-header-display":"","ast-hfb-mobile-header-display":"","site-post-title":"","ast-breadcrumbs-content":"","ast-featured-img":"","footer-sml-layout":"","ast-disable-related-posts":"","theme-transparent-header-meta":"","adv-header-id-meta":"","stick-header-meta":"","header-above-stick-meta":"","header-main-stick-meta":"","header-below-stick-meta":"","astra-migrate-meta-layouts":"default","ast-page-background-enabled":"default","ast-page-background-meta":{"desktop":{"background-color":"var(--ast-global-color-4)","background-image":"","background-repeat":"repeat","background-position":"center center","background-size":"auto","background-attachment":"scroll","background-type":"","background-media":"","overlay-type":"","overlay-color":"","overlay-opacity":"","overlay-gradient":""},"tablet":{"background-color":"","background-image":"","background-repeat":"repeat","background-position":"center center","background-size":"auto","background-attachment":"scroll","background-type":"","background-media":"","overlay-type":"","overlay-color":"","overlay-opacity":"","overlay-gradient":""},"mobile":{"background-color":"","background-image":"","background-repeat":"repeat","background-position":"center center","background-size":"auto","background-attachment":"scroll","background-type":"","background-media":"","overlay-type":"","overlay-color":"","overlay-opacity":"","overlay-gradient":""}},"ast-content-background-meta":{"desktop":{"background-color":"var(--ast-global-color-5)","background-image":"","background-repeat":"repeat","background-position":"center center","background-size":"auto","background-attachment":"scroll","background-type":"","background-media":"","overlay-type":"","overlay-color":"","overlay-opacity":"","overlay-gradient":""},"tablet":{"background-color":"var(--ast-global-color-5)","background-image":"","background-repeat":"repeat","background-position":"center center","background-size":"auto","background-attachment":"scroll","background-type":"","background-media":"","overlay-type":"","overlay-color":"","overlay-opacity":"","overlay-gradient":""},"mobile":{"background-color":"var(--ast-global-color-5)","background-image":"","background-repeat":"repeat","background-position":"center center","background-size":"auto","background-attachment":"scroll","background-type":"","background-media":"","overlay-type":"","overlay-color":"","overlay-opacity":"","overlay-gradient":""}},"footnotes":""},"class_list":["post-147836","page","type-page","status-publish","has-post-thumbnail","hentry"],"_links":{"self":[{"href":"https:\/\/medclinics.com\/es\/wp-json\/wp\/v2\/pages\/147836","targetHints":{"allow":["GET"]}}],"collection":[{"href":"https:\/\/medclinics.com\/es\/wp-json\/wp\/v2\/pages"}],"about":[{"href":"https:\/\/medclinics.com\/es\/wp-json\/wp\/v2\/types\/page"}],"author":[{"embeddable":true,"href":"https:\/\/medclinics.com\/es\/wp-json\/wp\/v2\/users\/4"}],"replies":[{"embeddable":true,"href":"https:\/\/medclinics.com\/es\/wp-json\/wp\/v2\/comments?post=147836"}],"version-history":[{"count":0,"href":"https:\/\/medclinics.com\/es\/wp-json\/wp\/v2\/pages\/147836\/revisions"}],"wp:featuredmedia":[{"embeddable":true,"href":"https:\/\/medclinics.com\/es\/wp-json\/wp\/v2\/media\/93512"}],"wp:attachment":[{"href":"https:\/\/medclinics.com\/es\/wp-json\/wp\/v2\/media?parent=147836"}],"curies":[{"name":"wp","href":"https:\/\/api.w.org\/{rel}","templated":true}]}}