{"id":147830,"date":"2023-06-02T13:15:07","date_gmt":"2023-06-02T10:15:07","guid":{"rendered":"https:\/\/medclinics.com\/hardware-de-radiofrecuencia-cosmetologia\/"},"modified":"2024-04-14T23:03:34","modified_gmt":"2024-04-14T20:03:34","slug":"hardware-de-radiofrecuencia-cosmetologia","status":"publish","type":"page","link":"https:\/\/medclinics.com\/es\/hardware-de-radiofrecuencia-cosmetologia\/","title":{"rendered":"Hardware de radiofrecuencia Cosmetolog\u00eda"},"content":{"rendered":"\n<h2 class=\"wp-block-heading\">El m\u00e9dico seleccionar\u00e1 el hardware de radiofrecuencia cosmetol\u00f3gico adecuado para sus necesidades espec\u00edficas.<\/h2>\n\n<ul class=\"wp-block-list\">\n<li><strong>RF-elevaci\u00f3n \/ Morpheus8<\/strong><\/li>\n<\/ul>\n\n<p>Se trata de un tratamiento de <a href=\"https:\/\/en.wikipedia.org\/wiki\/Rhytidectomy\" target=\"_blank\" rel=\"noreferrer noopener\">lifting facial <\/a>de RF fraccionada de \u00faltima generaci\u00f3n. Los impulsos de radiofrecuencia se administran en la piel mediante agujas muy finas. El calentamiento localizado de los puntos estimula la producci\u00f3n de fibras de col\u00e1geno y elastina. A diferencia de otros dispositivos, Morpheus 8 proporciona resultados visibles despu\u00e9s de la primera sesi\u00f3n, es programable y tiene la mayor profundidad de exposici\u00f3n de todas las tecnolog\u00edas fraccionales. <\/p>\n\n<p>Microneedle RF-lifting Morpheus8 ha sido el procedimiento mec\u00e1nico m\u00e1s popular en EE.UU. durante varios a\u00f1os. Morpheus8 puede ayudar a tratar una amplia gama de problemas cut\u00e1neos, como la p\u00e9rdida de tono facial y corporal, cambios en el contorno facial, prolapso tisular, arrugas y p\u00e1rpados superiores ca\u00eddos, relieve cut\u00e1neo irregular, poros dilatados, tono cut\u00e1neo desigual, trastornos vasculares, cicatrices, postacn\u00e9, estr\u00edas y flacidez cut\u00e1nea tras el embarazo.<\/p>\n\n<figure class=\"wp-block-image size-full\"><img fetchpriority=\"high\" decoding=\"async\" width=\"780\" height=\"488\" src=\"https:\/\/medclinics.com\/wp-content\/uploads\/2024\/04\/Radio-Frequency-Hardware-Cosmetology-therapy-hardware.jpg\" alt=\"Radiofrecuencia-Hardware-Cosmetolog&#xED;a-terapia-hardware\" class=\"wp-image-161413\" srcset=\"https:\/\/medclinics.com\/wp-content\/uploads\/2024\/04\/Radio-Frequency-Hardware-Cosmetology-therapy-hardware.jpg 780w, https:\/\/medclinics.com\/wp-content\/uploads\/2024\/04\/Radio-Frequency-Hardware-Cosmetology-therapy-hardware-300x188.jpg 300w, https:\/\/medclinics.com\/wp-content\/uploads\/2024\/04\/Radio-Frequency-Hardware-Cosmetology-therapy-hardware-768x480.jpg 768w\" sizes=\"(max-width: 780px) 100vw, 780px\" \/><\/figure>\n\n<h3 class=\"wp-block-heading\">Todo lo que necesitas saber sobre la <a href=\"https:\/\/medclinics.com\/es\/ferreteria-cosmetologia\/\" target=\"_blank\" rel=\"noreferrer noopener\">cosmetolog\u00eda ferretera<\/a>, incluido el precio, el postratamiento y el proceso de curaci\u00f3n, \u00a1o <a href=\"#requestform\">ponte en contacto con nosotros<\/a>!<\/h3>\n\n<h3 class=\"wp-block-heading\">PREGUNTAS FRECUENTES<\/h3>\n<div id=\"rank-math-faq\" class=\"rank-math-block\">\n<div class=\"rank-math-list \">\n<div id=\"faq-question-1685711138768\" class=\"rank-math-list-item\">\n<h3 class=\"rank-math-question \">\u00bfQu\u00e9 es la cosmetolog\u00eda por radiofrecuencia?<\/h3>\n<div class=\"rank-math-answer \">\n\n<p>La cosmetolog\u00eda de hardware de radiofrecuencia (RF) hace referencia al uso de energ\u00eda de radiofrecuencia en tratamientos y procedimientos cosm\u00e9ticos para mejorar el aspecto de la piel y abordar diversos problemas.<\/p>\n\n<\/div>\n<\/div>\n<div id=\"faq-question-1685711176016\" class=\"rank-math-list-item\">\n<h3 class=\"rank-math-question \">\u00bfQu\u00e9 es Morpheus 8?<\/h3>\n<div class=\"rank-math-answer \">\n\n<p>Morpheus 8 es una marca y un tipo espec\u00edfico de dispositivo de microagujas por radiofrecuencia (RF) utilizado en tratamientos cosm\u00e9ticos. Combina los beneficios de la tecnolog\u00eda de micropunci\u00f3n y radiofrecuencia para tratar diversos problemas cut\u00e1neos y lograr el rejuvenecimiento de la piel.<\/p>\n\n<\/div>\n<\/div>\n<div id=\"faq-question-1685711190415\" class=\"rank-math-list-item\">\n<h3 class=\"rank-math-question \">\u00bfMerece la pena Morpheus 8?<\/h3>\n<div class=\"rank-math-answer \">\n\n<p>S\u00ed, Morfeo8 lo es. Muchas personas han experimentado resultados positivos en t\u00e9rminos de rejuvenecimiento cut\u00e1neo, reducci\u00f3n de arrugas y estiramiento de la piel.<\/p>\n\n<\/div>\n<\/div>\n<\/div>\n<\/div>\n<h3 class=\"wp-block-heading\">P\u00f3ngase en contacto con nosotros si tiene alguna pregunta.<\/h3>\n\n<p><\/p>\n","protected":false},"excerpt":{"rendered":"<p>El m\u00e9dico seleccionar\u00e1 el hardware de radiofrecuencia cosmetol\u00f3gico adecuado para sus necesidades espec\u00edficas. Se trata de un tratamiento de lifting [&hellip;]<\/p>\n","protected":false},"author":4,"featured_media":161411,"parent":0,"menu_order":0,"comment_status":"closed","ping_status":"closed","template":"","meta":{"site-sidebar-layout":"default","site-content-layout":"","ast-site-content-layout":"default","site-content-style":"default","site-sidebar-style":"default","ast-global-header-display":"","ast-banner-title-visibility":"","ast-main-header-display":"","ast-hfb-above-header-display":"","ast-hfb-below-header-display":"","ast-hfb-mobile-header-display":"","site-post-title":"","ast-breadcrumbs-content":"","ast-featured-img":"","footer-sml-layout":"","ast-disable-related-posts":"","theme-transparent-header-meta":"","adv-header-id-meta":"","stick-header-meta":"","header-above-stick-meta":"","header-main-stick-meta":"","header-below-stick-meta":"","astra-migrate-meta-layouts":"default","ast-page-background-enabled":"default","ast-page-background-meta":{"desktop":{"background-color":"var(--ast-global-color-4)","background-image":"","background-repeat":"repeat","background-position":"center center","background-size":"auto","background-attachment":"scroll","background-type":"","background-media":"","overlay-type":"","overlay-color":"","overlay-opacity":"","overlay-gradient":""},"tablet":{"background-color":"","background-image":"","background-repeat":"repeat","background-position":"center center","background-size":"auto","background-attachment":"scroll","background-type":"","background-media":"","overlay-type":"","overlay-color":"","overlay-opacity":"","overlay-gradient":""},"mobile":{"background-color":"","background-image":"","background-repeat":"repeat","background-position":"center center","background-size":"auto","background-attachment":"scroll","background-type":"","background-media":"","overlay-type":"","overlay-color":"","overlay-opacity":"","overlay-gradient":""}},"ast-content-background-meta":{"desktop":{"background-color":"var(--ast-global-color-5)","background-image":"","background-repeat":"repeat","background-position":"center center","background-size":"auto","background-attachment":"scroll","background-type":"","background-media":"","overlay-type":"","overlay-color":"","overlay-opacity":"","overlay-gradient":""},"tablet":{"background-color":"var(--ast-global-color-5)","background-image":"","background-repeat":"repeat","background-position":"center center","background-size":"auto","background-attachment":"scroll","background-type":"","background-media":"","overlay-type":"","overlay-color":"","overlay-opacity":"","overlay-gradient":""},"mobile":{"background-color":"var(--ast-global-color-5)","background-image":"","background-repeat":"repeat","background-position":"center center","background-size":"auto","background-attachment":"scroll","background-type":"","background-media":"","overlay-type":"","overlay-color":"","overlay-opacity":"","overlay-gradient":""}},"footnotes":""},"class_list":["post-147830","page","type-page","status-publish","has-post-thumbnail","hentry"],"_links":{"self":[{"href":"https:\/\/medclinics.com\/es\/wp-json\/wp\/v2\/pages\/147830","targetHints":{"allow":["GET"]}}],"collection":[{"href":"https:\/\/medclinics.com\/es\/wp-json\/wp\/v2\/pages"}],"about":[{"href":"https:\/\/medclinics.com\/es\/wp-json\/wp\/v2\/types\/page"}],"author":[{"embeddable":true,"href":"https:\/\/medclinics.com\/es\/wp-json\/wp\/v2\/users\/4"}],"replies":[{"embeddable":true,"href":"https:\/\/medclinics.com\/es\/wp-json\/wp\/v2\/comments?post=147830"}],"version-history":[{"count":0,"href":"https:\/\/medclinics.com\/es\/wp-json\/wp\/v2\/pages\/147830\/revisions"}],"wp:featuredmedia":[{"embeddable":true,"href":"https:\/\/medclinics.com\/es\/wp-json\/wp\/v2\/media\/161411"}],"wp:attachment":[{"href":"https:\/\/medclinics.com\/es\/wp-json\/wp\/v2\/media?parent=147830"}],"curies":[{"name":"wp","href":"https:\/\/api.w.org\/{rel}","templated":true}]}}