{"id":147798,"date":"2023-06-02T11:33:08","date_gmt":"2023-06-02T08:33:08","guid":{"rendered":"https:\/\/medclinics.com\/ferreteria-mecanica-cosmetologia\/"},"modified":"2024-04-14T23:03:34","modified_gmt":"2024-04-14T20:03:34","slug":"ferreteria-mecanica-cosmetologia","status":"publish","type":"page","link":"https:\/\/medclinics.com\/es\/ferreteria-mecanica-cosmetologia\/","title":{"rendered":"Ferreter\u00eda mec\u00e1nica Cosmetolog\u00eda"},"content":{"rendered":"\n<h2 class=\"wp-block-heading\">Existen t\u00e9cnicas cosmetol\u00f3gicas de ferreter\u00eda mec\u00e1nica para sus necesidades especiales.<\/h2>\n\n<ul class=\"wp-block-list\">\n<li><strong>Brossage<\/strong><br\/>Es un procedimiento que limpia la capa superior de la piel. Utiliza un dispositivo autom\u00e1tico especial con boquillas giratorias. Por regla general, estos aparatos est\u00e1n equipados con una piedra p\u00f3mez, una esponja y varios cepillos de cerdas naturales, goma o pl\u00e1stico. Durante el procedimiento, se eliminan las c\u00e9lulas muertas de la capa superior de la piel y, al mismo tiempo, se realiza un masaje. No s\u00f3lo mejora la circulaci\u00f3n sangu\u00ednea, sino que tambi\u00e9n estimula la renovaci\u00f3n de la epidermis.<\/li>\n\n\n\n<li><strong>Microdermoabrasi\u00f3n con diamante (peeling)<\/strong><br\/>Es uno de los m\u00e9todos modernos de rejuvenecimiento, que permite lograr un resultado pronunciado sin graves repercusiones en la piel. Este procedimiento se realiza utilizando puntas recubiertas especiales que eliminan suavemente la capa superior de la epidermis y la limpian en profundidad.<\/li>\n<\/ul>\n\n<p>La <a href=\"https:\/\/medclinics.com\/es\/dermatologia-en-estambul-turquia-los-mejores-dermatologos-precios-y-clinicas\/\" target=\"_blank\" data-type=\"post\" data-id=\"146967\" rel=\"noreferrer noopener\">microdermoabrasi\u00f3n<\/a> se realiza en una m\u00e1quina especial con boquillas, cada una de las cuales est\u00e1 recubierta de peque\u00f1os cristales de polvo de diamante. Dependiendo de la condici\u00f3n de la piel seleccionada boquilla con el grado requerido de abrasi\u00f3n. Adem\u00e1s, durante el procedimiento, la piel se expone al vac\u00edo, lo que mejora la circulaci\u00f3n sangu\u00ednea y los procesos metab\u00f3licos en los tejidos.<\/p>\n\n<figure class=\"wp-block-image size-full\"><img fetchpriority=\"high\" decoding=\"async\" width=\"780\" height=\"488\" src=\"https:\/\/medclinics.com\/wp-content\/uploads\/2024\/04\/mechanical-hardware-cosmetology-beauty-salon.jpg\" alt=\"\" class=\"wp-image-161671\" srcset=\"https:\/\/medclinics.com\/wp-content\/uploads\/2024\/04\/mechanical-hardware-cosmetology-beauty-salon.jpg 780w, https:\/\/medclinics.com\/wp-content\/uploads\/2024\/04\/mechanical-hardware-cosmetology-beauty-salon-300x188.jpg 300w, https:\/\/medclinics.com\/wp-content\/uploads\/2024\/04\/mechanical-hardware-cosmetology-beauty-salon-768x480.jpg 768w\" sizes=\"(max-width: 780px) 100vw, 780px\" \/><\/figure>\n\n<h3 class=\"wp-block-heading\">Todo lo que necesita saber sobre <a href=\"https:\/\/medclinics.com\/es\/ferreteria-cosmetologia\/\" target=\"_blank\" rel=\"noreferrer noopener\">cosmetolog\u00eda ferretera<\/a>, incluido todo, \u00a1o <a href=\"#requestform\">p\u00f3ngase en contacto con nosotros<\/a>!<\/h3>\n\n<h3 class=\"wp-block-heading\">PREGUNTAS FRECUENTES<\/h3>\n<div id=\"rank-math-faq\" class=\"rank-math-block\">\n<div class=\"rank-math-list \">\n<div id=\"faq-question-1685704851192\" class=\"rank-math-list-item\">\n<h3 class=\"rank-math-question \">\u00bfCu\u00e1les son los tipos de cosmetolog\u00eda mec\u00e1nica?<\/h3>\n<div class=\"rank-math-answer \">\n\n<p>El brossage y la microdermoabrasi\u00f3n con diamante son algunos de sus tipos.<\/p>\n\n<\/div>\n<\/div>\n<div id=\"faq-question-1685704902606\" class=\"rank-math-list-item\">\n<h3 class=\"rank-math-question \">\u00bfQu\u00e9 es el brossage?<\/h3>\n<div class=\"rank-math-answer \">\n\n<p>Puede referirse a una t\u00e9cnica de masaje facial que utiliza movimientos suaves de cepillado con un cepillo de cerdas suaves.<\/p>\n\n<\/div>\n<\/div>\n<div id=\"faq-question-1685704916566\" class=\"rank-math-list-item\">\n<h3 class=\"rank-math-question \">\u00bfQu\u00e9 es la microdermoabrasi\u00f3n?<\/h3>\n<div class=\"rank-math-answer \">\n\n<p>La varita con punta de diamante elimina suavemente las c\u00e9lulas muertas de la piel y estimula la producci\u00f3n de col\u00e1geno. El resultado es una mejora de la textura de la piel y un aspecto m\u00e1s joven.<\/p>\n\n<\/div>\n<\/div>\n<\/div>\n<\/div>\n<p><\/p>\n\n<h3 class=\"wp-block-heading\">P\u00f3ngase en contacto con nosotros si tiene alguna pregunta.<\/h3>\n","protected":false},"excerpt":{"rendered":"<p>Existen t\u00e9cnicas cosmetol\u00f3gicas de ferreter\u00eda mec\u00e1nica para sus necesidades especiales. La microdermoabrasi\u00f3n se realiza en una m\u00e1quina especial con boquillas, [&hellip;]<\/p>\n","protected":false},"author":4,"featured_media":161676,"parent":0,"menu_order":0,"comment_status":"closed","ping_status":"closed","template":"","meta":{"site-sidebar-layout":"default","site-content-layout":"","ast-site-content-layout":"default","site-content-style":"default","site-sidebar-style":"default","ast-global-header-display":"","ast-banner-title-visibility":"","ast-main-header-display":"","ast-hfb-above-header-display":"","ast-hfb-below-header-display":"","ast-hfb-mobile-header-display":"","site-post-title":"","ast-breadcrumbs-content":"","ast-featured-img":"","footer-sml-layout":"","ast-disable-related-posts":"","theme-transparent-header-meta":"","adv-header-id-meta":"","stick-header-meta":"","header-above-stick-meta":"","header-main-stick-meta":"","header-below-stick-meta":"","astra-migrate-meta-layouts":"default","ast-page-background-enabled":"default","ast-page-background-meta":{"desktop":{"background-color":"var(--ast-global-color-4)","background-image":"","background-repeat":"repeat","background-position":"center center","background-size":"auto","background-attachment":"scroll","background-type":"","background-media":"","overlay-type":"","overlay-color":"","overlay-opacity":"","overlay-gradient":""},"tablet":{"background-color":"","background-image":"","background-repeat":"repeat","background-position":"center center","background-size":"auto","background-attachment":"scroll","background-type":"","background-media":"","overlay-type":"","overlay-color":"","overlay-opacity":"","overlay-gradient":""},"mobile":{"background-color":"","background-image":"","background-repeat":"repeat","background-position":"center center","background-size":"auto","background-attachment":"scroll","background-type":"","background-media":"","overlay-type":"","overlay-color":"","overlay-opacity":"","overlay-gradient":""}},"ast-content-background-meta":{"desktop":{"background-color":"var(--ast-global-color-5)","background-image":"","background-repeat":"repeat","background-position":"center center","background-size":"auto","background-attachment":"scroll","background-type":"","background-media":"","overlay-type":"","overlay-color":"","overlay-opacity":"","overlay-gradient":""},"tablet":{"background-color":"var(--ast-global-color-5)","background-image":"","background-repeat":"repeat","background-position":"center center","background-size":"auto","background-attachment":"scroll","background-type":"","background-media":"","overlay-type":"","overlay-color":"","overlay-opacity":"","overlay-gradient":""},"mobile":{"background-color":"var(--ast-global-color-5)","background-image":"","background-repeat":"repeat","background-position":"center center","background-size":"auto","background-attachment":"scroll","background-type":"","background-media":"","overlay-type":"","overlay-color":"","overlay-opacity":"","overlay-gradient":""}},"footnotes":""},"class_list":["post-147798","page","type-page","status-publish","has-post-thumbnail","hentry"],"_links":{"self":[{"href":"https:\/\/medclinics.com\/es\/wp-json\/wp\/v2\/pages\/147798","targetHints":{"allow":["GET"]}}],"collection":[{"href":"https:\/\/medclinics.com\/es\/wp-json\/wp\/v2\/pages"}],"about":[{"href":"https:\/\/medclinics.com\/es\/wp-json\/wp\/v2\/types\/page"}],"author":[{"embeddable":true,"href":"https:\/\/medclinics.com\/es\/wp-json\/wp\/v2\/users\/4"}],"replies":[{"embeddable":true,"href":"https:\/\/medclinics.com\/es\/wp-json\/wp\/v2\/comments?post=147798"}],"version-history":[{"count":0,"href":"https:\/\/medclinics.com\/es\/wp-json\/wp\/v2\/pages\/147798\/revisions"}],"wp:featuredmedia":[{"embeddable":true,"href":"https:\/\/medclinics.com\/es\/wp-json\/wp\/v2\/media\/161676"}],"wp:attachment":[{"href":"https:\/\/medclinics.com\/es\/wp-json\/wp\/v2\/media?parent=147798"}],"curies":[{"name":"wp","href":"https:\/\/api.w.org\/{rel}","templated":true}]}}