{"id":147778,"date":"2023-06-02T11:57:44","date_gmt":"2023-06-02T08:57:44","guid":{"rendered":"https:\/\/medclinics.com\/vacuum-hardware-cosmetologia\/"},"modified":"2024-04-14T23:03:34","modified_gmt":"2024-04-14T20:03:34","slug":"vacuum-hardware-cosmetologia","status":"publish","type":"page","link":"https:\/\/medclinics.com\/es\/vacuum-hardware-cosmetologia\/","title":{"rendered":"Vacuum Hardware Cosmetolog\u00eda"},"content":{"rendered":"\n<h2 class=\"wp-block-heading\">Hay tipos de cosmetolog\u00eda de hardware de vac\u00edo para sus deseos.<\/h2>\n\n<ul class=\"wp-block-list\">\n<li><strong>Masaje por vac\u00edo<\/strong><br\/>Es un m\u00e9todo de remodelaci\u00f3n corporal asistido por m\u00e1quina que resulta eficaz para reducir la celulitis, la acumulaci\u00f3n excesiva de grasa, la hinchaz\u00f3n y la laxitud de la piel. Mejora significativamente la elasticidad y la firmeza de la piel. Durante el funcionamiento, se crea un vac\u00edo en los cabezales de masaje neum\u00e1ticos, lo que crea un efecto de succi\u00f3n y tensa la piel.<br\/>Esto proporciona un efecto mec\u00e1nico en los tejidos m\u00e1s profundos, que no puede conseguirse con otros m\u00e9todos como el <a href=\"https:\/\/en.wikipedia.org\/wiki\/Massage\" target=\"_blank\" rel=\"noreferrer noopener\">masaje manual.<\/a> El efecto es mejorar la circulaci\u00f3n sangu\u00ednea y linf\u00e1tica en la zona a tratar. El masaje de vac\u00edo ayuda al flujo de sangre fresca y oxigenada a las zonas problem\u00e1ticas y, al mismo tiempo, favorece la salida de la sangre venosa y la linfa.<\/li>\n\n\n\n<li><strong>Limpieza facial al vac\u00edo<\/strong><br\/>Se trata de un procedimiento de limpieza facial a m\u00e1quina que se realiza mediante un dispositivo de vac\u00edo. El procedimiento es exactamente el mismo que el de un tratamiento facial manual, pero la limpieza se realiza a presi\u00f3n negativa, forzando el aire a trav\u00e9s de una boquilla especial. La ventaja de un tratamiento facial con vac\u00edo es que es completamente indoloro en comparaci\u00f3n con un tratamiento facial manual, pero la desventaja es que el tratamiento con vac\u00edo es bastante superficial.<\/li>\n<\/ul>\n\n<figure class=\"wp-block-image size-full\"><img fetchpriority=\"high\" decoding=\"async\" width=\"780\" height=\"488\" src=\"https:\/\/medclinics.com\/wp-content\/uploads\/2024\/04\/vacuum-hardware-cosmetology-beauty-salon-istanbul.jpg\" alt=\"vacuum-hardware-cosmetology-beauty-salon--istanbul\" class=\"wp-image-161605\" srcset=\"https:\/\/medclinics.com\/wp-content\/uploads\/2024\/04\/vacuum-hardware-cosmetology-beauty-salon-istanbul.jpg 780w, https:\/\/medclinics.com\/wp-content\/uploads\/2024\/04\/vacuum-hardware-cosmetology-beauty-salon-istanbul-300x188.jpg 300w, https:\/\/medclinics.com\/wp-content\/uploads\/2024\/04\/vacuum-hardware-cosmetology-beauty-salon-istanbul-768x480.jpg 768w\" sizes=\"(max-width: 780px) 100vw, 780px\" \/><\/figure>\n\n<h3 class=\"wp-block-heading\">Todo lo que necesita saber sobre la <a href=\"https:\/\/medclinics.com\/es\/ferreteria-cosmetologia\/\" target=\"_blank\" rel=\"noreferrer noopener\">cosmetolog\u00eda ferretera<\/a>, incluido el precio, \u00a1o <a href=\"#requestform\">p\u00f3ngase en contacto con nosotros<\/a>!<\/h3>\n\n<h2 class=\"wp-block-heading\">PREGUNTAS FRECUENTES  <\/h2>\n<div id=\"rank-math-faq\" class=\"rank-math-block\">\n<div class=\"rank-math-list \">\n<div id=\"faq-question-1685706393946\" class=\"rank-math-list-item\">\n<h3 class=\"rank-math-question \">\u00bfQu\u00e9 es la cosmetolog\u00eda al vac\u00edo?<\/h3>\n<div class=\"rank-math-answer \">\n\n<p>Se refiere a los procedimientos cosm\u00e9ticos que utilizan dispositivos de succi\u00f3n para estimular la piel y los tejidos subyacentes.<\/p>\n\n<\/div>\n<\/div>\n<div id=\"faq-question-1685706396940\" class=\"rank-math-list-item\">\n<h3 class=\"rank-math-question \">\u00bfQu\u00e9 es el masaje de vac\u00edo?<\/h3>\n<div class=\"rank-math-answer \">\n\n<p>Tambi\u00e9n conocido como masaje de succi\u00f3n o masaje con ventosas, es una t\u00e9cnica terap\u00e9utica que consiste en utilizar ventosas sobre la piel para crear un efecto de vac\u00edo.<\/p>\n\n<\/div>\n<\/div>\n<div id=\"faq-question-1685706397946\" class=\"rank-math-list-item\">\n<h3 class=\"rank-math-question \">\u00bfQu\u00e9 es la limpieza facial al vac\u00edo?<\/h3>\n<div class=\"rank-math-answer \">\n\n<p>Tambi\u00e9n conocida como limpieza de poros, es una t\u00e9cnica de cuidado de la piel que utiliza un dispositivo de succi\u00f3n para eliminar impurezas, como suciedad, grasa y residuos, de los poros de la piel.<\/p>\n\n<\/div>\n<\/div>\n<\/div>\n<\/div>\n<p><\/p>\n\n<h3 class=\"wp-block-heading\">P\u00f3ngase en contacto con nosotros si tiene alguna pregunta.<\/h3>\n","protected":false},"excerpt":{"rendered":"<p>Hay tipos de cosmetolog\u00eda de hardware de vac\u00edo para sus deseos. Todo lo que necesita saber sobre la cosmetolog\u00eda ferretera, [&hellip;]<\/p>\n","protected":false},"author":4,"featured_media":161610,"parent":0,"menu_order":0,"comment_status":"closed","ping_status":"closed","template":"","meta":{"site-sidebar-layout":"default","site-content-layout":"","ast-site-content-layout":"default","site-content-style":"default","site-sidebar-style":"default","ast-global-header-display":"","ast-banner-title-visibility":"","ast-main-header-display":"","ast-hfb-above-header-display":"","ast-hfb-below-header-display":"","ast-hfb-mobile-header-display":"","site-post-title":"","ast-breadcrumbs-content":"","ast-featured-img":"","footer-sml-layout":"","ast-disable-related-posts":"","theme-transparent-header-meta":"","adv-header-id-meta":"","stick-header-meta":"","header-above-stick-meta":"","header-main-stick-meta":"","header-below-stick-meta":"","astra-migrate-meta-layouts":"default","ast-page-background-enabled":"default","ast-page-background-meta":{"desktop":{"background-color":"var(--ast-global-color-4)","background-image":"","background-repeat":"repeat","background-position":"center center","background-size":"auto","background-attachment":"scroll","background-type":"","background-media":"","overlay-type":"","overlay-color":"","overlay-opacity":"","overlay-gradient":""},"tablet":{"background-color":"","background-image":"","background-repeat":"repeat","background-position":"center center","background-size":"auto","background-attachment":"scroll","background-type":"","background-media":"","overlay-type":"","overlay-color":"","overlay-opacity":"","overlay-gradient":""},"mobile":{"background-color":"","background-image":"","background-repeat":"repeat","background-position":"center center","background-size":"auto","background-attachment":"scroll","background-type":"","background-media":"","overlay-type":"","overlay-color":"","overlay-opacity":"","overlay-gradient":""}},"ast-content-background-meta":{"desktop":{"background-color":"var(--ast-global-color-5)","background-image":"","background-repeat":"repeat","background-position":"center center","background-size":"auto","background-attachment":"scroll","background-type":"","background-media":"","overlay-type":"","overlay-color":"","overlay-opacity":"","overlay-gradient":""},"tablet":{"background-color":"var(--ast-global-color-5)","background-image":"","background-repeat":"repeat","background-position":"center center","background-size":"auto","background-attachment":"scroll","background-type":"","background-media":"","overlay-type":"","overlay-color":"","overlay-opacity":"","overlay-gradient":""},"mobile":{"background-color":"var(--ast-global-color-5)","background-image":"","background-repeat":"repeat","background-position":"center center","background-size":"auto","background-attachment":"scroll","background-type":"","background-media":"","overlay-type":"","overlay-color":"","overlay-opacity":"","overlay-gradient":""}},"footnotes":""},"class_list":["post-147778","page","type-page","status-publish","has-post-thumbnail","hentry"],"_links":{"self":[{"href":"https:\/\/medclinics.com\/es\/wp-json\/wp\/v2\/pages\/147778","targetHints":{"allow":["GET"]}}],"collection":[{"href":"https:\/\/medclinics.com\/es\/wp-json\/wp\/v2\/pages"}],"about":[{"href":"https:\/\/medclinics.com\/es\/wp-json\/wp\/v2\/types\/page"}],"author":[{"embeddable":true,"href":"https:\/\/medclinics.com\/es\/wp-json\/wp\/v2\/users\/4"}],"replies":[{"embeddable":true,"href":"https:\/\/medclinics.com\/es\/wp-json\/wp\/v2\/comments?post=147778"}],"version-history":[{"count":0,"href":"https:\/\/medclinics.com\/es\/wp-json\/wp\/v2\/pages\/147778\/revisions"}],"wp:featuredmedia":[{"embeddable":true,"href":"https:\/\/medclinics.com\/es\/wp-json\/wp\/v2\/media\/161610"}],"wp:attachment":[{"href":"https:\/\/medclinics.com\/es\/wp-json\/wp\/v2\/media?parent=147778"}],"curies":[{"name":"wp","href":"https:\/\/api.w.org\/{rel}","templated":true}]}}