{"id":147772,"date":"2023-06-02T20:33:17","date_gmt":"2023-06-02T17:33:17","guid":{"rendered":"https:\/\/medclinics.com\/relex-smile-extraccion-de-lenticulas-con-incision-pequena\/"},"modified":"2025-01-02T23:57:21","modified_gmt":"2025-01-02T20:57:21","slug":"relex-smile-extraccion-de-lenticulas-con-incision-pequena","status":"publish","type":"page","link":"https:\/\/medclinics.com\/es\/relex-smile-extraccion-de-lenticulas-con-incision-pequena\/","title":{"rendered":"ReLEx SMILE (Extracci\u00f3n de lent\u00edculas con incisi\u00f3n peque\u00f1a)"},"content":{"rendered":"\n<h2 class=\"wp-block-heading\">Si busca un tratamiento con el que pueda ver todos los detalles sin utilizar lentillas, ReLEx SMILE (Small Incision Lenticule Extraction) es exactamente lo que necesita.<\/h2>\n\n<p>En el procedimiento <a href=\"https:\/\/en.wikipedia.org\/wiki\/Small_incision_lenticule_extraction\" target=\"_blank\" data-type=\"URL\" data-id=\"https:\/\/en.wikipedia.org\/wiki\/Small_incision_lenticule_extraction\" rel=\"noreferrer noopener\">SMILE<\/a>, el cirujano utiliza un l\u00e1ser de femtosegundo para crear un peque\u00f1o trozo de tejido en forma de lente (lent\u00edculo) dentro de la c\u00f3rnea.  <\/p>\n\n<p>A continuaci\u00f3n, con el mismo l\u00e1ser, se practica una peque\u00f1a incisi\u00f3n en forma de arco en la superficie de la c\u00f3rnea. El cirujano extrae el lent\u00edculo a trav\u00e9s de esta incisi\u00f3n y lo desecha. <\/p>\n\n<p>Ventajas del m\u00e9todo: esta operaci\u00f3n est\u00e1 indicada incluso para aquellos que no pueden hacer LASIK, pacientes con s\u00edndrome de ojo seco. El tama\u00f1o de una sola incisi\u00f3n es de 2-4 mm. <\/p>\n\n<p>El tiempo de funcionamiento del l\u00e1ser es de 25 segundos, y la recuperaci\u00f3n tras la operaci\u00f3n es de 24 horas.<\/p>\n\n<h3 class=\"wp-block-heading\"><a href=\"https:\/\/medclinics.com\/wp-admin\/post.php?post=93896&amp;action=edit#requestform\">P\u00f3ngase en contacto con nosotros<\/a> para saber todo lo que necesita saber sobre el <a href=\"https:\/\/medclinics.com\/es\/laser-ocular\/\" target=\"_blank\" rel=\"noreferrer noopener\">l\u00e1ser ocular<\/a>.<\/h3>\n\n<figure class=\"wp-block-image size-full\"><img fetchpriority=\"high\" decoding=\"async\" width=\"960\" height=\"540\" src=\"https:\/\/medclinics.com\/wp-content\/uploads\/2023\/07\/relex-smile-small-incision-lenticule-extraction.jpg\" alt=\"ReLEx SMILE \/ Extracci&#xF3;n de l&#xE9;ntulos con incisi&#xF3;n peque&#xF1;a cerca de m&#xED; Estambul Turqu&#xED;a\" class=\"wp-image-98305\" srcset=\"https:\/\/medclinics.com\/wp-content\/uploads\/2023\/07\/relex-smile-small-incision-lenticule-extraction.jpg 960w, https:\/\/medclinics.com\/wp-content\/uploads\/2023\/07\/relex-smile-small-incision-lenticule-extraction-500x281.jpg 500w, https:\/\/medclinics.com\/wp-content\/uploads\/2023\/07\/relex-smile-small-incision-lenticule-extraction-768x432.jpg 768w, https:\/\/medclinics.com\/wp-content\/uploads\/2023\/07\/relex-smile-small-incision-lenticule-extraction-24x14.jpg 24w, https:\/\/medclinics.com\/wp-content\/uploads\/2023\/07\/relex-smile-small-incision-lenticule-extraction-36x20.jpg 36w, https:\/\/medclinics.com\/wp-content\/uploads\/2023\/07\/relex-smile-small-incision-lenticule-extraction-48x27.jpg 48w\" sizes=\"(max-width: 960px) 100vw, 960px\" \/><\/figure>\n\n<h3 class=\"wp-block-heading\">PREGUNTAS FRECUENTES<\/h3>\n<div id=\"rank-math-faq\" class=\"rank-math-block\">\n<div class=\"rank-math-list \">\n<div id=\"faq-question-1685737109630\" class=\"rank-math-list-item\">\n<h3 class=\"rank-math-question \">\u00bfQu\u00e9 es la extracci\u00f3n de lent\u00edculos con incisi\u00f3n peque\u00f1a?<\/h3>\n<div class=\"rank-math-answer \">\n\n<p>SMILE es un tipo de cirug\u00eda refractiva que corrige la miop\u00eda y el astigmatismo. Es una alternativa a procedimientos como LASIK y PRK.<\/p>\n\n<\/div>\n<\/div>\n<div id=\"faq-question-1685737199515\" class=\"rank-math-list-item\">\n<h3 class=\"rank-math-question \">\u00bfCu\u00e1nto tarda en cicatrizar la incisi\u00f3n SMILE?<\/h3>\n<div class=\"rank-math-answer \">\n\n<p>El procedimiento SMILE (Small Incision Lenticule Extraction) suele tardar entre 3 y 5 d\u00edas en curar completamente. Durante este tiempo, la capa m\u00e1s externa de la c\u00f3rnea (epitelio) se regenera y cualquier molestia o sensibilidad disminuye gradualmente. La mayor\u00eda de los pacientes experimentan una mejora significativa de la visi\u00f3n en la primera semana, con una mejora visual continuada en las semanas siguientes. La c\u00f3rnea se estabiliza al cabo de unos meses, y las citas peri\u00f3dicas de seguimiento ayudan a controlar el proceso de cicatrizaci\u00f3n.<\/p>\n\n<\/div>\n<\/div>\n<div id=\"faq-question-1685737200559\" class=\"rank-math-list-item\">\n<h3 class=\"rank-math-question \">\u00bfPuede salir mal la cirug\u00eda SMILE?<\/h3>\n<div class=\"rank-math-answer \">\n\n<p>Como cualquier intervenci\u00f3n quir\u00fargica, la cirug\u00eda SMILE puede tener riesgos y complicaciones potenciales, pero son poco frecuentes. Para minimizar los riesgos, es importante elegir un cirujano experimentado.<\/p>\n\n<\/div>\n<\/div>\n<div id=\"faq-question-1685737202194\" class=\"rank-math-list-item\">\n<h3 class=\"rank-math-question \">\u00bfEs segura la extracci\u00f3n de lent\u00edculos con incisi\u00f3n peque\u00f1a?<\/h3>\n<div class=\"rank-math-answer \">\n\n<p>S\u00ed, la extracci\u00f3n de l\u00e9ntulos por incisi\u00f3n peque\u00f1a (SMILE) se considera generalmente segura.<\/p>\n\n<\/div>\n<\/div>\n<\/div>\n<\/div>\n<p><\/p>\n\n<h3 class=\"wp-block-heading\">P\u00f3ngase en contacto con nosotros si tiene alguna pregunta.<\/h3>\n","protected":false},"excerpt":{"rendered":"<p>Si busca un tratamiento con el que pueda ver todos los detalles sin utilizar lentillas, ReLEx SMILE (Small Incision Lenticule [&hellip;]<\/p>\n","protected":false},"author":4,"featured_media":93897,"parent":0,"menu_order":0,"comment_status":"closed","ping_status":"closed","template":"","meta":{"site-sidebar-layout":"default","site-content-layout":"","ast-site-content-layout":"default","site-content-style":"default","site-sidebar-style":"default","ast-global-header-display":"","ast-banner-title-visibility":"","ast-main-header-display":"","ast-hfb-above-header-display":"","ast-hfb-below-header-display":"","ast-hfb-mobile-header-display":"","site-post-title":"","ast-breadcrumbs-content":"","ast-featured-img":"","footer-sml-layout":"","ast-disable-related-posts":"","theme-transparent-header-meta":"","adv-header-id-meta":"","stick-header-meta":"","header-above-stick-meta":"","header-main-stick-meta":"","header-below-stick-meta":"","astra-migrate-meta-layouts":"default","ast-page-background-enabled":"default","ast-page-background-meta":{"desktop":{"background-color":"var(--ast-global-color-4)","background-image":"","background-repeat":"repeat","background-position":"center center","background-size":"auto","background-attachment":"scroll","background-type":"","background-media":"","overlay-type":"","overlay-color":"","overlay-opacity":"","overlay-gradient":""},"tablet":{"background-color":"","background-image":"","background-repeat":"repeat","background-position":"center center","background-size":"auto","background-attachment":"scroll","background-type":"","background-media":"","overlay-type":"","overlay-color":"","overlay-opacity":"","overlay-gradient":""},"mobile":{"background-color":"","background-image":"","background-repeat":"repeat","background-position":"center center","background-size":"auto","background-attachment":"scroll","background-type":"","background-media":"","overlay-type":"","overlay-color":"","overlay-opacity":"","overlay-gradient":""}},"ast-content-background-meta":{"desktop":{"background-color":"var(--ast-global-color-5)","background-image":"","background-repeat":"repeat","background-position":"center center","background-size":"auto","background-attachment":"scroll","background-type":"","background-media":"","overlay-type":"","overlay-color":"","overlay-opacity":"","overlay-gradient":""},"tablet":{"background-color":"var(--ast-global-color-5)","background-image":"","background-repeat":"repeat","background-position":"center center","background-size":"auto","background-attachment":"scroll","background-type":"","background-media":"","overlay-type":"","overlay-color":"","overlay-opacity":"","overlay-gradient":""},"mobile":{"background-color":"var(--ast-global-color-5)","background-image":"","background-repeat":"repeat","background-position":"center center","background-size":"auto","background-attachment":"scroll","background-type":"","background-media":"","overlay-type":"","overlay-color":"","overlay-opacity":"","overlay-gradient":""}},"footnotes":""},"class_list":["post-147772","page","type-page","status-publish","has-post-thumbnail","hentry"],"_links":{"self":[{"href":"https:\/\/medclinics.com\/es\/wp-json\/wp\/v2\/pages\/147772","targetHints":{"allow":["GET"]}}],"collection":[{"href":"https:\/\/medclinics.com\/es\/wp-json\/wp\/v2\/pages"}],"about":[{"href":"https:\/\/medclinics.com\/es\/wp-json\/wp\/v2\/types\/page"}],"author":[{"embeddable":true,"href":"https:\/\/medclinics.com\/es\/wp-json\/wp\/v2\/users\/4"}],"replies":[{"embeddable":true,"href":"https:\/\/medclinics.com\/es\/wp-json\/wp\/v2\/comments?post=147772"}],"version-history":[{"count":0,"href":"https:\/\/medclinics.com\/es\/wp-json\/wp\/v2\/pages\/147772\/revisions"}],"wp:featuredmedia":[{"embeddable":true,"href":"https:\/\/medclinics.com\/es\/wp-json\/wp\/v2\/media\/93897"}],"wp:attachment":[{"href":"https:\/\/medclinics.com\/es\/wp-json\/wp\/v2\/media?parent=147772"}],"curies":[{"name":"wp","href":"https:\/\/api.w.org\/{rel}","templated":true}]}}