{"id":147724,"date":"2023-06-02T13:41:02","date_gmt":"2023-06-02T10:41:02","guid":{"rendered":"https:\/\/medclinics.com\/ozonoterapia\/"},"modified":"2024-04-14T23:03:34","modified_gmt":"2024-04-14T20:03:34","slug":"ozonoterapia","status":"publish","type":"page","link":"https:\/\/medclinics.com\/es\/ozonoterapia\/","title":{"rendered":"Ozonoterapia"},"content":{"rendered":"\n<h2 class=\"wp-block-heading\">El m\u00e9dico seleccionar\u00e1 la ozonoterapia si es su tratamiento adecuado.<\/h2>\n\n<p>La ozonoterapia es un procedimiento fisioterap\u00e9utico que satura de ox\u00edgeno los tejidos, refuerza el sistema inmunitario, activa los mecanismos de defensa del organismo, mejora el metabolismo y alivia el dolor. Alivia la diabetes, el asma y las dolencias articulares y de espalda.  <\/p>\n\n<p>Ayuda a prevenir las enfermedades v\u00edricas estacionales. Se utiliza como desinfectante, incluso externamente, inyectado en las articulaciones y el tejido subcut\u00e1neo en forma pura y en el torrente sangu\u00edneo mezclado con soluci\u00f3n salina y\/o la sangre del paciente.  <\/p>\n\n<p>Se utiliza mucho en cosmetolog\u00eda. La finalidad puede ser el tratamiento de las estr\u00edas de la piel, la reducci\u00f3n de las arrugas faciales, el tratamiento de la piel problem\u00e1tica, la eliminaci\u00f3n de la celulitis o el exceso de grasa.<\/p>\n\n<figure class=\"wp-block-image size-full\"><img fetchpriority=\"high\" decoding=\"async\" width=\"780\" height=\"488\" src=\"https:\/\/medclinics.com\/wp-content\/uploads\/2024\/04\/ozone-therapy-treatmen-beauty-salon.jpg\" alt=\"ozonoterapia-tratamiento-sal&#xF3;n de belleza Estambul\" class=\"wp-image-161255\" srcset=\"https:\/\/medclinics.com\/wp-content\/uploads\/2024\/04\/ozone-therapy-treatmen-beauty-salon.jpg 780w, https:\/\/medclinics.com\/wp-content\/uploads\/2024\/04\/ozone-therapy-treatmen-beauty-salon-300x188.jpg 300w, https:\/\/medclinics.com\/wp-content\/uploads\/2024\/04\/ozone-therapy-treatmen-beauty-salon-768x480.jpg 768w\" sizes=\"(max-width: 780px) 100vw, 780px\" \/><\/figure>\n\n<h3 class=\"wp-block-heading\">Todo lo que necesitas saber sobre la <a href=\"https:\/\/medclinics.com\/es\/ferreteria-cosmetologia\/\" target=\"_blank\" rel=\"noreferrer noopener\">cosmetolog\u00eda ferretera<\/a>, incluido el proceso de postratamiento y mucho m\u00e1s, \u00a1o <a href=\"#requestform\">ponte en contacto con nosotros<\/a>!<\/h3>\n\n<h3 class=\"wp-block-heading\">PREGUNTAS FRECUENTES<\/h3>\n<div id=\"rank-math-faq\" class=\"rank-math-block\">\n<div class=\"rank-math-list \">\n<div id=\"faq-question-1685712036238\" class=\"rank-math-list-item\">\n<h3 class=\"rank-math-question \">\u00bfQu\u00e9 es la ozonoterapia?<\/h3>\n<div class=\"rank-math-answer \">\n\n<p>La <a href=\"\/\/en.wikipedia.org\/wiki\/Ozone_therapyu0022\">ozonoterapia<\/a> es un tratamiento m\u00e9dico que consiste en la administraci\u00f3n de gas ozono al organismo para promover diversos efectos terap\u00e9uticos. Se cree que mejora la utilizaci\u00f3n del ox\u00edgeno, aumenta la circulaci\u00f3n, refuerza el sistema inmunitario y estimula la funci\u00f3n celular.<\/p>\n\n<\/div>\n<\/div>\n<div id=\"faq-question-1685712060848\" class=\"rank-math-list-item\">\n<h3 class=\"rank-math-question \">\u00bfPara qu\u00e9 sirve la ozonoterapia?<\/h3>\n<div class=\"rank-math-answer \">\n\n<p>Se utiliza para diversos fines en el \u00e1mbito de la asistencia sanitaria. Entre ellas figuran la cicatrizaci\u00f3n de heridas, las infecciones, el tratamiento del dolor, el apoyo al sistema inmunitario, las enfermedades cr\u00f3nicas y las aplicaciones dentales.<\/p>\n\n<\/div>\n<\/div>\n<div id=\"faq-question-1685712268589\" class=\"rank-math-list-item\">\n<h3 class=\"rank-math-question \">\u00bfEs segura la ozonoterapia?<\/h3>\n<div class=\"rank-math-answer \">\n\n<p>S\u00ed, pero como cualquier tratamiento m\u00e9dico, existen riesgos potenciales y efectos secundarios. Algunas personas pueden experimentar efectos secundarios leves como tos, irritaci\u00f3n de garganta o peque\u00f1as reacciones cut\u00e1neas.<\/p>\n\n<\/div>\n<\/div>\n<div id=\"faq-question-1685712306178\" class=\"rank-math-list-item\">\n<h3 class=\"rank-math-question \">\u00bfEs eficaz la ozonoterapia?<\/h3>\n<div class=\"rank-math-answer \">\n\n<p>Ha mostrado resultados prometedores en algunos casos, como la cicatrizaci\u00f3n de heridas, el tratamiento de ciertas infecciones y el alivio del dolor. Se cree que act\u00faa aumentando los niveles de ox\u00edgeno, estimulando el sistema inmunitario y reduciendo la inflamaci\u00f3n.<\/p>\n\n<\/div>\n<\/div>\n<\/div>\n<\/div>\n<p><\/p>\n\n<h3 class=\"wp-block-heading\">P\u00f3ngase en contacto con nosotros si tiene alguna pregunta.<\/h3>\n","protected":false},"excerpt":{"rendered":"<p>El m\u00e9dico seleccionar\u00e1 la ozonoterapia si es su tratamiento adecuado. La ozonoterapia es un procedimiento fisioterap\u00e9utico que satura de ox\u00edgeno [&hellip;]<\/p>\n","protected":false},"author":4,"featured_media":161260,"parent":0,"menu_order":0,"comment_status":"closed","ping_status":"closed","template":"","meta":{"site-sidebar-layout":"default","site-content-layout":"","ast-site-content-layout":"default","site-content-style":"default","site-sidebar-style":"default","ast-global-header-display":"","ast-banner-title-visibility":"","ast-main-header-display":"","ast-hfb-above-header-display":"","ast-hfb-below-header-display":"","ast-hfb-mobile-header-display":"","site-post-title":"","ast-breadcrumbs-content":"","ast-featured-img":"","footer-sml-layout":"","ast-disable-related-posts":"","theme-transparent-header-meta":"","adv-header-id-meta":"","stick-header-meta":"","header-above-stick-meta":"","header-main-stick-meta":"","header-below-stick-meta":"","astra-migrate-meta-layouts":"default","ast-page-background-enabled":"default","ast-page-background-meta":{"desktop":{"background-color":"var(--ast-global-color-4)","background-image":"","background-repeat":"repeat","background-position":"center center","background-size":"auto","background-attachment":"scroll","background-type":"","background-media":"","overlay-type":"","overlay-color":"","overlay-opacity":"","overlay-gradient":""},"tablet":{"background-color":"","background-image":"","background-repeat":"repeat","background-position":"center center","background-size":"auto","background-attachment":"scroll","background-type":"","background-media":"","overlay-type":"","overlay-color":"","overlay-opacity":"","overlay-gradient":""},"mobile":{"background-color":"","background-image":"","background-repeat":"repeat","background-position":"center center","background-size":"auto","background-attachment":"scroll","background-type":"","background-media":"","overlay-type":"","overlay-color":"","overlay-opacity":"","overlay-gradient":""}},"ast-content-background-meta":{"desktop":{"background-color":"var(--ast-global-color-5)","background-image":"","background-repeat":"repeat","background-position":"center center","background-size":"auto","background-attachment":"scroll","background-type":"","background-media":"","overlay-type":"","overlay-color":"","overlay-opacity":"","overlay-gradient":""},"tablet":{"background-color":"var(--ast-global-color-5)","background-image":"","background-repeat":"repeat","background-position":"center center","background-size":"auto","background-attachment":"scroll","background-type":"","background-media":"","overlay-type":"","overlay-color":"","overlay-opacity":"","overlay-gradient":""},"mobile":{"background-color":"var(--ast-global-color-5)","background-image":"","background-repeat":"repeat","background-position":"center center","background-size":"auto","background-attachment":"scroll","background-type":"","background-media":"","overlay-type":"","overlay-color":"","overlay-opacity":"","overlay-gradient":""}},"footnotes":""},"class_list":["post-147724","page","type-page","status-publish","has-post-thumbnail","hentry"],"_links":{"self":[{"href":"https:\/\/medclinics.com\/es\/wp-json\/wp\/v2\/pages\/147724","targetHints":{"allow":["GET"]}}],"collection":[{"href":"https:\/\/medclinics.com\/es\/wp-json\/wp\/v2\/pages"}],"about":[{"href":"https:\/\/medclinics.com\/es\/wp-json\/wp\/v2\/types\/page"}],"author":[{"embeddable":true,"href":"https:\/\/medclinics.com\/es\/wp-json\/wp\/v2\/users\/4"}],"replies":[{"embeddable":true,"href":"https:\/\/medclinics.com\/es\/wp-json\/wp\/v2\/comments?post=147724"}],"version-history":[{"count":0,"href":"https:\/\/medclinics.com\/es\/wp-json\/wp\/v2\/pages\/147724\/revisions"}],"wp:featuredmedia":[{"embeddable":true,"href":"https:\/\/medclinics.com\/es\/wp-json\/wp\/v2\/media\/161260"}],"wp:attachment":[{"href":"https:\/\/medclinics.com\/es\/wp-json\/wp\/v2\/media?parent=147724"}],"curies":[{"name":"wp","href":"https:\/\/api.w.org\/{rel}","templated":true}]}}