{"id":147718,"date":"2023-06-02T14:37:03","date_gmt":"2023-06-02T11:37:03","guid":{"rendered":"https:\/\/medclinics.com\/lasik-queratomileusis-laser\/"},"modified":"2025-01-02T16:30:46","modified_gmt":"2025-01-02T13:30:46","slug":"lasik-queratomileusis-laser","status":"publish","type":"page","link":"https:\/\/medclinics.com\/es\/lasik-queratomileusis-laser\/","title":{"rendered":"LASIK (queratomileusis l\u00e1ser)"},"content":{"rendered":"\n<h2 class=\"wp-block-heading\">Si busca una forma de ver todo con claridad, el LASIK (queratomileusis l\u00e1ser) puede ser la soluci\u00f3n perfecta.<\/h2>\n\n<p>Este procedimiento s\u00f3lo dura entre 10 y 15 minutos. En una primera fase, mediante un microqueratomo mec\u00e1nico especial, se separa la capa superficial de la c\u00f3rnea, una especie de colgajo corneal, tras lo cual el l\u00e1ser excimer act\u00faa sobre las capas internas de la c\u00f3rnea, modificando su forma. <\/p>\n\n<p>Con cada pulso, elimina una capa de aproximadamente 1\/500 del grosor de un cabello humano: tal precisi\u00f3n permite lograr el resultado de correcci\u00f3n perfecto. Al final del procedimiento, el colgajo corneal se coloca en su sitio y se autosella de forma fiable, adoptando la curvatura deseada. <\/p>\n\n<p>Ventajas del m\u00e9todo: antes de la invenci\u00f3n de esta t\u00e9cnica, la correcci\u00f3n l\u00e1ser se realizaba sin separaci\u00f3n del colgajo, la evaporaci\u00f3n del tejido se llevaba a cabo desde la capa externa de la c\u00f3rnea. El proceso de curaci\u00f3n tras estos procedimientos era bastante largo y doloroso. <\/p>\n\n<p>Ventajas de la correcci\u00f3n l\u00e1ser <a href=\"https:\/\/tr.wikipedia.org\/wiki\/LASIK\" target=\"_blank\" rel=\"noreferrer noopener\">LASIK<\/a>: los resultados son perfectamente predecibles y estables, el periodo de rehabilitaci\u00f3n es corto, el procedimiento es casi indoloro, las molestias durante el periodo de recuperaci\u00f3n son m\u00ednimas. La correcci\u00f3n con l\u00e1ser seg\u00fan la t\u00e9cnica LASIK se realiz\u00f3 por primera vez en 1989 y sigue siendo la m\u00e1s popular en todo el mundo hasta la fecha.<\/p>\n\n<h3 class=\"wp-block-heading\">Todo lo que necesita saber sobre el <a href=\"https:\/\/medclinics.com\/es\/laser-ocular\/\" target=\"_blank\" rel=\"noreferrer noopener\">l\u00e1ser ocular<\/a>, incluidos los cuidados postoperatorios y el proceso de cicatrizaci\u00f3n, o p\u00f3ngase <a href=\"#requestform\">en contacto con nosotros<\/a>.<\/h3>\n\n<figure class=\"wp-block-image size-full\"><img fetchpriority=\"high\" decoding=\"async\" width=\"960\" height=\"540\" src=\"https:\/\/medclinics.com\/wp-content\/uploads\/2023\/07\/lasik-laser-keratomileusis-near-me.jpg\" alt=\"LASIK (Queratomileusis L&#xE1;ser) Cerca de M&#xED; Estambul Turqu&#xED;a\" class=\"wp-image-98346\" srcset=\"https:\/\/medclinics.com\/wp-content\/uploads\/2023\/07\/lasik-laser-keratomileusis-near-me.jpg 960w, https:\/\/medclinics.com\/wp-content\/uploads\/2023\/07\/lasik-laser-keratomileusis-near-me-500x281.jpg 500w, https:\/\/medclinics.com\/wp-content\/uploads\/2023\/07\/lasik-laser-keratomileusis-near-me-768x432.jpg 768w, https:\/\/medclinics.com\/wp-content\/uploads\/2023\/07\/lasik-laser-keratomileusis-near-me-24x14.jpg 24w, https:\/\/medclinics.com\/wp-content\/uploads\/2023\/07\/lasik-laser-keratomileusis-near-me-36x20.jpg 36w, https:\/\/medclinics.com\/wp-content\/uploads\/2023\/07\/lasik-laser-keratomileusis-near-me-48x27.jpg 48w\" sizes=\"(max-width: 960px) 100vw, 960px\" \/><\/figure>\n\n<h2 class=\"wp-block-heading\">PREGUNTAS FRECUENTES <\/h2>\n<div id=\"rank-math-faq\" class=\"rank-math-block\">\n<div class=\"rank-math-list \">\n<div id=\"faq-question-1685715802101\" class=\"rank-math-list-item\">\n<h3 class=\"rank-math-question \">\u00bfQu\u00e9 es la cirug\u00eda ocular LASIK?<\/h3>\n<div class=\"rank-math-answer \">\n\n<p>La queratomileusis in situ asistida por l\u00e1ser es un procedimiento quir\u00fargico utilizado para corregir problemas de visi\u00f3n como la miop\u00eda, la hipermetrop\u00eda y el astigmatismo. Consiste en utilizar un l\u00e1ser para remodelar la c\u00f3rnea, la superficie frontal transparente del ojo, con el fin de mejorar la forma en que la luz entra en el ojo y se centra en la retina.<\/p>\n\n<\/div>\n<\/div>\n<div id=\"faq-question-1685715800769\" class=\"rank-math-list-item\">\n<h3 class=\"rank-math-question \">\u00bfC\u00f3mo se realiza la cirug\u00eda LASIK?<\/h3>\n<div class=\"rank-math-answer \">\n\n<p>La cirug\u00eda LASIK consiste en anestesiar el ojo con gotas, crear un delgado colgajo corneal, utilizar un l\u00e1ser para remodelar la c\u00f3rnea y recolocar el colgajo. El procedimiento suele durar entre 10 y 15 minutos por ojo.<\/p>\n\n<\/div>\n<\/div>\n<div id=\"faq-question-1685715644895\" class=\"rank-math-list-item\">\n<h3 class=\"rank-math-question \">\u00bfEs segura la cirug\u00eda lasik?<\/h3>\n<div class=\"rank-math-answer \">\n\n<p>En general, la cirug\u00eda LASIK se considera segura y tiene un alto \u00edndice de \u00e9xito.<\/p>\n\n<\/div>\n<\/div>\n<div id=\"faq-question-1685715705877\" class=\"rank-math-list-item\">\n<h3 class=\"rank-math-question \">\u00bfMerece la pena arriesgarse con la cirug\u00eda LASIK?<\/h3>\n<div class=\"rank-math-answer \">\n\n<p>S\u00ed, puede merecer la pena el riesgo para las personas que han hablado a fondo del procedimiento con su oftalm\u00f3logo. Deben comprender los riesgos potenciales y tener un fuerte deseo de reducir o eliminar su dependencia de las gafas o lentes de contacto.<\/p>\n\n<\/div>\n<\/div>\n<\/div>\n<\/div>\n<p><\/p>\n\n<h3 class=\"wp-block-heading\">P\u00f3ngase en contacto con nosotros si tiene alguna pregunta.<\/h3>\n","protected":false},"excerpt":{"rendered":"<p>Si busca una forma de ver todo con claridad, el LASIK (queratomileusis l\u00e1ser) puede ser la soluci\u00f3n perfecta. Este procedimiento [&hellip;]<\/p>\n","protected":false},"author":4,"featured_media":93684,"parent":0,"menu_order":0,"comment_status":"closed","ping_status":"closed","template":"","meta":{"site-sidebar-layout":"default","site-content-layout":"","ast-site-content-layout":"default","site-content-style":"default","site-sidebar-style":"default","ast-global-header-display":"","ast-banner-title-visibility":"","ast-main-header-display":"","ast-hfb-above-header-display":"","ast-hfb-below-header-display":"","ast-hfb-mobile-header-display":"","site-post-title":"","ast-breadcrumbs-content":"","ast-featured-img":"","footer-sml-layout":"","ast-disable-related-posts":"","theme-transparent-header-meta":"","adv-header-id-meta":"","stick-header-meta":"","header-above-stick-meta":"","header-main-stick-meta":"","header-below-stick-meta":"","astra-migrate-meta-layouts":"default","ast-page-background-enabled":"default","ast-page-background-meta":{"desktop":{"background-color":"var(--ast-global-color-4)","background-image":"","background-repeat":"repeat","background-position":"center center","background-size":"auto","background-attachment":"scroll","background-type":"","background-media":"","overlay-type":"","overlay-color":"","overlay-opacity":"","overlay-gradient":""},"tablet":{"background-color":"","background-image":"","background-repeat":"repeat","background-position":"center center","background-size":"auto","background-attachment":"scroll","background-type":"","background-media":"","overlay-type":"","overlay-color":"","overlay-opacity":"","overlay-gradient":""},"mobile":{"background-color":"","background-image":"","background-repeat":"repeat","background-position":"center center","background-size":"auto","background-attachment":"scroll","background-type":"","background-media":"","overlay-type":"","overlay-color":"","overlay-opacity":"","overlay-gradient":""}},"ast-content-background-meta":{"desktop":{"background-color":"var(--ast-global-color-5)","background-image":"","background-repeat":"repeat","background-position":"center center","background-size":"auto","background-attachment":"scroll","background-type":"","background-media":"","overlay-type":"","overlay-color":"","overlay-opacity":"","overlay-gradient":""},"tablet":{"background-color":"var(--ast-global-color-5)","background-image":"","background-repeat":"repeat","background-position":"center center","background-size":"auto","background-attachment":"scroll","background-type":"","background-media":"","overlay-type":"","overlay-color":"","overlay-opacity":"","overlay-gradient":""},"mobile":{"background-color":"var(--ast-global-color-5)","background-image":"","background-repeat":"repeat","background-position":"center center","background-size":"auto","background-attachment":"scroll","background-type":"","background-media":"","overlay-type":"","overlay-color":"","overlay-opacity":"","overlay-gradient":""}},"footnotes":""},"class_list":["post-147718","page","type-page","status-publish","has-post-thumbnail","hentry"],"_links":{"self":[{"href":"https:\/\/medclinics.com\/es\/wp-json\/wp\/v2\/pages\/147718","targetHints":{"allow":["GET"]}}],"collection":[{"href":"https:\/\/medclinics.com\/es\/wp-json\/wp\/v2\/pages"}],"about":[{"href":"https:\/\/medclinics.com\/es\/wp-json\/wp\/v2\/types\/page"}],"author":[{"embeddable":true,"href":"https:\/\/medclinics.com\/es\/wp-json\/wp\/v2\/users\/4"}],"replies":[{"embeddable":true,"href":"https:\/\/medclinics.com\/es\/wp-json\/wp\/v2\/comments?post=147718"}],"version-history":[{"count":0,"href":"https:\/\/medclinics.com\/es\/wp-json\/wp\/v2\/pages\/147718\/revisions"}],"wp:featuredmedia":[{"embeddable":true,"href":"https:\/\/medclinics.com\/es\/wp-json\/wp\/v2\/media\/93684"}],"wp:attachment":[{"href":"https:\/\/medclinics.com\/es\/wp-json\/wp\/v2\/media?parent=147718"}],"curies":[{"name":"wp","href":"https:\/\/api.w.org\/{rel}","templated":true}]}}