{"id":147716,"date":"2023-06-02T15:09:35","date_gmt":"2023-06-02T12:09:35","guid":{"rendered":"https:\/\/medclinics.com\/custom-vue-super-lasik-5\/"},"modified":"2025-01-02T14:36:21","modified_gmt":"2025-01-02T11:36:21","slug":"custom-vue-super-lasik-5","status":"publish","type":"page","link":"https:\/\/medclinics.com\/es\/custom-vue-super-lasik-5\/","title":{"rendered":"Custom Vue &#8211; Super LASIK"},"content":{"rendered":"\n<h2 class=\"wp-block-heading\">Si busca una forma de mejorar su calidad visual, Custom Vue, Super LASIK puede ser la mejor soluci\u00f3n.<\/h2>\n\n<p>Una caracter\u00edstica de este m\u00e9todo es la correcci\u00f3n m\u00e1s precisa de la forma de la c\u00f3rnea a partir de los datos obtenidos mediante el an\u00e1lisis aberrom\u00e9trico preliminar, que tiene en cuenta absolutamente todas las distorsiones del sistema \u00f3ptico humano.  <\/p>\n\n<p>Se determina autom\u00e1ticamente su grado de influencia en la calidad de la visi\u00f3n y se modela una forma de la c\u00f3rnea que compense al m\u00e1ximo todos los \u00aberrores\u00bb existentes. A partir de estos datos, se lleva a cabo la correcci\u00f3n l\u00e1ser. <\/p>\n\n<p>Ventajas del m\u00e9todo: correcci\u00f3n l\u00e1ser con apoyo personalizado Custom Vue es uno de los <a href=\"https:\/\/tr.wikipedia.org\/wiki\/LASIK\" target=\"_blank\" rel=\"noreferrer noopener\">m\u00e9todos<\/a> modernos m\u00e1s precisos de restauraci\u00f3n de las funciones visuales, que permite corregir aberraciones (distorsiones del sistema visual) de alto orden y lograr una agudeza visual excepcional. La t\u00e9cnica de correcci\u00f3n visual Custom Vue con asistencia personalizada cumple los m\u00e1s altos est\u00e1ndares de la cirug\u00eda oftalmol\u00f3gica actual.<\/p>\n\n<figure class=\"wp-block-image size-full\"><img fetchpriority=\"high\" decoding=\"async\" width=\"780\" height=\"488\" src=\"https:\/\/medclinics.com\/wp-content\/uploads\/2024\/04\/custom-vue-super-lasik-near-me.jpg\" alt=\"custom-vue-super-lasik-near-me\" class=\"wp-image-161239\" srcset=\"https:\/\/medclinics.com\/wp-content\/uploads\/2024\/04\/custom-vue-super-lasik-near-me.jpg 780w, https:\/\/medclinics.com\/wp-content\/uploads\/2024\/04\/custom-vue-super-lasik-near-me-300x188.jpg 300w, https:\/\/medclinics.com\/wp-content\/uploads\/2024\/04\/custom-vue-super-lasik-near-me-768x480.jpg 768w\" sizes=\"(max-width: 780px) 100vw, 780px\" \/><\/figure>\n\n<h2 class=\"wp-block-heading\">Todo lo que necesita saber sobre la <a href=\"https:\/\/medclinics.com\/es\/laser-ocular\/\" target=\"_blank\" rel=\"noreferrer noopener\">cirug\u00eda ocular<\/a>, incluidos los cuidados postoperatorios y el proceso de cicatrizaci\u00f3n, o p\u00f3ngase <a href=\"#requestform\">en contacto con nosotros<\/a>.<\/h2>\n\n<h2 class=\"wp-block-heading\">PREGUNTAS FRECUENTES  <\/h2>\n<div id=\"rank-math-faq\" class=\"rank-math-block\">\n<div class=\"rank-math-list \">\n<div id=\"faq-question-1685717932436\" class=\"rank-math-list-item\">\n<h3 class=\"rank-math-question \">\u00bfQu\u00e9 es Custom Vue, Super LASIK?<\/h3>\n<div class=\"rank-math-answer \">\n\n<p>Custom Vue se refiere a la cirug\u00eda LASIK que incorpora tecnolog\u00eda de frente de onda para un tratamiento m\u00e1s personalizado.<\/p>\n\n<\/div>\n<\/div>\n<div id=\"faq-question-1685717933664\" class=\"rank-math-list-item\">\n<h3 class=\"rank-math-question \">\u00bfEs dolorosa la Super LASIK?<\/h3>\n<div class=\"rank-math-answer \">\n\n<p>El Super LASIK en s\u00ed no es m\u00e1s doloroso que la cirug\u00eda LASIK est\u00e1ndar. El nivel de incomodidad experimentado durante el procedimiento suele ser similar para ambos tipos.<\/p>\n\n<\/div>\n<\/div>\n<div id=\"faq-question-1685717934651\" class=\"rank-math-list-item\">\n<h3 class=\"rank-math-question \">\u00bfMerece la pena el Super LASIK?<\/h3>\n<div class=\"rank-math-answer \">\n\n<p>S\u00ed, el Super LASIK puede merecer la pena para los pacientes que hayan investigado a fondo y consultado con un cirujano experimentado.<\/p>\n\n<\/div>\n<\/div>\n<\/div>\n<\/div>\n<p><\/p>\n\n<h3 class=\"wp-block-heading\">P\u00f3ngase en contacto con nosotros si tiene alguna pregunta.<\/h3>\n","protected":false},"excerpt":{"rendered":"<p>Si busca una forma de mejorar su calidad visual, Custom Vue, Super LASIK puede ser la mejor soluci\u00f3n. Una caracter\u00edstica [&hellip;]<\/p>\n","protected":false},"author":4,"featured_media":161244,"parent":0,"menu_order":0,"comment_status":"closed","ping_status":"closed","template":"","meta":{"site-sidebar-layout":"default","site-content-layout":"","ast-site-content-layout":"default","site-content-style":"default","site-sidebar-style":"default","ast-global-header-display":"","ast-banner-title-visibility":"","ast-main-header-display":"","ast-hfb-above-header-display":"","ast-hfb-below-header-display":"","ast-hfb-mobile-header-display":"","site-post-title":"","ast-breadcrumbs-content":"","ast-featured-img":"","footer-sml-layout":"","ast-disable-related-posts":"","theme-transparent-header-meta":"","adv-header-id-meta":"","stick-header-meta":"","header-above-stick-meta":"","header-main-stick-meta":"","header-below-stick-meta":"","astra-migrate-meta-layouts":"default","ast-page-background-enabled":"default","ast-page-background-meta":{"desktop":{"background-color":"var(--ast-global-color-4)","background-image":"","background-repeat":"repeat","background-position":"center center","background-size":"auto","background-attachment":"scroll","background-type":"","background-media":"","overlay-type":"","overlay-color":"","overlay-opacity":"","overlay-gradient":""},"tablet":{"background-color":"","background-image":"","background-repeat":"repeat","background-position":"center center","background-size":"auto","background-attachment":"scroll","background-type":"","background-media":"","overlay-type":"","overlay-color":"","overlay-opacity":"","overlay-gradient":""},"mobile":{"background-color":"","background-image":"","background-repeat":"repeat","background-position":"center center","background-size":"auto","background-attachment":"scroll","background-type":"","background-media":"","overlay-type":"","overlay-color":"","overlay-opacity":"","overlay-gradient":""}},"ast-content-background-meta":{"desktop":{"background-color":"var(--ast-global-color-5)","background-image":"","background-repeat":"repeat","background-position":"center center","background-size":"auto","background-attachment":"scroll","background-type":"","background-media":"","overlay-type":"","overlay-color":"","overlay-opacity":"","overlay-gradient":""},"tablet":{"background-color":"var(--ast-global-color-5)","background-image":"","background-repeat":"repeat","background-position":"center center","background-size":"auto","background-attachment":"scroll","background-type":"","background-media":"","overlay-type":"","overlay-color":"","overlay-opacity":"","overlay-gradient":""},"mobile":{"background-color":"var(--ast-global-color-5)","background-image":"","background-repeat":"repeat","background-position":"center center","background-size":"auto","background-attachment":"scroll","background-type":"","background-media":"","overlay-type":"","overlay-color":"","overlay-opacity":"","overlay-gradient":""}},"footnotes":""},"class_list":["post-147716","page","type-page","status-publish","has-post-thumbnail","hentry"],"_links":{"self":[{"href":"https:\/\/medclinics.com\/es\/wp-json\/wp\/v2\/pages\/147716","targetHints":{"allow":["GET"]}}],"collection":[{"href":"https:\/\/medclinics.com\/es\/wp-json\/wp\/v2\/pages"}],"about":[{"href":"https:\/\/medclinics.com\/es\/wp-json\/wp\/v2\/types\/page"}],"author":[{"embeddable":true,"href":"https:\/\/medclinics.com\/es\/wp-json\/wp\/v2\/users\/4"}],"replies":[{"embeddable":true,"href":"https:\/\/medclinics.com\/es\/wp-json\/wp\/v2\/comments?post=147716"}],"version-history":[{"count":0,"href":"https:\/\/medclinics.com\/es\/wp-json\/wp\/v2\/pages\/147716\/revisions"}],"wp:featuredmedia":[{"embeddable":true,"href":"https:\/\/medclinics.com\/es\/wp-json\/wp\/v2\/media\/161244"}],"wp:attachment":[{"href":"https:\/\/medclinics.com\/es\/wp-json\/wp\/v2\/media?parent=147716"}],"curies":[{"name":"wp","href":"https:\/\/api.w.org\/{rel}","templated":true}]}}