{"id":147710,"date":"2023-06-02T19:46:39","date_gmt":"2023-06-02T16:46:39","guid":{"rendered":"https:\/\/medclinics.com\/prk-queratectomia-fotorrefractiva\/"},"modified":"2025-01-02T23:57:22","modified_gmt":"2025-01-02T20:57:22","slug":"prk-queratectomia-fotorrefractiva","status":"publish","type":"page","link":"https:\/\/medclinics.com\/es\/prk-queratectomia-fotorrefractiva\/","title":{"rendered":"PRK (queratectom\u00eda fotorrefractiva)"},"content":{"rendered":"\n<h2 class=\"wp-block-heading\">Si echa de menos tener una visi\u00f3n n\u00edtida de todos los detalles, la queratectom\u00eda fotorrefractiva (PRK) es lo que necesita.<\/h2>\n\n<p>La correcci\u00f3n de la visi\u00f3n se realiza sin separaci\u00f3n del colgajo corneal, en las capas externas de la c\u00f3rnea. El proceso de cicatrizaci\u00f3n del tejido corneal tras este procedimiento es bastante doloroso. El paciente se ve obligado a utilizar gotas para los ojos durante mucho tiempo, llevar lentes de contacto protectoras especiales. <\/p>\n\n<p>Ventajas del m\u00e9todo: en la actualidad, este tipo de intervenciones s\u00f3lo se realizan por razones m\u00e9dicas. La correcci\u00f3n con l\u00e1ser realizada seg\u00fan el m\u00e9todo <a href=\"https:\/\/en.wikipedia.org\/wiki\/Photorefractive_keratectomy\" target=\"_blank\" rel=\"noreferrer noopener\">PRK<\/a> permite restablecer las funciones visuales en pacientes con c\u00f3rneas finas, es decir, aquellos para los que est\u00e1 contraindicado el procedimiento LASIK.<\/p>\n\n<figure class=\"wp-block-image size-full\"><img fetchpriority=\"high\" decoding=\"async\" width=\"780\" height=\"488\" src=\"https:\/\/medclinics.com\/wp-content\/uploads\/2024\/04\/PRK-Photorefractive-Keratectomy-surgenst.jpg\" alt=\"PRK-Fotorefractive-Keratectomy-surgenst\" class=\"wp-image-161198\" srcset=\"https:\/\/medclinics.com\/wp-content\/uploads\/2024\/04\/PRK-Photorefractive-Keratectomy-surgenst.jpg 780w, https:\/\/medclinics.com\/wp-content\/uploads\/2024\/04\/PRK-Photorefractive-Keratectomy-surgenst-300x188.jpg 300w, https:\/\/medclinics.com\/wp-content\/uploads\/2024\/04\/PRK-Photorefractive-Keratectomy-surgenst-768x480.jpg 768w\" sizes=\"(max-width: 780px) 100vw, 780px\" \/><\/figure>\n\n<h3 class=\"wp-block-heading\">Todo lo que necesita saber sobre el <a href=\"https:\/\/medclinics.com\/es\/laser-ocular\/\" target=\"_blank\" rel=\"noreferrer noopener\">l\u00e1ser ocular<\/a>, incluido el proceso de postratamiento o m\u00e1s, <a href=\"#requestform\">\u00a1contacte con nosotros<\/a>!<\/h3>\n\n<h2 class=\"wp-block-heading\">PREGUNTAS FRECUENTES <\/h2>\n<div id=\"rank-math-faq\" class=\"rank-math-block\">\n<div class=\"rank-math-list \">\n<div id=\"faq-question-1685734209848\" class=\"rank-math-list-item\">\n<h3 class=\"rank-math-question \">\u00bfQu\u00e9 es la cirug\u00eda ocular PRK?<\/h3>\n<div class=\"rank-math-answer \">\n\n<p>Es un tipo de cirug\u00eda ocular con l\u00e1ser que se utiliza para corregir los defectos de refracci\u00f3n del ojo, como la miop\u00eda, la hipermetrop\u00eda y el astigmatismo.<\/p>\n\n<\/div>\n<\/div>\n<div id=\"faq-question-1685734270289\" class=\"rank-math-list-item\">\n<h3 class=\"rank-math-question \">\u00bfEs mejor la cirug\u00eda PRK que la LASIK?<\/h3>\n<div class=\"rank-math-answer \">\n\n<p>A largo plazo, es mucho m\u00e1s eficaz y seguro que el LASIK. Pero hay que tener en cuenta las necesidades de cada paciente.<\/p>\n\n<\/div>\n<\/div>\n<div id=\"faq-question-1685734363172\" class=\"rank-math-list-item\">\n<h3 class=\"rank-math-question \">\u00bfEs dolorosa la cirug\u00eda ocular PRK?<\/h3>\n<div class=\"rank-math-answer \">\n\n<p>Durante esta intervenci\u00f3n, el ojo se insensibiliza con colirios anest\u00e9sicos, por lo que no sentir\u00e1 dolor durante el procedimiento. Sin embargo, el periodo de recuperaci\u00f3n puede conllevar algunas molestias. Por supuesto, difiere de un paciente a otro. Algunas personas pueden describir la recuperaci\u00f3n como inc\u00f3moda, otras pueden experimentar un dolor m\u00ednimo<\/p>\n\n<\/div>\n<\/div>\n<\/div>\n<\/div>\n<p><\/p>\n\n<h3 class=\"wp-block-heading\">P\u00f3ngase en contacto con nosotros si tiene alguna pregunta.<\/h3>\n","protected":false},"excerpt":{"rendered":"<p>Si echa de menos tener una visi\u00f3n n\u00edtida de todos los detalles, la queratectom\u00eda fotorrefractiva (PRK) es lo que necesita. [&hellip;]<\/p>\n","protected":false},"author":4,"featured_media":93865,"parent":0,"menu_order":0,"comment_status":"closed","ping_status":"closed","template":"","meta":{"site-sidebar-layout":"default","site-content-layout":"","ast-site-content-layout":"default","site-content-style":"default","site-sidebar-style":"default","ast-global-header-display":"","ast-banner-title-visibility":"","ast-main-header-display":"","ast-hfb-above-header-display":"","ast-hfb-below-header-display":"","ast-hfb-mobile-header-display":"","site-post-title":"","ast-breadcrumbs-content":"","ast-featured-img":"","footer-sml-layout":"","ast-disable-related-posts":"","theme-transparent-header-meta":"","adv-header-id-meta":"","stick-header-meta":"","header-above-stick-meta":"","header-main-stick-meta":"","header-below-stick-meta":"","astra-migrate-meta-layouts":"default","ast-page-background-enabled":"default","ast-page-background-meta":{"desktop":{"background-color":"var(--ast-global-color-4)","background-image":"","background-repeat":"repeat","background-position":"center center","background-size":"auto","background-attachment":"scroll","background-type":"","background-media":"","overlay-type":"","overlay-color":"","overlay-opacity":"","overlay-gradient":""},"tablet":{"background-color":"","background-image":"","background-repeat":"repeat","background-position":"center center","background-size":"auto","background-attachment":"scroll","background-type":"","background-media":"","overlay-type":"","overlay-color":"","overlay-opacity":"","overlay-gradient":""},"mobile":{"background-color":"","background-image":"","background-repeat":"repeat","background-position":"center center","background-size":"auto","background-attachment":"scroll","background-type":"","background-media":"","overlay-type":"","overlay-color":"","overlay-opacity":"","overlay-gradient":""}},"ast-content-background-meta":{"desktop":{"background-color":"var(--ast-global-color-5)","background-image":"","background-repeat":"repeat","background-position":"center center","background-size":"auto","background-attachment":"scroll","background-type":"","background-media":"","overlay-type":"","overlay-color":"","overlay-opacity":"","overlay-gradient":""},"tablet":{"background-color":"var(--ast-global-color-5)","background-image":"","background-repeat":"repeat","background-position":"center center","background-size":"auto","background-attachment":"scroll","background-type":"","background-media":"","overlay-type":"","overlay-color":"","overlay-opacity":"","overlay-gradient":""},"mobile":{"background-color":"var(--ast-global-color-5)","background-image":"","background-repeat":"repeat","background-position":"center center","background-size":"auto","background-attachment":"scroll","background-type":"","background-media":"","overlay-type":"","overlay-color":"","overlay-opacity":"","overlay-gradient":""}},"footnotes":""},"class_list":["post-147710","page","type-page","status-publish","has-post-thumbnail","hentry"],"_links":{"self":[{"href":"https:\/\/medclinics.com\/es\/wp-json\/wp\/v2\/pages\/147710","targetHints":{"allow":["GET"]}}],"collection":[{"href":"https:\/\/medclinics.com\/es\/wp-json\/wp\/v2\/pages"}],"about":[{"href":"https:\/\/medclinics.com\/es\/wp-json\/wp\/v2\/types\/page"}],"author":[{"embeddable":true,"href":"https:\/\/medclinics.com\/es\/wp-json\/wp\/v2\/users\/4"}],"replies":[{"embeddable":true,"href":"https:\/\/medclinics.com\/es\/wp-json\/wp\/v2\/comments?post=147710"}],"version-history":[{"count":0,"href":"https:\/\/medclinics.com\/es\/wp-json\/wp\/v2\/pages\/147710\/revisions"}],"wp:featuredmedia":[{"embeddable":true,"href":"https:\/\/medclinics.com\/es\/wp-json\/wp\/v2\/media\/93865"}],"wp:attachment":[{"href":"https:\/\/medclinics.com\/es\/wp-json\/wp\/v2\/media?parent=147710"}],"curies":[{"name":"wp","href":"https:\/\/api.w.org\/{rel}","templated":true}]}}