{"id":147698,"date":"2023-06-02T14:52:35","date_gmt":"2023-06-02T11:52:35","guid":{"rendered":"https:\/\/medclinics.com\/femto-lasik-correccion-femto-laser\/"},"modified":"2025-01-02T14:49:58","modified_gmt":"2025-01-02T11:49:58","slug":"femto-lasik-correccion-femto-laser","status":"publish","type":"page","link":"https:\/\/medclinics.com\/es\/femto-lasik-correccion-femto-laser\/","title":{"rendered":"Femto LASIK (Correcci\u00f3n Femto-L\u00e1ser)"},"content":{"rendered":"\n<h2 class=\"wp-block-heading\">Si busca una forma de conseguir una vista cristalina, Femto LASIK (Femto-Correcci\u00f3n L\u00e1ser) puede ser la soluci\u00f3n perfecta.<\/h2>\n\n<p>El principio de intervenci\u00f3n es el mismo que para la correcci\u00f3n <a href=\"https:\/\/en.wikipedia.org\/wiki\/LASIK\" target=\"_blank\" rel=\"noreferrer noopener\">LASIK<\/a>, el efecto se produce en las capas internas de la c\u00f3rnea. La diferencia es que el colgajo corneal que utiliza esta tecnolog\u00eda se forma con un rayo l\u00e1ser de femtosegundo, y no con un microqueratomo mec\u00e1nico. <\/p>\n\n<p>De lo contrario, esta t\u00e9cnica se denomina \u00abLASIK con l\u00e1ser\u00bb (\u00abAll Laser LASIK\u00bb). Ventajas del m\u00e9todo: el uso de un l\u00e1ser de femtosegundo durante la correcci\u00f3n de la visi\u00f3n con l\u00e1ser hace que el procedimiento sea lo m\u00e1s suave y pr\u00e1cticamente sin contacto posible, y reduce el periodo de recuperaci\u00f3n. <\/p>\n\n<p>Con la llegada de esta tecnolog\u00eda, se ha hecho posible corregir la visi\u00f3n con l\u00e1ser en pacientes con estas caracter\u00edsticas estructurales de la c\u00f3rnea, que antes eran una contraindicaci\u00f3n para el procedimiento. <\/p>\n\n<p>La precisi\u00f3n sin precedentes del l\u00e1ser de femtosegundo permite obtener el m\u00e1ximo rendimiento no s\u00f3lo en agudeza visual, sino tambi\u00e9n en par\u00e1metros como el brillo, el contraste y la visi\u00f3n crepuscular.<\/p>\n\n<h3 class=\"wp-block-heading\">Todo lo que necesita saber sobre la <a href=\"https:\/\/medclinics.com\/es\/laser-ocular\/\" target=\"_blank\" rel=\"noreferrer noopener\">cirug\u00eda o<\/a>cular, incluido el precio, los cuidados postoperatorios y el proceso de cicatrizaci\u00f3n, o p\u00f3ngase <a href=\"#requestform\">en contacto con nosotros<\/a>.<\/h3>\n\n<figure class=\"wp-block-image size-full\"><img fetchpriority=\"high\" decoding=\"async\" width=\"960\" height=\"540\" src=\"https:\/\/medclinics.com\/wp-content\/uploads\/2023\/07\/Femto-lasik-femto-laser-correction-near-me.jpg\" alt=\"Femto LASIK \/ Femto-Correcci&#xF3;n L&#xE1;ser Cerca de M&#xED; Estambul\" class=\"wp-image-98337\" srcset=\"https:\/\/medclinics.com\/wp-content\/uploads\/2023\/07\/Femto-lasik-femto-laser-correction-near-me.jpg 960w, https:\/\/medclinics.com\/wp-content\/uploads\/2023\/07\/Femto-lasik-femto-laser-correction-near-me-500x281.jpg 500w, https:\/\/medclinics.com\/wp-content\/uploads\/2023\/07\/Femto-lasik-femto-laser-correction-near-me-768x432.jpg 768w, https:\/\/medclinics.com\/wp-content\/uploads\/2023\/07\/Femto-lasik-femto-laser-correction-near-me-24x14.jpg 24w, https:\/\/medclinics.com\/wp-content\/uploads\/2023\/07\/Femto-lasik-femto-laser-correction-near-me-36x20.jpg 36w, https:\/\/medclinics.com\/wp-content\/uploads\/2023\/07\/Femto-lasik-femto-laser-correction-near-me-48x27.jpg 48w\" sizes=\"(max-width: 960px) 100vw, 960px\" \/><\/figure>\n\n<h2 class=\"wp-block-heading\">PREGUNTAS FRECUENTES  <\/h2>\n<div id=\"rank-math-faq\" class=\"rank-math-block\">\n<div class=\"rank-math-list \">\n<div id=\"faq-question-1685717054935\" class=\"rank-math-list-item\">\n<h3 class=\"rank-math-question \">\u00bfEs seguro el Femto LASIK?<\/h3>\n<div class=\"rank-math-answer \">\n\n<p>Al igual que el LASIK tradicional, el Femto-LASIK se considera generalmente seguro y tiene una elevada tasa de \u00e9xito.<\/p>\n\n<\/div>\n<\/div>\n<div id=\"faq-question-1685717099962\" class=\"rank-math-list-item\">\n<h3 class=\"rank-math-question \">\u00bfQu\u00e9 es el Femto LASIK?<\/h3>\n<div class=\"rank-math-answer \">\n\n<p>Femto-LASIK es un tipo de cirug\u00eda ocular refractiva que se utiliza para corregir problemas de visi\u00f3n comunes como la miop\u00eda, la hipermetrop\u00eda y el astigmatismo. Se trata de una t\u00e9cnica m\u00e1s avanzada que la cirug\u00eda LASIK tradicional.<\/p>\n\n<\/div>\n<\/div>\n<div id=\"faq-question-1685717123905\" class=\"rank-math-list-item\">\n<h3 class=\"rank-math-question \">\u00bfEs Femto LASIK?<\/h3>\n<div class=\"rank-math-answer \">\n\n<p>La cirug\u00eda FemtoLASIK no suele ser dolorosa gracias al uso de anestesia y colirios anest\u00e9sicos.<\/p>\n\n<\/div>\n<\/div>\n<\/div>\n<\/div>\n<p><\/p>\n\n<h3 class=\"wp-block-heading\">P\u00f3ngase en contacto con nosotros si tiene alguna pregunta.<\/h3>\n","protected":false},"excerpt":{"rendered":"<p>Si busca una forma de conseguir una vista cristalina, Femto LASIK (Femto-Correcci\u00f3n L\u00e1ser) puede ser la soluci\u00f3n perfecta. El principio [&hellip;]<\/p>\n","protected":false},"author":4,"featured_media":93703,"parent":0,"menu_order":0,"comment_status":"closed","ping_status":"closed","template":"","meta":{"site-sidebar-layout":"default","site-content-layout":"","ast-site-content-layout":"default","site-content-style":"default","site-sidebar-style":"default","ast-global-header-display":"","ast-banner-title-visibility":"","ast-main-header-display":"","ast-hfb-above-header-display":"","ast-hfb-below-header-display":"","ast-hfb-mobile-header-display":"","site-post-title":"","ast-breadcrumbs-content":"","ast-featured-img":"","footer-sml-layout":"","ast-disable-related-posts":"","theme-transparent-header-meta":"","adv-header-id-meta":"","stick-header-meta":"","header-above-stick-meta":"","header-main-stick-meta":"","header-below-stick-meta":"","astra-migrate-meta-layouts":"default","ast-page-background-enabled":"default","ast-page-background-meta":{"desktop":{"background-color":"var(--ast-global-color-4)","background-image":"","background-repeat":"repeat","background-position":"center center","background-size":"auto","background-attachment":"scroll","background-type":"","background-media":"","overlay-type":"","overlay-color":"","overlay-opacity":"","overlay-gradient":""},"tablet":{"background-color":"","background-image":"","background-repeat":"repeat","background-position":"center center","background-size":"auto","background-attachment":"scroll","background-type":"","background-media":"","overlay-type":"","overlay-color":"","overlay-opacity":"","overlay-gradient":""},"mobile":{"background-color":"","background-image":"","background-repeat":"repeat","background-position":"center center","background-size":"auto","background-attachment":"scroll","background-type":"","background-media":"","overlay-type":"","overlay-color":"","overlay-opacity":"","overlay-gradient":""}},"ast-content-background-meta":{"desktop":{"background-color":"var(--ast-global-color-5)","background-image":"","background-repeat":"repeat","background-position":"center center","background-size":"auto","background-attachment":"scroll","background-type":"","background-media":"","overlay-type":"","overlay-color":"","overlay-opacity":"","overlay-gradient":""},"tablet":{"background-color":"var(--ast-global-color-5)","background-image":"","background-repeat":"repeat","background-position":"center center","background-size":"auto","background-attachment":"scroll","background-type":"","background-media":"","overlay-type":"","overlay-color":"","overlay-opacity":"","overlay-gradient":""},"mobile":{"background-color":"var(--ast-global-color-5)","background-image":"","background-repeat":"repeat","background-position":"center center","background-size":"auto","background-attachment":"scroll","background-type":"","background-media":"","overlay-type":"","overlay-color":"","overlay-opacity":"","overlay-gradient":""}},"footnotes":""},"class_list":["post-147698","page","type-page","status-publish","has-post-thumbnail","hentry"],"_links":{"self":[{"href":"https:\/\/medclinics.com\/es\/wp-json\/wp\/v2\/pages\/147698","targetHints":{"allow":["GET"]}}],"collection":[{"href":"https:\/\/medclinics.com\/es\/wp-json\/wp\/v2\/pages"}],"about":[{"href":"https:\/\/medclinics.com\/es\/wp-json\/wp\/v2\/types\/page"}],"author":[{"embeddable":true,"href":"https:\/\/medclinics.com\/es\/wp-json\/wp\/v2\/users\/4"}],"replies":[{"embeddable":true,"href":"https:\/\/medclinics.com\/es\/wp-json\/wp\/v2\/comments?post=147698"}],"version-history":[{"count":0,"href":"https:\/\/medclinics.com\/es\/wp-json\/wp\/v2\/pages\/147698\/revisions"}],"wp:featuredmedia":[{"embeddable":true,"href":"https:\/\/medclinics.com\/es\/wp-json\/wp\/v2\/media\/93703"}],"wp:attachment":[{"href":"https:\/\/medclinics.com\/es\/wp-json\/wp\/v2\/media?parent=147698"}],"curies":[{"name":"wp","href":"https:\/\/api.w.org\/{rel}","templated":true}]}}