{"id":147696,"date":"2023-06-02T20:06:43","date_gmt":"2023-06-02T17:06:43","guid":{"rendered":"https:\/\/medclinics.com\/lasek-queratomileusis-epitelial-con-laser\/"},"modified":"2025-01-02T16:30:46","modified_gmt":"2025-01-02T13:30:46","slug":"lasek-queratomileusis-epitelial-con-laser","status":"publish","type":"page","link":"https:\/\/medclinics.com\/es\/lasek-queratomileusis-epitelial-con-laser\/","title":{"rendered":"LASEK (queratomileusis epitelial con l\u00e1ser)"},"content":{"rendered":"\n<h2 class=\"wp-block-heading\">Si echa de menos poder ver libremente todo lo que nos rodea, el LASEK (queratomileusis epitelial con l\u00e1ser) puede ser la mejor soluci\u00f3n.<\/h2>\n\n<p>Durante este procedimiento, el epitelio se separa y se levanta utilizando una soluci\u00f3n especial, actuando como un colgajo corneal. No se excluye que se produzcan da\u00f1os en las terminaciones nerviosas de la capa epitelial, lo que puede provocar dolor en el postoperatorio. <\/p>\n\n<p>Durante el periodo de recuperaci\u00f3n (4-5 d\u00edas despu\u00e9s de la intervenci\u00f3n), el paciente lleva una lente de contacto protectora especial. Ventajas del m\u00e9todo: en la actualidad, la correcci\u00f3n de la visi\u00f3n mediante este m\u00e9todo s\u00f3lo se realiza por razones m\u00e9dicas. <\/p>\n\n<p>Con la ayuda de LASEK, los pacientes que tienen contraindicaciones para la correcci\u00f3n mediante el m\u00e9todo <a href=\"https:\/\/en.wikipedia.org\/wiki\/LASIK\" target=\"_blank\" rel=\"noreferrer noopener\">LASIK<\/a> -espesor demasiado peque\u00f1o de la c\u00f3rnea o determinadas caracter\u00edsticas de la forma de esta lente natural del sistema \u00f3ptico del ojo- tienen la oportunidad de obtener una buena visi\u00f3n.<\/p>\n\n<h3 class=\"wp-block-heading\">Todo lo que necesita saber sobre el <a href=\"https:\/\/medclinics.com\/es\/laser-ocular\/\" target=\"_blank\" rel=\"noreferrer noopener\">l\u00e1ser ocular<\/a>, incluido el precio, los cuidados posteriores y el proceso de cicatrizaci\u00f3n, \u00a1p\u00f3ngase <a href=\"#requestform\">en contacto con nosotros<\/a> ahora!<\/h3>\n\n<figure class=\"wp-block-image size-full\"><img fetchpriority=\"high\" decoding=\"async\" width=\"960\" height=\"540\" src=\"https:\/\/medclinics.com\/wp-content\/uploads\/2023\/07\/lasek-near-me-laser-epithelial-keratomileusis.jpg\" alt=\"LASEK Near Me (Queratomileusis epitelial con l&#xE1;ser) Estambul Turqu&#xED;a\" class=\"wp-image-98313\" srcset=\"https:\/\/medclinics.com\/wp-content\/uploads\/2023\/07\/lasek-near-me-laser-epithelial-keratomileusis.jpg 960w, https:\/\/medclinics.com\/wp-content\/uploads\/2023\/07\/lasek-near-me-laser-epithelial-keratomileusis-500x281.jpg 500w, https:\/\/medclinics.com\/wp-content\/uploads\/2023\/07\/lasek-near-me-laser-epithelial-keratomileusis-768x432.jpg 768w, https:\/\/medclinics.com\/wp-content\/uploads\/2023\/07\/lasek-near-me-laser-epithelial-keratomileusis-24x14.jpg 24w, https:\/\/medclinics.com\/wp-content\/uploads\/2023\/07\/lasek-near-me-laser-epithelial-keratomileusis-36x20.jpg 36w, https:\/\/medclinics.com\/wp-content\/uploads\/2023\/07\/lasek-near-me-laser-epithelial-keratomileusis-48x27.jpg 48w\" sizes=\"(max-width: 960px) 100vw, 960px\" \/><\/figure>\n\n<h2 class=\"wp-block-heading\">PREGUNTAS FRECUENTES <\/h2>\n<div id=\"rank-math-faq\" class=\"rank-math-block\">\n<div class=\"rank-math-list \">\n<div id=\"faq-question-1685735557560\" class=\"rank-math-list-item\">\n<h3 class=\"rank-math-question \">\u00bfLa LASEK es permanente?<\/h3>\n<div class=\"rank-math-answer \">\n\n<p>Se considera una soluci\u00f3n permanente para los problemas de visi\u00f3n.<\/p>\n\n<\/div>\n<\/div>\n<div id=\"faq-question-1685735616679\" class=\"rank-math-list-item\">\n<h3 class=\"rank-math-question \">\u00bfQu\u00e9 es mejor LASEK o LASIK?<\/h3>\n<div class=\"rank-math-answer \">\n\n<p>Un cirujano oftalm\u00f3logo experto debe realizar una evaluaci\u00f3n exhaustiva antes de recomendar el LASEK o el LASIK. Para sugerirle el mejor curso de acci\u00f3n, evaluar\u00e1n su estilo de vida, sus preferencias personales y su salud ocular y corneal.<\/p>\n\n<\/div>\n<\/div>\n<div id=\"faq-question-1685735670107\" class=\"rank-math-list-item\">\n<h3 class=\"rank-math-question \">\u00bfEs LASEK m\u00e1s barata que LASIK?<\/h3>\n<div class=\"rank-math-answer \">\n\n<p>En general, el coste de LASEK y LASIK suele ser similar.<\/p>\n\n<\/div>\n<\/div>\n<div id=\"faq-question-1685735692863\" class=\"rank-math-list-item\">\n<h3 class=\"rank-math-question \">\u00bfCu\u00e1nto dura el LASIK?<\/h3>\n<div class=\"rank-math-answer \">\n\n<p>La queratomileusis in situ asistida por l\u00e1ser se considera un procedimiento permanente de correcci\u00f3n de la visi\u00f3n. Los cambios realizados en la c\u00f3rnea durante esta intervenci\u00f3n quir\u00fargica est\u00e1n pensados para ser duraderos. Proporciona una visi\u00f3n clara sin necesidad de gafas ni lentes de contacto.<\/p>\n\n<\/div>\n<\/div>\n<\/div>\n<\/div>\n<p><\/p>\n\n<h3 class=\"wp-block-heading\">P\u00f3ngase en contacto con nosotros si tiene alguna pregunta.<\/h3>\n","protected":false},"excerpt":{"rendered":"<p>Si echa de menos poder ver libremente todo lo que nos rodea, el LASEK (queratomileusis epitelial con l\u00e1ser) puede ser [&hellip;]<\/p>\n","protected":false},"author":4,"featured_media":93881,"parent":0,"menu_order":0,"comment_status":"closed","ping_status":"closed","template":"","meta":{"site-sidebar-layout":"default","site-content-layout":"","ast-site-content-layout":"default","site-content-style":"default","site-sidebar-style":"default","ast-global-header-display":"","ast-banner-title-visibility":"","ast-main-header-display":"","ast-hfb-above-header-display":"","ast-hfb-below-header-display":"","ast-hfb-mobile-header-display":"","site-post-title":"","ast-breadcrumbs-content":"","ast-featured-img":"","footer-sml-layout":"","ast-disable-related-posts":"","theme-transparent-header-meta":"","adv-header-id-meta":"","stick-header-meta":"","header-above-stick-meta":"","header-main-stick-meta":"","header-below-stick-meta":"","astra-migrate-meta-layouts":"default","ast-page-background-enabled":"default","ast-page-background-meta":{"desktop":{"background-color":"var(--ast-global-color-4)","background-image":"","background-repeat":"repeat","background-position":"center center","background-size":"auto","background-attachment":"scroll","background-type":"","background-media":"","overlay-type":"","overlay-color":"","overlay-opacity":"","overlay-gradient":""},"tablet":{"background-color":"","background-image":"","background-repeat":"repeat","background-position":"center center","background-size":"auto","background-attachment":"scroll","background-type":"","background-media":"","overlay-type":"","overlay-color":"","overlay-opacity":"","overlay-gradient":""},"mobile":{"background-color":"","background-image":"","background-repeat":"repeat","background-position":"center center","background-size":"auto","background-attachment":"scroll","background-type":"","background-media":"","overlay-type":"","overlay-color":"","overlay-opacity":"","overlay-gradient":""}},"ast-content-background-meta":{"desktop":{"background-color":"var(--ast-global-color-5)","background-image":"","background-repeat":"repeat","background-position":"center center","background-size":"auto","background-attachment":"scroll","background-type":"","background-media":"","overlay-type":"","overlay-color":"","overlay-opacity":"","overlay-gradient":""},"tablet":{"background-color":"var(--ast-global-color-5)","background-image":"","background-repeat":"repeat","background-position":"center center","background-size":"auto","background-attachment":"scroll","background-type":"","background-media":"","overlay-type":"","overlay-color":"","overlay-opacity":"","overlay-gradient":""},"mobile":{"background-color":"var(--ast-global-color-5)","background-image":"","background-repeat":"repeat","background-position":"center center","background-size":"auto","background-attachment":"scroll","background-type":"","background-media":"","overlay-type":"","overlay-color":"","overlay-opacity":"","overlay-gradient":""}},"footnotes":""},"class_list":["post-147696","page","type-page","status-publish","has-post-thumbnail","hentry"],"_links":{"self":[{"href":"https:\/\/medclinics.com\/es\/wp-json\/wp\/v2\/pages\/147696","targetHints":{"allow":["GET"]}}],"collection":[{"href":"https:\/\/medclinics.com\/es\/wp-json\/wp\/v2\/pages"}],"about":[{"href":"https:\/\/medclinics.com\/es\/wp-json\/wp\/v2\/types\/page"}],"author":[{"embeddable":true,"href":"https:\/\/medclinics.com\/es\/wp-json\/wp\/v2\/users\/4"}],"replies":[{"embeddable":true,"href":"https:\/\/medclinics.com\/es\/wp-json\/wp\/v2\/comments?post=147696"}],"version-history":[{"count":0,"href":"https:\/\/medclinics.com\/es\/wp-json\/wp\/v2\/pages\/147696\/revisions"}],"wp:featuredmedia":[{"embeddable":true,"href":"https:\/\/medclinics.com\/es\/wp-json\/wp\/v2\/media\/93881"}],"wp:attachment":[{"href":"https:\/\/medclinics.com\/es\/wp-json\/wp\/v2\/media?parent=147696"}],"curies":[{"name":"wp","href":"https:\/\/api.w.org\/{rel}","templated":true}]}}