{"id":147608,"date":"2023-06-15T13:38:42","date_gmt":"2023-06-15T10:38:42","guid":{"rendered":"https:\/\/medclinics.com\/agua-termal\/"},"modified":"2025-01-03T01:50:17","modified_gmt":"2025-01-02T22:50:17","slug":"agua-termal","status":"publish","type":"page","link":"https:\/\/medclinics.com\/es\/agua-termal\/","title":{"rendered":"Agua termal"},"content":{"rendered":"\n<h2 class=\"wp-block-heading\">Si lo que busca es un tratamiento relajante, las aguas termales pueden ser la mejor opci\u00f3n para usted. La terapia acu\u00e1tica terap\u00e9utica es un milagro incre\u00edble.<\/h2>\n\n<p>El agua termal se obtiene de <a href=\"https:\/\/en.wikipedia.org\/wiki\/Hot_spring\" target=\"_blank\" rel=\"noreferrer noopener\">fuentes termales<\/a>. La cualidad medicinal de esta agua procede de su contenido mineral y de su calor, que proporcionan varias ventajas para la salud.<\/p>\n\n<p>Desde el cuidado de la piel hasta el sistema digestivo, las aguas termales tienen beneficios muy importantes para el ser humano. Ayuda a aumentar la circulaci\u00f3n sangu\u00ednea. De este modo, el cuerpo humano se vuelve m\u00e1s sano y fuerte. El agua termal ayuda a nutrir la piel con sus ingredientes.<\/p>\n\n<p>Previene la deshidrataci\u00f3n y el agrietamiento de la piel al hidratarla. Puede reducir la depresi\u00f3n y los niveles de estr\u00e9s. Ayuda a prevenir las enfermedades respiratorias. Puede tratar trastornos ortop\u00e9dicos y reumatismo. Puede proteger de las enfermedades renales. Ayuda a minimizar los problemas ginecol\u00f3gicos.<\/p>\n\n<p>Incluye dos minerales conocidos como selenio y magnesio. Estos minerales son especialmente beneficiosos para las enfermedades reum\u00e1ticas y dolencias cut\u00e1neas como el eczema y la psoriasis.<\/p>\n\n<h3 class=\"wp-block-heading\">Todo lo que necesita saber sobre los <a href=\"https:\/\/medclinics.com\/es\/spa-termal\/\" target=\"_blank\" rel=\"noreferrer noopener\">tratamientos de spa<\/a>, incluido el precio, los cuidados posteriores y el proceso de curaci\u00f3n, o <a href=\"#requestform\">p\u00f3ngase en contacto con nosotros<\/a>.<\/h3>\n\n<figure class=\"wp-block-image size-full\"><img fetchpriority=\"high\" decoding=\"async\" width=\"960\" height=\"540\" src=\"https:\/\/medclinics.com\/wp-content\/uploads\/2023\/07\/thermal-water-in-turkey-1.jpg\" alt=\"Aguas termales en Turqu&#xED;a\" class=\"wp-image-97206\" srcset=\"https:\/\/medclinics.com\/wp-content\/uploads\/2023\/07\/thermal-water-in-turkey-1.jpg 960w, https:\/\/medclinics.com\/wp-content\/uploads\/2023\/07\/thermal-water-in-turkey-1-500x281.jpg 500w, https:\/\/medclinics.com\/wp-content\/uploads\/2023\/07\/thermal-water-in-turkey-1-768x432.jpg 768w, https:\/\/medclinics.com\/wp-content\/uploads\/2023\/07\/thermal-water-in-turkey-1-24x14.jpg 24w, https:\/\/medclinics.com\/wp-content\/uploads\/2023\/07\/thermal-water-in-turkey-1-36x20.jpg 36w, https:\/\/medclinics.com\/wp-content\/uploads\/2023\/07\/thermal-water-in-turkey-1-48x27.jpg 48w\" sizes=\"(max-width: 960px) 100vw, 960px\" \/><\/figure>\n\n<h2 class=\"wp-block-heading\">PREGUNTAS FRECUENTES<\/h2>\n<div id=\"rank-math-faq\" class=\"rank-math-block\">\n<div class=\"rank-math-list \">\n<div id=\"faq-question-1686835280726\" class=\"rank-math-list-item\">\n<h3 class=\"rank-math-question \">\u00bfQu\u00e9 es el agua termal?<\/h3>\n<div class=\"rank-math-answer \">\n\n<p>Es agua calentada de forma natural. Contiene minerales beneficiosos. Ofrece efectos terap\u00e9uticos para la piel, favorece la circulaci\u00f3n, la relajaci\u00f3n y la desintoxicaci\u00f3n. Se utiliza habitualmente en tratamientos de bienestar por sus propiedades curativas.<\/p>\n\n<\/div>\n<\/div>\n<div id=\"faq-question-1686835275317\" class=\"rank-math-list-item\">\n<h3 class=\"rank-math-question \">\u00bfC\u00f3mo funciona el agua termal?<\/h3>\n<div class=\"rank-math-answer \">\n\n<p>Funciona combinando el calor natural de fuentes subterr\u00e1neas con su composici\u00f3n mineral \u00fanica. Al ser absorbidos por la piel, los minerales aportan beneficios terap\u00e9uticos como mejorar la salud cut\u00e1nea, favorecer la circulaci\u00f3n y provocar relajaci\u00f3n. El calor tambi\u00e9n ayuda a relajar los m\u00fasculos, desintoxicar el cuerpo y reducir el estr\u00e9s. Sus propiedades curativas la convierten en una opci\u00f3n popular para diversos tratamientos de bienestar.<\/p>\n\n<\/div>\n<\/div>\n<div id=\"faq-question-1686835343147\" class=\"rank-math-list-item\">\n<h3 class=\"rank-math-question \">\u00bfMerece la pena el agua termal?<\/h3>\n<div class=\"rank-math-answer \">\n\n<p>S\u00ed, puede merecer la pena para las personas que valoran sus beneficios terap\u00e9uticos, disfrutan de la experiencia y la encuentran beneficiosa para su bienestar.<\/p>\n\n<\/div>\n<\/div>\n<div id=\"faq-question-1686835344580\" class=\"rank-math-list-item\">\n<h3 class=\"rank-math-question \">\u00bfEl agua termal es buena para la piel?<\/h3>\n<div class=\"rank-math-answer \">\n\n<p>S\u00ed, es bueno para la piel. Contiene minerales y oligoelementos. Estos elementos pueden aportar diversos beneficios. La composici\u00f3n mineral espec\u00edfica puede variar en funci\u00f3n de la fuente. Sin embargo, los minerales comunes que se encuentran en el agua termal, como el calcio, el magnesio, el azufre y el s\u00edlice, se han asociado con beneficios para la salud de la piel.<\/p>\n\n<\/div>\n<\/div>\n<div id=\"faq-question-1686835345514\" class=\"rank-math-list-item\">\n<h3 class=\"rank-math-question \">\u00bfEs buena el agua termal para el eczema?<\/h3>\n<div class=\"rank-math-answer \">\n\n<p>S\u00ed, puede ser bueno para las personas con eczema. Su contenido en minerales y sus propiedades calmantes pueden ayudar a aliviar los s\u00edntomas asociados al eccema, como la sequedad, el enrojecimiento y el picor.<\/p>\n\n<\/div>\n<\/div>\n<\/div>\n<\/div>\n<p>\u00a0<\/p>\n\n<h3 class=\"wp-block-heading\">P\u00f3ngase en contacto con nosotros si tiene alguna pregunta.<\/h3>\n","protected":false},"excerpt":{"rendered":"<p>Si lo que busca es un tratamiento relajante, las aguas termales pueden ser la mejor opci\u00f3n para usted. La terapia [&hellip;]<\/p>\n","protected":false},"author":4,"featured_media":95063,"parent":0,"menu_order":0,"comment_status":"closed","ping_status":"closed","template":"","meta":{"site-sidebar-layout":"default","site-content-layout":"","ast-site-content-layout":"default","site-content-style":"default","site-sidebar-style":"default","ast-global-header-display":"","ast-banner-title-visibility":"","ast-main-header-display":"","ast-hfb-above-header-display":"","ast-hfb-below-header-display":"","ast-hfb-mobile-header-display":"","site-post-title":"","ast-breadcrumbs-content":"","ast-featured-img":"","footer-sml-layout":"","ast-disable-related-posts":"","theme-transparent-header-meta":"","adv-header-id-meta":"","stick-header-meta":"","header-above-stick-meta":"","header-main-stick-meta":"","header-below-stick-meta":"","astra-migrate-meta-layouts":"default","ast-page-background-enabled":"default","ast-page-background-meta":{"desktop":{"background-color":"var(--ast-global-color-4)","background-image":"","background-repeat":"repeat","background-position":"center center","background-size":"auto","background-attachment":"scroll","background-type":"","background-media":"","overlay-type":"","overlay-color":"","overlay-opacity":"","overlay-gradient":""},"tablet":{"background-color":"","background-image":"","background-repeat":"repeat","background-position":"center center","background-size":"auto","background-attachment":"scroll","background-type":"","background-media":"","overlay-type":"","overlay-color":"","overlay-opacity":"","overlay-gradient":""},"mobile":{"background-color":"","background-image":"","background-repeat":"repeat","background-position":"center center","background-size":"auto","background-attachment":"scroll","background-type":"","background-media":"","overlay-type":"","overlay-color":"","overlay-opacity":"","overlay-gradient":""}},"ast-content-background-meta":{"desktop":{"background-color":"var(--ast-global-color-5)","background-image":"","background-repeat":"repeat","background-position":"center center","background-size":"auto","background-attachment":"scroll","background-type":"","background-media":"","overlay-type":"","overlay-color":"","overlay-opacity":"","overlay-gradient":""},"tablet":{"background-color":"var(--ast-global-color-5)","background-image":"","background-repeat":"repeat","background-position":"center center","background-size":"auto","background-attachment":"scroll","background-type":"","background-media":"","overlay-type":"","overlay-color":"","overlay-opacity":"","overlay-gradient":""},"mobile":{"background-color":"var(--ast-global-color-5)","background-image":"","background-repeat":"repeat","background-position":"center center","background-size":"auto","background-attachment":"scroll","background-type":"","background-media":"","overlay-type":"","overlay-color":"","overlay-opacity":"","overlay-gradient":""}},"footnotes":""},"class_list":["post-147608","page","type-page","status-publish","has-post-thumbnail","hentry"],"_links":{"self":[{"href":"https:\/\/medclinics.com\/es\/wp-json\/wp\/v2\/pages\/147608","targetHints":{"allow":["GET"]}}],"collection":[{"href":"https:\/\/medclinics.com\/es\/wp-json\/wp\/v2\/pages"}],"about":[{"href":"https:\/\/medclinics.com\/es\/wp-json\/wp\/v2\/types\/page"}],"author":[{"embeddable":true,"href":"https:\/\/medclinics.com\/es\/wp-json\/wp\/v2\/users\/4"}],"replies":[{"embeddable":true,"href":"https:\/\/medclinics.com\/es\/wp-json\/wp\/v2\/comments?post=147608"}],"version-history":[{"count":0,"href":"https:\/\/medclinics.com\/es\/wp-json\/wp\/v2\/pages\/147608\/revisions"}],"wp:featuredmedia":[{"embeddable":true,"href":"https:\/\/medclinics.com\/es\/wp-json\/wp\/v2\/media\/95063"}],"wp:attachment":[{"href":"https:\/\/medclinics.com\/es\/wp-json\/wp\/v2\/media?parent=147608"}],"curies":[{"name":"wp","href":"https:\/\/api.w.org\/{rel}","templated":true}]}}