{"id":147586,"date":"2023-06-19T07:22:14","date_gmt":"2023-06-19T04:22:14","guid":{"rendered":"https:\/\/medclinics.com\/spa-termal\/"},"modified":"2025-01-03T00:14:49","modified_gmt":"2025-01-02T21:14:49","slug":"spa-termal","status":"publish","type":"page","link":"https:\/\/medclinics.com\/es\/spa-termal\/","title":{"rendered":"Spa \/ Termal \/ Bienestar \/ Detox"},"content":{"rendered":"\n<h2 class=\"wp-block-heading\" id=\"spa-or-thermal-treatments-are-various-therapies-and-treatments-offered-by-spas-and-wellness-facilities-the-treatments-are-intended-to-help-you-relax-rejuvenate-and-general-wellbeing\">Los tratamientos de spa o termales son diversas terapias y tratamientos que ofrecen los balnearios y centros de bienestar. Los tratamientos est\u00e1n pensados para ayudarle a relajarse, rejuvenecer y lograr un bienestar general.<\/h2>\n\n<div class=\"wp-block-rank-math-toc-block\" id=\"rank-math-toc\"><p>Tabla de contenidos<\/p><nav><ul><li><a href=\"#spa-or-thermal-treatments-are-various-therapies-and-treatments-offered-by-spas-and-wellness-facilities-the-treatments-are-intended-to-help-you-relax-rejuvenate-and-general-wellbeing\">Los tratamientos de spa o termales son diversas terapias y tratamientos que ofrecen los balnearios y centros de bienestar. Los tratamientos est\u00e1n pensados para ayudarle a relajarse, rejuvenecer y lograr un bienestar general.<\/a><\/li><li><a href=\"#so-what-is\">\u00bfQu\u00e9 es<\/a><\/li><li><a href=\"#types-and-methods\">Tipos y m\u00e9todos<\/a><\/li><li><a href=\"#treatment-plan\">Plan de tratamiento<\/a><\/li><li><a href=\"#aftercare-healing-process\">Cuidados postoperatorios y proceso de curaci\u00f3n<\/a><\/li><li><a href=\"#top-spa-thermal-treatment-costs-by-country\">Costes de los tratamientos termales por pa\u00eds<\/a><\/li><li><a href=\"#faq\">PREGUNTAS FRECUENTES<\/a><\/li><li><a href=\"#history\">Historia<\/a><\/li><\/ul><\/nav><\/div>\n\n<h2 class=\"wp-block-heading\" id=\"so-what-is\">\u00bfQu\u00e9 es <\/h2>\n\n<ul class=\"wp-block-list\">\n<li>En t\u00e9rminos sencillos, un spa es un tratamiento terap\u00e9utico del agua.<\/li>\n\n\n\n<li>Suelen incluir una combinaci\u00f3n de t\u00e9cnicas terap\u00e9uticas, elementos naturales y lujosos servicios para crear una experiencia hol\u00edstica y envolvente.<\/li>\n<\/ul>\n\n<h2 class=\"wp-block-heading\" id=\"types-and-methods\">Tipos y m\u00e9todos<\/h2>\n\n<h3 class=\"wp-block-heading\" id=\"there-are-several-types-and-techniques-of-mammoplasty\">Existen varios tratamientos balnearios \/ termales que aportan ventajas para la salud.<\/h3>\n<div class=\"jet-listing-grid--blocks   jet-sm-gb-wrapper jet-sm-gb-b57f7444-595f-411c-840c-d9903df69f20\"data-element-id=\"b57f7444-595f-411c-840c-d9903df69f20\"data-listing-type=\"blocks\"data-is-block=\"jet-engine\/listing-grid\"><div class=\"jet-listing-notice\">Please select listing to show.<\/div><\/div>\n<figure class=\"wp-block-image size-full\"><img fetchpriority=\"high\" decoding=\"async\" width=\"960\" height=\"540\" src=\"https:\/\/medclinics.com\/wp-content\/uploads\/2023\/07\/spa-thermal-treatment-in-turkey-1.jpg\" alt=\"Spa \/ Tratamiento termal en Turqu&#xED;a\" class=\"wp-image-96561\" srcset=\"https:\/\/medclinics.com\/wp-content\/uploads\/2023\/07\/spa-thermal-treatment-in-turkey-1.jpg 960w, https:\/\/medclinics.com\/wp-content\/uploads\/2023\/07\/spa-thermal-treatment-in-turkey-1-500x281.jpg 500w, https:\/\/medclinics.com\/wp-content\/uploads\/2023\/07\/spa-thermal-treatment-in-turkey-1-768x432.jpg 768w, https:\/\/medclinics.com\/wp-content\/uploads\/2023\/07\/spa-thermal-treatment-in-turkey-1-24x14.jpg 24w, https:\/\/medclinics.com\/wp-content\/uploads\/2023\/07\/spa-thermal-treatment-in-turkey-1-36x20.jpg 36w, https:\/\/medclinics.com\/wp-content\/uploads\/2023\/07\/spa-thermal-treatment-in-turkey-1-48x27.jpg 48w\" sizes=\"(max-width: 960px) 100vw, 960px\" \/><\/figure>\n\n<h2 class=\"wp-block-heading\" id=\"treatment-plan\">Plan de tratamiento<\/h2>\n\n<p>Empiece con una consulta para hablar de sus necesidades, preferencias o estado de salud. Empiece por relajarse en un entorno tranquilo, respirando hondo y prepar\u00e1ndose mentalmente para la experiencia. Se le proporcionar\u00e1 un albornoz, zapatillas y una toalla para que est\u00e9 c\u00f3modo durante toda la sesi\u00f3n.  <\/p>\n\n<p>Disfrute de las instalaciones termales disponibles, como ba\u00f1os calientes, saunas, salas de vapor o <a href=\"https:\/\/medclinics.com\/es\/agua-termal\/\" target=\"_blank\" rel=\"noreferrer noopener\">piscinas termales<\/a>. Disfrute de los beneficios terap\u00e9uticos del agua termal o del calor, permitiendo que su cuerpo y su mente se relajen.  <\/p>\n\n<p>Elija entre una variedad de tratamientos corporales como masajes, exfoliantes o envolturas. El terapeuta utilizar\u00e1 t\u00e9cnicas y productos que se adapten a sus preferencias y necesidades. Los masajes pueden dirigirse a zonas espec\u00edficas de tensi\u00f3n o proporcionar relajaci\u00f3n general, mientras que los exfoliantes y envolturas exfolian y nutren la piel.<\/p>\n\n<p>Si lo desea, incluya tratamientos faciales para mejorar la salud y el aspecto de su piel. Las terapias faciales pueden incluir limpieza, exfoliaci\u00f3n, mascarillas y t\u00e9cnicas de hidrataci\u00f3n personalizadas para su tipo de piel y sus problemas.<\/p>\n\n<h3 class=\"wp-block-heading\" id=\"mammoplasty-for\">Spa \/ Tratamiento termal para:<\/h3>\n\n<ul class=\"wp-block-list\">\n<li>Personas que buscan relajaci\u00f3n y alivio del estr\u00e9s<\/li>\n\n\n\n<li>Aquellos que buscan revitalizarse y reenergizarse<\/li>\n\n\n\n<li>Personas que desean mejorar su piel y su belleza<\/li>\n\n\n\n<li>Personas que buscan bienestar mental y emocional<\/li>\n\n\n\n<li>Los que dan prioridad al autocuidado<\/li>\n\n\n\n<li>Personas que desean purificar y limpiar su organismo<\/li>\n\n\n\n<li>Personas con enfermedades reum\u00e1ticas y afecciones cut\u00e1neas<\/li>\n<\/ul>\n\n<h3 class=\"wp-block-heading\" id=\"mammoplasty-duration\">Spa \/ Termal Duraci\u00f3n:<\/h3>\n\n<ul class=\"wp-block-list\">\n<li>Los masajes duran entre 60 y 90 minutos.<\/li>\n\n\n\n<li>Los exfoliantes y envolturas corporales duran unos 60 minutos.<\/li>\n\n\n\n<li>La hidroterapia dura entre 15 y 30 minutos en cada instalaci\u00f3n termal.<\/li>\n\n\n\n<li>Las clases de bienestar pueden durar entre 30 y 90 minutos, dependiendo del formato de la clase y del instructor.<\/li>\n<\/ul>\n\n<h3 class=\"wp-block-heading\" id=\"mammoplasty-recovery-timeline\">Spa \/ L\u00ednea de tiempo de recuperaci\u00f3n t\u00e9rmica:<\/h3>\n\n<ul class=\"wp-block-list\">\n<li>En general, la mayor\u00eda de los tratamientos, como masajes, aromaterapia y clases de bienestar, tienen poco o ning\u00fan tiempo de inactividad, lo que le permite reanudar sus actividades normales inmediatamente despu\u00e9s de la sesi\u00f3n.  <\/li>\n\n\n\n<li>Los tratamientos faciales, incluidos los tratamientos faciales y las mascarillas, pueden provocar un ligero enrojecimiento o sensibilidad, que suele remitir al cabo de unas horas o un d\u00eda.  <\/li>\n\n\n\n<li>Los exfoliantes y envolturas corporales tambi\u00e9n tienen un tiempo de recuperaci\u00f3n m\u00ednimo, pero es aconsejable evitar la luz solar directa o los productos qu\u00edmicos agresivos sobre la piel tratada durante uno o dos d\u00edas.  <\/li>\n\n\n\n<li>Las sesiones de hidroterapia con ba\u00f1os calientes, saunas o salas de vapor est\u00e1n pensadas para favorecer la relajaci\u00f3n y la revitalizaci\u00f3n en lugar de requerir un tiempo de recuperaci\u00f3n.<\/li>\n<\/ul>\n\n<h3 class=\"wp-block-heading\" id=\"possible-risks-for-mammoplasty\">Posibles riesgos para Spa \/ Termal:<\/h3>\n\n<ul class=\"wp-block-list\">\n<li>Irritaci\u00f3n cut\u00e1nea<\/li>\n\n\n\n<li>Reacciones al\u00e9rgicas<\/li>\n\n\n\n<li>Infecciones<\/li>\n\n\n\n<li>Enfermedades preexistentes<\/li>\n<\/ul>\n\n<h2 class=\"wp-block-heading\" id=\"aftercare-healing-process\">Cuidados postoperatorios y proceso de curaci\u00f3n<\/h2>\n<div id=\"rank-math-faq\" class=\"rank-math-block\">\n<div class=\"rank-math-list \">\n<div id=\"faq-question-1687243212601\" class=\"rank-math-list-item\">\n<h3 class=\"rank-math-question \">Cuidado posterior<\/h3>\n<div class=\"rank-math-answer \">\n\n<p>Por supuesto, \u00a1tambi\u00e9n cuidaremos de ti despu\u00e9s del tratamiento!<br \/>Nuestros asesores m\u00e9dicos cuidar\u00e1n de ti durante 1 a\u00f1o despu\u00e9s de la operaci\u00f3n.<br \/>Si necesitas ayuda, si tienes preguntas, puedes ponerte en contacto con nuestro personal en cualquier momento.<\/p>\n\n<\/div>\n<\/div>\n<div id=\"faq-question-1687243233427\" class=\"rank-math-list-item\">\n<h3 class=\"rank-math-question \">Proceso de curaci\u00f3n<\/h3>\n<div class=\"rank-math-answer \">\n\n<p>Despu\u00e9s de recibir un tratamiento, se pueden sentir inmediatamente los efectos, como una relajaci\u00f3n profunda, una mejora de la circulaci\u00f3n y una sensaci\u00f3n general de bienestar. Tu piel tambi\u00e9n puede beneficiarse del tratamiento y mostrar un aspecto rejuvenecido con mejor tono, textura e hidrataci\u00f3n.<br \/>Adem\u00e1s, algunos tratamientos tienen como objetivo promover la desintoxicaci\u00f3n, ayudando a tu cuerpo a eliminar toxinas y restablecer el equilibrio.<br \/>\nEs habitual experimentar sensaciones f\u00edsicas temporales, como dolor muscular o fatiga, que suelen remitir en uno o dos d\u00edas, a medida que tu cuerpo se recupera.<br \/>M\u00e1s all\u00e1 de los aspectos f\u00edsicos, estos tratamientos pueden tener un impacto positivo en tu salud mental y emocional, proporcionando una sensaci\u00f3n de calma, reducci\u00f3n del estr\u00e9s y aumento de la claridad mental.<br \/>\nLa duraci\u00f3n de estos efectos puede variar de una persona a otra.<br \/>Si tienes alguna duda o experimentas molestias prolongadas, se recomienda que te pongas en contacto con un profesional sanitario o que pidas consejo.  <\/p>\n\n<\/div>\n<\/div>\n<\/div>\n<\/div>\n<figure class=\"wp-block-image size-full\"><img decoding=\"async\" width=\"960\" height=\"540\" src=\"https:\/\/medclinics.com\/wp-content\/uploads\/2023\/07\/spa-thermal-treatment-in-turkey-2-1.jpg\" alt=\"Spa \/ Tratamiento termal en Pamukkale, Turqu&#xED;a\" class=\"wp-image-96568\" srcset=\"https:\/\/medclinics.com\/wp-content\/uploads\/2023\/07\/spa-thermal-treatment-in-turkey-2-1.jpg 960w, https:\/\/medclinics.com\/wp-content\/uploads\/2023\/07\/spa-thermal-treatment-in-turkey-2-1-500x281.jpg 500w, https:\/\/medclinics.com\/wp-content\/uploads\/2023\/07\/spa-thermal-treatment-in-turkey-2-1-768x432.jpg 768w, https:\/\/medclinics.com\/wp-content\/uploads\/2023\/07\/spa-thermal-treatment-in-turkey-2-1-24x14.jpg 24w, https:\/\/medclinics.com\/wp-content\/uploads\/2023\/07\/spa-thermal-treatment-in-turkey-2-1-36x20.jpg 36w, https:\/\/medclinics.com\/wp-content\/uploads\/2023\/07\/spa-thermal-treatment-in-turkey-2-1-48x27.jpg 48w\" sizes=\"(max-width: 960px) 100vw, 960px\" \/><\/figure>\n\n<h2 class=\"wp-block-heading\" id=\"top-spa-thermal-treatment-costs-by-country\">Costes de los tratamientos termales por pa\u00eds<\/h2>\n\n<p>El coste de los tratamientos balnearios \/ termales var\u00eda en funci\u00f3n de la ubicaci\u00f3n de tu elecci\u00f3n y de las prestaciones que incluya.<br\/>Tu asesor MedClincs estar\u00e1 encantado de darte m\u00e1s detalles.<\/p>\n\n<figure class=\"wp-block-table is-style-stripes\"><table class=\"has-fixed-layout\"><thead><tr><th>Pa\u00eds<\/th><th>Coste  <\/th><th>Clasificaci\u00f3n<\/th><\/tr><\/thead><tbody><tr><td>Turqu\u00eda<\/td><td>40\u20ac-120\u20ac<\/td><td>\u2605\u2605\u2605\u2605\u2605<\/td><\/tr><tr><td>Alemania<\/td><td>60\u20ac-150\u20ac<\/td><td>\u2605\u2605\u2605<\/td><\/tr><tr><td>EE.UU.<\/td><td>80\u20ac-180\u20ac<\/td><td>\u2605\u2605\u2605<\/td><\/tr><tr><td>Polonia<\/td><td>30\u20ac-80\u20ac<\/td><td>\u2605\u2605<\/td><\/tr><tr><td>Tailandia<\/td><td>40\u20ac-120\u20ac<\/td><td>\u2605\u2605<\/td><\/tr><\/tbody><\/table><\/figure>\n<div class=\"jet-listing-grid--blocks\"data-element-id=\"e12120f9-da41-46fa-bf48-6e0ff2632426\"data-listing-type=\"blocks\"data-is-block=\"jet-engine\/listing-grid\"><div class=\"jet-listing-grid jet-listing\"><div class=\"jet-listing-not-found jet-listing-grid__items\" data-nav=\"{&quot;enabled&quot;:false,&quot;type&quot;:null,&quot;more_el&quot;:null,&quot;query&quot;:[],&quot;widget_settings&quot;:{&quot;lisitng_id&quot;:135772,&quot;posts_num&quot;:6,&quot;columns&quot;:2,&quot;columns_tablet&quot;:2,&quot;columns_mobile&quot;:1,&quot;column_min_width&quot;:240,&quot;column_min_width_tablet&quot;:240,&quot;column_min_width_mobile&quot;:240,&quot;inline_columns_css&quot;:true,&quot;is_archive_template&quot;:&quot;&quot;,&quot;post_status&quot;:[&quot;publish&quot;],&quot;use_random_posts_num&quot;:&quot;&quot;,&quot;max_posts_num&quot;:6,&quot;not_found_message&quot;:&quot;No data was found&quot;,&quot;is_masonry&quot;:false,&quot;equal_columns_height&quot;:&quot;&quot;,&quot;use_load_more&quot;:&quot;&quot;,&quot;load_more_id&quot;:&quot;&quot;,&quot;load_more_type&quot;:&quot;click&quot;,&quot;load_more_offset&quot;:null,&quot;use_custom_post_types&quot;:&quot;&quot;,&quot;custom_post_types&quot;:[],&quot;hide_widget_if&quot;:&quot;&quot;,&quot;carousel_enabled&quot;:&quot;&quot;,&quot;slides_to_scroll&quot;:1,&quot;arrows&quot;:true,&quot;arrow_icon&quot;:&quot;fa fa-angle-left&quot;,&quot;dots&quot;:&quot;&quot;,&quot;autoplay&quot;:true,&quot;pause_on_hover&quot;:true,&quot;autoplay_speed&quot;:5000,&quot;infinite&quot;:true,&quot;center_mode&quot;:&quot;&quot;,&quot;effect&quot;:&quot;slide&quot;,&quot;speed&quot;:500,&quot;inject_alternative_items&quot;:&quot;&quot;,&quot;injection_items&quot;:[],&quot;scroll_slider_enabled&quot;:&quot;&quot;,&quot;scroll_slider_on&quot;:[&quot;desktop&quot;,&quot;tablet&quot;,&quot;mobile&quot;],&quot;custom_query&quot;:false,&quot;custom_query_id&quot;:&quot;&quot;,&quot;_element_id&quot;:&quot;&quot;,&quot;collapse_first_last_gap&quot;:false,&quot;list_tag_selection&quot;:&quot;&quot;,&quot;list_items_wrapper_tag&quot;:&quot;div&quot;,&quot;list_item_tag&quot;:&quot;div&quot;,&quot;empty_items_wrapper_tag&quot;:&quot;div&quot;}}\" data-listing-source=\"posts\" data-listing-id=\"135772\" data-query-id=\"\" data-queried-id=\"147586|WP_Post\">No data was found<\/div><\/div><\/div>\n<h2 class=\"wp-block-heading\" id=\"faq\">PREGUNTAS FRECUENTES<\/h2>\n<div id=\"rank-math-faq\" class=\"rank-math-block\">\n<div class=\"rank-math-list \">\n<div id=\"faq-question-1687156647303\" class=\"rank-math-list-item\">\n<h3 class=\"rank-math-question \">\u00bfSon buenos los ba\u00f1os termales?<\/h3>\n<div class=\"rank-math-answer \">\n\n<p>S\u00ed, pueden ser buenos para ti. Ofrecen varios beneficios para su salud y bienestar. Sumergirse en agua caliente favorece la relajaci\u00f3n, alivia el dolor muscular y articular, mejora la circulaci\u00f3n sangu\u00ednea y ayuda a conciliar mejor el sue\u00f1o, adem\u00e1s de limpiar y rejuvenecer la piel al abrir los poros y favorecer la sudoraci\u00f3n.<\/p>\n\n<\/div>\n<\/div>\n<div id=\"faq-question-1687156667040\" class=\"rank-math-list-item\">\n<h3 class=\"rank-math-question \">\u00bfMerecen la pena los ba\u00f1os termales?<\/h3>\n<div class=\"rank-math-answer \">\n\n<p>S\u00ed, pueden merecer la pena para muchas personas. Ofrecen una serie de beneficios, como la relajaci\u00f3n, el alivio muscular, la mejora de la circulaci\u00f3n y un mejor sue\u00f1o. Para quienes dan prioridad al cuidado personal y disfrutan de los efectos terap\u00e9uticos del agua caliente y la hidroterapia, poseer una ba\u00f1era de hidromasaje puede proporcionar comodidad y acceso regular a estos beneficios. Adem\u00e1s, tener una ba\u00f1era de hidromasaje en casa puede ofrecer intimidad y la flexibilidad de utilizarla cuando se desee.<\/p>\n\n<\/div>\n<\/div>\n<div id=\"faq-question-1687157326797\" class=\"rank-math-list-item\">\n<h3 class=\"rank-math-question \">\u00bfQu\u00e9 es el tratamiento t\u00e9rmico?<\/h3>\n<div class=\"rank-math-answer \">\n\n<p>Se refiere al uso de terapias basadas en el calor o la temperatura con fines terap\u00e9uticos. Consiste en aplicar niveles controlados de calor o fr\u00edo al cuerpo para promover diversos beneficios para la salud. Pueden incluir terapias fr\u00edas y calientes, como masajes con piedras calientes, saunas, salas de vapor, bolsas de hielo o compresas fr\u00edas. Estos tratamientos suelen utilizarse para relajar los m\u00fasculos, reducir la inflamaci\u00f3n, mejorar la circulaci\u00f3n, aliviar el dolor y promover el bienestar general.<\/p>\n\n<\/div>\n<\/div>\n<div id=\"faq-question-1687156798096\" class=\"rank-math-list-item\">\n<h3 class=\"rank-math-question \">\u00bfPor qu\u00e9 es importante un balneario?<\/h3>\n<div class=\"rank-math-answer \">\n\n<p>Los balnearios son importantes porque ofrecen un refugio para la relajaci\u00f3n, el rejuvenecimiento y el cuidado personal. Estos entornos tranquilos ofrecen a las personas un escape del estr\u00e9s de la vida cotidiana. Mediante diversos tratamientos terap\u00e9uticos, como masajes, tratamientos faciales e hidroterapia, los balnearios fomentan el bienestar f\u00edsico y mental. Ayudan a aliviar la tensi\u00f3n muscular, mejoran la circulaci\u00f3n sangu\u00ednea, desintoxican el organismo y mejoran la salud en general. Adem\u00e1s, sirven como centros educativos, ofreciendo orientaci\u00f3n sobre pr\u00e1cticas de vida sana, nutrici\u00f3n y gesti\u00f3n del estr\u00e9s.<\/p>\n\n<\/div>\n<\/div>\n<div id=\"faq-question-1687157063349\" class=\"rank-math-list-item\">\n<h3 class=\"rank-math-question \">\u00bfC\u00f3mo se hace un spa?<\/h3>\n<div class=\"rank-math-answer \">\n\n<p>Los tratamientos de spa suelen comenzar con la llegada y el registro, donde usted facilita sus datos y comenta cualquier duda o preferencia especial. Tras ponerse ropa c\u00f3moda, podr\u00e1 acceder a una zona de relajaci\u00f3n para descansar antes del tratamiento. A continuaci\u00f3n, un miembro del personal le dirigir\u00e1 a la sala de tratamiento, donde recibir\u00e1 instrucciones sobre c\u00f3mo colocarse para un tratamiento concreto.  <br \/>El tratamiento en s\u00ed variar\u00e1 en funci\u00f3n del tratamiento que haya elegido o le hayan recomendado. Terapeutas cualificados llevar\u00e1n a cabo el tratamiento utilizando diversas t\u00e9cnicas y productos. Despu\u00e9s, tendr\u00e1 tiempo para relajarse y disfrutar de los beneficios del tratamiento. Por \u00faltimo, se le guiar\u00e1 de vuelta a la zona de vestuarios, donde podr\u00e1 prepararse para salir. El pago y la programaci\u00f3n de futuras citas pueden gestionarse en recepci\u00f3n. Cada tratamiento puede tener sus propios procedimientos y variaciones.<\/p>\n\n<\/div>\n<\/div>\n<div id=\"faq-question-1687157217736\" class=\"rank-math-list-item\">\n<h3 class=\"rank-math-question \">\u00bfC\u00f3mo funciona un balneario?<\/h3>\n<div class=\"rank-math-answer \">\n\n<p>Ofrecen una serie de servicios e instalaciones para la relajaci\u00f3n y el bienestar. Los clientes conciertan una cita, reciben atenci\u00f3n de profesionales cualificados y luego tienen tiempo para relajarse. Al final de la visita, los clientes pagan y pueden programar futuras citas.<\/p>\n\n<\/div>\n<\/div>\n<div id=\"faq-question-1687157322688\" class=\"rank-math-list-item\">\n<h3 class=\"rank-math-question \">\u00bfQu\u00e9 tratamiento de spa debo hacerme?<\/h3>\n<div class=\"rank-math-answer \">\n\n<p>Hay varias opciones populares a tener en cuenta. Si desea relajarse y reducir la tensi\u00f3n muscular, un masaje como el sueco o con piedras calientes puede ser ideal. Para rejuvenecer la piel, los tratamientos faciales adaptados a sus necesidades espec\u00edficas pueden tratar problemas como la sequedad, el acn\u00e9 o los signos del envejecimiento.  <br \/>Los tratamientos de exfoliaci\u00f3n corporal pueden mejorar la textura de la piel y la circulaci\u00f3n. Las envolturas corporales ofrecen beneficios de hidrataci\u00f3n, desintoxicaci\u00f3n o relajaci\u00f3n. Los tratamientos de hidroterapia, como los jacuzzis o las ba\u00f1eras de hidromasaje, pueden tener efectos terap\u00e9uticos. Los tratamientos de aromaterapia con aceites esenciales crean una experiencia relajante y arom\u00e1tica.  <\/p>\n\n<\/div>\n<\/div>\n<div id=\"faq-question-1687157324400\" class=\"rank-math-list-item\">\n<h3 class=\"rank-math-question \">\u00bfSon buenas las piscinas termales?<\/h3>\n<div class=\"rank-math-answer \">\n\n<p>S\u00ed, estas piscinas pueden tener varios beneficios para su salud y bienestar. Garantiza la relajaci\u00f3n y el alivio del estr\u00e9s, el alivio muscular y articular, la mejora de la circulaci\u00f3n y la mejora del sue\u00f1o.<\/p>\n\n<\/div>\n<\/div>\n<div id=\"faq-question-1687157325239\" class=\"rank-math-list-item\">\n<h3 class=\"rank-math-question \">\u00bfEs seguro acudir a un balneario durante el embarazo?<\/h3>\n<div class=\"rank-math-answer \">\n\n<p>Pueden ser seguros para las mujeres embarazadas, pero es importante tomar algunas precauciones y consultar al profesional sanitario antes de planificar cualquier tratamiento.<\/p>\n\n<\/div>\n<\/div>\n<div id=\"faq-question-1687157326024\" class=\"rank-math-list-item\">\n<h3 class=\"rank-math-question \">\u00bfQu\u00e9 tratamientos de spa son seguros durante el embarazo?<\/h3>\n<div class=\"rank-math-answer \">\n\n<p>Se consideran seguros los masajes prenatales, los tratamientos faciales prenatales, los tratamientos corporales suaves (por ejemplo, envolturas corporales hidratantes o humectantes) y la hidroterapia (por ejemplo, ba\u00f1os de agua caliente o ejercicios suaves en el agua).<\/p>\n\n<\/div>\n<\/div>\n<\/div>\n<\/div>\n<h2 class=\"wp-block-heading\" id=\"history\">Historia<\/h2>\n\n<p>Los beneficios de los tratamientos termales tienen un largo historial que abarca siglos y que se fundamenta en la apreciaci\u00f3n de las antiguas culturas de los beneficios terap\u00e9uticos de las aguas termales naturales.<\/p>\n\n<p>Los romanos instauraron la pr\u00e1ctica del ba\u00f1o comunal, estableciendo comunidades para la salud. La cultura balnearia decay\u00f3 durante la Edad Media, pero experiment\u00f3 un renacimiento en el Renacimiento y la Ilustraci\u00f3n, que dieron lugar a ciudades balnearias por toda Europa.<\/p>\n\n<p>El siglo XIX fue la \u00e9poca de los grandes complejos balnearios, que con el tiempo han adquirido fama mundial gracias a las modernas terapias centradas en el autocuidado y el bienestar hol\u00edstico.<\/p>\n","protected":false},"excerpt":{"rendered":"<p>Los tratamientos de spa o termales son diversas terapias y tratamientos que ofrecen los balnearios y centros de bienestar. Los [&hellip;]<\/p>\n","protected":false},"author":4,"featured_media":95295,"parent":0,"menu_order":0,"comment_status":"closed","ping_status":"closed","template":"","meta":{"site-sidebar-layout":"default","site-content-layout":"","ast-site-content-layout":"default","site-content-style":"default","site-sidebar-style":"default","ast-global-header-display":"","ast-banner-title-visibility":"","ast-main-header-display":"","ast-hfb-above-header-display":"","ast-hfb-below-header-display":"","ast-hfb-mobile-header-display":"","site-post-title":"","ast-breadcrumbs-content":"","ast-featured-img":"","footer-sml-layout":"","ast-disable-related-posts":"","theme-transparent-header-meta":"","adv-header-id-meta":"","stick-header-meta":"","header-above-stick-meta":"","header-main-stick-meta":"","header-below-stick-meta":"","astra-migrate-meta-layouts":"default","ast-page-background-enabled":"default","ast-page-background-meta":{"desktop":{"background-color":"var(--ast-global-color-4)","background-image":"","background-repeat":"repeat","background-position":"center center","background-size":"auto","background-attachment":"scroll","background-type":"","background-media":"","overlay-type":"","overlay-color":"","overlay-opacity":"","overlay-gradient":""},"tablet":{"background-color":"","background-image":"","background-repeat":"repeat","background-position":"center center","background-size":"auto","background-attachment":"scroll","background-type":"","background-media":"","overlay-type":"","overlay-color":"","overlay-opacity":"","overlay-gradient":""},"mobile":{"background-color":"","background-image":"","background-repeat":"repeat","background-position":"center center","background-size":"auto","background-attachment":"scroll","background-type":"","background-media":"","overlay-type":"","overlay-color":"","overlay-opacity":"","overlay-gradient":""}},"ast-content-background-meta":{"desktop":{"background-color":"var(--ast-global-color-5)","background-image":"","background-repeat":"repeat","background-position":"center center","background-size":"auto","background-attachment":"scroll","background-type":"","background-media":"","overlay-type":"","overlay-color":"","overlay-opacity":"","overlay-gradient":""},"tablet":{"background-color":"var(--ast-global-color-5)","background-image":"","background-repeat":"repeat","background-position":"center center","background-size":"auto","background-attachment":"scroll","background-type":"","background-media":"","overlay-type":"","overlay-color":"","overlay-opacity":"","overlay-gradient":""},"mobile":{"background-color":"var(--ast-global-color-5)","background-image":"","background-repeat":"repeat","background-position":"center center","background-size":"auto","background-attachment":"scroll","background-type":"","background-media":"","overlay-type":"","overlay-color":"","overlay-opacity":"","overlay-gradient":""}},"footnotes":""},"class_list":["post-147586","page","type-page","status-publish","has-post-thumbnail","hentry"],"_links":{"self":[{"href":"https:\/\/medclinics.com\/es\/wp-json\/wp\/v2\/pages\/147586","targetHints":{"allow":["GET"]}}],"collection":[{"href":"https:\/\/medclinics.com\/es\/wp-json\/wp\/v2\/pages"}],"about":[{"href":"https:\/\/medclinics.com\/es\/wp-json\/wp\/v2\/types\/page"}],"author":[{"embeddable":true,"href":"https:\/\/medclinics.com\/es\/wp-json\/wp\/v2\/users\/4"}],"replies":[{"embeddable":true,"href":"https:\/\/medclinics.com\/es\/wp-json\/wp\/v2\/comments?post=147586"}],"version-history":[{"count":0,"href":"https:\/\/medclinics.com\/es\/wp-json\/wp\/v2\/pages\/147586\/revisions"}],"wp:featuredmedia":[{"embeddable":true,"href":"https:\/\/medclinics.com\/es\/wp-json\/wp\/v2\/media\/95295"}],"wp:attachment":[{"href":"https:\/\/medclinics.com\/es\/wp-json\/wp\/v2\/media?parent=147586"}],"curies":[{"name":"wp","href":"https:\/\/api.w.org\/{rel}","templated":true}]}}