{"id":147580,"date":"2023-06-19T09:46:57","date_gmt":"2023-06-19T06:46:57","guid":{"rendered":"https:\/\/medclinics.com\/tratamiento-del-vitiligo\/"},"modified":"2024-04-01T12:16:49","modified_gmt":"2024-04-01T09:16:49","slug":"tratamiento-del-vitiligo","status":"publish","type":"page","link":"https:\/\/medclinics.com\/es\/tratamiento-del-vitiligo\/","title":{"rendered":"Tratamiento del vit\u00edligo"},"content":{"rendered":"\n<h2 class=\"wp-block-heading\">Diga adi\u00f3s al trastorno de pigmentaci\u00f3n y hola a su nueva vida con el tratamiento del vit\u00edligo.<\/h2>\n\n<p>El vit\u00edligo es una enfermedad cut\u00e1nea de causa desconocida, en la que aparecen zonas blancas debido a la p\u00e9rdida de pigmento en la piel. Puede aparecer en cualquier parte del cuerpo, pero es m\u00e1s frecuente en la cara, los labios, las manos, los brazos, las piernas y las zonas genitales.  <\/p>\n\n<p>La causa del vit\u00edligo no se conoce por completo, pero se cree que implica una combinaci\u00f3n de factores gen\u00e9ticos, autoinmunes y ambientales. No es contagiosa y no plantea riesgos directos para la salud, pero puede tener importantes efectos psicol\u00f3gicos y emocionales en las personas, sobre todo por los cambios visibles en su aspecto.<\/p>\n\n<p>El vit\u00edligo puede aparecer a cualquier edad, pero suele comenzar en la infancia o en la juventud. Aunque el signo principal del vit\u00edligo es la presencia de manchas blancas, algunas personas con vit\u00edligo pueden experimentar picor, sequedad o quemaduras solares en las zonas afectadas.<\/p>\n\n<p>Aunque actualmente el vit\u00edligo no tiene cura, existen varias opciones de tratamiento para controlar la enfermedad y mejorar su aspecto est\u00e9tico. Pueden incluir medicamentos t\u00f3picos, fototerapia, procedimientos quir\u00fargicos y t\u00e9cnicas de camuflaje.<\/p>\n\n<h3 class=\"wp-block-heading\">Todo lo que necesita saber sobre <a href=\"https:\/\/medclinics.com\/es\/dermatologia\/\" target=\"_blank\" rel=\"noreferrer noopener\">dermatolog\u00eda<\/a>, incluidos los cuidados postoperatorios y el proceso de curaci\u00f3n, o <a href=\"#requestform\">p\u00f3ngase en contacto con nosotros<\/a>.<\/h3>\n\n<figure class=\"wp-block-image size-full\"><img fetchpriority=\"high\" decoding=\"async\" width=\"960\" height=\"540\" src=\"https:\/\/medclinics.com\/wp-content\/uploads\/2023\/07\/vitiligo-treatment-near-me.jpg\" alt=\"Tratamiento del vit&#xED;ligo en Estambul (Turqu&#xED;a)\" class=\"wp-image-97266\" srcset=\"https:\/\/medclinics.com\/wp-content\/uploads\/2023\/07\/vitiligo-treatment-near-me.jpg 960w, https:\/\/medclinics.com\/wp-content\/uploads\/2023\/07\/vitiligo-treatment-near-me-500x281.jpg 500w, https:\/\/medclinics.com\/wp-content\/uploads\/2023\/07\/vitiligo-treatment-near-me-768x432.jpg 768w, https:\/\/medclinics.com\/wp-content\/uploads\/2023\/07\/vitiligo-treatment-near-me-24x14.jpg 24w, https:\/\/medclinics.com\/wp-content\/uploads\/2023\/07\/vitiligo-treatment-near-me-36x20.jpg 36w, https:\/\/medclinics.com\/wp-content\/uploads\/2023\/07\/vitiligo-treatment-near-me-48x27.jpg 48w\" sizes=\"(max-width: 960px) 100vw, 960px\" \/><\/figure>\n\n<h2 class=\"wp-block-heading\">PREGUNTAS FRECUENTES<\/h2>\n<div id=\"rank-math-faq\" class=\"rank-math-block\">\n<div class=\"rank-math-list \">\n<div id=\"faq-question-1687167318311\" class=\"rank-math-list-item\">\n<h3 class=\"rank-math-question \">\u00bfQu\u00e9 es el vit\u00edligo?<\/h3>\n<div class=\"rank-math-answer \">\n\n<p>El vit\u00edligo es una enfermedad cut\u00e1nea de larga duraci\u00f3n caracterizada por la aparici\u00f3n de manchas blancas en la piel. Se produce cuando los melanocitos, las c\u00e9lulas encargadas de producir melanina, se destruyen o dejan de funcionar.<\/p>\n\n<\/div>\n<\/div>\n<div id=\"faq-question-1687167288940\" class=\"rank-math-list-item\">\n<h3 class=\"rank-math-question \">\u00bfQu\u00e9 es la melanina?<\/h3>\n<div class=\"rank-math-answer \">\n\n<p>El color de la piel humana consiste en un pigmento marr\u00f3n llamado melanina. Las personas de piel p\u00e1lida producen muy poca melanina, mientras que las de piel m\u00e1s oscura producen cantidades m\u00e1s elevadas de melanina. As\u00ed que hay dos tipos de pigmentaci\u00f3n.  <br \/>Cuando el cuerpo produce demasiada melanina, la piel se oscurece. El embarazo, la enfermedad de Addison y la exposici\u00f3n al sol son algunos de los factores que oscurecen la piel. Por otro lado, cuando el cuerpo produce muy poca melanina, la piel se aclara, con zonas m\u00e1s claras que el color normal de la piel.<\/p>\n\n<\/div>\n<\/div>\n<div id=\"faq-question-1687167320190\" class=\"rank-math-list-item\">\n<h3 class=\"rank-math-question \">\u00bfCu\u00e1ntas personas de la poblaci\u00f3n mundial padecen vit\u00edligo?<\/h3>\n<div class=\"rank-math-answer \">\n\n<p>Es una enfermedad que afecta al 1% de la poblaci\u00f3n mundial y afecta a todas las razas por igual, independientemente del sexo.<\/p>\n\n<\/div>\n<\/div>\n<div id=\"faq-question-1687167321156\" class=\"rank-math-list-item\">\n<h3 class=\"rank-math-question \">\u00bfPor qu\u00e9 el tratamiento del vit\u00edligo es m\u00e1s barato en Estambul &#8211; Turqu\u00eda?<\/h3>\n<div class=\"rank-math-answer \">\n\n<p>En Turqu\u00eda, los salarios y el coste de la vida son m\u00e1s bajos que en Europa, y el gobierno subvenciona el sector sanitario. Por lo tanto, el tratamiento del vit\u00edligo en Turqu\u00eda puede realizarse a un coste mucho menor sin sacrificar la calidad y el nivel.<\/p>\n\n<\/div>\n<\/div>\n<div id=\"faq-question-1687167395826\" class=\"rank-math-list-item\">\n<h3 class=\"rank-math-question \">\u00bfCu\u00e1les son las ventajas del tratamiento del vit\u00edligo en Estambul?  <\/h3>\n<div class=\"rank-math-answer \">\n\n<p>Ahorrar\u00e1 dinero y costes, se beneficiar\u00e1 de la calidad internacional y evitar\u00e1 largos tiempos de espera. En Turqu\u00eda, la cita para el tratamiento del vit\u00edligo se obtiene con poca antelaci\u00f3n, mientras que en Alemania hay que esperar semanas. El corto tiempo de vuelo desde Europa es otra ventaja.  <\/p>\n\n<\/div>\n<\/div>\n<div id=\"faq-question-1687167397272\" class=\"rank-math-list-item\">\n<h3 class=\"rank-math-question \">\u00bfEs seguro someterse a un tratamiento contra el vit\u00edligo en Estambul?<\/h3>\n<div class=\"rank-math-answer \">\n\n<p>Con m\u00e1s de 1,5 millones de turistas m\u00e9dicos al a\u00f1o, Turqu\u00eda es uno de los tres l\u00edderes mundiales en turismo sanitario. El sistema sanitario de Turqu\u00eda est\u00e1 estrictamente controlado y regulado para garantizar la mejor calidad y el m\u00e1ximo nivel de los tratamientos. M\u00e9dicos experimentados junto con un equipo profesional atienden a los pacientes de forma profesional y competente. Su tratamiento contra el vit\u00edligo ser\u00e1 realizado por un dermat\u00f3logo profesional que utilizar\u00e1 marcas internacionales. Por lo tanto, es seguro recibir tratamiento contra el vit\u00edligo en Estambul.<\/p>\n\n<\/div>\n<\/div>\n<div id=\"faq-question-1687167397943\" class=\"rank-math-list-item\">\n<h3 class=\"rank-math-question \">\u00bfC\u00f3mo aparece el vit\u00edligo?<\/h3>\n<div class=\"rank-math-answer \">\n\n<p>El primer y m\u00e1s com\u00fan s\u00edntoma del vit\u00edligo es el repentino blanqueamiento de una determinada mancha de la piel. En algunos casos, una peque\u00f1a mancha blanca puede crecer con el tiempo y alcanzar un tama\u00f1o que cubra una parte importante de la piel.<\/p>\n\n<\/div>\n<\/div>\n<div id=\"faq-question-1687167452939\" class=\"rank-math-list-item\">\n<h3 class=\"rank-math-question \">\u00bfEl vit\u00edligo es una enfermedad de los \u00f3rganos internos? \u00bfEs contagioso?<\/h3>\n<div class=\"rank-math-answer \">\n\n<p>El vit\u00edligo no est\u00e1 causado por ninguna enfermedad de \u00f3rganos internos, por lo que el estado de salud general de muchos pacientes es bueno. El vit\u00edligo no es contagioso.<\/p>\n\n<\/div>\n<\/div>\n<div id=\"faq-question-1687167453659\" class=\"rank-math-list-item\">\n<h3 class=\"rank-math-question \">\u00bfEs el vit\u00edligo una enfermedad con tratamiento?<\/h3>\n<div class=\"rank-math-answer \">\n\n<p>El vit\u00edligo es una enfermedad tratable, pero dado que se desconoce la causa exacta del vit\u00edligo, los resultados del tratamiento pueden variar de forma individual. Existen diferentes opciones de tratamiento; algunas de ellas duran al menos 3 meses. La elecci\u00f3n del tratamiento debe decidirse con un dermat\u00f3logo.<\/p>\n\n<\/div>\n<\/div>\n<div id=\"faq-question-1687167471518\" class=\"rank-math-list-item\">\n<h3 class=\"rank-math-question \">\u00bfExisten cremas para tratar el vit\u00edligo?<\/h3>\n<div class=\"rank-math-answer \">\n\n<p>Los tratamientos de primera l\u00ednea del vit\u00edligo se inician con cremas t\u00f3picas. Tambi\u00e9n existen cremas herbales para el vit\u00edligo que contienen sustancias antioxidantes. No te apliques ning\u00fan tratamiento que no est\u00e9 aprobado por el Ministerio de Sanidad, aunque sea a base de plantas (p\u00edldora o crema).<\/p>\n\n<\/div>\n<\/div>\n<div id=\"faq-question-1687167472296\" class=\"rank-math-list-item\">\n<h3 class=\"rank-math-question \">\u00bfC\u00f3mo se realiza el tratamiento del vit\u00edligo Puva?<\/h3>\n<div class=\"rank-math-answer \">\n\n<p>La terapia Puva se utiliza con dispositivos de luz ultravioleta controlada. El tratamiento Puva general se realiza en una cabina cerrada como un sol\u00e1rium. Antes del procedimiento, se administra al paciente un f\u00e1rmaco fotosensibilizante. El rayo Puva activa las c\u00e9lulas que dan color a la piel, es decir, los melanocitos, en los tejidos que han perdido el color, y favorece la migraci\u00f3n de las c\u00e9lulas que dan color a las zonas con vit\u00edligo.  <\/p>\n\n<\/div>\n<\/div>\n<div id=\"faq-question-1687167546382\" class=\"rank-math-list-item\">\n<h3 class=\"rank-math-question \">\u00bfExiste un tratamiento quir\u00fargico para el vit\u00edligo?<\/h3>\n<div class=\"rank-math-answer \">\n\n<p>Existe un tratamiento quir\u00fargico para el vit\u00edligo. Con un m\u00e9todo denominado injerto en sacabocados, se puede conseguir la recoloraci\u00f3n de la zona con p\u00e9rdida de color colocando piel tomada de otra zona del cuerpo en las zonas donde la piel ha perdido su color.<\/p>\n\n<\/div>\n<\/div>\n<div id=\"faq-question-1687167554938\" class=\"rank-math-list-item\">\n<h3 class=\"rank-math-question \">\u00bfEn qu\u00e9 consiste el tratamiento despigmentante?<\/h3>\n<div class=\"rank-math-answer \">\n\n<p>Con este m\u00e9todo, se blanquea todo el cuerpo y se iguala el color de la piel. Despu\u00e9s de este procedimiento, la p\u00e9rdida de color de la piel es permanente y los pacientes deben protegerse siempre muy bien del sol. El mundialmente famoso cantante Michael Jackson utiliz\u00f3 el tratamiento despigmentante.<\/p>\n\n<\/div>\n<\/div>\n<div id=\"faq-question-1687167587882\" class=\"rank-math-list-item\">\n<h3 class=\"rank-math-question \">\u00bfPuedo combinar mi tratamiento del vit\u00edligo con una visita tur\u00edstica?<\/h3>\n<div class=\"rank-math-answer \">\n\n<p>Por supuesto, puede y debe combinar lo agradable con lo \u00fatil. El tratamiento del vit\u00edligo no requiere mucho tiempo. Acaba de hacer una breve pausa en su recorrido de descubrimiento de Estambul. Tras el tratamiento, podr\u00e1 seguir haciendo turismo sin preocupaciones.<\/p>\n\n<\/div>\n<\/div>\n<div id=\"faq-question-1687167588662\" class=\"rank-math-list-item\">\n<h3 class=\"rank-math-question \">\u00bfA qu\u00e9 deben prestar atenci\u00f3n los pacientes de vit\u00edligo?<\/h3>\n<div class=\"rank-math-answer \">\n\n<p>Los pacientes con vit\u00edligo deben protegerse de los traumatismos cut\u00e1neos, como los frotamientos, los masajes fuertes, las quemaduras solares, deben protegerse bien del sol y reducir el estr\u00e9s para que la diferencia de color entre la piel normal y la piel con vit\u00edligo no sea evidente.<br \/>Aparte de \u00e9stas, los expertos recomiendan que las personas que viven en zonas soleadas tomen cantidades adecuadas de vitaminas A, B y E. El consumo de dichas vitaminas garantiza que los pacientes con vit\u00edligo est\u00e9n protegidos de los rayos solares. Se recomienda consumir muchos grupos de alimentos que contengan estas vitaminas.<\/p>\n\n<\/div>\n<\/div>\n<div id=\"faq-question-1687167623470\" class=\"rank-math-list-item\">\n<h3 class=\"rank-math-question \">\u00bfPuedo ponerme en contacto con mi m\u00e9dico cuando vuelva a casa?<\/h3>\n<div class=\"rank-math-answer \">\n\n<p>Por supuesto, tambi\u00e9n cuando est\u00e9 de vuelta en casa, puede ponerse en contacto con su m\u00e9dico, que estar\u00e1 dispuesto a responder a todas sus preguntas.  <\/p>\n\n<\/div>\n<\/div>\n<\/div>\n<\/div>\n<p>\u00a0<\/p>\n\n<h3 class=\"wp-block-heading\">P\u00f3ngase en contacto con nosotros si tiene alguna pregunta.<\/h3>\n","protected":false},"excerpt":{"rendered":"<p>Diga adi\u00f3s al trastorno de pigmentaci\u00f3n y hola a su nueva vida con el tratamiento del vit\u00edligo. El vit\u00edligo es [&hellip;]<\/p>\n","protected":false},"author":4,"featured_media":95330,"parent":0,"menu_order":0,"comment_status":"closed","ping_status":"closed","template":"","meta":{"site-sidebar-layout":"default","site-content-layout":"","ast-site-content-layout":"default","site-content-style":"default","site-sidebar-style":"default","ast-global-header-display":"","ast-banner-title-visibility":"","ast-main-header-display":"","ast-hfb-above-header-display":"","ast-hfb-below-header-display":"","ast-hfb-mobile-header-display":"","site-post-title":"","ast-breadcrumbs-content":"","ast-featured-img":"","footer-sml-layout":"","ast-disable-related-posts":"","theme-transparent-header-meta":"","adv-header-id-meta":"","stick-header-meta":"","header-above-stick-meta":"","header-main-stick-meta":"","header-below-stick-meta":"","astra-migrate-meta-layouts":"default","ast-page-background-enabled":"default","ast-page-background-meta":{"desktop":{"background-color":"var(--ast-global-color-4)","background-image":"","background-repeat":"repeat","background-position":"center center","background-size":"auto","background-attachment":"scroll","background-type":"","background-media":"","overlay-type":"","overlay-color":"","overlay-opacity":"","overlay-gradient":""},"tablet":{"background-color":"","background-image":"","background-repeat":"repeat","background-position":"center center","background-size":"auto","background-attachment":"scroll","background-type":"","background-media":"","overlay-type":"","overlay-color":"","overlay-opacity":"","overlay-gradient":""},"mobile":{"background-color":"","background-image":"","background-repeat":"repeat","background-position":"center center","background-size":"auto","background-attachment":"scroll","background-type":"","background-media":"","overlay-type":"","overlay-color":"","overlay-opacity":"","overlay-gradient":""}},"ast-content-background-meta":{"desktop":{"background-color":"var(--ast-global-color-5)","background-image":"","background-repeat":"repeat","background-position":"center center","background-size":"auto","background-attachment":"scroll","background-type":"","background-media":"","overlay-type":"","overlay-color":"","overlay-opacity":"","overlay-gradient":""},"tablet":{"background-color":"var(--ast-global-color-5)","background-image":"","background-repeat":"repeat","background-position":"center center","background-size":"auto","background-attachment":"scroll","background-type":"","background-media":"","overlay-type":"","overlay-color":"","overlay-opacity":"","overlay-gradient":""},"mobile":{"background-color":"var(--ast-global-color-5)","background-image":"","background-repeat":"repeat","background-position":"center center","background-size":"auto","background-attachment":"scroll","background-type":"","background-media":"","overlay-type":"","overlay-color":"","overlay-opacity":"","overlay-gradient":""}},"footnotes":""},"class_list":["post-147580","page","type-page","status-publish","has-post-thumbnail","hentry"],"_links":{"self":[{"href":"https:\/\/medclinics.com\/es\/wp-json\/wp\/v2\/pages\/147580","targetHints":{"allow":["GET"]}}],"collection":[{"href":"https:\/\/medclinics.com\/es\/wp-json\/wp\/v2\/pages"}],"about":[{"href":"https:\/\/medclinics.com\/es\/wp-json\/wp\/v2\/types\/page"}],"author":[{"embeddable":true,"href":"https:\/\/medclinics.com\/es\/wp-json\/wp\/v2\/users\/4"}],"replies":[{"embeddable":true,"href":"https:\/\/medclinics.com\/es\/wp-json\/wp\/v2\/comments?post=147580"}],"version-history":[{"count":0,"href":"https:\/\/medclinics.com\/es\/wp-json\/wp\/v2\/pages\/147580\/revisions"}],"wp:featuredmedia":[{"embeddable":true,"href":"https:\/\/medclinics.com\/es\/wp-json\/wp\/v2\/media\/95330"}],"wp:attachment":[{"href":"https:\/\/medclinics.com\/es\/wp-json\/wp\/v2\/media?parent=147580"}],"curies":[{"name":"wp","href":"https:\/\/api.w.org\/{rel}","templated":true}]}}