{"id":147560,"date":"2023-06-19T13:56:25","date_gmt":"2023-06-19T10:56:25","guid":{"rendered":"https:\/\/medclinics.com\/psoriasis-4\/"},"modified":"2025-01-02T23:57:21","modified_gmt":"2025-01-02T20:57:21","slug":"psoriasis-4","status":"publish","type":"page","link":"https:\/\/medclinics.com\/es\/psoriasis-4\/","title":{"rendered":"Psoriasis"},"content":{"rendered":"\n<h2 class=\"wp-block-heading\">Si sospecha que padece psoriasis o experimenta s\u00edntomas cut\u00e1neos relacionados, \u00a1aqu\u00ed tiene la oportunidad de obtener un diagn\u00f3stico correcto y un plan de tratamiento adecuado!<\/h2>\n\n<p>Se trata de una afecci\u00f3n cut\u00e1nea autoinmune cr\u00f3nica que afecta al ciclo vital de las c\u00e9lulas de la piel. Normalmente, las c\u00e9lulas cut\u00e1neas crecen en la profundidad de la piel y salen a la superficie al cabo de unas semanas. Sin embargo, en esta afecci\u00f3n, este proceso se acelera considerablemente, lo que provoca una r\u00e1pida acumulaci\u00f3n de c\u00e9lulas en la superficie de la piel.<\/p>\n\n<p>La causa exacta no se conoce del todo, pero se cree que implica una combinaci\u00f3n de factores gen\u00e9ticos y ambientales. No es contagiosa. Esto significa que no puede propagarse de persona a persona.<\/p>\n\n<p>La forma m\u00e1s com\u00fan es la <a href=\"https:\/\/en.wikipedia.org\/wiki\/Psoriasis\" target=\"_blank\" rel=\"noreferrer noopener\">psoriasis<\/a> en placas, caracterizada por manchas de piel roja cubiertas de escamas plateadas. Estas manchas, conocidas como placas, pueden aparecer en cualquier parte del cuerpo, pero suelen encontrarse en el cuero cabelludo, los codos, las rodillas y la parte baja de la espalda. Otros tipos son la psoriasis guttata (lesiones peque\u00f1as en forma de manchas), la psoriasis inversa (que afecta a los pliegues cut\u00e1neos), la psoriasis pustulosa (llena de pus) y la psoriasis eritrod\u00e9rmica (inflamaci\u00f3n generalizada).<\/p>\n\n<p>Puede provocar diversos s\u00edntomas, como picor, dolor y molestias. Tambi\u00e9n puede tener un impacto significativo en la calidad de vida de una persona, ya que puede afectar a su aspecto f\u00edsico y causar angustia emocional.<\/p>\n\n<p>Aunque no tiene cura, existen varias opciones de tratamiento para controlar los s\u00edntomas y reducir la frecuencia y gravedad de los brotes. Estos tratamientos pueden incluir cremas t\u00f3picas, medicamentos orales, fototerapia y medicamentos sist\u00e9micos. La elecci\u00f3n del tratamiento depende del tipo y la gravedad, as\u00ed como de factores y preferencias individuales.<\/p>\n\n<h3 class=\"wp-block-heading\">Todo lo que necesita saber sobre <a href=\"https:\/\/medclinics.com\/es\/dermatologia\/\" target=\"_blank\" rel=\"noreferrer noopener\">dermatolog\u00eda<\/a>, <a href=\"#requestform\">\u00a1cont\u00e1ctenos<\/a>!<\/h3>\n\n<figure class=\"wp-block-image size-full\"><img fetchpriority=\"high\" decoding=\"async\" width=\"960\" height=\"540\" src=\"https:\/\/medclinics.com\/wp-content\/uploads\/2023\/07\/psoriasis-treatment-near-me.jpg\" alt=\"Tratamiento de la psoriasis cerca de m&#xED; Estambul\" class=\"wp-image-97231\" srcset=\"https:\/\/medclinics.com\/wp-content\/uploads\/2023\/07\/psoriasis-treatment-near-me.jpg 960w, https:\/\/medclinics.com\/wp-content\/uploads\/2023\/07\/psoriasis-treatment-near-me-500x281.jpg 500w, https:\/\/medclinics.com\/wp-content\/uploads\/2023\/07\/psoriasis-treatment-near-me-768x432.jpg 768w, https:\/\/medclinics.com\/wp-content\/uploads\/2023\/07\/psoriasis-treatment-near-me-24x14.jpg 24w, https:\/\/medclinics.com\/wp-content\/uploads\/2023\/07\/psoriasis-treatment-near-me-36x20.jpg 36w, https:\/\/medclinics.com\/wp-content\/uploads\/2023\/07\/psoriasis-treatment-near-me-48x27.jpg 48w\" sizes=\"(max-width: 960px) 100vw, 960px\" \/><\/figure>\n\n<h2 class=\"wp-block-heading\">PREGUNTAS FRECUENTES<\/h2>\n<div id=\"rank-math-faq\" class=\"rank-math-block\">\n<div class=\"rank-math-list \">\n<div id=\"faq-question-1687181319859\" class=\"rank-math-list-item\">\n<h3 class=\"rank-math-question \">\u00bfEst\u00e1n relacionados la psoriasis y el eczema?<\/h3>\n<div class=\"rank-math-answer \">\n\n<p>Son afecciones cr\u00f3nicas de la piel que comparten algunas similitudes pero presentan diferencias claras. La psoriasis es una enfermedad autoinmune que se caracteriza por una r\u00e1pida renovaci\u00f3n de las c\u00e9lulas de la piel, lo que da lugar a la aparici\u00f3n de manchas gruesas y escamosas. El eccema es una reacci\u00f3n de hipersensibilidad del sistema inmunitario que provoca sequedad, picor e inflamaci\u00f3n de la piel. Los enfoques de tratamiento son diferentes y, aunque pueden coexistir, no est\u00e1n directamente relacionados.<\/p>\n\n<\/div>\n<\/div>\n<div id=\"faq-question-1687181325234\" class=\"rank-math-list-item\">\n<h3 class=\"rank-math-question \">\u00bfPuede propagarse la psoriasis?<\/h3>\n<div class=\"rank-math-answer \">\n\n<p>No puede contagiarse de persona a persona.<\/p>\n\n<\/div>\n<\/div>\n<div id=\"faq-question-1687181326503\" class=\"rank-math-list-item\">\n<h3 class=\"rank-math-question \">\u00bfEmpeora la psoriasis con la edad?<\/h3>\n<div class=\"rank-math-answer \">\n\n<p>Aunque no se sabe con certeza c\u00f3mo progresar\u00e1 la psoriasis con la edad, algunas personas pueden experimentar s\u00edntomas que empeoran con el tiempo.<\/p>\n\n<\/div>\n<\/div>\n<div id=\"faq-question-1687181328212\" class=\"rank-math-list-item\">\n<h3 class=\"rank-math-question \">\u00bfPuede la psoriasis provocar la ca\u00edda del cabello?<\/h3>\n<div class=\"rank-math-answer \">\n\n<p>Puede provocar la ca\u00edda temporal del cabello en las zonas afectadas. Pero no es una causa directa de la ca\u00edda permanente o completa del cabello. Cuando afecta al cuero cabelludo, puede provocar descamaci\u00f3n, enrojecimiento y picor, lo que puede hacer que el cabello se vuelva quebradizo y se rompa. En algunos casos, puede producirse la ca\u00edda del cabello en las zonas afectadas.<\/p>\n\n<\/div>\n<\/div>\n<div id=\"faq-question-1687181329353\" class=\"rank-math-list-item\">\n<h3 class=\"rank-math-question \">\u00bfCu\u00e1l es la causa de la psoriasis?<\/h3>\n<div class=\"rank-math-answer \">\n\n<p>Se considera que est\u00e1 causada por una combinaci\u00f3n de factores gen\u00e9ticos, inmunitarios y ambientales. La predisposici\u00f3n gen\u00e9tica, la disfunci\u00f3n del sistema inmunitario y factores desencadenantes como infecciones, traumatismos, medicamentos, estr\u00e9s, tabaquismo y consumo de alcohol pueden contribuir al desarrollo y la exacerbaci\u00f3n.<\/p>\n\n<\/div>\n<\/div>\n<\/div>\n<\/div>\n<p>\u00a0<\/p>\n\n<h3 class=\"wp-block-heading\">P\u00f3ngase en contacto con nosotros si tiene alguna pregunta.<\/h3>\n","protected":false},"excerpt":{"rendered":"<p>Si sospecha que padece psoriasis o experimenta s\u00edntomas cut\u00e1neos relacionados, \u00a1aqu\u00ed tiene la oportunidad de obtener un diagn\u00f3stico correcto y [&hellip;]<\/p>\n","protected":false},"author":4,"featured_media":95451,"parent":0,"menu_order":0,"comment_status":"closed","ping_status":"closed","template":"","meta":{"site-sidebar-layout":"default","site-content-layout":"","ast-site-content-layout":"default","site-content-style":"default","site-sidebar-style":"default","ast-global-header-display":"","ast-banner-title-visibility":"","ast-main-header-display":"","ast-hfb-above-header-display":"","ast-hfb-below-header-display":"","ast-hfb-mobile-header-display":"","site-post-title":"","ast-breadcrumbs-content":"","ast-featured-img":"","footer-sml-layout":"","ast-disable-related-posts":"","theme-transparent-header-meta":"","adv-header-id-meta":"","stick-header-meta":"","header-above-stick-meta":"","header-main-stick-meta":"","header-below-stick-meta":"","astra-migrate-meta-layouts":"default","ast-page-background-enabled":"default","ast-page-background-meta":{"desktop":{"background-color":"var(--ast-global-color-4)","background-image":"","background-repeat":"repeat","background-position":"center center","background-size":"auto","background-attachment":"scroll","background-type":"","background-media":"","overlay-type":"","overlay-color":"","overlay-opacity":"","overlay-gradient":""},"tablet":{"background-color":"","background-image":"","background-repeat":"repeat","background-position":"center center","background-size":"auto","background-attachment":"scroll","background-type":"","background-media":"","overlay-type":"","overlay-color":"","overlay-opacity":"","overlay-gradient":""},"mobile":{"background-color":"","background-image":"","background-repeat":"repeat","background-position":"center center","background-size":"auto","background-attachment":"scroll","background-type":"","background-media":"","overlay-type":"","overlay-color":"","overlay-opacity":"","overlay-gradient":""}},"ast-content-background-meta":{"desktop":{"background-color":"var(--ast-global-color-5)","background-image":"","background-repeat":"repeat","background-position":"center center","background-size":"auto","background-attachment":"scroll","background-type":"","background-media":"","overlay-type":"","overlay-color":"","overlay-opacity":"","overlay-gradient":""},"tablet":{"background-color":"var(--ast-global-color-5)","background-image":"","background-repeat":"repeat","background-position":"center center","background-size":"auto","background-attachment":"scroll","background-type":"","background-media":"","overlay-type":"","overlay-color":"","overlay-opacity":"","overlay-gradient":""},"mobile":{"background-color":"var(--ast-global-color-5)","background-image":"","background-repeat":"repeat","background-position":"center center","background-size":"auto","background-attachment":"scroll","background-type":"","background-media":"","overlay-type":"","overlay-color":"","overlay-opacity":"","overlay-gradient":""}},"footnotes":""},"class_list":["post-147560","page","type-page","status-publish","has-post-thumbnail","hentry"],"_links":{"self":[{"href":"https:\/\/medclinics.com\/es\/wp-json\/wp\/v2\/pages\/147560","targetHints":{"allow":["GET"]}}],"collection":[{"href":"https:\/\/medclinics.com\/es\/wp-json\/wp\/v2\/pages"}],"about":[{"href":"https:\/\/medclinics.com\/es\/wp-json\/wp\/v2\/types\/page"}],"author":[{"embeddable":true,"href":"https:\/\/medclinics.com\/es\/wp-json\/wp\/v2\/users\/4"}],"replies":[{"embeddable":true,"href":"https:\/\/medclinics.com\/es\/wp-json\/wp\/v2\/comments?post=147560"}],"version-history":[{"count":0,"href":"https:\/\/medclinics.com\/es\/wp-json\/wp\/v2\/pages\/147560\/revisions"}],"wp:featuredmedia":[{"embeddable":true,"href":"https:\/\/medclinics.com\/es\/wp-json\/wp\/v2\/media\/95451"}],"wp:attachment":[{"href":"https:\/\/medclinics.com\/es\/wp-json\/wp\/v2\/media?parent=147560"}],"curies":[{"name":"wp","href":"https:\/\/api.w.org\/{rel}","templated":true}]}}