{"id":147558,"date":"2023-06-20T09:07:21","date_gmt":"2023-06-20T06:07:21","guid":{"rendered":"https:\/\/medclinics.com\/enfermedad-de-parkinson\/"},"modified":"2025-01-02T18:32:59","modified_gmt":"2025-01-02T15:32:59","slug":"enfermedad-de-parkinson","status":"publish","type":"page","link":"https:\/\/medclinics.com\/es\/enfermedad-de-parkinson\/","title":{"rendered":"Enfermedad de Parkinson"},"content":{"rendered":"\n<h2 class=\"wp-block-heading\">La enfermedad de Parkinson es un trastorno neurol\u00f3gico cr\u00f3nico y progresivo que afecta al control del movimiento.<\/h2>\n\n<p>Debe su nombre al Dr. James Parkinson, que describi\u00f3 por primera vez esta enfermedad en 1817. La enfermedad afecta principalmente a una regi\u00f3n del cerebro denominada sustancia negra. Esto desempe\u00f1a un papel clave en la producci\u00f3n de dopamina, un mensajero qu\u00edmico que interviene en la coordinaci\u00f3n del movimiento.<\/p>\n\n<p>Los s\u00edntomas caracter\u00edsticos de la enfermedad de Parkinson son:<\/p>\n\n<ul class=\"wp-block-list\">\n<li>Temblor: El temblor en reposo, que suele comenzar en una mano, es un s\u00edntoma temprano frecuente de la enfermedad de Parkinson. El temblor suele manifestarse como un movimiento r\u00edtmico de vaiv\u00e9n.<\/li>\n\n\n\n<li>Bradicinesia: Se refiere a la lentitud de movimientos y a la dificultad para iniciar y ejecutar movimientos voluntarios. Puede provocar una disminuci\u00f3n de la destreza, dificultad para hablar y una sensaci\u00f3n general de debilidad.<\/li>\n\n\n\n<li>Rigidez muscular: La enfermedad de Parkinson puede causar rigidez y agarrotamiento en los m\u00fasculos, dificultando el movimiento adecuado.<\/li>\n\n\n\n<li>Desequilibrio postural: A medida que la enfermedad progresa, las personas con Parkinson pueden experimentar alteraciones del equilibrio y la coordinaci\u00f3n, lo que provoca una tendencia a encorvarse, tropezar o caerse.<\/li>\n<\/ul>\n\n<p>Otros s\u00edntomas no motores que pueden acompa\u00f1ar a la <a href=\"https:\/\/en.wikipedia.org\/wiki\/Parkinson%27s_disease\" target=\"_blank\" rel=\"noreferrer noopener\">enfermedad de Parkinson<\/a> incluyen cambios cognitivos como dificultades de memoria y pensamiento, trastornos del estado de \u00e1nimo como depresi\u00f3n y ansiedad, alteraciones del sue\u00f1o y disfunci\u00f3n auton\u00f3mica como cambios en la presi\u00f3n arterial y la digesti\u00f3n.<\/p>\n\n<p>La causa exacta de la enfermedad de Parkinson a\u00fan no se conoce del todo, pero probablemente implica una combinaci\u00f3n de factores gen\u00e9ticos y ambientales. Actualmente no existe cura para el Parkinson, pero se dispone de diversos tratamientos para controlar los s\u00edntomas y mejorar la calidad de vida. Estos tratamientos pueden incluir medicamentos, fisioterapia, terapia ocupacional, logopedia y, en algunos casos, cirug\u00eda de estimulaci\u00f3n cerebral profunda (ECP).<\/p>\n\n<h3 class=\"wp-block-heading\">Todo lo que necesita saber sobre <a href=\"https:\/\/medclinics.com\/es\/neurologia\/\" target=\"_blank\" rel=\"noreferrer noopener\">neurolog\u00eda<\/a>, incluido el precio, los cuidados posteriores y el proceso de curaci\u00f3n, \u00a1o <a href=\"#requestform\">p\u00f3ngase en contacto con nosotros<\/a>!<\/h3>\n\n<h2 class=\"wp-block-heading\">PREGUNTAS FRECUENTES<\/h2>\n<div id=\"rank-math-faq\" class=\"rank-math-block\">\n<div class=\"rank-math-list \">\n<div id=\"faq-question-1687249804418\" class=\"rank-math-list-item\">\n<h3 class=\"rank-math-question \">\u00bfQu\u00e9 es la enfermedad de Parkinson?<\/h3>\n<div class=\"rank-math-answer \">\n\n<p>La enfermedad de Parkinson es un trastorno neurol\u00f3gico progresivo que afecta al control del movimiento. Se caracteriza por s\u00edntomas como temblores, lentitud de movimientos, rigidez muscular y alteraciones del equilibrio.<\/p>\n\n<\/div>\n<\/div>\n<div id=\"faq-question-1687249753800\" class=\"rank-math-list-item\">\n<h3 class=\"rank-math-question \">\u00bfCu\u00e1les son los s\u00edntomas del Parkinson?<\/h3>\n<div class=\"rank-math-answer \">\n\n<p>S\u00edntomas <strong>motores:<\/strong><br \/>Temblor (temblor en reposo)<br \/>Bradicinesia (lentitud de movimientos)<br \/>Rigidez (rigidez muscular)<br \/>Inestabilidad postural<br \/>Acinesia (dificultad para iniciar movimientos)<br \/><strong>S\u00edntomas no motores:<\/strong><br \/>Alteraciones cognitivas (dificultades de memoria, atenci\u00f3n y pensamiento)<br \/>Alteraciones del estado de \u00e1nimo (depresi\u00f3n, ansiedad, apat\u00eda)<br \/>Alteraciones del sue\u00f1o (insomnio, sue\u00f1os v\u00edvidos, somnolencia diurna excesiva)<br \/>Disfunci\u00f3n auton\u00f3mica (hipotensi\u00f3n ortost\u00e1tica, estre\u00f1imiento, problemas urinarios)<br \/>S\u00edntomas sensoriales (hiposmia, dolor, sensaci\u00f3n de hormigueo)<br \/>Dificultades del habla y la degluci\u00f3n<\/p>\n\n<\/div>\n<\/div>\n<div id=\"faq-question-1687249801192\" class=\"rank-math-list-item\">\n<h3 class=\"rank-math-question \">\u00bfQu\u00e9 empeora la enfermedad de Parkinson?<\/h3>\n<div class=\"rank-math-answer \">\n\n<p>Entre los factores que pueden agravar la enfermedad de Parkinson se encuentran el manejo inadecuado de la medicaci\u00f3n, los altos niveles de estr\u00e9s, las infecciones, la falta de ejercicio, la falta de sue\u00f1o, otros problemas de salud y el proceso natural de envejecimiento.<\/p>\n\n<\/div>\n<\/div>\n<div id=\"faq-question-1687249805795\" class=\"rank-math-list-item\">\n<h3 class=\"rank-math-question \">\u00bfEs dolorosa la enfermedad de Parkinson?<\/h3>\n<div class=\"rank-math-answer \">\n\n<p>La enfermedad de Parkinson en s\u00ed no suele asociarse al dolor como s\u00edntoma principal. Sin embargo, algunos pacientes pueden experimentar dolor o molestias debido a factores secundarios o afecciones asociadas. Pueden incluir rigidez y agarrotamiento muscular, que pueden provocar calambres o molestias musculares. Adem\u00e1s, algunos pacientes pueden desarrollar problemas musculoesquel\u00e9ticos o experimentar rigidez articular, cambios posturales o dolor relacionado con las ca\u00eddas.<\/p>\n\n<\/div>\n<\/div>\n<div id=\"faq-question-1687249806594\" class=\"rank-math-list-item\">\n<h3 class=\"rank-math-question \">\u00bfSe puede curar la enfermedad de Parkinson?<\/h3>\n<div class=\"rank-math-answer \">\n\n<p>Actualmente no se conoce cura para la enfermedad de Parkinson. El Parkinson es un trastorno neurol\u00f3gico cr\u00f3nico y progresivo, lo que significa que empeora con el tiempo. Sin embargo, existen varias opciones de tratamiento para las personas con enfermedad de Parkinson que pueden ayudar a controlar los s\u00edntomas y mejorar la calidad de vida.<\/p>\n\n<\/div>\n<\/div>\n<div id=\"faq-question-1687250166573\" class=\"rank-math-list-item\">\n<h3 class=\"rank-math-question \">\u00bfEs mortal la enfermedad de Parkinson?<\/h3>\n<div class=\"rank-math-answer \">\n\n<p>La enfermedad de Parkinson en s\u00ed no se considera directamente mortal. Sin embargo, se trata de un trastorno neurol\u00f3gico progresivo que puede dar lugar a complicaciones con el tiempo. Esto puede acortar la esperanza de vida. La progresi\u00f3n y el impacto de la enfermedad de Parkinson pueden variar de una persona a otra, y el ritmo de progresi\u00f3n tambi\u00e9n var\u00eda.<\/p>\n\n<\/div>\n<\/div>\n<div id=\"faq-question-1687250315313\" class=\"rank-math-list-item\">\n<h3 class=\"rank-math-question \">\u00bfC\u00f3mo se diagnostica la enfermedad de Parkinson?<\/h3>\n<div class=\"rank-math-answer \">\n\n<p>El diagn\u00f3stico de la enfermedad de Parkinson se basa en una evaluaci\u00f3n exhaustiva de la historia cl\u00ednica, los s\u00edntomas cl\u00ednicos y la exploraci\u00f3n neurol\u00f3gica. No existe una prueba espec\u00edfica para el diagn\u00f3stico y el proceso implica descartar otras posibles causas. Un neur\u00f3logo o especialista en trastornos del movimiento suele realizar la evaluaci\u00f3n, que incluye una historia cl\u00ednica detallada, un examen neurol\u00f3gico para evaluar la funci\u00f3n motora y, a veces, pruebas adicionales como im\u00e1genes cerebrales. La respuesta a los medicamentos contra el Parkinson tambi\u00e9n puede tenerse en cuenta en el diagn\u00f3stico.<\/p>\n\n<\/div>\n<\/div>\n<div id=\"faq-question-1687250476121\" class=\"rank-math-list-item\">\n<h3 class=\"rank-math-question \">\u00bfEs hereditaria la enfermedad de Parkinson?<\/h3>\n<div class=\"rank-math-answer \">\n\n<p>La mayor\u00eda de los casos de enfermedad de Parkinson son espor\u00e1dicos y no se heredan directamente, pero en aproximadamente el 5-10% de los casos existe un componente gen\u00e9tico. Algunas mutaciones gen\u00e9ticas pueden aumentar el riesgo de desarrollar Parkinson, pero los antecedentes familiares no garantizan el desarrollo de la enfermedad.<\/p>\n\n<\/div>\n<\/div>\n<div id=\"faq-question-1687250700014\" class=\"rank-math-list-item\">\n<h3 class=\"rank-math-question \">\u00bfCu\u00e1les son las causas de la enfermedad de Parkinson?<\/h3>\n<div class=\"rank-math-answer \">\n\n<p>La causa exacta de la enfermedad de Parkinson no se conoce del todo, pero se cree que implica una combinaci\u00f3n de factores gen\u00e9ticos y ambientales. Las mutaciones gen\u00e9ticas y la exposici\u00f3n a determinados factores ambientales pueden contribuir al desarrollo de la enfermedad.<\/p>\n\n<\/div>\n<\/div>\n<div id=\"faq-question-1687250701001\" class=\"rank-math-list-item\">\n<h3 class=\"rank-math-question \">\u00bfQu\u00e9 alimentos son ricos en dopamina para la enfermedad de Parkinson?<\/h3>\n<div class=\"rank-math-answer \">\n\n<p>Entre los alimentos que pueden favorecer la producci\u00f3n de dopamina y la salud cerebral se encuentran los alimentos ricos en prote\u00ednas (por ejemplo, carnes magras, aves, pescado, huevos), frutas y verduras (especialmente las ricas en antioxidantes), frutos secos y semillas, chocolate negro y t\u00e9 verde.<\/p>\n\n<\/div>\n<\/div>\n<\/div>\n<\/div>\n<p>\u00a0<\/p>\n\n<h3 class=\"wp-block-heading\">P\u00f3ngase en contacto con nosotros si tiene alguna pregunta.<\/h3>\n","protected":false},"excerpt":{"rendered":"<p>La enfermedad de Parkinson es un trastorno neurol\u00f3gico cr\u00f3nico y progresivo que afecta al control del movimiento. Debe su nombre [&hellip;]<\/p>\n","protected":false},"author":4,"featured_media":95435,"parent":0,"menu_order":0,"comment_status":"closed","ping_status":"closed","template":"","meta":{"site-sidebar-layout":"default","site-content-layout":"","ast-site-content-layout":"default","site-content-style":"default","site-sidebar-style":"default","ast-global-header-display":"","ast-banner-title-visibility":"","ast-main-header-display":"","ast-hfb-above-header-display":"","ast-hfb-below-header-display":"","ast-hfb-mobile-header-display":"","site-post-title":"","ast-breadcrumbs-content":"","ast-featured-img":"","footer-sml-layout":"","ast-disable-related-posts":"","theme-transparent-header-meta":"","adv-header-id-meta":"","stick-header-meta":"","header-above-stick-meta":"","header-main-stick-meta":"","header-below-stick-meta":"","astra-migrate-meta-layouts":"default","ast-page-background-enabled":"default","ast-page-background-meta":{"desktop":{"background-color":"var(--ast-global-color-4)","background-image":"","background-repeat":"repeat","background-position":"center center","background-size":"auto","background-attachment":"scroll","background-type":"","background-media":"","overlay-type":"","overlay-color":"","overlay-opacity":"","overlay-gradient":""},"tablet":{"background-color":"","background-image":"","background-repeat":"repeat","background-position":"center center","background-size":"auto","background-attachment":"scroll","background-type":"","background-media":"","overlay-type":"","overlay-color":"","overlay-opacity":"","overlay-gradient":""},"mobile":{"background-color":"","background-image":"","background-repeat":"repeat","background-position":"center center","background-size":"auto","background-attachment":"scroll","background-type":"","background-media":"","overlay-type":"","overlay-color":"","overlay-opacity":"","overlay-gradient":""}},"ast-content-background-meta":{"desktop":{"background-color":"var(--ast-global-color-5)","background-image":"","background-repeat":"repeat","background-position":"center center","background-size":"auto","background-attachment":"scroll","background-type":"","background-media":"","overlay-type":"","overlay-color":"","overlay-opacity":"","overlay-gradient":""},"tablet":{"background-color":"var(--ast-global-color-5)","background-image":"","background-repeat":"repeat","background-position":"center center","background-size":"auto","background-attachment":"scroll","background-type":"","background-media":"","overlay-type":"","overlay-color":"","overlay-opacity":"","overlay-gradient":""},"mobile":{"background-color":"var(--ast-global-color-5)","background-image":"","background-repeat":"repeat","background-position":"center center","background-size":"auto","background-attachment":"scroll","background-type":"","background-media":"","overlay-type":"","overlay-color":"","overlay-opacity":"","overlay-gradient":""}},"footnotes":""},"class_list":["post-147558","page","type-page","status-publish","has-post-thumbnail","hentry"],"_links":{"self":[{"href":"https:\/\/medclinics.com\/es\/wp-json\/wp\/v2\/pages\/147558","targetHints":{"allow":["GET"]}}],"collection":[{"href":"https:\/\/medclinics.com\/es\/wp-json\/wp\/v2\/pages"}],"about":[{"href":"https:\/\/medclinics.com\/es\/wp-json\/wp\/v2\/types\/page"}],"author":[{"embeddable":true,"href":"https:\/\/medclinics.com\/es\/wp-json\/wp\/v2\/users\/4"}],"replies":[{"embeddable":true,"href":"https:\/\/medclinics.com\/es\/wp-json\/wp\/v2\/comments?post=147558"}],"version-history":[{"count":0,"href":"https:\/\/medclinics.com\/es\/wp-json\/wp\/v2\/pages\/147558\/revisions"}],"wp:featuredmedia":[{"embeddable":true,"href":"https:\/\/medclinics.com\/es\/wp-json\/wp\/v2\/media\/95435"}],"wp:attachment":[{"href":"https:\/\/medclinics.com\/es\/wp-json\/wp\/v2\/media?parent=147558"}],"curies":[{"name":"wp","href":"https:\/\/api.w.org\/{rel}","templated":true}]}}