{"id":147548,"date":"2023-06-20T11:00:01","date_gmt":"2023-06-20T08:00:01","guid":{"rendered":"https:\/\/medclinics.com\/deficiencia-de-adenilosuccinato-liasa-asld\/"},"modified":"2024-12-30T19:15:44","modified_gmt":"2024-12-30T16:15:44","slug":"deficiencia-de-adenilosuccinato-liasa-asld","status":"publish","type":"page","link":"https:\/\/medclinics.com\/es\/deficiencia-de-adenilosuccinato-liasa-asld\/","title":{"rendered":"Deficiencia de adenilosuccinato liasa (ASLD)"},"content":{"rendered":"\n<h2 class=\"wp-block-heading\">La deficiencia de adenilosuccinato liasa (ASLD), tambi\u00e9n conocida como deficiencia de adenilosuccinasa, es un trastorno metab\u00f3lico hereditario poco frecuente.<\/h2>\n\n<p>Es un trastorno neurol\u00f3gico que causa disfunciones cerebrales que conducen a un retraso en el desarrollo de las capacidades intelectuales y motoras, comportamientos autistas que afectan a la comunicaci\u00f3n y la interacci\u00f3n social, y convulsiones. Est\u00e1 causada por mutaciones en el gen ADSL, que provocan una deficiencia de la enzima adenilosuccinato liasa.<\/p>\n\n<p>Esta enzima interviene en el ciclo de los nucle\u00f3tidos de purina, que es esencial para la s\u00edntesis y degradaci\u00f3n de nucle\u00f3tidos de purina importantes para diversas funciones celulares.<\/p>\n\n<p>En la ASLD, <a href=\"https:\/\/en.wikipedia.org\/wiki\/Adenylosuccinate_lyase_deficiency\" target=\"_blank\" rel=\"noreferrer noopener\">la deficiencia de adenilosuccinato liasa<\/a> altera el metabolismo normal de los nucle\u00f3tidos de purina, lo que provoca la acumulaci\u00f3n de sustancias t\u00f3xicas y la deficiencia de mol\u00e9culas esenciales.<\/p>\n\n<p>Los s\u00edntomas pueden variar mucho, pero suelen incluir discapacidad intelectual, retraso del desarrollo, convulsiones, hipoton\u00eda (tono muscular deficiente) y rasgos autistas. Otros posibles s\u00edntomas pueden ser trastornos del movimiento, anomal\u00edas del comportamiento y retrasos del crecimiento.<\/p>\n\n<p>Normalmente se diagnostica mediante pruebas gen\u00e9ticas para identificar mutaciones en el gen ADSL. Las opciones de tratamiento son limitadas y la gesti\u00f3n se centra principalmente en los cuidados de apoyo, incluido el control de las convulsiones, las terapias f\u00edsica y ocupacional y el tratamiento de los s\u00edntomas asociados.<\/p>\n\n<p>Al tratarse de una enfermedad compleja, debe consultarse a un profesional m\u00e9dico o a un genetista para obtener informaci\u00f3n detallada, un diagn\u00f3stico preciso y opciones de tratamiento personalizadas en funci\u00f3n de cada caso.<\/p>\n\n<h3 class=\"wp-block-heading\">Todo lo que necesita saber sobre <a href=\"https:\/\/medclinics.com\/es\/neurologia\/\" target=\"_blank\" rel=\"noreferrer noopener\">neurolog\u00eda<\/a>, incluidos los cuidados postoperatorios y el proceso de curaci\u00f3n, \u00a1o <a href=\"#requestform\">p\u00f3ngase en contacto con nosotros<\/a>!<\/h3>\n\n<h2 class=\"wp-block-heading\">PREGUNTAS FRECUENTES<\/h2>\n<div id=\"rank-math-faq\" class=\"rank-math-block\">\n<div class=\"rank-math-list \">\n<div id=\"faq-question-1687257128467\" class=\"rank-math-list-item\">\n<h3 class=\"rank-math-question \">\u00bfEs hereditaria la deficiencia de adenilosuccinato liasa?<\/h3>\n<div class=\"rank-math-answer \">\n\n<p>S\u00ed, la deficiencia de adenilosuccinato liasa es un trastorno hereditario. Sigue un patr\u00f3n de herencia autos\u00f3mico recesivo, lo que significa que un individuo afectado hereda dos copias del gen ADSL mutado, una de cada progenitor.<\/p>\n\n<\/div>\n<\/div>\n<div id=\"faq-question-1687257134450\" class=\"rank-math-list-item\">\n<h3 class=\"rank-math-question \">\u00bfCu\u00e1les son los s\u00edntomas del d\u00e9ficit de adenilosuccinato liasa?<\/h3>\n<div class=\"rank-math-answer \">\n\n<p>Disabilit\u00e0 intellettiva<br \/>Ritardo nello sviluppo<br \/>Convulsioni<br \/>Ipotonia (tono muscolare ridotto)<br \/>Caratteristiche autistiche<br \/>Disturbi del movimento<br \/>Problemi comportamentali e psichiatrici<br \/>Ritardi nella crescita<\/p>\n\n<\/div>\n<\/div>\n<div id=\"faq-question-1687257507144\" class=\"rank-math-list-item\">\n<h3 class=\"rank-math-question \">\u00bfQu\u00e9 es el diagn\u00f3stico ADSL?<\/h3>\n<div class=\"rank-math-answer \">\n\n<p>El diagn\u00f3stico suele implicar una combinaci\u00f3n de evaluaci\u00f3n cl\u00ednica, pruebas bioqu\u00edmicas y pruebas gen\u00e9ticas.<\/p>\n\n<\/div>\n<\/div>\n<div id=\"faq-question-1687257246944\" class=\"rank-math-list-item\">\n<h3 class=\"rank-math-question \">\u00bfC\u00f3mo se trata la deficiencia de adenilosuccinato?<\/h3>\n<div class=\"rank-math-answer \">\n\n<p>El tratamiento se centra en controlar los s\u00edntomas y proporcionar cuidados de apoyo. Esto incluye el tratamiento de las convulsiones, fisioterapia y terapia ocupacional, logopedia, intervenciones conductuales y educativas, medicaci\u00f3n dirigida a s\u00edntomas espec\u00edficos y apoyo nutricional. El plan de tratamiento pretende mejorar la calidad de vida del paciente.<\/p>\n\n<\/div>\n<\/div>\n<div id=\"faq-question-1687257423041\" class=\"rank-math-list-item\">\n<h3 class=\"rank-math-question \">\u00bfCu\u00e1les son las causas de la deficiencia de adenilosuccinasa?<\/h3>\n<div class=\"rank-math-answer \">\n\n<p>La ASLD est\u00e1 causada por mutaciones en el gen ADSL. Estas mutaciones gen\u00e9ticas provocan una deficiencia o ausencia de la enzima adenilosuccinato liasa, lo que altera el ciclo de los nucle\u00f3tidos de purina. Se hereda de forma autos\u00f3mica recesiva y requiere que un individuo herede dos copias del gen mutado. Las pruebas gen\u00e9ticas se utilizan para confirmar el diagn\u00f3stico e identificar mutaciones espec\u00edficas.<\/p>\n\n<\/div>\n<\/div>\n<div id=\"faq-question-1687257801484\" class=\"rank-math-list-item\">\n<h3 class=\"rank-math-question \">\u00bfCu\u00e1l es el pron\u00f3stico del d\u00e9ficit de adenilosuccinato liasa?<\/h3>\n<div class=\"rank-math-answer \">\n\n<p>El pron\u00f3stico de la deficiencia de adenilosuccinato liasa puede variar en funci\u00f3n del individuo y de la gravedad de sus s\u00edntomas. Es una enfermedad progresiva y los s\u00edntomas suelen empeorar con el tiempo. Sin embargo, un diagn\u00f3stico precoz y un tratamiento adecuado pueden ayudar a mejorar la calidad de vida y, potencialmente, ralentizar la progresi\u00f3n de la enfermedad. La atenci\u00f3n m\u00e9dica continuada y el apoyo de un equipo multidisciplinar son importantes para las personas.<\/p>\n\n<\/div>\n<\/div>\n<\/div>\n<\/div>\n<p>\u00a0<\/p>\n\n<h3 class=\"wp-block-heading\">P\u00f3ngase en contacto con nosotros si tiene alguna pregunta.<\/h3>\n","protected":false},"excerpt":{"rendered":"<p>La deficiencia de adenilosuccinato liasa (ASLD), tambi\u00e9n conocida como deficiencia de adenilosuccinasa, es un trastorno metab\u00f3lico hereditario poco frecuente. Es [&hellip;]<\/p>\n","protected":false},"author":4,"featured_media":95567,"parent":0,"menu_order":0,"comment_status":"closed","ping_status":"closed","template":"","meta":{"site-sidebar-layout":"default","site-content-layout":"","ast-site-content-layout":"default","site-content-style":"default","site-sidebar-style":"default","ast-global-header-display":"","ast-banner-title-visibility":"","ast-main-header-display":"","ast-hfb-above-header-display":"","ast-hfb-below-header-display":"","ast-hfb-mobile-header-display":"","site-post-title":"","ast-breadcrumbs-content":"","ast-featured-img":"","footer-sml-layout":"","ast-disable-related-posts":"","theme-transparent-header-meta":"","adv-header-id-meta":"","stick-header-meta":"","header-above-stick-meta":"","header-main-stick-meta":"","header-below-stick-meta":"","astra-migrate-meta-layouts":"default","ast-page-background-enabled":"default","ast-page-background-meta":{"desktop":{"background-color":"var(--ast-global-color-4)","background-image":"","background-repeat":"repeat","background-position":"center center","background-size":"auto","background-attachment":"scroll","background-type":"","background-media":"","overlay-type":"","overlay-color":"","overlay-opacity":"","overlay-gradient":""},"tablet":{"background-color":"","background-image":"","background-repeat":"repeat","background-position":"center center","background-size":"auto","background-attachment":"scroll","background-type":"","background-media":"","overlay-type":"","overlay-color":"","overlay-opacity":"","overlay-gradient":""},"mobile":{"background-color":"","background-image":"","background-repeat":"repeat","background-position":"center center","background-size":"auto","background-attachment":"scroll","background-type":"","background-media":"","overlay-type":"","overlay-color":"","overlay-opacity":"","overlay-gradient":""}},"ast-content-background-meta":{"desktop":{"background-color":"var(--ast-global-color-5)","background-image":"","background-repeat":"repeat","background-position":"center center","background-size":"auto","background-attachment":"scroll","background-type":"","background-media":"","overlay-type":"","overlay-color":"","overlay-opacity":"","overlay-gradient":""},"tablet":{"background-color":"var(--ast-global-color-5)","background-image":"","background-repeat":"repeat","background-position":"center center","background-size":"auto","background-attachment":"scroll","background-type":"","background-media":"","overlay-type":"","overlay-color":"","overlay-opacity":"","overlay-gradient":""},"mobile":{"background-color":"var(--ast-global-color-5)","background-image":"","background-repeat":"repeat","background-position":"center center","background-size":"auto","background-attachment":"scroll","background-type":"","background-media":"","overlay-type":"","overlay-color":"","overlay-opacity":"","overlay-gradient":""}},"footnotes":""},"class_list":["post-147548","page","type-page","status-publish","has-post-thumbnail","hentry"],"_links":{"self":[{"href":"https:\/\/medclinics.com\/es\/wp-json\/wp\/v2\/pages\/147548","targetHints":{"allow":["GET"]}}],"collection":[{"href":"https:\/\/medclinics.com\/es\/wp-json\/wp\/v2\/pages"}],"about":[{"href":"https:\/\/medclinics.com\/es\/wp-json\/wp\/v2\/types\/page"}],"author":[{"embeddable":true,"href":"https:\/\/medclinics.com\/es\/wp-json\/wp\/v2\/users\/4"}],"replies":[{"embeddable":true,"href":"https:\/\/medclinics.com\/es\/wp-json\/wp\/v2\/comments?post=147548"}],"version-history":[{"count":0,"href":"https:\/\/medclinics.com\/es\/wp-json\/wp\/v2\/pages\/147548\/revisions"}],"wp:featuredmedia":[{"embeddable":true,"href":"https:\/\/medclinics.com\/es\/wp-json\/wp\/v2\/media\/95567"}],"wp:attachment":[{"href":"https:\/\/medclinics.com\/es\/wp-json\/wp\/v2\/media?parent=147548"}],"curies":[{"name":"wp","href":"https:\/\/api.w.org\/{rel}","templated":true}]}}