{"id":147532,"date":"2023-06-20T11:33:00","date_gmt":"2023-06-20T08:33:00","guid":{"rendered":"https:\/\/medclinics.com\/esclerosis-multiple-em\/"},"modified":"2025-01-02T17:09:49","modified_gmt":"2025-01-02T14:09:49","slug":"esclerosis-multiple-em","status":"publish","type":"page","link":"https:\/\/medclinics.com\/es\/esclerosis-multiple-em\/","title":{"rendered":"Esclerosis m\u00faltiple (EM)"},"content":{"rendered":"\n<h2 class=\"wp-block-heading\">Esta es nuestra directriz sobre la esclerosis m\u00faltiple. Est\u00e1 usted en el lugar adecuado para su tratamiento.  <\/h2>\n\n<p>Es un trastorno neurol\u00f3gico cr\u00f3nico que afecta al sistema nervioso central, incluidos el cerebro y la m\u00e9dula espinal. Se produce cuando el sistema inmunitario ataca por error la cubierta protectora de las fibras nerviosas denominada mielina. Esto provoca inflamaci\u00f3n y da\u00f1os. Esto interrumpe el flujo normal de impulsos el\u00e9ctricos a lo largo de los nervios, provocando los s\u00edntomas.<\/p>\n\n<p>Se desconoce la causa exacta, pero en ella intervienen combinaciones de factores gen\u00e9ticos y ambientales. La <a href=\"https:\/\/en.wikipedia.org\/wiki\/Multiple_sclerosis\" target=\"_blank\" rel=\"noreferrer noopener\">EM<\/a> puede afectar a personas de cualquier edad, pero se diagnostica con mayor frecuencia en adultos j\u00f3venes.<\/p>\n\n<p>Los s\u00edntomas pueden variar mucho e incluyen fatiga, dificultad para caminar, debilidad o rigidez muscular, problemas de coordinaci\u00f3n y equilibrio, alteraciones sensoriales, cambios cognitivos y alteraciones emocionales. La evoluci\u00f3n es muy variable: algunos individuos presentan s\u00edntomas leves, mientras que otros experimentan una discapacidad m\u00e1s grave.<\/p>\n\n<p>Actualmente no existe cura, pero se dispone de tratamientos y terapias para controlar los s\u00edntomas, ralentizar la progresi\u00f3n de la enfermedad y mejorar la calidad de vida. Pueden incluir medicamentos para reducir la inflamaci\u00f3n, controlar los s\u00edntomas y cambiar el curso de la enfermedad, as\u00ed como terapias de rehabilitaci\u00f3n, cambios en el estilo de vida y servicios de apoyo. El enfoque del tratamiento se individualiza en funci\u00f3n de las necesidades y circunstancias espec\u00edficas de cada persona.<\/p>\n\n<p>Como MedClinics, estamos aqu\u00ed para encontrar el mejor pa\u00eds para el tratamiento de la esclerosis m\u00faltiple. Puede ponerse en contacto con nosotros.<\/p>\n\n<h3 class=\"wp-block-heading\">Todo lo que necesita saber sobre <a href=\"https:\/\/medclinics.com\/es\/neurologia\/\" target=\"_blank\" rel=\"noreferrer noopener\">neurolog\u00eda<\/a>, incluidas las opciones de tratamiento y el proceso de curaci\u00f3n, \u00a1o <a href=\"#requestform\">p\u00f3ngase en contacto con nosotros<\/a>!<\/h3>\n\n<h2 class=\"wp-block-heading\">PREGUNTAS FRECUENTES<\/h2>\n<div id=\"rank-math-faq\" class=\"rank-math-block\">\n<div class=\"rank-math-list \">\n<div id=\"faq-question-1687259361877\" class=\"rank-math-list-item\">\n<h3 class=\"rank-math-question \">\u00bfQu\u00e9 es la esclerosis m\u00faltiple?<\/h3>\n<div class=\"rank-math-answer \">\n\n<p>Es una enfermedad autoinmune cr\u00f3nica que afecta al sistema nervioso central. Provoca inflamaci\u00f3n y da\u00f1os en la cubierta protectora de las fibras nerviosas, interrumpiendo la comunicaci\u00f3n normal entre el cerebro y el resto del cuerpo.<\/p>\n\n<\/div>\n<\/div>\n<div id=\"faq-question-1687259487908\" class=\"rank-math-list-item\">\n<h3 class=\"rank-math-question \">\u00bfCu\u00e1les son los s\u00edntomas de la EM?<\/h3>\n<div class=\"rank-math-answer \">\n\n<p>Fatiga<br \/>Debilidad muscular<br \/>Dificultades de coordinaci\u00f3n y equilibrio<br \/>Cambios sensoriales (entumecimiento, hormigueo o sensaci\u00f3n de pinchazos).<br \/>Problemas de visi\u00f3n (visi\u00f3n borrosa, visi\u00f3n doble o p\u00e9rdida de visi\u00f3n)<br \/>Cambios cognitivos (problemas de memoria, dificultades de concentraci\u00f3n y atenci\u00f3n)<br \/>Cambios emocionales (cambios de humor, depresi\u00f3n, ansiedad)<br \/>Disfunci\u00f3n intestinal y vesical<br \/>Dificultades del habla<br \/>Disfunci\u00f3n sexual<br \/>Dolor (cefaleas, dolor facial u otros tipos de dolor cr\u00f3nico)<br \/>Sensaci\u00f3n de hormigueo o quemaz\u00f3n<br \/>Sensibilidad al calor (exacerbaci\u00f3n de los s\u00edntomas con la exposici\u00f3n al calor)<br \/>Mareo o v\u00e9rtigo<br \/>Temblores o movimientos musculares involuntarios<br \/>Dificultades para tragar<br \/>Sensaci\u00f3n de picor o pinchazos<br \/>Debilidad o fatiga en las piernas<br \/>Dificultad con la motricidad fina (escribir, abotonarse las camisas, etc.)<br \/>S\u00edndrome de las piernas inquietas<\/p>\n\n<\/div>\n<\/div>\n<div id=\"faq-question-1687259574352\" class=\"rank-math-list-item\">\n<h3 class=\"rank-math-question \">\u00bfEs peligrosa la esclerosis m\u00faltiple?<\/h3>\n<div class=\"rank-math-answer \">\n\n<p>La esclerosis m\u00faltiple (EM) es una enfermedad cr\u00f3nica que puede tener diversos grados de repercusi\u00f3n en la salud y el funcionamiento diario de una persona. Aunque no suele considerarse potencialmente mortal en s\u00ed misma, la EM puede plantear importantes retos y complicaciones que pueden afectar a la calidad de vida de una persona.<\/p>\n\n<\/div>\n<\/div>\n<div id=\"faq-question-1687259680015\" class=\"rank-math-list-item\">\n<h3 class=\"rank-math-question \">\u00bfC\u00f3mo se inicia la enfermedad de la esclerosis m\u00faltiple?<\/h3>\n<div class=\"rank-math-answer \">\n\n<p>A\u00fan no se conoce con exactitud la causa de la esclerosis m\u00faltiple (EM). Se cree que implica una combinaci\u00f3n de factores gen\u00e9ticos, ambientales e inmunol\u00f3gicos. El inicio de la EM puede variar de una persona a otra y suele comenzar en la edad adulta temprana, entre los 20 y los 40 a\u00f1os.<\/p>\n\n<\/div>\n<\/div>\n<div id=\"faq-question-1687259752594\" class=\"rank-math-list-item\">\n<h3 class=\"rank-math-question \">\u00bfEs contagiosa la esclerosis m\u00faltiple?<\/h3>\n<div class=\"rank-math-answer \">\n\n<p>No, la esclerosis m\u00faltiple (EM) no es contagiosa. No puede contagiarse de persona a persona a trav\u00e9s de ning\u00fan contacto, como el contacto f\u00edsico o compartir objetos personales.<\/p>\n\n<\/div>\n<\/div>\n<div id=\"faq-question-1687259882091\" class=\"rank-math-list-item\">\n<h3 class=\"rank-math-question \">\u00bfC\u00f3mo se diagnostica la EM?<\/h3>\n<div class=\"rank-math-answer \">\n\n<p>La esclerosis m\u00faltiple (EM) se diagnostica mediante una combinaci\u00f3n de evaluaci\u00f3n de la historia cl\u00ednica, exploraci\u00f3n neurol\u00f3gica, resonancia magn\u00e9tica (RM) y, en ocasiones, an\u00e1lisis del l\u00edquido cefalorraqu\u00eddeo (LCR). Estas pruebas ayudan a identificar anomal\u00edas caracter\u00edsticas en el sistema nervioso central que son indicativas de EM.<\/p>\n\n<\/div>\n<\/div>\n<div id=\"faq-question-1687259882794\" class=\"rank-math-list-item\">\n<h3 class=\"rank-math-question \">\u00bfPuede matarte la esclerosis m\u00faltiple?<\/h3>\n<div class=\"rank-math-answer \">\n\n<p>La esclerosis m\u00faltiple (EM) no se considera una enfermedad directamente mortal. Sin embargo, puede dar lugar a complicaciones que pueden aumentar el riesgo de muerte. Sin embargo, con una atenci\u00f3n y un tratamiento m\u00e9dicos adecuados, muchas personas con EM pueden llevar una vida plena.<\/p>\n\n<\/div>\n<\/div>\n<div id=\"faq-question-1687259885117\" class=\"rank-math-list-item\">\n<h3 class=\"rank-math-question \">\u00bfC\u00f3mo prevenir la esclerosis m\u00faltiple?<\/h3>\n<div class=\"rank-math-answer \">\n\n<p>No se conoce ninguna forma de prevenir la esclerosis m\u00faltiple (EM), ya que su causa exacta no est\u00e1 clara. Sin embargo, mantener un estilo de vida saludable y evitar fumar puede ser beneficioso para reducir el riesgo o retrasar su aparici\u00f3n.<\/p>\n\n<\/div>\n<\/div>\n<div id=\"faq-question-1687259886326\" class=\"rank-math-list-item\">\n<h3 class=\"rank-math-question \">\u00bfQui\u00e9n corre m\u00e1s riesgo de padecer EM?<\/h3>\n<div class=\"rank-math-answer \">\n\n<p>Ciertos factores pueden aumentar el riesgo de desarrollar esclerosis m\u00faltiple (EM), como ser mujer, tener antecedentes familiares de EM, vivir en determinadas regiones geogr\u00e1ficas y ser de origen noreuropeo. Sin embargo, la EM puede afectar a personas de cualquier edad, sexo u origen \u00e9tnico, y la causa exacta de la enfermedad sigue sin estar clara.<\/p>\n\n<\/div>\n<\/div>\n<div id=\"faq-question-1687259893143\" class=\"rank-math-list-item\">\n<h3 class=\"rank-math-question \">\u00bfQu\u00e9 desencadena la EM?<\/h3>\n<div class=\"rank-math-answer \">\n\n<p>Se desconocen los desencadenantes exactos de la esclerosis m\u00faltiple (EM), pero se cree que est\u00e1 causada por una combinaci\u00f3n de factores gen\u00e9ticos y ambientales. Se ha sugerido que factores como la respuesta autoinmune, la predisposici\u00f3n gen\u00e9tica y las influencias ambientales, como las infecciones v\u00edricas y la carencia de vitamina D, pueden contribuir a la EM. Sin embargo, se necesitan m\u00e1s investigaciones para comprender plenamente los factores desencadenantes de la enfermedad.<\/p>\n\n<\/div>\n<\/div>\n<\/div>\n<\/div>\n<p>\u00a0<\/p>\n\n<h3 class=\"wp-block-heading\">P\u00f3ngase en contacto con nosotros si tiene alguna pregunta.<\/h3>\n","protected":false},"excerpt":{"rendered":"<p>Esta es nuestra directriz sobre la esclerosis m\u00faltiple. Est\u00e1 usted en el lugar adecuado para su tratamiento. Es un trastorno [&hellip;]<\/p>\n","protected":false},"author":4,"featured_media":95501,"parent":0,"menu_order":0,"comment_status":"closed","ping_status":"closed","template":"","meta":{"site-sidebar-layout":"default","site-content-layout":"","ast-site-content-layout":"default","site-content-style":"default","site-sidebar-style":"default","ast-global-header-display":"","ast-banner-title-visibility":"","ast-main-header-display":"","ast-hfb-above-header-display":"","ast-hfb-below-header-display":"","ast-hfb-mobile-header-display":"","site-post-title":"","ast-breadcrumbs-content":"","ast-featured-img":"","footer-sml-layout":"","ast-disable-related-posts":"","theme-transparent-header-meta":"","adv-header-id-meta":"","stick-header-meta":"","header-above-stick-meta":"","header-main-stick-meta":"","header-below-stick-meta":"","astra-migrate-meta-layouts":"default","ast-page-background-enabled":"default","ast-page-background-meta":{"desktop":{"background-color":"var(--ast-global-color-4)","background-image":"","background-repeat":"repeat","background-position":"center center","background-size":"auto","background-attachment":"scroll","background-type":"","background-media":"","overlay-type":"","overlay-color":"","overlay-opacity":"","overlay-gradient":""},"tablet":{"background-color":"","background-image":"","background-repeat":"repeat","background-position":"center center","background-size":"auto","background-attachment":"scroll","background-type":"","background-media":"","overlay-type":"","overlay-color":"","overlay-opacity":"","overlay-gradient":""},"mobile":{"background-color":"","background-image":"","background-repeat":"repeat","background-position":"center center","background-size":"auto","background-attachment":"scroll","background-type":"","background-media":"","overlay-type":"","overlay-color":"","overlay-opacity":"","overlay-gradient":""}},"ast-content-background-meta":{"desktop":{"background-color":"var(--ast-global-color-5)","background-image":"","background-repeat":"repeat","background-position":"center center","background-size":"auto","background-attachment":"scroll","background-type":"","background-media":"","overlay-type":"","overlay-color":"","overlay-opacity":"","overlay-gradient":""},"tablet":{"background-color":"var(--ast-global-color-5)","background-image":"","background-repeat":"repeat","background-position":"center center","background-size":"auto","background-attachment":"scroll","background-type":"","background-media":"","overlay-type":"","overlay-color":"","overlay-opacity":"","overlay-gradient":""},"mobile":{"background-color":"var(--ast-global-color-5)","background-image":"","background-repeat":"repeat","background-position":"center center","background-size":"auto","background-attachment":"scroll","background-type":"","background-media":"","overlay-type":"","overlay-color":"","overlay-opacity":"","overlay-gradient":""}},"footnotes":""},"class_list":["post-147532","page","type-page","status-publish","has-post-thumbnail","hentry"],"_links":{"self":[{"href":"https:\/\/medclinics.com\/es\/wp-json\/wp\/v2\/pages\/147532","targetHints":{"allow":["GET"]}}],"collection":[{"href":"https:\/\/medclinics.com\/es\/wp-json\/wp\/v2\/pages"}],"about":[{"href":"https:\/\/medclinics.com\/es\/wp-json\/wp\/v2\/types\/page"}],"author":[{"embeddable":true,"href":"https:\/\/medclinics.com\/es\/wp-json\/wp\/v2\/users\/4"}],"replies":[{"embeddable":true,"href":"https:\/\/medclinics.com\/es\/wp-json\/wp\/v2\/comments?post=147532"}],"version-history":[{"count":0,"href":"https:\/\/medclinics.com\/es\/wp-json\/wp\/v2\/pages\/147532\/revisions"}],"wp:featuredmedia":[{"embeddable":true,"href":"https:\/\/medclinics.com\/es\/wp-json\/wp\/v2\/media\/95501"}],"wp:attachment":[{"href":"https:\/\/medclinics.com\/es\/wp-json\/wp\/v2\/media?parent=147532"}],"curies":[{"name":"wp","href":"https:\/\/api.w.org\/{rel}","templated":true}]}}