{"id":147518,"date":"2023-06-19T14:22:26","date_gmt":"2023-06-19T11:22:26","guid":{"rendered":"https:\/\/medclinics.com\/tratamiento-del-acne\/"},"modified":"2024-12-30T19:15:27","modified_gmt":"2024-12-30T16:15:27","slug":"tratamiento-del-acne","status":"publish","type":"page","link":"https:\/\/medclinics.com\/es\/tratamiento-del-acne\/","title":{"rendered":"Tratamiento del acn\u00e9"},"content":{"rendered":"\n<h2 class=\"wp-block-heading\">Si quieres tener una piel suave y tersa, el tratamiento del acn\u00e9 puede ser la mejor opci\u00f3n para ti.<\/h2>\n\n<p>El tratamiento del acn\u00e9 en dermatolog\u00eda implica una serie de enfoques en funci\u00f3n de la gravedad y el tipo de acn\u00e9. Los medicamentos t\u00f3picos como cremas, geles o lociones que contienen ingredientes como per\u00f3xido de benzoilo, \u00e1cido salic\u00edlico, retinoides o antibi\u00f3ticos pueden ayudar a controlar el acn\u00e9 reduciendo la inflamaci\u00f3n, abriendo los poros y eliminando las bacterias.<\/p>\n\n<p>En los casos m\u00e1s moderados o graves, pueden prescribirse medicamentos orales como antibi\u00f3ticos o retinoides orales. Los dermat\u00f3logos suelen combinar distintos medicamentos t\u00f3picos u orales para crear un plan de tratamiento personalizado. Para las mujeres con acn\u00e9 hormonal, puede recomendarse un tratamiento hormonal, como p\u00edldoras anticonceptivas o medicamentos antiandr\u00f3genos.<\/p>\n\n<p>Tambi\u00e9n pueden realizarse procedimientos en consulta como extracciones, <a href=\"https:\/\/medclinics.com\/es\/peeling-quimico\/\" target=\"_blank\" rel=\"noreferrer noopener\">exfoliaciones qu\u00edmicas<\/a> o terapia con l\u00e1ser\/luz para eliminar el acn\u00e9. Adem\u00e1s, los dermat\u00f3logos proporcionan orientaci\u00f3n sobre rutinas de cuidado de la piel, cambios en el estilo de vida y pr\u00e1cticas adecuadas de <a href=\"https:\/\/en.wikipedia.org\/wiki\/Acne\" target=\"_blank\" rel=\"noopener\">cuidado <\/a> de la piel para favorecer el tratamiento del acn\u00e9. Es importante consultar a un dermat\u00f3logo para determinar las opciones de tratamiento m\u00e1s eficaces para su caso concreto de acn\u00e9.<\/p>\n\n<h3 class=\"wp-block-heading\">Todo lo que necesita saber sobre <a href=\"https:\/\/medclinics.com\/es\/dermatologia\/\" target=\"_blank\" rel=\"noreferrer noopener\">dermatolog\u00eda<\/a>, incluidos los cuidados postoperatorios y el proceso de curaci\u00f3n, o <a href=\"#requestform\">p\u00f3ngase en contacto con nosotros<\/a>.<\/h3>\n\n<figure class=\"wp-block-image size-full\"><img fetchpriority=\"high\" decoding=\"async\" width=\"960\" height=\"550\" src=\"https:\/\/medclinics.com\/wp-content\/uploads\/2023\/02\/anti-acne-treatment-in-istanbul-in-turkey.jpg\" alt=\"tratamiento-acn&#xE9;-en-istanbul-en-turquia\" class=\"wp-image-70302\" srcset=\"https:\/\/medclinics.com\/wp-content\/uploads\/2023\/02\/anti-acne-treatment-in-istanbul-in-turkey.jpg 960w, https:\/\/medclinics.com\/wp-content\/uploads\/2023\/02\/anti-acne-treatment-in-istanbul-in-turkey-300x172.jpg 300w, https:\/\/medclinics.com\/wp-content\/uploads\/2023\/02\/anti-acne-treatment-in-istanbul-in-turkey-280x160.jpg 280w, https:\/\/medclinics.com\/wp-content\/uploads\/2023\/02\/anti-acne-treatment-in-istanbul-in-turkey-768x440.jpg 768w, https:\/\/medclinics.com\/wp-content\/uploads\/2023\/02\/anti-acne-treatment-in-istanbul-in-turkey-600x344.jpg 600w\" sizes=\"(max-width: 960px) 100vw, 960px\" \/><\/figure>\n\n<h2 class=\"wp-block-heading\">PREGUNTAS FRECUENTES<\/h2>\n<div id=\"rank-math-faq\" class=\"rank-math-block\">\n<div class=\"rank-math-list \">\n<div id=\"faq-question-1687183693010\" class=\"rank-math-list-item\">\n<h3 class=\"rank-math-question \">\u00bfFunciona el tratamiento del acn\u00e9?<\/h3>\n<div class=\"rank-math-answer \">\n\n<p>Puede ser eficaz para controlar y mejorar los s\u00edntomas del acn\u00e9 en muchas personas.<\/p>\n\n<\/div>\n<\/div>\n<div id=\"faq-question-1687183697713\" class=\"rank-math-list-item\">\n<h3 class=\"rank-math-question \">\u00bfQu\u00e9 tratamiento para el acn\u00e9 es el mejor?<\/h3>\n<div class=\"rank-math-answer \">\n\n<p>El mejor tratamiento para el acn\u00e9 var\u00eda para cada persona porque depende de factores como el tipo y la gravedad del acn\u00e9.<\/p>\n\n<\/div>\n<\/div>\n<div id=\"faq-question-1687183698763\" class=\"rank-math-list-item\">\n<h3 class=\"rank-math-question \">\u00bfPuede el tratamiento del acn\u00e9 provocar la ca\u00edda del cabello?<\/h3>\n<div class=\"rank-math-answer \">\n\n<p>En general, no se sabe que los tratamientos contra el acn\u00e9 provoquen la ca\u00edda del cabello como efecto secundario directo. Sin embargo, las respuestas individuales pueden variar y otros factores pueden contribuir a la ca\u00edda del cabello.<\/p>\n\n<\/div>\n<\/div>\n<div id=\"faq-question-1687183699346\" class=\"rank-math-list-item\">\n<h3 class=\"rank-math-question \">\u00bfSon eficaces los tratamientos contra el acn\u00e9?<\/h3>\n<div class=\"rank-math-answer \">\n\n<p>S\u00ed, los tratamientos pueden ser eficaces para controlar y mejorar los s\u00edntomas del acn\u00e9 en muchas personas. La eficacia del tratamiento var\u00eda en funci\u00f3n de factores como la gravedad del acn\u00e9, la adherencia al tratamiento y la respuesta individual. Los medicamentos de venta con y sin receta, junto con un cuidado adecuado de la piel y cambios en el estilo de vida, pueden ayudar a controlar y reducir el acn\u00e9.<\/p>\n\n<\/div>\n<\/div>\n<div id=\"faq-question-1687183700313\" class=\"rank-math-list-item\">\n<h3 class=\"rank-math-question \">\u00bfEs permanente el tratamiento del acn\u00e9?<\/h3>\n<div class=\"rank-math-answer \">\n\n<p>El tratamiento del acn\u00e9 puede manejar y controlar con \u00e9xito los s\u00edntomas del acn\u00e9, pero no proporcionar una cura permanente en todos los casos. El objetivo es reducir las lesiones de acn\u00e9, prevenir nuevos brotes y mejorar el aspecto general de la piel.<\/p>\n\n<\/div>\n<\/div>\n<div id=\"faq-question-1687184093806\" class=\"rank-math-list-item\">\n<h3 class=\"rank-math-question \">\u00bfQu\u00e9 tratamiento para el acn\u00e9 es seguro durante el embarazo?<\/h3>\n<div class=\"rank-math-answer \">\n\n<p>Durante el embarazo, es mejor consultar a un profesional sanitario para conocer las opciones seguras. En general, los limpiadores suaves, los antibi\u00f3ticos t\u00f3picos y el \u00e1cido azelaico pueden considerarse seguros. Sin embargo, deben evitarse los retinoides orales y algunos antibi\u00f3ticos orales. Los remedios naturales deben utilizarse con precauci\u00f3n y bajo orientaci\u00f3n profesional. Es muy importante dar prioridad a la seguridad tanto de la madre como del beb\u00e9 a la hora de elegir tratamientos para el acn\u00e9 durante el embarazo.<\/p>\n\n<\/div>\n<\/div>\n<\/div>\n<\/div>\n<p>\u00a0<\/p>\n\n<h3 class=\"wp-block-heading\">P\u00f3ngase en contacto con nosotros si tiene alguna pregunta.<\/h3>\n","protected":false},"excerpt":{"rendered":"<p>Si quieres tener una piel suave y tersa, el tratamiento del acn\u00e9 puede ser la mejor opci\u00f3n para ti. El [&hellip;]<\/p>\n","protected":false},"author":4,"featured_media":95465,"parent":0,"menu_order":0,"comment_status":"closed","ping_status":"closed","template":"","meta":{"site-sidebar-layout":"default","site-content-layout":"","ast-site-content-layout":"default","site-content-style":"default","site-sidebar-style":"default","ast-global-header-display":"","ast-banner-title-visibility":"","ast-main-header-display":"","ast-hfb-above-header-display":"","ast-hfb-below-header-display":"","ast-hfb-mobile-header-display":"","site-post-title":"","ast-breadcrumbs-content":"","ast-featured-img":"","footer-sml-layout":"","ast-disable-related-posts":"","theme-transparent-header-meta":"","adv-header-id-meta":"","stick-header-meta":"","header-above-stick-meta":"","header-main-stick-meta":"","header-below-stick-meta":"","astra-migrate-meta-layouts":"default","ast-page-background-enabled":"default","ast-page-background-meta":{"desktop":{"background-color":"var(--ast-global-color-4)","background-image":"","background-repeat":"repeat","background-position":"center center","background-size":"auto","background-attachment":"scroll","background-type":"","background-media":"","overlay-type":"","overlay-color":"","overlay-opacity":"","overlay-gradient":""},"tablet":{"background-color":"","background-image":"","background-repeat":"repeat","background-position":"center center","background-size":"auto","background-attachment":"scroll","background-type":"","background-media":"","overlay-type":"","overlay-color":"","overlay-opacity":"","overlay-gradient":""},"mobile":{"background-color":"","background-image":"","background-repeat":"repeat","background-position":"center center","background-size":"auto","background-attachment":"scroll","background-type":"","background-media":"","overlay-type":"","overlay-color":"","overlay-opacity":"","overlay-gradient":""}},"ast-content-background-meta":{"desktop":{"background-color":"var(--ast-global-color-5)","background-image":"","background-repeat":"repeat","background-position":"center center","background-size":"auto","background-attachment":"scroll","background-type":"","background-media":"","overlay-type":"","overlay-color":"","overlay-opacity":"","overlay-gradient":""},"tablet":{"background-color":"var(--ast-global-color-5)","background-image":"","background-repeat":"repeat","background-position":"center center","background-size":"auto","background-attachment":"scroll","background-type":"","background-media":"","overlay-type":"","overlay-color":"","overlay-opacity":"","overlay-gradient":""},"mobile":{"background-color":"var(--ast-global-color-5)","background-image":"","background-repeat":"repeat","background-position":"center center","background-size":"auto","background-attachment":"scroll","background-type":"","background-media":"","overlay-type":"","overlay-color":"","overlay-opacity":"","overlay-gradient":""}},"footnotes":""},"class_list":["post-147518","page","type-page","status-publish","has-post-thumbnail","hentry"],"_links":{"self":[{"href":"https:\/\/medclinics.com\/es\/wp-json\/wp\/v2\/pages\/147518","targetHints":{"allow":["GET"]}}],"collection":[{"href":"https:\/\/medclinics.com\/es\/wp-json\/wp\/v2\/pages"}],"about":[{"href":"https:\/\/medclinics.com\/es\/wp-json\/wp\/v2\/types\/page"}],"author":[{"embeddable":true,"href":"https:\/\/medclinics.com\/es\/wp-json\/wp\/v2\/users\/4"}],"replies":[{"embeddable":true,"href":"https:\/\/medclinics.com\/es\/wp-json\/wp\/v2\/comments?post=147518"}],"version-history":[{"count":0,"href":"https:\/\/medclinics.com\/es\/wp-json\/wp\/v2\/pages\/147518\/revisions"}],"wp:featuredmedia":[{"embeddable":true,"href":"https:\/\/medclinics.com\/es\/wp-json\/wp\/v2\/media\/95465"}],"wp:attachment":[{"href":"https:\/\/medclinics.com\/es\/wp-json\/wp\/v2\/media?parent=147518"}],"curies":[{"name":"wp","href":"https:\/\/api.w.org\/{rel}","templated":true}]}}