{"id":147516,"date":"2023-06-20T12:15:06","date_gmt":"2023-06-20T09:15:06","guid":{"rendered":"https:\/\/medclinics.com\/ela-esclerosis-lateral-amiotrofica\/"},"modified":"2024-12-30T19:15:17","modified_gmt":"2024-12-30T16:15:17","slug":"ela-esclerosis-lateral-amiotrofica","status":"publish","type":"page","link":"https:\/\/medclinics.com\/es\/ela-esclerosis-lateral-amiotrofica\/","title":{"rendered":"ELA (Esclerosis Lateral Amiotr\u00f3fica)"},"content":{"rendered":"\n<h2 class=\"wp-block-heading\">Con MedClinics est\u00e1 en buenas manos. Esta es nuestra pauta de tratamiento de la ELA.<\/h2>\n\n<p>Tambi\u00e9n se conoce como <a href=\"https:\/\/en.wikipedia.org\/wiki\/ALS\" target=\"_blank\" rel=\"noreferrer noopener\">enfermedad de Lou Gehrig<\/a> y debe su nombre al famoso jugador de b\u00e9isbol al que se le diagnostic\u00f3 la enfermedad. Se trata de una enfermedad neurodegenerativa progresiva que afecta a las c\u00e9lulas nerviosas del cerebro y la m\u00e9dula espinal.<\/p>\n\n<p>Afecta principalmente a las motoneuronas responsables de controlar el movimiento muscular voluntario. A medida que la enfermedad progresa, estas motoneuronas degeneran y mueren, lo que provoca debilidad muscular, p\u00e9rdida de coordinaci\u00f3n y, finalmente, par\u00e1lisis. Puede afectar a diversos aspectos de las funciones f\u00edsicas de una persona, como el habla, la degluci\u00f3n y la respiraci\u00f3n.<\/p>\n\n<p>La causa exacta a\u00fan no se conoce del todo, pero implica combinaciones de factores gen\u00e9ticos y ambientales. La mayor\u00eda de los casos son espor\u00e1dicos. Esto significa que se producen sin antecedentes familiares conocidos. Sin embargo, alrededor del 5-10% de los casos son gen\u00e9ticos y est\u00e1n causados por mutaciones gen\u00e9ticas espec\u00edficas.<\/p>\n\n<p>Actualmente no existe cura y la enfermedad tiene una tasa de progresi\u00f3n variable. El tratamiento m\u00e1s reciente de la ELA se centra en controlar los s\u00edntomas, proporcionar cuidados de apoyo y mejorar la calidad de vida del paciente. Un enfoque multidisciplinar aborda diferentes aspectos y proporciona una atenci\u00f3n integral a los pacientes. Como MedClinics, estamos aqu\u00ed para encontrar los mejores neur\u00f3logos y cl\u00ednicas con precios asequibles.<\/p>\n\n<h3 class=\"wp-block-heading\">Todo lo que necesita saber sobre <a href=\"https:\/\/medclinics.com\/es\/neurologia\/\" target=\"_blank\" rel=\"noreferrer noopener\">neurolog\u00eda<\/a>, incluidos s\u00edntomas, tratamiento y mucho m\u00e1s, \u00a1o <a href=\"#requestform\">p\u00f3ngase en contacto con nosotros<\/a>!<\/h3>\n\n<h2 class=\"wp-block-heading\">PREGUNTAS FRECUENTES<\/h2>\n<div id=\"rank-math-faq\" class=\"rank-math-block\">\n<div class=\"rank-math-list \">\n<div id=\"faq-question-1687261537162\" class=\"rank-math-list-item\">\n<h3 class=\"rank-math-question \">\u00bfQu\u00e9 es la ELA?<\/h3>\n<div class=\"rank-math-answer \">\n\n<p>Es una enfermedad degenerativa que afecta a las c\u00e9lulas nerviosas del cerebro y la m\u00e9dula espinal. Provoca el deterioro gradual de las neuronas motoras, lo que provoca debilidad muscular, rigidez y, finalmente, par\u00e1lisis.<\/p>\n\n<\/div>\n<\/div>\n<div id=\"faq-question-1687261459654\" class=\"rank-math-list-item\">\n<h3 class=\"rank-math-question \">\u00bfC\u00f3mo se diagnostica la ELA?<\/h3>\n<div class=\"rank-math-answer \">\n\n<p>Se diagnostica mediante una combinaci\u00f3n de evaluaci\u00f3n de la historia cl\u00ednica, exploraci\u00f3n f\u00edsica y pruebas como electromiograf\u00eda (EMG), estudio de conducci\u00f3n nerviosa (NCS), pruebas de imagen, an\u00e1lisis de sangre y orina y, en algunos casos, una punci\u00f3n lumbar. El proceso tiene por objeto descartar otras posibles causas de los s\u00edntomas e identificar los signos caracter\u00edsticos.<\/p>\n\n<\/div>\n<\/div>\n<div id=\"faq-question-1687261537969\" class=\"rank-math-list-item\">\n<h3 class=\"rank-math-question \">\u00bfSe puede curar la ELA?<\/h3>\n<div class=\"rank-math-answer \">\n\n<p>En la actualidad, no se conoce cura para la esclerosis lateral amiotr\u00f3fica. Existen tratamientos para controlar los s\u00edntomas, ralentizar la progresi\u00f3n de la enfermedad y mejorar la calidad de vida.<\/p>\n\n<\/div>\n<\/div>\n<div id=\"faq-question-1687261538995\" class=\"rank-math-list-item\">\n<h3 class=\"rank-math-question \">\u00bfSe puede prevenir la ELA?<\/h3>\n<div class=\"rank-math-answer \">\n\n<p>Actualmente no se conoce ninguna forma de prevenir el desarrollo de la esclerosis lateral amiotr\u00f3fica. La causa exacta a\u00fan no se conoce del todo y se considera una combinaci\u00f3n de factores gen\u00e9ticos y ambientales. Aunque no podemos evitar que se produzca, hay medidas que las personas pueden tomar para mantener su salud y bienestar general, como seguir una dieta sana y evitar las toxinas ambientales.<\/p>\n\n<\/div>\n<\/div>\n<div id=\"faq-question-1687261539994\" class=\"rank-math-list-item\">\n<h3 class=\"rank-math-question \">\u00bfPueden aparecer y desaparecer los s\u00edntomas de la ELA?<\/h3>\n<div class=\"rank-math-answer \">\n\n<p>No, los s\u00edntomas no suelen aparecer y desaparecer. Suelen empeorar progresivamente con el tiempo.<\/p>\n\n<\/div>\n<\/div>\n<div id=\"faq-question-1687261541811\" class=\"rank-math-list-item\">\n<h3 class=\"rank-math-question \">\u00bfQui\u00e9n tiene m\u00e1s riesgo de padecer ELA?<\/h3>\n<div class=\"rank-math-answer \">\n\n<p>Los factores de riesgo incluyen la edad (normalmente entre 40 y 70 a\u00f1os), el sexo (ligeramente m\u00e1s frecuente en varones), antecedentes familiares de la enfermedad, determinadas mutaciones gen\u00e9ticas y posibles exposiciones ambientales.<\/p>\n\n<\/div>\n<\/div>\n<div id=\"faq-question-1687261540642\" class=\"rank-math-list-item\">\n<h3 class=\"rank-math-question \">\u00bfPor qu\u00e9 la ELA es m\u00e1s frecuente en varones?<\/h3>\n<div class=\"rank-math-answer \">\n\n<p>No se sabe muy bien por qu\u00e9 la esclerosis lateral amiotr\u00f3fica es m\u00e1s frecuente en hombres que en mujeres. Sin embargo, varios factores pueden contribuir a esta diferencia de g\u00e9nero, como las diferencias hormonales, los factores gen\u00e9ticos, el estilo de vida y los factores ambientales.<\/p>\n\n<\/div>\n<\/div>\n<div id=\"faq-question-1687261543612\" class=\"rank-math-list-item\">\n<h3 class=\"rank-math-question \">\u00bfLa ELA puede ser hereditaria?<\/h3>\n<div class=\"rank-math-answer \">\n\n<p>S\u00ed, un peque\u00f1o porcentaje de casos de esclerosis lateral amiotr\u00f3fica son hereditarios. Este tipo se conoce como esclerosis lateral amiotr\u00f3fica familiar. Alrededor del 5% al 10% de los casos son familiares, la mayor\u00eda son espor\u00e1dicos (no hereditarios).<\/p>\n\n<\/div>\n<\/div>\n<div id=\"faq-question-1687261546092\" class=\"rank-math-list-item\">\n<h3 class=\"rank-math-question \">\u00bfC\u00f3mo saber si la ELA es hereditaria?<\/h3>\n<div class=\"rank-math-answer \">\n\n<p>Para determinar si es hereditaria, son indicios un fuerte historial familiar de la enfermedad, una edad de aparici\u00f3n m\u00e1s temprana y la presencia de una mutaci\u00f3n gen\u00e9tica conocida relacionada con la ELA. Las pruebas gen\u00e9ticas pueden proporcionar informaci\u00f3n m\u00e1s definitiva.<\/p>\n\n<\/div>\n<\/div>\n<div id=\"faq-question-1687261544528\" class=\"rank-math-list-item\">\n<h3 class=\"rank-math-question \">\u00bfPuede la ELA provocar convulsiones?<\/h3>\n<div class=\"rank-math-answer \">\n\n<p>Las convulsiones no son un s\u00edntoma frecuente de la esclerosis lateral amiotr\u00f3fica. Afecta principalmente a las motoneuronas responsables de controlar el movimiento muscular voluntario. Esto provoca debilidad muscular, rigidez y, finalmente, par\u00e1lisis.<\/p>\n\n<\/div>\n<\/div>\n<\/div>\n<\/div>\n<p>\u00a0<\/p>\n\n<h3 class=\"wp-block-heading\">P\u00f3ngase en contacto con nosotros si tiene alguna pregunta.<\/h3>\n","protected":false},"excerpt":{"rendered":"<p>Con MedClinics est\u00e1 en buenas manos. Esta es nuestra pauta de tratamiento de la ELA. Tambi\u00e9n se conoce como enfermedad [&hellip;]<\/p>\n","protected":false},"author":4,"featured_media":95522,"parent":0,"menu_order":0,"comment_status":"closed","ping_status":"closed","template":"","meta":{"site-sidebar-layout":"default","site-content-layout":"","ast-site-content-layout":"default","site-content-style":"default","site-sidebar-style":"default","ast-global-header-display":"","ast-banner-title-visibility":"","ast-main-header-display":"","ast-hfb-above-header-display":"","ast-hfb-below-header-display":"","ast-hfb-mobile-header-display":"","site-post-title":"","ast-breadcrumbs-content":"","ast-featured-img":"","footer-sml-layout":"","ast-disable-related-posts":"","theme-transparent-header-meta":"","adv-header-id-meta":"","stick-header-meta":"","header-above-stick-meta":"","header-main-stick-meta":"","header-below-stick-meta":"","astra-migrate-meta-layouts":"default","ast-page-background-enabled":"default","ast-page-background-meta":{"desktop":{"background-color":"var(--ast-global-color-4)","background-image":"","background-repeat":"repeat","background-position":"center center","background-size":"auto","background-attachment":"scroll","background-type":"","background-media":"","overlay-type":"","overlay-color":"","overlay-opacity":"","overlay-gradient":""},"tablet":{"background-color":"","background-image":"","background-repeat":"repeat","background-position":"center center","background-size":"auto","background-attachment":"scroll","background-type":"","background-media":"","overlay-type":"","overlay-color":"","overlay-opacity":"","overlay-gradient":""},"mobile":{"background-color":"","background-image":"","background-repeat":"repeat","background-position":"center center","background-size":"auto","background-attachment":"scroll","background-type":"","background-media":"","overlay-type":"","overlay-color":"","overlay-opacity":"","overlay-gradient":""}},"ast-content-background-meta":{"desktop":{"background-color":"var(--ast-global-color-5)","background-image":"","background-repeat":"repeat","background-position":"center center","background-size":"auto","background-attachment":"scroll","background-type":"","background-media":"","overlay-type":"","overlay-color":"","overlay-opacity":"","overlay-gradient":""},"tablet":{"background-color":"var(--ast-global-color-5)","background-image":"","background-repeat":"repeat","background-position":"center center","background-size":"auto","background-attachment":"scroll","background-type":"","background-media":"","overlay-type":"","overlay-color":"","overlay-opacity":"","overlay-gradient":""},"mobile":{"background-color":"var(--ast-global-color-5)","background-image":"","background-repeat":"repeat","background-position":"center center","background-size":"auto","background-attachment":"scroll","background-type":"","background-media":"","overlay-type":"","overlay-color":"","overlay-opacity":"","overlay-gradient":""}},"footnotes":""},"class_list":["post-147516","page","type-page","status-publish","has-post-thumbnail","hentry"],"_links":{"self":[{"href":"https:\/\/medclinics.com\/es\/wp-json\/wp\/v2\/pages\/147516","targetHints":{"allow":["GET"]}}],"collection":[{"href":"https:\/\/medclinics.com\/es\/wp-json\/wp\/v2\/pages"}],"about":[{"href":"https:\/\/medclinics.com\/es\/wp-json\/wp\/v2\/types\/page"}],"author":[{"embeddable":true,"href":"https:\/\/medclinics.com\/es\/wp-json\/wp\/v2\/users\/4"}],"replies":[{"embeddable":true,"href":"https:\/\/medclinics.com\/es\/wp-json\/wp\/v2\/comments?post=147516"}],"version-history":[{"count":0,"href":"https:\/\/medclinics.com\/es\/wp-json\/wp\/v2\/pages\/147516\/revisions"}],"wp:featuredmedia":[{"embeddable":true,"href":"https:\/\/medclinics.com\/es\/wp-json\/wp\/v2\/media\/95522"}],"wp:attachment":[{"href":"https:\/\/medclinics.com\/es\/wp-json\/wp\/v2\/media?parent=147516"}],"curies":[{"name":"wp","href":"https:\/\/api.w.org\/{rel}","templated":true}]}}