{"id":147467,"date":"2023-06-25T12:12:39","date_gmt":"2023-06-25T12:12:39","guid":{"rendered":"https:\/\/medclinics.com\/asociacion\/"},"modified":"2024-03-18T14:33:31","modified_gmt":"2024-03-18T14:33:31","slug":"asociacion","status":"publish","type":"page","link":"https:\/\/medclinics.com\/es\/asociacion\/","title":{"rendered":"Asociaci\u00f3n"},"content":{"rendered":"\n<h2 class=\"wp-block-heading\">Nosotros nos ocupamos de su marketing, \u00a1para que usted pueda ocuparse de sus pacientes!<\/h2>\n\n<p>A trav\u00e9s de la informaci\u00f3n detallada de nuestro sitio web, sus pacientes le conocer\u00e1n como un profesional competente. A su vez, aprender\u00e1 lo que esperan sus pacientes incluso antes de ponerse en contacto con usted.<\/p>\n\n<p>Forme parte de una empresa din\u00e1mica y prometedora que se ha establecido r\u00e1pidamente en el mercado en l\u00ednea, altamente competitivo, y benef\u00edciese de las ventajas de una organizaci\u00f3n internacional.<\/p>\n\n<p>Con sedes en Estambul, Fr\u00e1ncfort y Viena, m\u00e1s de 150 hospitales concertados, 100 cl\u00ednicas, 1100 m\u00e9dicos e innumerables tratamientos, MedClinics es una de las mayores plataformas m\u00e9dicas de Turqu\u00eda.<\/p>\n\n<p>Si es usted m\u00e9dico, cl\u00ednica u hospital, \u00a1este es su sitio! \u00danase a nosotros en este viaje hacia el futuro y forme parte del \u00e9xito.<\/p>\n\n<h2 class=\"wp-block-heading\">Ventajas de trabajar con nosotros<\/h2>\n\n<div class=\"wp-block-columns is-layout-flex wp-container-core-columns-is-layout-28f84493 wp-block-columns-is-layout-flex\">\n<div class=\"wp-block-column is-vertically-aligned-center is-layout-flow wp-block-column-is-layout-flow\">\n<div class=\"wp-block-columns is-layout-flex wp-container-core-columns-is-layout-28f84493 wp-block-columns-is-layout-flex\">\n<div class=\"wp-block-column is-layout-flow wp-block-column-is-layout-flow\" style=\"flex-basis:25%\">\n<figure class=\"wp-block-image size-full\"><img decoding=\"async\" width=\"137\" height=\"104\" src=\"https:\/\/medclinics.com\/wp-content\/uploads\/2023\/06\/partnership_icon_1.jpg\" alt=\"%100 Tr&#xE1;fico org&#xE1;nico\" class=\"wp-image-95719\" srcset=\"https:\/\/medclinics.com\/wp-content\/uploads\/2023\/06\/partnership_icon_1.jpg 137w, https:\/\/medclinics.com\/wp-content\/uploads\/2023\/06\/partnership_icon_1-24x18.jpg 24w, https:\/\/medclinics.com\/wp-content\/uploads\/2023\/06\/partnership_icon_1-36x27.jpg 36w, https:\/\/medclinics.com\/wp-content\/uploads\/2023\/06\/partnership_icon_1-48x36.jpg 48w\" sizes=\"(max-width: 137px) 100vw, 137px\" \/><\/figure>\n<\/div>\n\n\n\n<div class=\"wp-block-column is-vertically-aligned-center is-layout-flow wp-block-column-is-layout-flow\" style=\"flex-basis:75%\">\n<p class=\"has-text-align-left\"><strong>%100 Tr\u00e1fico org\u00e1nico<\/strong><\/p>\n<\/div>\n<\/div>\n\n\n\n<div class=\"wp-block-columns is-layout-flex wp-container-core-columns-is-layout-28f84493 wp-block-columns-is-layout-flex\">\n<div class=\"wp-block-column is-layout-flow wp-block-column-is-layout-flow\" style=\"flex-basis:25%\">\n<figure class=\"wp-block-image size-full\"><img decoding=\"async\" width=\"137\" height=\"105\" src=\"https:\/\/medclinics.com\/wp-content\/uploads\/2023\/06\/partnership_icon_3.jpg\" alt=\"Centro de llamadas 7\/24\" class=\"wp-image-95733\" srcset=\"https:\/\/medclinics.com\/wp-content\/uploads\/2023\/06\/partnership_icon_3.jpg 137w, https:\/\/medclinics.com\/wp-content\/uploads\/2023\/06\/partnership_icon_3-24x18.jpg 24w, https:\/\/medclinics.com\/wp-content\/uploads\/2023\/06\/partnership_icon_3-36x28.jpg 36w, https:\/\/medclinics.com\/wp-content\/uploads\/2023\/06\/partnership_icon_3-48x37.jpg 48w\" sizes=\"(max-width: 137px) 100vw, 137px\" \/><\/figure>\n<\/div>\n\n\n\n<div class=\"wp-block-column is-vertically-aligned-center is-layout-flow wp-block-column-is-layout-flow\" style=\"flex-basis:75%\">\n<p class=\"has-text-align-left\"><strong>Centro de llamadas 7\/24<\/strong><\/p>\n<\/div>\n<\/div>\n\n\n\n<div class=\"wp-block-columns is-layout-flex wp-container-core-columns-is-layout-28f84493 wp-block-columns-is-layout-flex\">\n<div class=\"wp-block-column is-layout-flow wp-block-column-is-layout-flow\" style=\"flex-basis:25%\">\n<figure class=\"wp-block-image size-full\"><img decoding=\"async\" width=\"136\" height=\"104\" src=\"https:\/\/medclinics.com\/wp-content\/uploads\/2023\/06\/partnership_icon_5.jpg\" alt=\"Gesti&#xF3;n de cuentas en redes sociales\" class=\"wp-image-95747\" srcset=\"https:\/\/medclinics.com\/wp-content\/uploads\/2023\/06\/partnership_icon_5.jpg 136w, https:\/\/medclinics.com\/wp-content\/uploads\/2023\/06\/partnership_icon_5-24x18.jpg 24w, https:\/\/medclinics.com\/wp-content\/uploads\/2023\/06\/partnership_icon_5-36x28.jpg 36w, https:\/\/medclinics.com\/wp-content\/uploads\/2023\/06\/partnership_icon_5-48x37.jpg 48w\" sizes=\"(max-width: 136px) 100vw, 136px\" \/><\/figure>\n<\/div>\n\n\n\n<div class=\"wp-block-column is-vertically-aligned-center is-layout-flow wp-block-column-is-layout-flow\" style=\"flex-basis:75%\">\n<p class=\"has-text-align-left\"><strong>Aumente su tr\u00e1fico<\/strong><\/p>\n<\/div>\n<\/div>\n<\/div>\n\n\n\n<div class=\"wp-block-column is-layout-flow wp-block-column-is-layout-flow\">\n<div class=\"wp-block-columns is-layout-flex wp-container-core-columns-is-layout-28f84493 wp-block-columns-is-layout-flex\">\n<div class=\"wp-block-column is-layout-flow wp-block-column-is-layout-flow\" style=\"flex-basis:25%\">\n<figure class=\"wp-block-gallery aligncenter has-nested-images columns-default is-cropped wp-block-gallery-1 is-layout-flex wp-block-gallery-is-layout-flex\">\n<figure class=\"wp-block-image size-full\"><img loading=\"lazy\" decoding=\"async\" width=\"137\" height=\"105\" data-id=\"95726\" src=\"https:\/\/medclinics.com\/wp-content\/uploads\/2023\/06\/partnership_icon_2.jpg\" alt=\"Sitio web listo\" class=\"wp-image-95726\" srcset=\"https:\/\/medclinics.com\/wp-content\/uploads\/2023\/06\/partnership_icon_2.jpg 137w, https:\/\/medclinics.com\/wp-content\/uploads\/2023\/06\/partnership_icon_2-24x18.jpg 24w, https:\/\/medclinics.com\/wp-content\/uploads\/2023\/06\/partnership_icon_2-36x28.jpg 36w, https:\/\/medclinics.com\/wp-content\/uploads\/2023\/06\/partnership_icon_2-48x37.jpg 48w\" sizes=\"(max-width: 137px) 100vw, 137px\" \/><\/figure>\n<\/figure>\n<\/div>\n\n\n\n<div class=\"wp-block-column is-vertically-aligned-center is-layout-flow wp-block-column-is-layout-flow\" style=\"flex-basis:75%\">\n<p class=\"has-text-align-left\"><strong>Sitio web listo<\/strong><\/p>\n<\/div>\n<\/div>\n\n\n\n<div class=\"wp-block-columns is-layout-flex wp-container-core-columns-is-layout-28f84493 wp-block-columns-is-layout-flex\">\n<div class=\"wp-block-column is-layout-flow wp-block-column-is-layout-flow\" style=\"flex-basis:25%\">\n<figure class=\"wp-block-gallery aligncenter has-nested-images columns-default is-cropped wp-block-gallery-2 is-layout-flex wp-block-gallery-is-layout-flex\">\n<figure class=\"wp-block-image size-full\"><img loading=\"lazy\" decoding=\"async\" width=\"137\" height=\"105\" data-id=\"95740\" src=\"https:\/\/medclinics.com\/wp-content\/uploads\/2023\/06\/partnership_icon_4.jpg\" alt=\"Equipo de Lenguas Extranjeras\" class=\"wp-image-95740\" srcset=\"https:\/\/medclinics.com\/wp-content\/uploads\/2023\/06\/partnership_icon_4.jpg 137w, https:\/\/medclinics.com\/wp-content\/uploads\/2023\/06\/partnership_icon_4-24x18.jpg 24w, https:\/\/medclinics.com\/wp-content\/uploads\/2023\/06\/partnership_icon_4-36x28.jpg 36w, https:\/\/medclinics.com\/wp-content\/uploads\/2023\/06\/partnership_icon_4-48x37.jpg 48w\" sizes=\"(max-width: 137px) 100vw, 137px\" \/><\/figure>\n<\/figure>\n<\/div>\n\n\n\n<div class=\"wp-block-column is-vertically-aligned-center is-layout-flow wp-block-column-is-layout-flow\" style=\"flex-basis:75%\">\n<p class=\"has-text-align-left\"><strong>Equipo de Lenguas Extranjeras<\/strong><\/p>\n<\/div>\n<\/div>\n\n\n\n<div class=\"wp-block-columns is-layout-flex wp-container-core-columns-is-layout-28f84493 wp-block-columns-is-layout-flex\">\n<div class=\"wp-block-column is-layout-flow wp-block-column-is-layout-flow\" style=\"flex-basis:25%\">\n<figure class=\"wp-block-gallery aligncenter has-nested-images columns-default is-cropped wp-block-gallery-3 is-layout-flex wp-block-gallery-is-layout-flex\">\n<figure class=\"wp-block-image size-full\"><img loading=\"lazy\" decoding=\"async\" width=\"137\" height=\"105\" data-id=\"95754\" src=\"https:\/\/medclinics.com\/wp-content\/uploads\/2023\/06\/partnership_icon_6.jpg\" alt=\"Enumere sus productos\" class=\"wp-image-95754\" srcset=\"https:\/\/medclinics.com\/wp-content\/uploads\/2023\/06\/partnership_icon_6.jpg 137w, https:\/\/medclinics.com\/wp-content\/uploads\/2023\/06\/partnership_icon_6-24x18.jpg 24w, https:\/\/medclinics.com\/wp-content\/uploads\/2023\/06\/partnership_icon_6-36x28.jpg 36w, https:\/\/medclinics.com\/wp-content\/uploads\/2023\/06\/partnership_icon_6-48x37.jpg 48w\" sizes=\"(max-width: 137px) 100vw, 137px\" \/><\/figure>\n<\/figure>\n<\/div>\n\n\n\n<div class=\"wp-block-column is-vertically-aligned-center is-layout-flow wp-block-column-is-layout-flow\" style=\"flex-basis:75%\">\n<p class=\"has-text-align-left\"><strong>Enumere sus productos<\/strong><\/p>\n<\/div>\n<\/div>\n<\/div>\n<\/div>\n\n<div class=\"wp-block-columns has-white-color has-text-color has-background is-layout-flex wp-container-core-columns-is-layout-28f84493 wp-block-columns-is-layout-flex\" style=\"background-color:#1e81a2\">\n<div class=\"wp-block-column is-layout-flow wp-block-column-is-layout-flow\">\n<div class=\"wp-block-columns is-layout-flex wp-container-core-columns-is-layout-28f84493 wp-block-columns-is-layout-flex\">\n<div class=\"wp-block-column is-layout-flow wp-block-column-is-layout-flow\" style=\"flex-basis:100%\">\n<figure class=\"wp-block-image size-full\"><img loading=\"lazy\" decoding=\"async\" width=\"122\" height=\"119\" src=\"https:\/\/medclinics.com\/wp-content\/uploads\/2023\/06\/partnership_n_1.png\" alt=\"Su deseo\" class=\"wp-image-95765\" srcset=\"https:\/\/medclinics.com\/wp-content\/uploads\/2023\/06\/partnership_n_1.png 122w, https:\/\/medclinics.com\/wp-content\/uploads\/2023\/06\/partnership_n_1-24x24.png 24w, https:\/\/medclinics.com\/wp-content\/uploads\/2023\/06\/partnership_n_1-36x36.png 36w, https:\/\/medclinics.com\/wp-content\/uploads\/2023\/06\/partnership_n_1-48x48.png 48w\" sizes=\"(max-width: 122px) 100vw, 122px\" \/><\/figure>\n\n\n\n<h4 class=\"wp-block-heading has-white-color has-text-color\">Su deseo<\/h4>\n\n\n\n<ul class=\"wp-block-list\">\n<li>Menos estr\u00e9s y m\u00e1s tiempo para usted<\/li>\n\n\n\n<li>Mejor localizaci\u00f3n en Internet<\/li>\n\n\n\n<li>El equipo puede responder mejor a las necesidades de sus pacientes<\/li>\n<\/ul>\n<\/div>\n<\/div>\n<\/div>\n\n\n\n<div class=\"wp-block-column is-layout-flow wp-block-column-is-layout-flow\">\n<div class=\"wp-block-columns is-layout-flex wp-container-core-columns-is-layout-28f84493 wp-block-columns-is-layout-flex\">\n<div class=\"wp-block-column is-layout-flow wp-block-column-is-layout-flow\" style=\"flex-basis:100%\">\n<figure class=\"wp-block-image size-full\"><img loading=\"lazy\" decoding=\"async\" width=\"122\" height=\"119\" src=\"https:\/\/medclinics.com\/wp-content\/uploads\/2023\/06\/partnership_n_2.png\" alt=\"Su problema\" class=\"wp-image-95772\" srcset=\"https:\/\/medclinics.com\/wp-content\/uploads\/2023\/06\/partnership_n_2.png 122w, https:\/\/medclinics.com\/wp-content\/uploads\/2023\/06\/partnership_n_2-24x24.png 24w, https:\/\/medclinics.com\/wp-content\/uploads\/2023\/06\/partnership_n_2-36x36.png 36w, https:\/\/medclinics.com\/wp-content\/uploads\/2023\/06\/partnership_n_2-48x48.png 48w\" sizes=\"(max-width: 122px) 100vw, 122px\" \/><\/figure>\n\n\n\n<h4 class=\"wp-block-heading has-white-color has-text-color\">Su problema<\/h4>\n\n\n\n<ul class=\"wp-block-list\">\n<li>No tienes tiempo<\/li>\n\n\n\n<li>El buen marketing es caro<\/li>\n\n\n\n<li>El SEO es un engorro y requiere experiencia<\/li>\n\n\n\n<li>Dificultad para crear un centro de llamadas<\/li>\n<\/ul>\n<\/div>\n<\/div>\n<\/div>\n\n\n\n<div class=\"wp-block-column is-layout-flow wp-block-column-is-layout-flow\">\n<div class=\"wp-block-columns is-layout-flex wp-container-core-columns-is-layout-28f84493 wp-block-columns-is-layout-flex\">\n<div class=\"wp-block-column is-layout-flow wp-block-column-is-layout-flow\" style=\"flex-basis:100%\">\n<figure class=\"wp-block-image size-full\"><img loading=\"lazy\" decoding=\"async\" width=\"122\" height=\"119\" src=\"https:\/\/medclinics.com\/wp-content\/uploads\/2023\/06\/partnership_n_3.png\" alt=\"Nuestra soluci&#xF3;n\" class=\"wp-image-95779\" srcset=\"https:\/\/medclinics.com\/wp-content\/uploads\/2023\/06\/partnership_n_3.png 122w, https:\/\/medclinics.com\/wp-content\/uploads\/2023\/06\/partnership_n_3-24x24.png 24w, https:\/\/medclinics.com\/wp-content\/uploads\/2023\/06\/partnership_n_3-36x36.png 36w, https:\/\/medclinics.com\/wp-content\/uploads\/2023\/06\/partnership_n_3-48x48.png 48w\" sizes=\"(max-width: 122px) 100vw, 122px\" \/><\/figure>\n\n\n\n<h4 class=\"wp-block-heading has-white-color has-text-color\">Nuestra soluci\u00f3n<\/h4>\n\n\n\n<ul class=\"wp-block-list\">\n<li>Ofrecemos todos los servicios de un mismo proveedor<\/li>\n\n\n\n<li>Venimos a ti y escribimos sobre ti.<\/li>\n\n\n\n<li>Ponemos tus fotos y v\u00eddeos en l\u00ednea<\/li>\n\n\n\n<li>Le presentamos el mundo<\/li>\n<\/ul>\n<\/div>\n<\/div>\n<\/div>\n<\/div>\n\n<h2 class=\"wp-block-heading\">Aumente la confianza de sus pacientes con un v\u00eddeo<\/h2>\n\n<div class=\"wp-block-columns is-layout-flex wp-container-core-columns-is-layout-28f84493 wp-block-columns-is-layout-flex\">\n<div class=\"wp-block-column is-layout-flow wp-block-column-is-layout-flow\">\n<figure class=\"wp-block-embed is-type-video is-provider-youtube wp-block-embed-youtube wp-embed-aspect-16-9 wp-has-aspect-ratio\"><div class=\"wp-block-embed__wrapper\">\n<iframe title=\"Obesity - Gastric Sleeve - Gastric Balloon, Interview with Prof. Dr. Ya\u015far \u00c7olak\" width=\"500\" height=\"281\" src=\"https:\/\/www.youtube.com\/embed\/yf9kZ36JhWM?feature=oembed\" frameborder=\"0\" allow=\"accelerometer; autoplay; clipboard-write; encrypted-media; gyroscope; picture-in-picture; web-share\" referrerpolicy=\"strict-origin-when-cross-origin\" allowfullscreen><\/iframe>\n<\/div><\/figure>\n<\/div>\n\n\n\n<div class=\"wp-block-column is-layout-flow wp-block-column-is-layout-flow\">\n<figure class=\"wp-block-embed is-type-video is-provider-youtube wp-block-embed-youtube wp-embed-aspect-16-9 wp-has-aspect-ratio\"><div class=\"wp-block-embed__wrapper\">\n<iframe title=\"Obesity - Diabetes, Interview with Op. Dr. Babek Tabandeh\" width=\"500\" height=\"281\" src=\"https:\/\/www.youtube.com\/embed\/VMWnoWZUvPA?feature=oembed\" frameborder=\"0\" allow=\"accelerometer; autoplay; clipboard-write; encrypted-media; gyroscope; picture-in-picture; web-share\" referrerpolicy=\"strict-origin-when-cross-origin\" allowfullscreen><\/iframe>\n<\/div><\/figure>\n<\/div>\n\n\n\n<div class=\"wp-block-column is-layout-flow wp-block-column-is-layout-flow\">\n<figure class=\"wp-block-embed is-type-video is-provider-youtube wp-block-embed-youtube wp-embed-aspect-16-9 wp-has-aspect-ratio\"><div class=\"wp-block-embed__wrapper\">\n<iframe title=\"Wrinkle Treatment - Filler, Interview with Dr. Ebru \u015eim\u015fek\" width=\"500\" height=\"281\" src=\"https:\/\/www.youtube.com\/embed\/KgkWDAasy_8?feature=oembed\" frameborder=\"0\" allow=\"accelerometer; autoplay; clipboard-write; encrypted-media; gyroscope; picture-in-picture; web-share\" referrerpolicy=\"strict-origin-when-cross-origin\" allowfullscreen><\/iframe>\n<\/div><\/figure>\n<\/div>\n<\/div>\n\n<h3 class=\"wp-block-heading\"><strong>Construimos puentes, cada d\u00eda, en todas partes, en todo el mundo<\/strong><\/h3>\n\n<p>Usted hace realidad su visi\u00f3n mientras nosotros le cubrimos las espaldas. Para que pueda atender a sus pacientes, ser atendido en todo el mundo y que el idioma no suponga una frontera<\/p>\n\n<p><strong>MedClinics, con\u00e9ctese a la asistencia sanitaria global y de confianza &#8230;<\/strong><\/p>\n\n<h3 class=\"wp-block-heading\"><strong>Ser competente para transmitir competencia<\/strong><\/h3>\n\n<p>MedClinics siempre antepone el bienestar del paciente. Como sabemos que a usted le ocurre lo mismo, le invitamos a que se convierta en nuestro socio<\/p>\n\n<p>Los representantes del servicio de atenci\u00f3n al cliente de MedClinics son especialistas en el sector m\u00e9dico. As\u00ed, las consultas de los pacientes reciben una respuesta profesional desde el primer momento.<\/p>\n\n<p>S\u00f3lo quien es competente puede comunicar competencia&#8230;<\/p>\n\n<h3 class=\"wp-block-heading\"><strong>Vea su oportunidad y sea visto en todo el mundo<\/strong><\/h3>\n\n<p>Expertos locales se encargan de integrar su perfil en el mercado internacional. La localizaci\u00f3n se realiza de acuerdo con las necesidades culturales del pa\u00eds de destino.<\/p>\n\n<p>Nuestro equipo de traductores expertos con formaci\u00f3n m\u00e9dica garantiza que incluso los t\u00e9rminos m\u00e9dicos espec\u00edficos se traduzcan correctamente al idioma del pa\u00eds de destino y est\u00e9n en armon\u00eda con la cultura local de otras naciones.<\/p>\n\n<p><strong>Para que te vean como quieres que te vean&#8230;<\/strong><\/p>\n\n<h3 class=\"wp-block-heading\"><strong>Mostrar y ser mostrado<\/strong><\/h3>\n\n<p>Estad\u00edsticamente, cada paciente mira 300 fotos de antes y despu\u00e9s antes de decidirse a someterse a una intervenci\u00f3n. Aproveche nuestro repertorio de fotos de antes y despu\u00e9s y ayude a ampliarlo con sus propias fotos.<\/p>\n\n<p><strong>Muestra lo que sabes hacer para que nosotros tambi\u00e9n podamos mostrarlo&#8230;<\/strong><\/p>\n\n<h3 class=\"wp-block-heading\"><strong>Las lenguas no deben tener fronteras<\/strong><\/h3>\n\n<p>Turqu\u00eda registra 1,5 millones de turistas sanitarios al a\u00f1o y la cifra va en aumento.<\/p>\n\n<p>MedClinics es el experto local en el pa\u00eds para todas las cuestiones m\u00e9dicas. Ofrecemos consultas en l\u00ednea para pacientes en ingl\u00e9s, alem\u00e1n, franc\u00e9s, \u00e1rabe y ruso, y asesoramos a los pacientes en su lengua materna.<\/p>\n\n<p><strong>La lengua no tiene fronteras &#8230;<\/strong><\/p>\n\n<h3 class=\"wp-block-heading\"><strong>Dar confianza para ganar confianza<\/strong><\/h3>\n\n<p>MedClinics est\u00e1 certificada por el Ministerio de Sanidad turco.<\/p>\n\n<p>De las rese\u00f1as se desprende que no s\u00f3lo el Estado sino tambi\u00e9n los pacientes conf\u00edan en nosotros y que no defraudamos esta confianza.<\/p>\n\n<p><strong>Conf\u00ede en MedClinics y sus pacientes confiar\u00e1n en usted.<\/strong><\/p>\n","protected":false},"excerpt":{"rendered":"<p>Nosotros nos ocupamos de su marketing, \u00a1para que usted pueda ocuparse de sus pacientes! A trav\u00e9s de la informaci\u00f3n detallada [&hellip;]<\/p>\n","protected":false},"author":4,"featured_media":95779,"parent":0,"menu_order":0,"comment_status":"closed","ping_status":"closed","template":"","meta":{"site-sidebar-layout":"default","site-content-layout":"","ast-site-content-layout":"default","site-content-style":"default","site-sidebar-style":"default","ast-global-header-display":"","ast-banner-title-visibility":"","ast-main-header-display":"","ast-hfb-above-header-display":"","ast-hfb-below-header-display":"","ast-hfb-mobile-header-display":"","site-post-title":"","ast-breadcrumbs-content":"","ast-featured-img":"","footer-sml-layout":"","ast-disable-related-posts":"","theme-transparent-header-meta":"","adv-header-id-meta":"","stick-header-meta":"","header-above-stick-meta":"","header-main-stick-meta":"","header-below-stick-meta":"","astra-migrate-meta-layouts":"default","ast-page-background-enabled":"default","ast-page-background-meta":{"desktop":{"background-color":"var(--ast-global-color-4)","background-image":"","background-repeat":"repeat","background-position":"center center","background-size":"auto","background-attachment":"scroll","background-type":"","background-media":"","overlay-type":"","overlay-color":"","overlay-opacity":"","overlay-gradient":""},"tablet":{"background-color":"","background-image":"","background-repeat":"repeat","background-position":"center center","background-size":"auto","background-attachment":"scroll","background-type":"","background-media":"","overlay-type":"","overlay-color":"","overlay-opacity":"","overlay-gradient":""},"mobile":{"background-color":"","background-image":"","background-repeat":"repeat","background-position":"center center","background-size":"auto","background-attachment":"scroll","background-type":"","background-media":"","overlay-type":"","overlay-color":"","overlay-opacity":"","overlay-gradient":""}},"ast-content-background-meta":{"desktop":{"background-color":"var(--ast-global-color-5)","background-image":"","background-repeat":"repeat","background-position":"center center","background-size":"auto","background-attachment":"scroll","background-type":"","background-media":"","overlay-type":"","overlay-color":"","overlay-opacity":"","overlay-gradient":""},"tablet":{"background-color":"var(--ast-global-color-5)","background-image":"","background-repeat":"repeat","background-position":"center center","background-size":"auto","background-attachment":"scroll","background-type":"","background-media":"","overlay-type":"","overlay-color":"","overlay-opacity":"","overlay-gradient":""},"mobile":{"background-color":"var(--ast-global-color-5)","background-image":"","background-repeat":"repeat","background-position":"center center","background-size":"auto","background-attachment":"scroll","background-type":"","background-media":"","overlay-type":"","overlay-color":"","overlay-opacity":"","overlay-gradient":""}},"footnotes":""},"class_list":["post-147467","page","type-page","status-publish","has-post-thumbnail","hentry"],"_links":{"self":[{"href":"https:\/\/medclinics.com\/es\/wp-json\/wp\/v2\/pages\/147467","targetHints":{"allow":["GET"]}}],"collection":[{"href":"https:\/\/medclinics.com\/es\/wp-json\/wp\/v2\/pages"}],"about":[{"href":"https:\/\/medclinics.com\/es\/wp-json\/wp\/v2\/types\/page"}],"author":[{"embeddable":true,"href":"https:\/\/medclinics.com\/es\/wp-json\/wp\/v2\/users\/4"}],"replies":[{"embeddable":true,"href":"https:\/\/medclinics.com\/es\/wp-json\/wp\/v2\/comments?post=147467"}],"version-history":[{"count":0,"href":"https:\/\/medclinics.com\/es\/wp-json\/wp\/v2\/pages\/147467\/revisions"}],"wp:featuredmedia":[{"embeddable":true,"href":"https:\/\/medclinics.com\/es\/wp-json\/wp\/v2\/media\/95779"}],"wp:attachment":[{"href":"https:\/\/medclinics.com\/es\/wp-json\/wp\/v2\/media?parent=147467"}],"curies":[{"name":"wp","href":"https:\/\/api.w.org\/{rel}","templated":true}]}}