{"id":147463,"date":"2023-06-25T10:49:44","date_gmt":"2023-06-25T07:49:44","guid":{"rendered":"https:\/\/medclinics.com\/pongase-en-contacto-con-nosotros\/"},"modified":"2024-04-01T12:15:28","modified_gmt":"2024-04-01T09:15:28","slug":"pongase-en-contacto-con-nosotros","status":"publish","type":"page","link":"https:\/\/medclinics.com\/es\/pongase-en-contacto-con-nosotros\/","title":{"rendered":"P\u00f3ngase en contacto con nosotros"},"content":{"rendered":"\n<h2 class=\"wp-block-heading\">Rellene el formulario para recibir una oferta personalizada.<\/h2>\n\n<h3 class=\"wp-block-heading\"><strong>MedClinics estar\u00e1 encantada de guiarle a lo largo de todo el proceso.<\/strong><\/h3>\n\n<p>Junto con MedClinics encontrar\u00e1 la mejor soluci\u00f3n de tratamiento y belleza para usted. Le explicaremos todos los detalles y le ayudaremos a encontrar la cl\u00ednica m\u00e1s adecuada para sus necesidades espec\u00edficas.<\/p>\n\n<div class=\"wp-block-columns is-layout-flex wp-container-core-columns-is-layout-28f84493 wp-block-columns-is-layout-flex\">\n<div class=\"wp-block-column is-layout-flow wp-block-column-is-layout-flow\">\n<h4 class=\"wp-block-heading\" style=\"font-size:28px\"><strong>MedClinics ofrece tratamientos de calidad a precios asequibles.  <\/strong><\/h4>\n\n\n\n<h4 class=\"wp-block-heading\" style=\"font-size:28px\"><strong>P\u00f3ngase en contacto con nosotros para una consulta detallada.<\/strong><\/h4>\n<\/div>\n\n\n\n<div class=\"wp-block-column is-layout-flow wp-block-column-is-layout-flow\">\n<figure class=\"wp-block-image size-thumbnail\"><img fetchpriority=\"high\" decoding=\"async\" width=\"397\" height=\"373\" src=\"https:\/\/medclinics.com\/wp-content\/uploads\/2023\/04\/find-a-doctor-trans-1.png\" alt=\"formulario de solicitud, llamada a la acci&#xF3;n\" class=\"wp-image-77770\" srcset=\"https:\/\/medclinics.com\/wp-content\/uploads\/2023\/04\/find-a-doctor-trans-1.png 397w, https:\/\/medclinics.com\/wp-content\/uploads\/2023\/04\/find-a-doctor-trans-1-24x24.png 24w, https:\/\/medclinics.com\/wp-content\/uploads\/2023\/04\/find-a-doctor-trans-1-36x34.png 36w, https:\/\/medclinics.com\/wp-content\/uploads\/2023\/04\/find-a-doctor-trans-1-48x45.png 48w\" sizes=\"(max-width: 397px) 100vw, 397px\" \/><\/figure>\n<\/div>\n<\/div>\n","protected":false},"excerpt":{"rendered":"<p>Rellene el formulario para recibir una oferta personalizada. MedClinics estar\u00e1 encantada de guiarle a lo largo de todo el proceso. [&hellip;]<\/p>\n","protected":false},"author":4,"featured_media":53293,"parent":0,"menu_order":0,"comment_status":"closed","ping_status":"closed","template":"","meta":{"site-sidebar-layout":"default","site-content-layout":"","ast-site-content-layout":"default","site-content-style":"default","site-sidebar-style":"default","ast-global-header-display":"","ast-banner-title-visibility":"","ast-main-header-display":"","ast-hfb-above-header-display":"","ast-hfb-below-header-display":"","ast-hfb-mobile-header-display":"","site-post-title":"","ast-breadcrumbs-content":"","ast-featured-img":"","footer-sml-layout":"","ast-disable-related-posts":"","theme-transparent-header-meta":"","adv-header-id-meta":"","stick-header-meta":"","header-above-stick-meta":"","header-main-stick-meta":"","header-below-stick-meta":"","astra-migrate-meta-layouts":"default","ast-page-background-enabled":"default","ast-page-background-meta":{"desktop":{"background-color":"var(--ast-global-color-4)","background-image":"","background-repeat":"repeat","background-position":"center center","background-size":"auto","background-attachment":"scroll","background-type":"","background-media":"","overlay-type":"","overlay-color":"","overlay-opacity":"","overlay-gradient":""},"tablet":{"background-color":"","background-image":"","background-repeat":"repeat","background-position":"center center","background-size":"auto","background-attachment":"scroll","background-type":"","background-media":"","overlay-type":"","overlay-color":"","overlay-opacity":"","overlay-gradient":""},"mobile":{"background-color":"","background-image":"","background-repeat":"repeat","background-position":"center center","background-size":"auto","background-attachment":"scroll","background-type":"","background-media":"","overlay-type":"","overlay-color":"","overlay-opacity":"","overlay-gradient":""}},"ast-content-background-meta":{"desktop":{"background-color":"var(--ast-global-color-5)","background-image":"","background-repeat":"repeat","background-position":"center center","background-size":"auto","background-attachment":"scroll","background-type":"","background-media":"","overlay-type":"","overlay-color":"","overlay-opacity":"","overlay-gradient":""},"tablet":{"background-color":"var(--ast-global-color-5)","background-image":"","background-repeat":"repeat","background-position":"center center","background-size":"auto","background-attachment":"scroll","background-type":"","background-media":"","overlay-type":"","overlay-color":"","overlay-opacity":"","overlay-gradient":""},"mobile":{"background-color":"var(--ast-global-color-5)","background-image":"","background-repeat":"repeat","background-position":"center center","background-size":"auto","background-attachment":"scroll","background-type":"","background-media":"","overlay-type":"","overlay-color":"","overlay-opacity":"","overlay-gradient":""}},"footnotes":""},"class_list":["post-147463","page","type-page","status-publish","has-post-thumbnail","hentry"],"_links":{"self":[{"href":"https:\/\/medclinics.com\/es\/wp-json\/wp\/v2\/pages\/147463","targetHints":{"allow":["GET"]}}],"collection":[{"href":"https:\/\/medclinics.com\/es\/wp-json\/wp\/v2\/pages"}],"about":[{"href":"https:\/\/medclinics.com\/es\/wp-json\/wp\/v2\/types\/page"}],"author":[{"embeddable":true,"href":"https:\/\/medclinics.com\/es\/wp-json\/wp\/v2\/users\/4"}],"replies":[{"embeddable":true,"href":"https:\/\/medclinics.com\/es\/wp-json\/wp\/v2\/comments?post=147463"}],"version-history":[{"count":0,"href":"https:\/\/medclinics.com\/es\/wp-json\/wp\/v2\/pages\/147463\/revisions"}],"wp:featuredmedia":[{"embeddable":true,"href":"https:\/\/medclinics.com\/es\/wp-json\/wp\/v2\/media\/53293"}],"wp:attachment":[{"href":"https:\/\/medclinics.com\/es\/wp-json\/wp\/v2\/media?parent=147463"}],"curies":[{"name":"wp","href":"https:\/\/api.w.org\/{rel}","templated":true}]}}