{"id":147459,"date":"2023-06-25T16:02:32","date_gmt":"2023-06-25T13:02:32","guid":{"rendered":"https:\/\/medclinics.com\/sommerangebot-fur-ihre-zahnbehandlung-5\/"},"modified":"2024-03-20T12:04:56","modified_gmt":"2024-03-20T09:04:56","slug":"sommerangebot-fur-ihre-zahnbehandlung-5","status":"publish","type":"page","link":"https:\/\/medclinics.com\/es\/sommerangebot-fur-ihre-zahnbehandlung-5\/","title":{"rendered":"Sommerangebot f\u00fcr Ihre Zahnbehandlung"},"content":{"rendered":"\n<h2 class=\"wp-block-heading\" style=\"font-style:normal;font-weight:500\">P\u00f3ngase en contacto con nosotros para obtener una oferta personalizada.  <\/h2>\n\n<ul class=\"wp-block-list\">\n<li><strong>\u00a1Zahnimplantate ab 270 Euro pro Zahn!  <\/strong><\/li>\n\n\n\n<li><strong>\u00a1Zirkoniumkronen ab 140 Euro pro Krone!<\/strong><\/li>\n<\/ul>\n\n<p>Como proveedor internacional de productos sanitarios, colaboramos con m\u00e1s de 300 cl\u00ednicas y m\u00e9dicos en Turqu\u00eda. No se haga ilusiones y compre ahora mismo un producto gratuito e ilimitado. Le ayudaremos a encontrar la respuesta a sus preguntas.<\/p>\n\n<figure class=\"wp-block-gallery has-nested-images columns-4 is-cropped wp-block-gallery-1 is-layout-flex wp-block-gallery-is-layout-flex\">\n<figure class=\"wp-block-image size-large\"><img fetchpriority=\"high\" decoding=\"async\" width=\"280\" height=\"210\" data-id=\"92370\" src=\"https:\/\/medclinics.com\/wp-content\/uploads\/2023\/05\/mini-dental-implants-in-istanbul.jpg\" alt=\"\" class=\"wp-image-92370\" srcset=\"https:\/\/medclinics.com\/wp-content\/uploads\/2023\/05\/mini-dental-implants-in-istanbul.jpg 280w, https:\/\/medclinics.com\/wp-content\/uploads\/2023\/05\/mini-dental-implants-in-istanbul-24x18.jpg 24w, https:\/\/medclinics.com\/wp-content\/uploads\/2023\/05\/mini-dental-implants-in-istanbul-36x27.jpg 36w, https:\/\/medclinics.com\/wp-content\/uploads\/2023\/05\/mini-dental-implants-in-istanbul-48x36.jpg 48w\" sizes=\"(max-width: 280px) 100vw, 280px\" \/><\/figure>\n\n\n\n<figure class=\"wp-block-image size-large\"><img decoding=\"async\" width=\"960\" height=\"550\" data-id=\"15590\" src=\"https:\/\/medclinics.com\/wp-content\/uploads\/2023\/01\/all-on-4-dental-implant-in-antalya-dentgroup-near-me-1.jpg\" alt=\"\" class=\"wp-image-15590\" srcset=\"https:\/\/medclinics.com\/wp-content\/uploads\/2023\/01\/all-on-4-dental-implant-in-antalya-dentgroup-near-me-1.jpg 960w, https:\/\/medclinics.com\/wp-content\/uploads\/2023\/01\/all-on-4-dental-implant-in-antalya-dentgroup-near-me-1-300x172.jpg 300w, https:\/\/medclinics.com\/wp-content\/uploads\/2023\/01\/all-on-4-dental-implant-in-antalya-dentgroup-near-me-1-280x160.jpg 280w, https:\/\/medclinics.com\/wp-content\/uploads\/2023\/01\/all-on-4-dental-implant-in-antalya-dentgroup-near-me-1-768x440.jpg 768w, https:\/\/medclinics.com\/wp-content\/uploads\/2023\/01\/all-on-4-dental-implant-in-antalya-dentgroup-near-me-1-600x344.jpg 600w\" sizes=\"(max-width: 960px) 100vw, 960px\" \/><\/figure>\n\n\n\n<figure class=\"wp-block-image size-large\"><img decoding=\"async\" width=\"280\" height=\"210\" data-id=\"92240\" src=\"https:\/\/medclinics.com\/wp-content\/uploads\/2023\/05\/dental-crown-in-istanbul.jpg\" alt=\"coronas dentales en estambul\" class=\"wp-image-92240\" srcset=\"https:\/\/medclinics.com\/wp-content\/uploads\/2023\/05\/dental-crown-in-istanbul.jpg 280w, https:\/\/medclinics.com\/wp-content\/uploads\/2023\/05\/dental-crown-in-istanbul-24x18.jpg 24w, https:\/\/medclinics.com\/wp-content\/uploads\/2023\/05\/dental-crown-in-istanbul-36x27.jpg 36w, https:\/\/medclinics.com\/wp-content\/uploads\/2023\/05\/dental-crown-in-istanbul-48x36.jpg 48w\" sizes=\"(max-width: 280px) 100vw, 280px\" \/><\/figure>\n\n\n\n<figure class=\"wp-block-image size-large\"><img loading=\"lazy\" decoding=\"async\" width=\"280\" height=\"210\" data-id=\"92248\" src=\"https:\/\/medclinics.com\/wp-content\/uploads\/2023\/01\/dental-implant-in-istanbul.jpg\" alt=\"implante dental en estambul\" class=\"wp-image-92248\"\/><\/figure>\n<\/figure>\n\n<p>Consigue los mejores <a href=\"https:\/\/medclinics.com\/es\/implantes-dentales\/\" target=\"_blank\" rel=\"noreferrer noopener\">implantes de silicona<\/a> y deja atr\u00e1s el trauma de tu <a href=\"https:\/\/medclinics.com\/es\/sonrisa-de-hollywood\/\" target=\"_blank\" rel=\"noreferrer noopener\">vida en Hollywood<\/a>.  <\/p>\n\n<p>No se haga ilusiones y reg\u00e1lese una oferta econ\u00f3mica e individualizada.<\/p>\n\n<p>Nuestro equipo le guiar\u00e1 durante todo el proceso. Junto con MedClinics encontrar\u00e1 el tratamiento m\u00e1s adecuado a sus necesidades individuales. Te explicamos todos los detalles y te ayudamos a resolver cualquier duda, incluso con un int\u00e9rprete alem\u00e1n.<\/p>\n\n<p><strong>MedClinics ofrece tratamientos de alta calidad a precios asequibles.<\/strong><br\/><strong><a href=\"#requestform\">P\u00f3ngase en contacto<\/a> con nosotros ahora y reciba asesoramiento personalizado.  <\/strong><\/p>\n","protected":false},"excerpt":{"rendered":"<p>P\u00f3ngase en contacto con nosotros para obtener una oferta personalizada. Como proveedor internacional de productos sanitarios, colaboramos con m\u00e1s de [&hellip;]<\/p>\n","protected":false},"author":4,"featured_media":0,"parent":0,"menu_order":0,"comment_status":"closed","ping_status":"closed","template":"","meta":{"site-sidebar-layout":"default","site-content-layout":"","ast-site-content-layout":"default","site-content-style":"default","site-sidebar-style":"default","ast-global-header-display":"","ast-banner-title-visibility":"","ast-main-header-display":"","ast-hfb-above-header-display":"","ast-hfb-below-header-display":"","ast-hfb-mobile-header-display":"","site-post-title":"","ast-breadcrumbs-content":"","ast-featured-img":"","footer-sml-layout":"","ast-disable-related-posts":"","theme-transparent-header-meta":"","adv-header-id-meta":"","stick-header-meta":"","header-above-stick-meta":"","header-main-stick-meta":"","header-below-stick-meta":"","astra-migrate-meta-layouts":"default","ast-page-background-enabled":"default","ast-page-background-meta":{"desktop":{"background-color":"var(--ast-global-color-4)","background-image":"","background-repeat":"repeat","background-position":"center center","background-size":"auto","background-attachment":"scroll","background-type":"","background-media":"","overlay-type":"","overlay-color":"","overlay-opacity":"","overlay-gradient":""},"tablet":{"background-color":"","background-image":"","background-repeat":"repeat","background-position":"center center","background-size":"auto","background-attachment":"scroll","background-type":"","background-media":"","overlay-type":"","overlay-color":"","overlay-opacity":"","overlay-gradient":""},"mobile":{"background-color":"","background-image":"","background-repeat":"repeat","background-position":"center center","background-size":"auto","background-attachment":"scroll","background-type":"","background-media":"","overlay-type":"","overlay-color":"","overlay-opacity":"","overlay-gradient":""}},"ast-content-background-meta":{"desktop":{"background-color":"var(--ast-global-color-5)","background-image":"","background-repeat":"repeat","background-position":"center center","background-size":"auto","background-attachment":"scroll","background-type":"","background-media":"","overlay-type":"","overlay-color":"","overlay-opacity":"","overlay-gradient":""},"tablet":{"background-color":"var(--ast-global-color-5)","background-image":"","background-repeat":"repeat","background-position":"center center","background-size":"auto","background-attachment":"scroll","background-type":"","background-media":"","overlay-type":"","overlay-color":"","overlay-opacity":"","overlay-gradient":""},"mobile":{"background-color":"var(--ast-global-color-5)","background-image":"","background-repeat":"repeat","background-position":"center center","background-size":"auto","background-attachment":"scroll","background-type":"","background-media":"","overlay-type":"","overlay-color":"","overlay-opacity":"","overlay-gradient":""}},"footnotes":""},"class_list":["post-147459","page","type-page","status-publish","hentry"],"_links":{"self":[{"href":"https:\/\/medclinics.com\/es\/wp-json\/wp\/v2\/pages\/147459","targetHints":{"allow":["GET"]}}],"collection":[{"href":"https:\/\/medclinics.com\/es\/wp-json\/wp\/v2\/pages"}],"about":[{"href":"https:\/\/medclinics.com\/es\/wp-json\/wp\/v2\/types\/page"}],"author":[{"embeddable":true,"href":"https:\/\/medclinics.com\/es\/wp-json\/wp\/v2\/users\/4"}],"replies":[{"embeddable":true,"href":"https:\/\/medclinics.com\/es\/wp-json\/wp\/v2\/comments?post=147459"}],"version-history":[{"count":0,"href":"https:\/\/medclinics.com\/es\/wp-json\/wp\/v2\/pages\/147459\/revisions"}],"wp:attachment":[{"href":"https:\/\/medclinics.com\/es\/wp-json\/wp\/v2\/media?parent=147459"}],"curies":[{"name":"wp","href":"https:\/\/api.w.org\/{rel}","templated":true}]}}