{"id":147413,"date":"2023-07-17T10:06:34","date_gmt":"2023-07-17T07:06:34","guid":{"rendered":"https:\/\/medclinics.com\/tratamiento-de-la-migrana\/"},"modified":"2024-04-08T13:48:19","modified_gmt":"2024-04-08T10:48:19","slug":"tratamiento-de-la-migrana","status":"publish","type":"page","link":"https:\/\/medclinics.com\/es\/tratamiento-de-la-migrana\/","title":{"rendered":"Tratamiento de la migra\u00f1a"},"content":{"rendered":"\n<h2 class=\"wp-block-heading\">\u00a1Bienvenido a la lucha contra la migra\u00f1a! \u00bfUsted tambi\u00e9n sufre estos terribles dolores de cabeza una y otra vez? \u00a1P\u00f3ngale fin con el tratamiento antimigra\u00f1oso!<\/h2>\n\n<p>Existen varios tratamientos eficaces contra la migra\u00f1a que le ayudar\u00e1n a aliviar sus molestias. Una opci\u00f3n eficaz son los relajantes musculares.<\/p>\n\n<p>Los relajantes musculares act\u00faan sobre el sistema nervioso central. Reducir\u00e1n la tensi\u00f3n y el dolor en los m\u00fasculos de todo el cuerpo. Por lo tanto, son una opci\u00f3n ideal para quienes sufren ataques de migra\u00f1a con una afectaci\u00f3n importante del cuello o los hombros y constituyen un m\u00e9todo de <a href=\"https:\/\/medclinics.com\/es\/relajante-muscular\/\" target=\"_blank\" data-type=\"page\" data-id=\"145799\" rel=\"noreferrer noopener\">tratamiento de la migra\u00f1a<\/a> muy eficaz<\/p>\n\n<p>Tambi\u00e9n pueden ser \u00fatiles los cambios en el estilo de vida y los medicamentos preventivos. Sin embargo, a veces esto no es suficiente y se necesitan otras medidas. Ah\u00ed es donde entran en juego los relajantes musculares, que proporcionan alivio cuando otras opciones se quedan cortas.<br\/>As\u00ed que si est\u00e1s cansado de vivir con constantes dolores de cabeza y de cuello causados por las migra\u00f1as, \u00a1la terapia con relajantes musculares podr\u00eda ser el tratamiento de la migra\u00f1a adecuado para ti!<\/p>\n\n<figure class=\"wp-block-image size-full\"><img fetchpriority=\"high\" decoding=\"async\" width=\"780\" height=\"488\" src=\"https:\/\/medclinics.com\/wp-content\/uploads\/2024\/04\/anti-migraine-treatment-near-me.jpg\" alt=\"tratamiento antimigra&#xF1;a-cerca-de-mi\" class=\"wp-image-161382\" srcset=\"https:\/\/medclinics.com\/wp-content\/uploads\/2024\/04\/anti-migraine-treatment-near-me.jpg 780w, https:\/\/medclinics.com\/wp-content\/uploads\/2024\/04\/anti-migraine-treatment-near-me-300x188.jpg 300w, https:\/\/medclinics.com\/wp-content\/uploads\/2024\/04\/anti-migraine-treatment-near-me-768x480.jpg 768w\" sizes=\"(max-width: 780px) 100vw, 780px\" \/><\/figure>\n\n<h3 class=\"wp-block-heading\">Todo lo que necesita saber sobre el <a href=\"https:\/\/medclinics.com\/es\/belleza\/\" target=\"_blank\" rel=\"noreferrer noopener\">tratamiento de belleza<\/a>, incluido el precio, los cuidados posteriores y el proceso de curaci\u00f3n, o p\u00f3ngase <a href=\"#requestform\">en contacto con nosotros<\/a>.<\/h3>\n\n<h2 class=\"wp-block-heading\">PREGUNTAS FRECUENTES <\/h2>\n<div id=\"rank-math-faq\" class=\"rank-math-block\">\n<div class=\"rank-math-list \">\n<div id=\"faq-question-1684851552320\" class=\"rank-math-list-item\">\n<h3 class=\"rank-math-question \">\u00bfPueden los relajantes musculares curar completamente las migra\u00f1as?<\/h3>\n<div class=\"rank-math-answer \">\n\n<p>Los relajantes musculares no se consideran una cura para las migra\u00f1as. Suelen utilizarse como tratamiento complementario para ayudar a aliviar la tensi\u00f3n muscular y reducir los s\u00edntomas asociados. El tratamiento de la migra\u00f1a suele consistir en una combinaci\u00f3n de enfoques adaptados a cada persona.<\/p>\n\n<\/div>\n<\/div>\n<div id=\"faq-question-1684851594998\" class=\"rank-math-list-item\">\n<h3 class=\"rank-math-question \">\u00bfC\u00f3mo ayudan los relajantes musculares en las migra\u00f1as?<\/h3>\n<div class=\"rank-math-answer \">\n\n<p>Los relajantes musculares act\u00faan relajando la tensi\u00f3n muscular, que puede contribuir a los s\u00edntomas de la migra\u00f1a, como las cefaleas y el dolor de cuello. Al reducir la tensi\u00f3n muscular, estos medicamentos pueden ayudar a aliviar y mejorar el tratamiento general de la migra\u00f1a.  <\/p>\n\n<\/div>\n<\/div>\n<div id=\"faq-question-1684851677686\" class=\"rank-math-list-item\">\n<h3 class=\"rank-math-question \">\u00bfSe suelen recetar relajantes musculares para las migra\u00f1as?<\/h3>\n<div class=\"rank-math-answer \">\n\n<p>No es pr\u00e1ctica habitual prescribir relajantes musculares como tratamiento inicial de las migra\u00f1as. Por lo general, s\u00f3lo se recomiendan cuando otros enfoques han resultado ineficaces para tratar los s\u00edntomas relacionados con la tensi\u00f3n muscular o si existe una notable afectaci\u00f3n muscular durante los episodios de migra\u00f1a.<\/p>\n\n<\/div>\n<\/div>\n<\/div>\n<\/div>\n<h3 class=\"wp-block-heading\">P\u00f3ngase en contacto con nosotros si tiene alguna pregunta.<\/h3>\n","protected":false},"excerpt":{"rendered":"<p>\u00a1Bienvenido a la lucha contra la migra\u00f1a! \u00bfUsted tambi\u00e9n sufre estos terribles dolores de cabeza una y otra vez? \u00a1P\u00f3ngale [&hellip;]<\/p>\n","protected":false},"author":4,"featured_media":161395,"parent":0,"menu_order":0,"comment_status":"closed","ping_status":"closed","template":"","meta":{"site-sidebar-layout":"default","site-content-layout":"","ast-site-content-layout":"default","site-content-style":"default","site-sidebar-style":"default","ast-global-header-display":"","ast-banner-title-visibility":"","ast-main-header-display":"","ast-hfb-above-header-display":"","ast-hfb-below-header-display":"","ast-hfb-mobile-header-display":"","site-post-title":"","ast-breadcrumbs-content":"","ast-featured-img":"","footer-sml-layout":"","ast-disable-related-posts":"","theme-transparent-header-meta":"","adv-header-id-meta":"","stick-header-meta":"","header-above-stick-meta":"","header-main-stick-meta":"","header-below-stick-meta":"","astra-migrate-meta-layouts":"default","ast-page-background-enabled":"default","ast-page-background-meta":{"desktop":{"background-color":"var(--ast-global-color-4)","background-image":"","background-repeat":"repeat","background-position":"center center","background-size":"auto","background-attachment":"scroll","background-type":"","background-media":"","overlay-type":"","overlay-color":"","overlay-opacity":"","overlay-gradient":""},"tablet":{"background-color":"","background-image":"","background-repeat":"repeat","background-position":"center center","background-size":"auto","background-attachment":"scroll","background-type":"","background-media":"","overlay-type":"","overlay-color":"","overlay-opacity":"","overlay-gradient":""},"mobile":{"background-color":"","background-image":"","background-repeat":"repeat","background-position":"center center","background-size":"auto","background-attachment":"scroll","background-type":"","background-media":"","overlay-type":"","overlay-color":"","overlay-opacity":"","overlay-gradient":""}},"ast-content-background-meta":{"desktop":{"background-color":"var(--ast-global-color-5)","background-image":"","background-repeat":"repeat","background-position":"center center","background-size":"auto","background-attachment":"scroll","background-type":"","background-media":"","overlay-type":"","overlay-color":"","overlay-opacity":"","overlay-gradient":""},"tablet":{"background-color":"var(--ast-global-color-5)","background-image":"","background-repeat":"repeat","background-position":"center center","background-size":"auto","background-attachment":"scroll","background-type":"","background-media":"","overlay-type":"","overlay-color":"","overlay-opacity":"","overlay-gradient":""},"mobile":{"background-color":"var(--ast-global-color-5)","background-image":"","background-repeat":"repeat","background-position":"center center","background-size":"auto","background-attachment":"scroll","background-type":"","background-media":"","overlay-type":"","overlay-color":"","overlay-opacity":"","overlay-gradient":""}},"footnotes":""},"class_list":["post-147413","page","type-page","status-publish","has-post-thumbnail","hentry"],"_links":{"self":[{"href":"https:\/\/medclinics.com\/es\/wp-json\/wp\/v2\/pages\/147413","targetHints":{"allow":["GET"]}}],"collection":[{"href":"https:\/\/medclinics.com\/es\/wp-json\/wp\/v2\/pages"}],"about":[{"href":"https:\/\/medclinics.com\/es\/wp-json\/wp\/v2\/types\/page"}],"author":[{"embeddable":true,"href":"https:\/\/medclinics.com\/es\/wp-json\/wp\/v2\/users\/4"}],"replies":[{"embeddable":true,"href":"https:\/\/medclinics.com\/es\/wp-json\/wp\/v2\/comments?post=147413"}],"version-history":[{"count":0,"href":"https:\/\/medclinics.com\/es\/wp-json\/wp\/v2\/pages\/147413\/revisions"}],"wp:featuredmedia":[{"embeddable":true,"href":"https:\/\/medclinics.com\/es\/wp-json\/wp\/v2\/media\/161395"}],"wp:attachment":[{"href":"https:\/\/medclinics.com\/es\/wp-json\/wp\/v2\/media?parent=147413"}],"curies":[{"name":"wp","href":"https:\/\/api.w.org\/{rel}","templated":true}]}}