{"id":147316,"date":"2023-03-12T10:43:54","date_gmt":"2023-03-12T07:43:54","guid":{"rendered":"https:\/\/medclinics.com\/cirugia-de-protesis-de-pene\/"},"modified":"2025-01-02T17:44:58","modified_gmt":"2025-01-02T14:44:58","slug":"cirugia-de-protesis-de-pene","status":"publish","type":"page","link":"https:\/\/medclinics.com\/es\/cirugia-de-protesis-de-pene\/","title":{"rendered":"Cirug\u00eda de pr\u00f3tesis de pene"},"content":{"rendered":"\n<p>La cirug\u00eda de pr\u00f3tesis de pene, tambi\u00e9n conocida como cirug\u00eda de implante de pene, es un procedimiento quir\u00fargico para tratar la disfunci\u00f3n er\u00e9ctil (DE) que no ha respondido a otras opciones de tratamiento conservador. Consiste en la inserci\u00f3n de una pr\u00f3tesis de pene, que es un dispositivo m\u00e9dico que permite al hombre lograr una erecci\u00f3n adecuada para el coito.<\/p>\n\n<p>La intervenci\u00f3n suele recomendarse a personas con disfunci\u00f3n er\u00e9ctil grave que no han tenido \u00e9xito con la medicaci\u00f3n, los cambios en el estilo de vida u otros tratamientos no invasivos. La cirug\u00eda de pr\u00f3tesis de pene se considera el \u00faltimo recurso una vez agotadas otras opciones de tratamiento.<\/p>\n\n<p>Durante la intervenci\u00f3n, el cirujano realiza una incisi\u00f3n en el pene y crea un espacio dentro de los tejidos er\u00e9ctiles para alojar la pr\u00f3tesis. La pr\u00f3tesis consta de unos cilindros hinchables que se insertan en el pene, un dep\u00f3sito de l\u00edquido que suele colocarse en el abdomen o el escroto y una bomba que se implanta en el escroto. Existen <a href=\"https:\/\/en.wikipedia.org\/wiki\/Penile_implant\" target=\"_blank\" rel=\"noopener\">distintos<\/a> tipos de pr\u00f3tesis de pene, como las inflables y las maleables (semirr\u00edgidas).<\/p>\n\n<p>Una vez colocada la pr\u00f3tesis, el paciente puede activar manualmente la bomba, que transfiere l\u00edquido del dep\u00f3sito a los cilindros, creando una erecci\u00f3n. Tras la actividad sexual, el l\u00edquido se devuelve al dep\u00f3sito, desinflando los cilindros y devolviendo el pene a un estado fl\u00e1cido.<\/p>\n\n<h3 class=\"wp-block-heading\">Todo lo que necesita saber sobre la <a href=\"https:\/\/medclinics.com\/es\/estetica-genital\/\" target=\"_blank\" rel=\"noreferrer noopener\">est\u00e9tica genital<\/a>, incluido el precio, y m\u00e1s o <a href=\"#requestform\">p\u00f3ngase en contacto con nosotros<\/a>.<\/h3>\n\n<h2 class=\"wp-block-heading\">PREGUNTAS FRECUENTES<\/h2>\n<div id=\"rank-math-faq\" class=\"rank-math-block\">\n<div class=\"rank-math-list \">\n<div id=\"faq-question-1686825109528\" class=\"rank-math-list-item\">\n<h3 class=\"rank-math-question \">\u00bfQu\u00e9 es la cirug\u00eda de pr\u00f3tesis de pene?<\/h3>\n<div class=\"rank-math-answer \">\n\n<p>La cirug\u00eda de pr\u00f3tesis de pene es un procedimiento en el que se implanta quir\u00fargicamente un dispositivo artificial en el pene para tratar la disfunci\u00f3n er\u00e9ctil y permitir la erecci\u00f3n.<\/p>\n\n<\/div>\n<\/div>\n<\/div>\n<\/div>\n<p>\u00a0<\/p>\n\n<h3 class=\"wp-block-heading\">P\u00f3ngase en contacto con nosotros si tiene alguna pregunta.<\/h3>\n","protected":false},"excerpt":{"rendered":"<p>La cirug\u00eda de pr\u00f3tesis de pene, tambi\u00e9n conocida como cirug\u00eda de implante de pene, es un procedimiento quir\u00fargico para tratar [&hellip;]<\/p>\n","protected":false},"author":4,"featured_media":94673,"parent":0,"menu_order":0,"comment_status":"closed","ping_status":"closed","template":"","meta":{"site-sidebar-layout":"default","site-content-layout":"","ast-site-content-layout":"default","site-content-style":"default","site-sidebar-style":"default","ast-global-header-display":"","ast-banner-title-visibility":"","ast-main-header-display":"","ast-hfb-above-header-display":"","ast-hfb-below-header-display":"","ast-hfb-mobile-header-display":"","site-post-title":"","ast-breadcrumbs-content":"","ast-featured-img":"","footer-sml-layout":"","ast-disable-related-posts":"","theme-transparent-header-meta":"","adv-header-id-meta":"","stick-header-meta":"","header-above-stick-meta":"","header-main-stick-meta":"","header-below-stick-meta":"","astra-migrate-meta-layouts":"default","ast-page-background-enabled":"default","ast-page-background-meta":{"desktop":{"background-color":"var(--ast-global-color-4)","background-image":"","background-repeat":"repeat","background-position":"center center","background-size":"auto","background-attachment":"scroll","background-type":"","background-media":"","overlay-type":"","overlay-color":"","overlay-opacity":"","overlay-gradient":""},"tablet":{"background-color":"","background-image":"","background-repeat":"repeat","background-position":"center center","background-size":"auto","background-attachment":"scroll","background-type":"","background-media":"","overlay-type":"","overlay-color":"","overlay-opacity":"","overlay-gradient":""},"mobile":{"background-color":"","background-image":"","background-repeat":"repeat","background-position":"center center","background-size":"auto","background-attachment":"scroll","background-type":"","background-media":"","overlay-type":"","overlay-color":"","overlay-opacity":"","overlay-gradient":""}},"ast-content-background-meta":{"desktop":{"background-color":"var(--ast-global-color-5)","background-image":"","background-repeat":"repeat","background-position":"center center","background-size":"auto","background-attachment":"scroll","background-type":"","background-media":"","overlay-type":"","overlay-color":"","overlay-opacity":"","overlay-gradient":""},"tablet":{"background-color":"var(--ast-global-color-5)","background-image":"","background-repeat":"repeat","background-position":"center center","background-size":"auto","background-attachment":"scroll","background-type":"","background-media":"","overlay-type":"","overlay-color":"","overlay-opacity":"","overlay-gradient":""},"mobile":{"background-color":"var(--ast-global-color-5)","background-image":"","background-repeat":"repeat","background-position":"center center","background-size":"auto","background-attachment":"scroll","background-type":"","background-media":"","overlay-type":"","overlay-color":"","overlay-opacity":"","overlay-gradient":""}},"footnotes":""},"class_list":["post-147316","page","type-page","status-publish","has-post-thumbnail","hentry"],"_links":{"self":[{"href":"https:\/\/medclinics.com\/es\/wp-json\/wp\/v2\/pages\/147316","targetHints":{"allow":["GET"]}}],"collection":[{"href":"https:\/\/medclinics.com\/es\/wp-json\/wp\/v2\/pages"}],"about":[{"href":"https:\/\/medclinics.com\/es\/wp-json\/wp\/v2\/types\/page"}],"author":[{"embeddable":true,"href":"https:\/\/medclinics.com\/es\/wp-json\/wp\/v2\/users\/4"}],"replies":[{"embeddable":true,"href":"https:\/\/medclinics.com\/es\/wp-json\/wp\/v2\/comments?post=147316"}],"version-history":[{"count":0,"href":"https:\/\/medclinics.com\/es\/wp-json\/wp\/v2\/pages\/147316\/revisions"}],"wp:featuredmedia":[{"embeddable":true,"href":"https:\/\/medclinics.com\/es\/wp-json\/wp\/v2\/media\/94673"}],"wp:attachment":[{"href":"https:\/\/medclinics.com\/es\/wp-json\/wp\/v2\/media?parent=147316"}],"curies":[{"name":"wp","href":"https:\/\/api.w.org\/{rel}","templated":true}]}}