{"id":147304,"date":"2023-03-15T10:21:00","date_gmt":"2023-03-15T07:21:00","guid":{"rendered":"https:\/\/medclinics.com\/cirugia-de-alargamiento-del-pene\/"},"modified":"2025-01-02T17:44:58","modified_gmt":"2025-01-02T14:44:58","slug":"cirugia-de-alargamiento-del-pene","status":"publish","type":"page","link":"https:\/\/medclinics.com\/es\/cirugia-de-alargamiento-del-pene\/","title":{"rendered":"Cirug\u00eda de alargamiento del pene"},"content":{"rendered":"\n<p>La cirug\u00eda de alargamiento de pene tambi\u00e9n se conoce como aumento de pene o alargamiento de pene. Se trata de una intervenci\u00f3n quir\u00fargica destinada a aumentar el tama\u00f1o o el grosor del pene. Esta intervenci\u00f3n electiva suele ser solicitada por personas que no est\u00e1n satisfechas con el tama\u00f1o o el aspecto de su pene y desean mejorar su autoestima y su satisfacci\u00f3n sexual.<\/p>\n\n<p>En la cirug\u00eda de alargamiento de pene se utilizan distintas t\u00e9cnicas, y el enfoque espec\u00edfico puede variar en funci\u00f3n del cirujano y de los objetivos del paciente. He aqu\u00ed algunos m\u00e9todos habituales:<\/p>\n\n<p><strong>Procedimientos de alargamiento:<\/strong> Estos procedimientos tienen como objetivo aumentar la longitud del pene. Una t\u00e9cnica consiste en liberar el ligamento que une la base del pene al hueso p\u00fabico. Permite exponer una parte del interior del pene y aumenta potencialmente la longitud visible. En algunos casos, puede realizarse un procedimiento de reconstrucci\u00f3n de ligamentos para conseguir una longitud adicional.<\/p>\n\n<p><strong>Procedimientos de aumento de la circunferencia:<\/strong> Estos procedimientos se centran en aumentar la circunferencia o grosor del pene. Uno de los m\u00e9todos m\u00e1s populares consiste en inyectar grasa extra\u00edda del propio cuerpo del paciente (normalmente de zonas como el abdomen o los muslos) en el cuerpo del pene. Puede a\u00f1adir volumen y aumentar la circunferencia.<\/p>\n\n<p><strong>Enfoques combinados:<\/strong> Algunos cirujanos pueden emplear una combinaci\u00f3n de t\u00e9cnicas de alargamiento y aumento de la <a href=\"https:\/\/en.wikipedia.org\/wiki\/Penis_enlargement\" target=\"_blank\" rel=\"noopener\">circunferencia<\/a> para lograr los resultados deseados. Esto puede implicar una combinaci\u00f3n de liberaci\u00f3n de ligamentos, transferencia de grasa u otras t\u00e9cnicas de injerto.<\/p>\n\n<p>Si est\u00e1 buscando el coste de la cirug\u00eda de alargamiento de pene en Turqu\u00eda, puede ponerse en contacto con nosotros f\u00e1cilmente.<\/p>\n\n<h2 class=\"wp-block-heading\">Todo lo que necesita saber sobre la <a href=\"https:\/\/medclinics.com\/es\/estetica-genital\/\" target=\"_blank\" rel=\"noreferrer noopener\">est\u00e9tica genital<\/a>, incluido el precio, los cuidados posteriores y el proceso de cicatrizaci\u00f3n, \u00a1o <a href=\"#requestform\">p\u00f3ngase en contacto con nosotros<\/a>!<\/h2>\n\n<h2 class=\"wp-block-heading\">PREGUNTAS FRECUENTES<\/h2>\n<div id=\"rank-math-faq\" class=\"rank-math-block\">\n<div class=\"rank-math-list \">\n<div id=\"faq-question-1686823893472\" class=\"rank-math-list-item\">\n<h3 class=\"rank-math-question \">\u00bfQu\u00e9 es la cirug\u00eda de alargamiento de pene?<\/h3>\n<div class=\"rank-math-answer \">\n\n<p>La cirug\u00eda de alargamiento de pene tambi\u00e9n se conoce como alargamiento o mejora del pene. Se refiere a los procedimientos quir\u00fargicos realizados con el fin de aumentar el tama\u00f1o o cambiar el aspecto del pene.<\/p>\n\n<\/div>\n<\/div>\n<div id=\"faq-question-1686823763623\" class=\"rank-math-list-item\">\n<h3 class=\"rank-math-question \">\u00bfCu\u00e1nto cuesta una operaci\u00f3n de alargamiento de pene?<\/h3>\n<div class=\"rank-math-answer \">\n\n<p>El coste de la cirug\u00eda de alargamiento de pene suele oscilar entre 4.000 y 10.000 euros.<\/p>\n\n<\/div>\n<\/div>\n<div id=\"faq-question-1687159489241\" class=\"rank-math-list-item\">\n<h3 class=\"rank-math-question \">\u00bfExiste alg\u00fan procedimiento no invasivo, como las inyecciones, que pueda aumentar el tama\u00f1o del pene?<\/h3>\n<div class=\"rank-math-answer \">\n\n<p>No existen procedimientos no invasivos cient\u00edficamente probados, como las inyecciones, que puedan aumentar el tama\u00f1o del pene de forma permanente. Tenga cuidado con cualquier afirmaci\u00f3n que sugiera lo contrario, ya que puede ser enga\u00f1osa o potencialmente insegura.<\/p>\n\n<\/div>\n<\/div>\n<div id=\"faq-question-1687159491108\" class=\"rank-math-list-item\">\n<h3 class=\"rank-math-question \">\u00bfExisten suplementos naturales o hierbas que puedan favorecer el alargamiento del pene?<\/h3>\n<div class=\"rank-math-answer \">\n\n<p>Existen pocas pruebas cient\u00edficas que respalden la eficacia de los suplementos o hierbas naturales para el alargamiento permanente del pene. Es importante abordar estas afirmaciones con escepticismo y consultar con profesionales de la salud antes de utilizar cualquier suplemento.<\/p>\n\n<\/div>\n<\/div>\n<div id=\"faq-question-1687159492061\" class=\"rank-math-list-item\">\n<h3 class=\"rank-math-question \">\u00bfPueden los dispositivos de tracci\u00f3n o los extensores proporcionar un aumento permanente del tama\u00f1o del pene?<\/h3>\n<div class=\"rank-math-answer \">\n\n<p>Los dispositivos de tracci\u00f3n o extensores pueden ofrecer un alargamiento temporal aplicando una tensi\u00f3n constante al pene. Algunos estudios sugieren que pueden proporcionar ligeros, pero no significativos, aumentos de longitud. Sin embargo, los resultados a largo plazo y la seguridad siguen siendo objeto de debate.<\/p>\n\n<\/div>\n<\/div>\n<div id=\"faq-question-1687159492885\" class=\"rank-math-list-item\">\n<h3 class=\"rank-math-question \">\u00bfExisten alimentos o dietas espec\u00edficos que puedan aumentar el tama\u00f1o del pene?<\/h3>\n<div class=\"rank-math-answer \">\n\n<p>No existen alimentos o dietas espec\u00edficos que hayan demostrado cient\u00edficamente que aumentan el tama\u00f1o del pene. Sin embargo, mantener una dieta y un estilo de vida saludables puede contribuir a la salud sexual y al bienestar general.<\/p>\n\n<\/div>\n<\/div>\n<div id=\"faq-question-1687159574935\" class=\"rank-math-list-item\">\n<h3 class=\"rank-math-question \">\u00bfExiste una edad o un momento de la vida recomendables para plantearse procedimientos de alargamiento del pene?<\/h3>\n<div class=\"rank-math-answer \">\n\n<p>La decisi\u00f3n de someterse a un procedimiento de alargamiento del pene es muy personal y debe basarse en las necesidades y circunstancias individuales. Es aconsejable consultar a un profesional sanitario cualificado o a un ur\u00f3logo que pueda ofrecer orientaci\u00f3n adaptada a su situaci\u00f3n espec\u00edfica.<\/p>\n\n<\/div>\n<\/div>\n<\/div>\n<\/div>\n<p>\u00a0<\/p>\n\n<h3 class=\"wp-block-heading\">P\u00f3ngase en contacto con nosotros si tiene alguna pregunta.<\/h3>\n","protected":false},"excerpt":{"rendered":"<p>La cirug\u00eda de alargamiento de pene tambi\u00e9n se conoce como aumento de pene o alargamiento de pene. Se trata de [&hellip;]<\/p>\n","protected":false},"author":4,"featured_media":94642,"parent":0,"menu_order":0,"comment_status":"closed","ping_status":"closed","template":"","meta":{"site-sidebar-layout":"default","site-content-layout":"","ast-site-content-layout":"default","site-content-style":"default","site-sidebar-style":"default","ast-global-header-display":"","ast-banner-title-visibility":"","ast-main-header-display":"","ast-hfb-above-header-display":"","ast-hfb-below-header-display":"","ast-hfb-mobile-header-display":"","site-post-title":"","ast-breadcrumbs-content":"","ast-featured-img":"","footer-sml-layout":"","ast-disable-related-posts":"","theme-transparent-header-meta":"","adv-header-id-meta":"","stick-header-meta":"","header-above-stick-meta":"","header-main-stick-meta":"","header-below-stick-meta":"","astra-migrate-meta-layouts":"default","ast-page-background-enabled":"default","ast-page-background-meta":{"desktop":{"background-color":"var(--ast-global-color-4)","background-image":"","background-repeat":"repeat","background-position":"center center","background-size":"auto","background-attachment":"scroll","background-type":"","background-media":"","overlay-type":"","overlay-color":"","overlay-opacity":"","overlay-gradient":""},"tablet":{"background-color":"","background-image":"","background-repeat":"repeat","background-position":"center center","background-size":"auto","background-attachment":"scroll","background-type":"","background-media":"","overlay-type":"","overlay-color":"","overlay-opacity":"","overlay-gradient":""},"mobile":{"background-color":"","background-image":"","background-repeat":"repeat","background-position":"center center","background-size":"auto","background-attachment":"scroll","background-type":"","background-media":"","overlay-type":"","overlay-color":"","overlay-opacity":"","overlay-gradient":""}},"ast-content-background-meta":{"desktop":{"background-color":"var(--ast-global-color-5)","background-image":"","background-repeat":"repeat","background-position":"center center","background-size":"auto","background-attachment":"scroll","background-type":"","background-media":"","overlay-type":"","overlay-color":"","overlay-opacity":"","overlay-gradient":""},"tablet":{"background-color":"var(--ast-global-color-5)","background-image":"","background-repeat":"repeat","background-position":"center center","background-size":"auto","background-attachment":"scroll","background-type":"","background-media":"","overlay-type":"","overlay-color":"","overlay-opacity":"","overlay-gradient":""},"mobile":{"background-color":"var(--ast-global-color-5)","background-image":"","background-repeat":"repeat","background-position":"center center","background-size":"auto","background-attachment":"scroll","background-type":"","background-media":"","overlay-type":"","overlay-color":"","overlay-opacity":"","overlay-gradient":""}},"footnotes":""},"class_list":["post-147304","page","type-page","status-publish","has-post-thumbnail","hentry"],"_links":{"self":[{"href":"https:\/\/medclinics.com\/es\/wp-json\/wp\/v2\/pages\/147304","targetHints":{"allow":["GET"]}}],"collection":[{"href":"https:\/\/medclinics.com\/es\/wp-json\/wp\/v2\/pages"}],"about":[{"href":"https:\/\/medclinics.com\/es\/wp-json\/wp\/v2\/types\/page"}],"author":[{"embeddable":true,"href":"https:\/\/medclinics.com\/es\/wp-json\/wp\/v2\/users\/4"}],"replies":[{"embeddable":true,"href":"https:\/\/medclinics.com\/es\/wp-json\/wp\/v2\/comments?post=147304"}],"version-history":[{"count":0,"href":"https:\/\/medclinics.com\/es\/wp-json\/wp\/v2\/pages\/147304\/revisions"}],"wp:featuredmedia":[{"embeddable":true,"href":"https:\/\/medclinics.com\/es\/wp-json\/wp\/v2\/media\/94642"}],"wp:attachment":[{"href":"https:\/\/medclinics.com\/es\/wp-json\/wp\/v2\/media?parent=147304"}],"curies":[{"name":"wp","href":"https:\/\/api.w.org\/{rel}","templated":true}]}}