{"id":147243,"date":"2023-04-18T14:17:26","date_gmt":"2023-04-18T14:17:26","guid":{"rendered":"https:\/\/medclinics.com\/metodos-de-control-medico-y-clinico\/"},"modified":"2024-03-18T13:25:15","modified_gmt":"2024-03-18T13:25:15","slug":"metodos-de-control-medico-y-clinico","status":"publish","type":"page","link":"https:\/\/medclinics.com\/es\/metodos-de-control-medico-y-clinico\/","title":{"rendered":"M\u00e9todos de control m\u00e9dico y cl\u00ednico"},"content":{"rendered":"\n<h2 class=\"wp-block-heading\">Existe toda una serie de ex\u00e1menes m\u00e9dicos asequibles para diagnosticar su problema, sea cual sea la causa subyacente.<\/h2>\n\n<p>\u00a1Todo comienza ahora con MedClinics!<\/p>\n\n<p>Con toda la informaci\u00f3n que necesite, ayuda en la reserva y apoyo despu\u00e9s del tratamiento para ayudarle a sentirse mejor en el futuro.<\/p>\n\n<h2 class=\"wp-block-heading\">Tipos de ex\u00e1menes m\u00e9dicos :<\/h2>\n<div class=\"jet-listing-grid--blocks   jet-sm-gb-wrapper jet-sm-gb-0cf7b254-192e-43d9-a62c-da60482c3509\"data-element-id=\"0cf7b254-192e-43d9-a62c-da60482c3509\"data-listing-type=\"blocks\"data-is-block=\"jet-engine\/listing-grid\"><div class=\"jet-listing-notice\">Please select listing to show.<\/div><\/div>\n<h2 class=\"wp-block-heading\">Aqu\u00ed encontrar\u00e1 los mejores informes de salud y le ayudaremos a verlos:<\/h2>\n<div class=\"jet-listing-grid--blocks   jet-sm-gb-wrapper jet-sm-gb-19a0a5bf-4bb0-4260-967f-9db5f991b642\"data-element-id=\"19a0a5bf-4bb0-4260-967f-9db5f991b642\"data-listing-type=\"blocks\"data-is-block=\"jet-engine\/listing-grid\"><div class=\"jet-listing-notice\">Please select listing to show.<\/div><\/div>\n<h2 class=\"wp-block-heading\">P\u00f3ngase en contacto con nosotros, nuestro paciente asesor le guiar\u00e1 y aconsejar\u00e1 durante todo el proceso.<\/h2>\n\n<p>No dude en ponerse en contacto con nosotros para hablar del tratamiento que prefiere para sus ex\u00e1menes m\u00e9dicos.<br\/>Nuestros asesores podr\u00e1n explicarle los distintos procedimientos, ayudarle en el proceso de reserva y responder a todas sus preguntas para ayudarle a encontrar la cl\u00ednica que mejor se adapte a sus necesidades espec\u00edficas.<\/p>\n\n<p> <\/p>\n","protected":false},"excerpt":{"rendered":"<p>Existe toda una serie de ex\u00e1menes m\u00e9dicos asequibles para diagnosticar su problema, sea cual sea la causa subyacente. \u00a1Todo comienza [&hellip;]<\/p>\n","protected":false},"author":4,"featured_media":0,"parent":0,"menu_order":0,"comment_status":"closed","ping_status":"closed","template":"","meta":{"site-sidebar-layout":"default","site-content-layout":"","ast-site-content-layout":"default","site-content-style":"default","site-sidebar-style":"default","ast-global-header-display":"","ast-banner-title-visibility":"","ast-main-header-display":"","ast-hfb-above-header-display":"","ast-hfb-below-header-display":"","ast-hfb-mobile-header-display":"","site-post-title":"","ast-breadcrumbs-content":"","ast-featured-img":"","footer-sml-layout":"","ast-disable-related-posts":"","theme-transparent-header-meta":"","adv-header-id-meta":"","stick-header-meta":"","header-above-stick-meta":"","header-main-stick-meta":"","header-below-stick-meta":"","astra-migrate-meta-layouts":"default","ast-page-background-enabled":"default","ast-page-background-meta":{"desktop":{"background-color":"var(--ast-global-color-4)","background-image":"","background-repeat":"repeat","background-position":"center center","background-size":"auto","background-attachment":"scroll","background-type":"","background-media":"","overlay-type":"","overlay-color":"","overlay-opacity":"","overlay-gradient":""},"tablet":{"background-color":"","background-image":"","background-repeat":"repeat","background-position":"center center","background-size":"auto","background-attachment":"scroll","background-type":"","background-media":"","overlay-type":"","overlay-color":"","overlay-opacity":"","overlay-gradient":""},"mobile":{"background-color":"","background-image":"","background-repeat":"repeat","background-position":"center center","background-size":"auto","background-attachment":"scroll","background-type":"","background-media":"","overlay-type":"","overlay-color":"","overlay-opacity":"","overlay-gradient":""}},"ast-content-background-meta":{"desktop":{"background-color":"var(--ast-global-color-5)","background-image":"","background-repeat":"repeat","background-position":"center center","background-size":"auto","background-attachment":"scroll","background-type":"","background-media":"","overlay-type":"","overlay-color":"","overlay-opacity":"","overlay-gradient":""},"tablet":{"background-color":"var(--ast-global-color-5)","background-image":"","background-repeat":"repeat","background-position":"center center","background-size":"auto","background-attachment":"scroll","background-type":"","background-media":"","overlay-type":"","overlay-color":"","overlay-opacity":"","overlay-gradient":""},"mobile":{"background-color":"var(--ast-global-color-5)","background-image":"","background-repeat":"repeat","background-position":"center center","background-size":"auto","background-attachment":"scroll","background-type":"","background-media":"","overlay-type":"","overlay-color":"","overlay-opacity":"","overlay-gradient":""}},"footnotes":""},"class_list":["post-147243","page","type-page","status-publish","hentry"],"_links":{"self":[{"href":"https:\/\/medclinics.com\/es\/wp-json\/wp\/v2\/pages\/147243","targetHints":{"allow":["GET"]}}],"collection":[{"href":"https:\/\/medclinics.com\/es\/wp-json\/wp\/v2\/pages"}],"about":[{"href":"https:\/\/medclinics.com\/es\/wp-json\/wp\/v2\/types\/page"}],"author":[{"embeddable":true,"href":"https:\/\/medclinics.com\/es\/wp-json\/wp\/v2\/users\/4"}],"replies":[{"embeddable":true,"href":"https:\/\/medclinics.com\/es\/wp-json\/wp\/v2\/comments?post=147243"}],"version-history":[{"count":0,"href":"https:\/\/medclinics.com\/es\/wp-json\/wp\/v2\/pages\/147243\/revisions"}],"wp:attachment":[{"href":"https:\/\/medclinics.com\/es\/wp-json\/wp\/v2\/media?parent=147243"}],"curies":[{"name":"wp","href":"https:\/\/api.w.org\/{rel}","templated":true}]}}