{"id":147189,"date":"2023-05-06T13:15:00","date_gmt":"2023-05-06T10:15:00","guid":{"rendered":"https:\/\/medclinics.com\/liposuccion-clasica\/"},"modified":"2024-12-30T19:22:50","modified_gmt":"2024-12-30T16:22:50","slug":"liposuccion-clasica","status":"publish","type":"page","link":"https:\/\/medclinics.com\/es\/liposuccion-clasica\/","title":{"rendered":"Liposucci\u00f3n cl\u00e1sica"},"content":{"rendered":"\n<h2 class=\"wp-block-heading\">Si prefiere una t\u00e9cnica vers\u00e1til y potencialmente m\u00e1s rentable, la liposucci\u00f3n cl\u00e1sica puede ser una buena opci\u00f3n.<\/h2>\n\n<p>La liposucci\u00f3n cl\u00e1sica consiste en eliminar el exceso de grasa de zonas espec\u00edficas del cuerpo. Tambi\u00e9n se conoce como liposucci\u00f3n seca. Se trata de una antigua t\u00e9cnica de liposucci\u00f3n.<\/p>\n\n<p>No se inyecta l\u00edquido en la zona de tratamiento antes del procedimiento.<\/p>\n\n<p>La diferencia con otras t\u00e9cnicas de <a href=\"https:\/\/en.wikipedia.org\/wiki\/Liposuction\" target=\"_blank\" rel=\"noreferrer noopener\">liposucci\u00f3n<\/a> es que en la liposucci\u00f3n cl\u00e1sica no se inyecta l\u00edquido tumescente (una mezcla de soluci\u00f3n salina, anest\u00e9sico y epinefrina) en la zona de tratamiento antes de extraer la grasa.<\/p>\n\n<p>As\u00ed, las c\u00e9lulas grasas no se tratan previamente con l\u00edquido. El procedimiento se realiza sobre tejido graso seco.<\/p>\n\n<p>En comparaci\u00f3n con otras t\u00e9cnicas, puede provocar una mayor p\u00e9rdida de sangre. Este m\u00e9todo suele utilizarse menos hoy en d\u00eda debido a la disponibilidad de t\u00e9cnicas de liposucci\u00f3n m\u00e1s avanzadas.<\/p>\n\n<p>Estas t\u00e9cnicas m\u00e1s avanzadas ofrecen mayor seguridad, menos hemorragias y mejores resultados.<\/p>\n\n<h3 class=\"wp-block-heading\">Todo lo que necesita saber sobre la <a href=\"https:\/\/medclinics.com\/es\/liposuccion-2\/\" target=\"_blank\" rel=\"noreferrer noopener\">liposucci\u00f3n<\/a>, incluido el precio y m\u00e1s, \u00a1o <a href=\"#requestform\">p\u00f3ngase en contacto con nosotros<\/a>!<\/h3>\n\n<figure class=\"wp-block-image size-full\"><img fetchpriority=\"high\" decoding=\"async\" width=\"960\" height=\"540\" src=\"https:\/\/medclinics.com\/wp-content\/uploads\/2023\/07\/classic-liposuction-near-me.jpg\" alt=\"Liposucci&#xF3;n cl&#xE1;sica cerca de m&#xED; Estambul\" class=\"wp-image-97684\" srcset=\"https:\/\/medclinics.com\/wp-content\/uploads\/2023\/07\/classic-liposuction-near-me.jpg 960w, https:\/\/medclinics.com\/wp-content\/uploads\/2023\/07\/classic-liposuction-near-me-500x281.jpg 500w, https:\/\/medclinics.com\/wp-content\/uploads\/2023\/07\/classic-liposuction-near-me-768x432.jpg 768w, https:\/\/medclinics.com\/wp-content\/uploads\/2023\/07\/classic-liposuction-near-me-24x14.jpg 24w, https:\/\/medclinics.com\/wp-content\/uploads\/2023\/07\/classic-liposuction-near-me-36x20.jpg 36w, https:\/\/medclinics.com\/wp-content\/uploads\/2023\/07\/classic-liposuction-near-me-48x27.jpg 48w\" sizes=\"(max-width: 960px) 100vw, 960px\" \/><\/figure>\n\n<h2 class=\"wp-block-heading\">PREGUNTAS FRECUENTES<\/h2>\n<div id=\"rank-math-faq\" class=\"rank-math-block\">\n<div class=\"rank-math-list \">\n<div id=\"faq-question-1688647648746\" class=\"rank-math-list-item\">\n<h3 class=\"rank-math-question \">\u00bfQu\u00e9 es la liposucci\u00f3n cl\u00e1sica?<\/h3>\n<div class=\"rank-math-answer \">\n\n<p>Se utiliza para eliminar el exceso de grasa de zonas espec\u00edficas del cuerpo. Se inserta una c\u00e1nula (un tubo fino) y se succionan manualmente las c\u00e9lulas adiposas mediante un dispositivo similar al vac\u00edo.<\/p>\n\n<\/div>\n<\/div>\n<div id=\"faq-question-1688647653618\" class=\"rank-math-list-item\">\n<h3 class=\"rank-math-question \">\u00bfCu\u00e1l es la diferencia entre la liposucci\u00f3n Vaser y la liposucci\u00f3n cl\u00e1sica?<\/h3>\n<div class=\"rank-math-answer \">\n\n<p>La liposucci\u00f3n Vaser utiliza tecnolog\u00eda de ultrasonidos para romper las c\u00e9lulas grasas antes de succionarlas, mientras que la liposucci\u00f3n convencional succiona manualmente las c\u00e9lulas grasas. La liposucci\u00f3n Vaser puede ofrecer mayor precisi\u00f3n, efectos tensores de la piel y una recuperaci\u00f3n m\u00e1s suave.<\/p>\n\n<\/div>\n<\/div>\n<div id=\"faq-question-1688648255693\" class=\"rank-math-list-item\">\n<h3 class=\"rank-math-question \">\u00bfCu\u00e1les son los distintos tipos de liposucci\u00f3n?<\/h3>\n<div class=\"rank-math-answer \">\n\n<p>La liposucci\u00f3n cl\u00e1sica (seca), la liposucci\u00f3n tumescente, la liposucci\u00f3n l\u00e1ser (Smart Lipo) (LAL), la liposucci\u00f3n por radiofrecuencia, la liposucci\u00f3n ultras\u00f3nica (UAL), la liposucci\u00f3n VASER y la liposucci\u00f3n por vibraci\u00f3n (PAL) son diferentes tipos de liposucci\u00f3n.<\/p>\n\n<\/div>\n<\/div>\n<\/div>\n<\/div>\n<p>\u00a0<\/p>\n\n<h3 class=\"wp-block-heading\">P\u00f3ngase en contacto con nosotros si tiene alguna pregunta.<\/h3>\n","protected":false},"excerpt":{"rendered":"<p>Si prefiere una t\u00e9cnica vers\u00e1til y potencialmente m\u00e1s rentable, la liposucci\u00f3n cl\u00e1sica puede ser una buena opci\u00f3n. La liposucci\u00f3n cl\u00e1sica [&hellip;]<\/p>\n","protected":false},"author":4,"featured_media":96298,"parent":0,"menu_order":0,"comment_status":"closed","ping_status":"closed","template":"","meta":{"site-sidebar-layout":"default","site-content-layout":"","ast-site-content-layout":"default","site-content-style":"default","site-sidebar-style":"default","ast-global-header-display":"","ast-banner-title-visibility":"","ast-main-header-display":"","ast-hfb-above-header-display":"","ast-hfb-below-header-display":"","ast-hfb-mobile-header-display":"","site-post-title":"","ast-breadcrumbs-content":"","ast-featured-img":"","footer-sml-layout":"","ast-disable-related-posts":"","theme-transparent-header-meta":"","adv-header-id-meta":"","stick-header-meta":"","header-above-stick-meta":"","header-main-stick-meta":"","header-below-stick-meta":"","astra-migrate-meta-layouts":"default","ast-page-background-enabled":"default","ast-page-background-meta":{"desktop":{"background-color":"var(--ast-global-color-4)","background-image":"","background-repeat":"repeat","background-position":"center center","background-size":"auto","background-attachment":"scroll","background-type":"","background-media":"","overlay-type":"","overlay-color":"","overlay-opacity":"","overlay-gradient":""},"tablet":{"background-color":"","background-image":"","background-repeat":"repeat","background-position":"center center","background-size":"auto","background-attachment":"scroll","background-type":"","background-media":"","overlay-type":"","overlay-color":"","overlay-opacity":"","overlay-gradient":""},"mobile":{"background-color":"","background-image":"","background-repeat":"repeat","background-position":"center center","background-size":"auto","background-attachment":"scroll","background-type":"","background-media":"","overlay-type":"","overlay-color":"","overlay-opacity":"","overlay-gradient":""}},"ast-content-background-meta":{"desktop":{"background-color":"var(--ast-global-color-5)","background-image":"","background-repeat":"repeat","background-position":"center center","background-size":"auto","background-attachment":"scroll","background-type":"","background-media":"","overlay-type":"","overlay-color":"","overlay-opacity":"","overlay-gradient":""},"tablet":{"background-color":"var(--ast-global-color-5)","background-image":"","background-repeat":"repeat","background-position":"center center","background-size":"auto","background-attachment":"scroll","background-type":"","background-media":"","overlay-type":"","overlay-color":"","overlay-opacity":"","overlay-gradient":""},"mobile":{"background-color":"var(--ast-global-color-5)","background-image":"","background-repeat":"repeat","background-position":"center center","background-size":"auto","background-attachment":"scroll","background-type":"","background-media":"","overlay-type":"","overlay-color":"","overlay-opacity":"","overlay-gradient":""}},"footnotes":""},"class_list":["post-147189","page","type-page","status-publish","has-post-thumbnail","hentry"],"_links":{"self":[{"href":"https:\/\/medclinics.com\/es\/wp-json\/wp\/v2\/pages\/147189","targetHints":{"allow":["GET"]}}],"collection":[{"href":"https:\/\/medclinics.com\/es\/wp-json\/wp\/v2\/pages"}],"about":[{"href":"https:\/\/medclinics.com\/es\/wp-json\/wp\/v2\/types\/page"}],"author":[{"embeddable":true,"href":"https:\/\/medclinics.com\/es\/wp-json\/wp\/v2\/users\/4"}],"replies":[{"embeddable":true,"href":"https:\/\/medclinics.com\/es\/wp-json\/wp\/v2\/comments?post=147189"}],"version-history":[{"count":0,"href":"https:\/\/medclinics.com\/es\/wp-json\/wp\/v2\/pages\/147189\/revisions"}],"wp:featuredmedia":[{"embeddable":true,"href":"https:\/\/medclinics.com\/es\/wp-json\/wp\/v2\/media\/96298"}],"wp:attachment":[{"href":"https:\/\/medclinics.com\/es\/wp-json\/wp\/v2\/media?parent=147189"}],"curies":[{"name":"wp","href":"https:\/\/api.w.org\/{rel}","templated":true}]}}