{"id":147177,"date":"2023-05-06T14:01:00","date_gmt":"2023-05-06T11:01:00","guid":{"rendered":"https:\/\/medclinics.com\/liposuccion-tumescente-2\/"},"modified":"2025-01-03T01:50:17","modified_gmt":"2025-01-02T22:50:17","slug":"liposuccion-tumescente-2","status":"publish","type":"page","link":"https:\/\/medclinics.com\/es\/liposuccion-tumescente-2\/","title":{"rendered":"Liposucci\u00f3n tumescente"},"content":{"rendered":"\n<h2 class=\"wp-block-heading\">La liposucci\u00f3n tumescente puede ser la opci\u00f3n preferida debido a su seguridad, mayor comodidad, reducci\u00f3n de los hematomas y la inflamaci\u00f3n, eliminaci\u00f3n precisa de la grasa, recuperaci\u00f3n m\u00e1s r\u00e1pida y versatilidad para tratar diversas zonas del cuerpo.<\/h2>\n\n<p>En la <a href=\"https:\/\/en.wikipedia.org\/wiki\/Tumescent_liposuction\" target=\"_blank\" rel=\"noreferrer noopener\">liposucci\u00f3n tumescente<\/a>, se inyecta una soluci\u00f3n llamada l\u00edquido tumescente en la zona de tratamiento antes de la eliminaci\u00f3n de la grasa. El l\u00edquido tumescente contiene una mezcla de soluci\u00f3n salina, anest\u00e9sico local y vasoconstrictor (normalmente epinefrina).<\/p>\n\n<p>Esta soluci\u00f3n ayuda a anestesiar la zona, contrae los vasos sangu\u00edneos para minimizar el sangrado y facilita la eliminaci\u00f3n de las c\u00e9lulas grasas durante el procedimiento de liposucci\u00f3n.<\/p>\n\n<p>Adem\u00e1s, existen algunos riesgos potenciales. Se trata de infecci\u00f3n, hemorragia, acumulaci\u00f3n de l\u00edquido (seroma), cambios en la sensibilidad de la piel, irregularidades del contorno, cicatrices, decoloraci\u00f3n de la piel y hoyuelos cut\u00e1neos.<\/p>\n\n<h3 class=\"wp-block-heading\">Todo lo que necesita saber sobre la <a href=\"https:\/\/medclinics.com\/es\/cirugia-plastica-y-estetica\/\" target=\"_blank\" rel=\"noreferrer noopener\">cirug\u00eda pl\u00e1stica y<\/a> est\u00e9tica, incluido el precio y m\u00e1s, \u00a1o <a href=\"#requestform\">p\u00f3ngase en contacto con nosotros<\/a>!<\/h3>\n\n<figure class=\"wp-block-image size-full\"><img fetchpriority=\"high\" decoding=\"async\" width=\"960\" height=\"540\" src=\"https:\/\/medclinics.com\/wp-content\/uploads\/2023\/07\/tumescent-liposuction-near-me.jpg\" alt=\"Liposucci&#xF3;n tumescente cerca de m&#xED; Turqu&#xED;a\" class=\"wp-image-97676\" srcset=\"https:\/\/medclinics.com\/wp-content\/uploads\/2023\/07\/tumescent-liposuction-near-me.jpg 960w, https:\/\/medclinics.com\/wp-content\/uploads\/2023\/07\/tumescent-liposuction-near-me-500x281.jpg 500w, https:\/\/medclinics.com\/wp-content\/uploads\/2023\/07\/tumescent-liposuction-near-me-768x432.jpg 768w, https:\/\/medclinics.com\/wp-content\/uploads\/2023\/07\/tumescent-liposuction-near-me-24x14.jpg 24w, https:\/\/medclinics.com\/wp-content\/uploads\/2023\/07\/tumescent-liposuction-near-me-36x20.jpg 36w, https:\/\/medclinics.com\/wp-content\/uploads\/2023\/07\/tumescent-liposuction-near-me-48x27.jpg 48w\" sizes=\"(max-width: 960px) 100vw, 960px\" \/><\/figure>\n\n<h2 class=\"wp-block-heading\">PREGUNTAS FRECUENTES<\/h2>\n<div id=\"rank-math-faq\" class=\"rank-math-block\">\n<div class=\"rank-math-list \">\n<div id=\"faq-question-1688651278300\" class=\"rank-math-list-item\">\n<h3 class=\"rank-math-question \">\u00bfQu\u00e9 es la liposucci\u00f3n tumescente?<\/h3>\n<div class=\"rank-math-answer \">\n\n<p>La liposucci\u00f3n tumescente es una t\u00e9cnica utilizada para la eliminaci\u00f3n de grasa que consiste en inyectar una soluci\u00f3n salina, anestesia local y un vasoconstrictor en la zona a tratar.<\/p>\n\n<\/div>\n<\/div>\n<div id=\"faq-question-1688651109737\" class=\"rank-math-list-item\">\n<h3 class=\"rank-math-question \">\u00bfEs segura la liposucci\u00f3n tumescente?<\/h3>\n<div class=\"rank-math-answer \">\n\n<p>S\u00ed, la liposucci\u00f3n tumescente suele considerarse segura si se elige un cirujano pl\u00e1stico cualificado.<\/p>\n\n<\/div>\n<\/div>\n<div id=\"faq-question-1688651508846\" class=\"rank-math-list-item\">\n<h3 class=\"rank-math-question \">\u00bfMerece la pena la liposucci\u00f3n tumescente?<\/h3>\n<div class=\"rank-math-answer \">\n\n<p>Podemos decir que s\u00ed. Puede ser beneficioso si busca eliminar el exceso de grasa, mejorar el contorno corporal y obtener mejores resultados est\u00e9ticos.<\/p>\n\n<\/div>\n<\/div>\n<div id=\"faq-question-1688651510057\" class=\"rank-math-list-item\">\n<h3 class=\"rank-math-question \">\u00bfEs eficaz la liposucci\u00f3n tumescente?<\/h3>\n<div class=\"rank-math-answer \">\n\n<p>S\u00ed, es un m\u00e9todo eficaz para eliminar el exceso de grasa y mejorar el contorno corporal.<\/p>\n\n<\/div>\n<\/div>\n<\/div>\n<\/div>\n<p>\u00a0<\/p>\n\n<h3 class=\"wp-block-heading\">P\u00f3ngase en contacto con nosotros si tiene alguna pregunta.<\/h3>\n","protected":false},"excerpt":{"rendered":"<p>La liposucci\u00f3n tumescente puede ser la opci\u00f3n preferida debido a su seguridad, mayor comodidad, reducci\u00f3n de los hematomas y la [&hellip;]<\/p>\n","protected":false},"author":4,"featured_media":96315,"parent":0,"menu_order":0,"comment_status":"closed","ping_status":"closed","template":"","meta":{"site-sidebar-layout":"default","site-content-layout":"","ast-site-content-layout":"default","site-content-style":"default","site-sidebar-style":"default","ast-global-header-display":"","ast-banner-title-visibility":"","ast-main-header-display":"","ast-hfb-above-header-display":"","ast-hfb-below-header-display":"","ast-hfb-mobile-header-display":"","site-post-title":"","ast-breadcrumbs-content":"","ast-featured-img":"","footer-sml-layout":"","ast-disable-related-posts":"","theme-transparent-header-meta":"","adv-header-id-meta":"","stick-header-meta":"","header-above-stick-meta":"","header-main-stick-meta":"","header-below-stick-meta":"","astra-migrate-meta-layouts":"default","ast-page-background-enabled":"default","ast-page-background-meta":{"desktop":{"background-color":"var(--ast-global-color-4)","background-image":"","background-repeat":"repeat","background-position":"center center","background-size":"auto","background-attachment":"scroll","background-type":"","background-media":"","overlay-type":"","overlay-color":"","overlay-opacity":"","overlay-gradient":""},"tablet":{"background-color":"","background-image":"","background-repeat":"repeat","background-position":"center center","background-size":"auto","background-attachment":"scroll","background-type":"","background-media":"","overlay-type":"","overlay-color":"","overlay-opacity":"","overlay-gradient":""},"mobile":{"background-color":"","background-image":"","background-repeat":"repeat","background-position":"center center","background-size":"auto","background-attachment":"scroll","background-type":"","background-media":"","overlay-type":"","overlay-color":"","overlay-opacity":"","overlay-gradient":""}},"ast-content-background-meta":{"desktop":{"background-color":"var(--ast-global-color-5)","background-image":"","background-repeat":"repeat","background-position":"center center","background-size":"auto","background-attachment":"scroll","background-type":"","background-media":"","overlay-type":"","overlay-color":"","overlay-opacity":"","overlay-gradient":""},"tablet":{"background-color":"var(--ast-global-color-5)","background-image":"","background-repeat":"repeat","background-position":"center center","background-size":"auto","background-attachment":"scroll","background-type":"","background-media":"","overlay-type":"","overlay-color":"","overlay-opacity":"","overlay-gradient":""},"mobile":{"background-color":"var(--ast-global-color-5)","background-image":"","background-repeat":"repeat","background-position":"center center","background-size":"auto","background-attachment":"scroll","background-type":"","background-media":"","overlay-type":"","overlay-color":"","overlay-opacity":"","overlay-gradient":""}},"footnotes":""},"class_list":["post-147177","page","type-page","status-publish","has-post-thumbnail","hentry"],"_links":{"self":[{"href":"https:\/\/medclinics.com\/es\/wp-json\/wp\/v2\/pages\/147177","targetHints":{"allow":["GET"]}}],"collection":[{"href":"https:\/\/medclinics.com\/es\/wp-json\/wp\/v2\/pages"}],"about":[{"href":"https:\/\/medclinics.com\/es\/wp-json\/wp\/v2\/types\/page"}],"author":[{"embeddable":true,"href":"https:\/\/medclinics.com\/es\/wp-json\/wp\/v2\/users\/4"}],"replies":[{"embeddable":true,"href":"https:\/\/medclinics.com\/es\/wp-json\/wp\/v2\/comments?post=147177"}],"version-history":[{"count":0,"href":"https:\/\/medclinics.com\/es\/wp-json\/wp\/v2\/pages\/147177\/revisions"}],"wp:featuredmedia":[{"embeddable":true,"href":"https:\/\/medclinics.com\/es\/wp-json\/wp\/v2\/media\/96315"}],"wp:attachment":[{"href":"https:\/\/medclinics.com\/es\/wp-json\/wp\/v2\/media?parent=147177"}],"curies":[{"name":"wp","href":"https:\/\/api.w.org\/{rel}","templated":true}]}}